{"id":2742,"date":"2024-03-07T20:28:55","date_gmt":"2024-03-07T19:28:55","guid":{"rendered":"https:\/\/www.muenster.org\/gvc-schule\/?page_id=2742"},"modified":"2024-04-22T20:49:03","modified_gmt":"2024-04-22T18:49:03","slug":"kinder-sprechstunde","status":"publish","type":"page","link":"https:\/\/www.muenster.org\/gvc-schule\/kinder-sprechstunde\/","title":{"rendered":"Kindersprechstunde"},"content":{"rendered":"\n<figure class=\"wp-block-image size-full is-resized\"><img loading=\"lazy\" decoding=\"async\" width=\"841\" height=\"595\" src=\"https:\/\/www.muenster.org\/gvc-schule\/wp-content\/uploads\/2024\/04\/image-3.png\" alt=\"\" class=\"wp-image-2870\" style=\"width:332px;height:auto\" srcset=\"https:\/\/www.muenster.org\/gvc-schule\/wp-content\/uploads\/2024\/04\/image-3.png 841w, https:\/\/www.muenster.org\/gvc-schule\/wp-content\/uploads\/2024\/04\/image-3-300x212.png 300w, https:\/\/www.muenster.org\/gvc-schule\/wp-content\/uploads\/2024\/04\/image-3-768x543.png 768w\" sizes=\"auto, (max-width: 841px) 100vw, 841px\" \/><\/figure>\n\n\n\n<p>In der Kindersprechstunde bietet Frau M\u00fcnch Sch\u00fclerInnen einen gesch\u00fctzten Rahmen, um \u00fcber Kummer und Sorgen sprechen zu k\u00f6nnen. Die Sch\u00fclerInnen sind eingeladen alleine oder mit Ihren FreundInnen vorbeizukommen.\u00a0<\/p>\n","protected":false},"excerpt":{"rendered":"<p>In der Kindersprechstunde bietet Frau M\u00fcnch Sch\u00fclerInnen einen gesch\u00fctzten Rahmen, um \u00fcber Kummer und Sorgen sprechen zu k\u00f6nnen. Die Sch\u00fclerInnen sind eingeladen alleine oder mit Ihren FreundInnen vorbeizukommen.\u00a0<\/p>\n","protected":false},"author":10,"featured_media":0,"parent":0,"menu_order":0,"comment_status":"closed","ping_status":"closed","template":"","meta":{"_uag_custom_page_level_css":"","site-sidebar-layout":"default","site-content-layout":"","ast-site-content-layout":"default","site-content-style":"default","site-sidebar-style":"default","ast-global-header-display":"","ast-banner-title-visibility":"","ast-main-header-display":"","ast-hfb-above-header-display":"","ast-hfb-below-header-display":"","ast-hfb-mobile-header-display":"","site-post-title":"","ast-breadcrumbs-content":"","ast-featured-img":"","footer-sml-layout":"","theme-transparent-header-meta":"","adv-header-id-meta":"","stick-header-meta":"","header-above-stick-meta":"","header-main-stick-meta":"","header-below-stick-meta":"","astra-migrate-meta-layouts":"set","ast-page-background-enabled":"default","ast-page-background-meta":{"desktop":{"background-color":"","background-image":"","background-repeat":"repeat","background-position":"center center","background-size":"auto","background-attachment":"scroll","background-type":"","background-media":"","overlay-type":"","overlay-color":"","overlay-opacity":"","overlay-gradient":""},"tablet":{"background-color":"","background-image":"","background-repeat":"repeat","background-position":"center center","background-size":"auto","background-attachment":"scroll","background-type":"","background-media":"","overlay-type":"","overlay-color":"","overlay-opacity":"","overlay-gradient":""},"mobile":{"background-color":"","background-image":"","background-repeat":"repeat","background-position":"center center","background-size":"auto","background-attachment":"scroll","background-type":"","background-media":"","overlay-type":"","overlay-color":"","overlay-opacity":"","overlay-gradient":""}},"ast-content-background-meta":{"desktop":{"background-color":"var(--ast-global-color-5)","background-image":"","background-repeat":"repeat","background-position":"center center","background-size":"auto","background-attachment":"scroll","background-type":"","background-media":"","overlay-type":"","overlay-color":"","overlay-opacity":"","overlay-gradient":""},"tablet":{"background-color":"var(--ast-global-color-5)","background-image":"","background-repeat":"repeat","background-position":"center center","background-size":"auto","background-attachment":"scroll","background-type":"","background-media":"","overlay-type":"","overlay-color":"","overlay-opacity":"","overlay-gradient":""},"mobile":{"background-color":"var(--ast-global-color-5)","background-image":"","background-repeat":"repeat","background-position":"center center","background-size":"auto","background-attachment":"scroll","background-type":"","background-media":"","overlay-type":"","overlay-color":"","overlay-opacity":"","overlay-gradient":""}},"footnotes":""},"class_list":["post-2742","page","type-page","status-publish","hentry"],"uagb_featured_image_src":{"full":false,"thumbnail":false,"medium":false,"medium_large":false,"large":false,"wpsm_team_pro_small":false,"wpsm_team_pro_small3":false,"wpsm_team_pro_small4":false,"wpsm_team_pro_small5":false,"wpsm_team_pro_small6":false,"1536x1536":false,"2048x2048":false},"uagb_author_info":{"display_name":"Martina Pascher","author_link":"https:\/\/www.muenster.org\/gvc-schule\/author\/martinapascheradmim\/"},"uagb_comment_info":0,"uagb_excerpt":"In der Kindersprechstunde bietet Frau M\u00fcnch Sch\u00fclerInnen einen gesch\u00fctzten Rahmen, um \u00fcber Kummer und Sorgen sprechen zu k\u00f6nnen. Die Sch\u00fclerInnen sind eingeladen alleine oder mit Ihren FreundInnen vorbeizukommen.\u00a0","_links":{"self":[{"href":"https:\/\/www.muenster.org\/gvc-schule\/wp-json\/wp\/v2\/pages\/2742","targetHints":{"allow":["GET"]}}],"collection":[{"href":"https:\/\/www.muenster.org\/gvc-schule\/wp-json\/wp\/v2\/pages"}],"about":[{"href":"https:\/\/www.muenster.org\/gvc-schule\/wp-json\/wp\/v2\/types\/page"}],"author":[{"embeddable":true,"href":"https:\/\/www.muenster.org\/gvc-schule\/wp-json\/wp\/v2\/users\/10"}],"replies":[{"embeddable":true,"href":"https:\/\/www.muenster.org\/gvc-schule\/wp-json\/wp\/v2\/comments?post=2742"}],"version-history":[{"count":7,"href":"https:\/\/www.muenster.org\/gvc-schule\/wp-json\/wp\/v2\/pages\/2742\/revisions"}],"predecessor-version":[{"id":2871,"href":"https:\/\/www.muenster.org\/gvc-schule\/wp-json\/wp\/v2\/pages\/2742\/revisions\/2871"}],"wp:attachment":[{"href":"https:\/\/www.muenster.org\/gvc-schule\/wp-json\/wp\/v2\/media?parent=2742"}],"curies":[{"name":"wp","href":"https:\/\/api.w.org\/{rel}","templated":true}]}}