{"id":2741,"date":"2024-03-07T20:28:55","date_gmt":"2024-03-07T19:28:55","guid":{"rendered":"https:\/\/www.muenster.org\/gvc-schule\/?page_id=2741"},"modified":"2024-04-07T20:50:32","modified_gmt":"2024-04-07T18:50:32","slug":"tolle-klasse","status":"publish","type":"page","link":"https:\/\/www.muenster.org\/gvc-schule\/tolle-klasse\/","title":{"rendered":"Tolle Klasse"},"content":{"rendered":"\n<figure class=\"wp-block-image size-full\"><img loading=\"lazy\" decoding=\"async\" width=\"222\" height=\"154\" src=\"https:\/\/www.muenster.org\/gvc-schule\/wp-content\/uploads\/2024\/03\/image.png\" alt=\"\" class=\"wp-image-2765\"\/><\/figure>\n\n\n\n<p>Tolle Klasse ist ein speziell f\u00fcr den dritten Jahrgang zugeschnittenes pr\u00e4ventives Trainingsprogramm im Bereich \u201aSoziales Lernen\u2018. Das Training besteht aus insgesamt sechs Einheiten und findet mit jeweils einer halben Klasse (also in zwei Gruppen nacheinander) in der Oase statt.&nbsp;Durchgef\u00fchrt wird es von unseren Schulsozialarbeiterinnen Christine M\u00fcnch und Jelena Szigeth.&nbsp;Das Trainingsprogramm ist gepr\u00e4gt von vielen spielerischen \u00dcbungen und M\u00f6glichkeiten zur Bewegung. Es enth\u00e4lt folgende Schwerpunkte:<\/p>\n\n\n\n<ul class=\"wp-block-list\">\n<li>St\u00e4rkung der Klassengemeinschaft<\/li>\n\n\n\n<li>Teamwork<\/li>\n\n\n\n<li>Einhalten von Regeln<\/li>\n\n\n\n<li>Tipps gegen Streit<\/li>\n\n\n\n<li>Selbstregulationstraining\n<ul class=\"wp-block-list\">\n<li>Lernen eigene Gef\u00fchle zu erkennen und zu regulieren<\/li>\n\n\n\n<li>&#8222;Innerer Schiedsrichter&#8220;<\/li>\n\n\n\n<li>&#8222;Hilfreiche Gedanken&#8220;<\/li>\n<\/ul>\n<\/li>\n<\/ul>\n","protected":false},"excerpt":{"rendered":"<p>Tolle Klasse ist ein speziell f\u00fcr den dritten Jahrgang zugeschnittenes pr\u00e4ventives Trainingsprogramm im Bereich \u201aSoziales Lernen\u2018. Das Training besteht aus insgesamt sechs Einheiten und findet mit jeweils einer halben Klasse (also in zwei Gruppen nacheinander) in der Oase statt.&nbsp;Durchgef\u00fchrt wird es von unseren Schulsozialarbeiterinnen Christine M\u00fcnch und Jelena Szigeth.&nbsp;Das Trainingsprogramm ist gepr\u00e4gt von vielen spielerischen [&hellip;]<\/p>\n","protected":false},"author":10,"featured_media":0,"parent":0,"menu_order":0,"comment_status":"closed","ping_status":"closed","template":"","meta":{"_uag_custom_page_level_css":"","site-sidebar-layout":"default","site-content-layout":"","ast-site-content-layout":"default","site-content-style":"default","site-sidebar-style":"default","ast-global-header-display":"","ast-banner-title-visibility":"","ast-main-header-display":"","ast-hfb-above-header-display":"","ast-hfb-below-header-display":"","ast-hfb-mobile-header-display":"","site-post-title":"","ast-breadcrumbs-content":"","ast-featured-img":"","footer-sml-layout":"","theme-transparent-header-meta":"","adv-header-id-meta":"","stick-header-meta":"","header-above-stick-meta":"","header-main-stick-meta":"","header-below-stick-meta":"","astra-migrate-meta-layouts":"set","ast-page-background-enabled":"default","ast-page-background-meta":{"desktop":{"background-color":"","background-image":"","background-repeat":"repeat","background-position":"center center","background-size":"auto","background-attachment":"scroll","background-type":"","background-media":"","overlay-type":"","overlay-color":"","overlay-opacity":"","overlay-gradient":""},"tablet":{"background-color":"","background-image":"","background-repeat":"repeat","background-position":"center center","background-size":"auto","background-attachment":"scroll","background-type":"","background-media":"","overlay-type":"","overlay-color":"","overlay-opacity":"","overlay-gradient":""},"mobile":{"background-color":"","background-image":"","background-repeat":"repeat","background-position":"center center","background-size":"auto","background-attachment":"scroll","background-type":"","background-media":"","overlay-type":"","overlay-color":"","overlay-opacity":"","overlay-gradient":""}},"ast-content-background-meta":{"desktop":{"background-color":"var(--ast-global-color-5)","background-image":"","background-repeat":"repeat","background-position":"center center","background-size":"auto","background-attachment":"scroll","background-type":"","background-media":"","overlay-type":"","overlay-color":"","overlay-opacity":"","overlay-gradient":""},"tablet":{"background-color":"var(--ast-global-color-5)","background-image":"","background-repeat":"repeat","background-position":"center center","background-size":"auto","background-attachment":"scroll","background-type":"","background-media":"","overlay-type":"","overlay-color":"","overlay-opacity":"","overlay-gradient":""},"mobile":{"background-color":"var(--ast-global-color-5)","background-image":"","background-repeat":"repeat","background-position":"center center","background-size":"auto","background-attachment":"scroll","background-type":"","background-media":"","overlay-type":"","overlay-color":"","overlay-opacity":"","overlay-gradient":""}},"footnotes":""},"class_list":["post-2741","page","type-page","status-publish","hentry"],"uagb_featured_image_src":{"full":false,"thumbnail":false,"medium":false,"medium_large":false,"large":false,"wpsm_team_pro_small":false,"wpsm_team_pro_small3":false,"wpsm_team_pro_small4":false,"wpsm_team_pro_small5":false,"wpsm_team_pro_small6":false,"1536x1536":false,"2048x2048":false},"uagb_author_info":{"display_name":"Martina Pascher","author_link":"https:\/\/www.muenster.org\/gvc-schule\/author\/martinapascheradmim\/"},"uagb_comment_info":0,"uagb_excerpt":"Tolle Klasse ist ein speziell f\u00fcr den dritten Jahrgang zugeschnittenes pr\u00e4ventives Trainingsprogramm im Bereich \u201aSoziales Lernen\u2018. Das Training besteht aus insgesamt sechs Einheiten und findet mit jeweils einer halben Klasse (also in zwei Gruppen nacheinander) in der Oase statt.&nbsp;Durchgef\u00fchrt wird es von unseren Schulsozialarbeiterinnen Christine M\u00fcnch und Jelena Szigeth.&nbsp;Das Trainingsprogramm ist gepr\u00e4gt von vielen spielerischen&hellip;","_links":{"self":[{"href":"https:\/\/www.muenster.org\/gvc-schule\/wp-json\/wp\/v2\/pages\/2741","targetHints":{"allow":["GET"]}}],"collection":[{"href":"https:\/\/www.muenster.org\/gvc-schule\/wp-json\/wp\/v2\/pages"}],"about":[{"href":"https:\/\/www.muenster.org\/gvc-schule\/wp-json\/wp\/v2\/types\/page"}],"author":[{"embeddable":true,"href":"https:\/\/www.muenster.org\/gvc-schule\/wp-json\/wp\/v2\/users\/10"}],"replies":[{"embeddable":true,"href":"https:\/\/www.muenster.org\/gvc-schule\/wp-json\/wp\/v2\/comments?post=2741"}],"version-history":[{"count":3,"href":"https:\/\/www.muenster.org\/gvc-schule\/wp-json\/wp\/v2\/pages\/2741\/revisions"}],"predecessor-version":[{"id":2841,"href":"https:\/\/www.muenster.org\/gvc-schule\/wp-json\/wp\/v2\/pages\/2741\/revisions\/2841"}],"wp:attachment":[{"href":"https:\/\/www.muenster.org\/gvc-schule\/wp-json\/wp\/v2\/media?parent=2741"}],"curies":[{"name":"wp","href":"https:\/\/api.w.org\/{rel}","templated":true}]}}