{"id":2739,"date":"2024-03-07T20:28:55","date_gmt":"2024-03-07T19:28:55","guid":{"rendered":"https:\/\/www.muenster.org\/gvc-schule\/?page_id=2739"},"modified":"2024-04-17T15:53:18","modified_gmt":"2024-04-17T13:53:18","slug":"team-schulsozialarbeit","status":"publish","type":"page","link":"https:\/\/www.muenster.org\/gvc-schule\/team-schulsozialarbeit\/","title":{"rendered":"Team Schulsozialarbeit"},"content":{"rendered":"\n<div class=\"wp-block-uagb-container uagb-block-e33614db alignfull uagb-is-root-container\"><div class=\"uagb-container-inner-blocks-wrap\">\n<div class=\"wp-block-uagb-container uagb-block-f10df08c\">\n<figure class=\"wp-block-image size-full is-resized\"><img loading=\"lazy\" decoding=\"async\" width=\"732\" height=\"957\" src=\"https:\/\/www.muenster.org\/gvc-schule\/wp-content\/uploads\/2024\/04\/image.png\" alt=\"\" class=\"wp-image-2834\" style=\"width:169px;height:auto\" srcset=\"https:\/\/www.muenster.org\/gvc-schule\/wp-content\/uploads\/2024\/04\/image.png 732w, https:\/\/www.muenster.org\/gvc-schule\/wp-content\/uploads\/2024\/04\/image-229x300.png 229w\" sizes=\"auto, (max-width: 732px) 100vw, 732px\" \/><\/figure>\n\n\n\n<figure class=\"wp-block-image size-full is-resized\"><img loading=\"lazy\" decoding=\"async\" width=\"135\" height=\"49\" src=\"https:\/\/www.muenster.org\/gvc-schule\/wp-content\/uploads\/2024\/04\/image-1.png\" alt=\"\" class=\"wp-image-2835\" style=\"width:157px;height:auto\"\/><\/figure>\n\n\n\n<p><strong>Christine M\u00fcnch <\/strong><br>Diplom Sozialarbeiterin\/ -p\u00e4dagogin<\/p>\n\n\n\n<p class=\"has-text-align-left\"><strong><span style=\"text-decoration: underline;\">Kontakt<\/span><br><\/strong><a href=\"tel:+491607687621\">0160 \/ 768 762 1<\/a><br><a href=\"mailto:christine.muench@beratungsstelle-suedviertel.de\">christine.muench@beratungsstelle-suedviertel.de<\/a><br>Erreichbarkeit: Montag bis Donnerstag von\u00a08:30 bis 13:00 Uhr<\/p>\n\n\n\n<p><strong><span style=\"text-decoration: underline;\">Aufgabenschwerpunkte<\/span><\/strong> u.a.<\/p>\n\n\n\n<p><strong>Elternberatung<\/strong><br>&#8211; in Fragen zur Erziehung, zum Sozialverhalten des Kindes in der Schule und zuhause etc.<br>&#8211; zum Bildungs- und Teilhabepaket (z.B. Antragsstellung, Lernf\u00f6rderung)<\/p>\n\n\n\n<p>Haben Sie <strong>Fragen&#8230;Sorgen&#8230;Probleme&#8230; als Eltern eines Schulkindes<\/strong>? Gerne vereinbare ich auch einen pers\u00f6nlichen Termin mit Ihnen. Ich unterliege der Schweigepflicht.<\/p>\n\n\n\n<p><strong>Weitere Aufgabenbereiche<\/strong>:<br>&#8211; Begleitung von Lehrergespr\u00e4chen<br>&#8211; Hospitationen im Unterricht<br>&#8211; Vermittlung in Unterst\u00fctzungsangebote<br>&#8211; Durchf\u00fchrung von Gruppenangeboten, wie das Sozialkompetenztraining &#8222;Tolle Klasse&#8220; im 3. Jg.<br>&#8211; Kindersprechstunde<br>&#8211; Ausbildung, Begleitung und Unterst\u00fctzung der Pausenhilfe<\/p>\n<\/div>\n\n\n\n<div class=\"wp-block-uagb-container uagb-block-673ef6fc\">\n<div class=\"wp-block-uagb-image alignleft uagb-block-e8e8f775 wp-block-uagb-image--layout-default wp-block-uagb-image--effect-static wp-block-uagb-image--align-left\"><figure class=\"wp-block-uagb-image__figure\"><img decoding=\"async\"  sizes=\"auto, (max-width: 480px) 150px\" src=\"https:\/\/www.muenster.org\/gvc-schule\/wp-content\/uploads\/2024\/03\/image-1-715x1024.png\" alt=\"\" width=\"166\" height=\"238\" title=\"\" loading=\"lazy\" role=\"img\"\/><\/figure><\/div>\n\n\n\n<figure class=\"wp-block-image size-full is-resized\"><img loading=\"lazy\" decoding=\"async\" width=\"320\" height=\"108\" src=\"https:\/\/www.muenster.org\/gvc-schule\/wp-content\/uploads\/2024\/04\/Bezirksregierung_Muenster_logo.svg_.png\" alt=\"\" class=\"wp-image-2851\" style=\"width:157px;height:auto\" srcset=\"https:\/\/www.muenster.org\/gvc-schule\/wp-content\/uploads\/2024\/04\/Bezirksregierung_Muenster_logo.svg_.png 320w, https:\/\/www.muenster.org\/gvc-schule\/wp-content\/uploads\/2024\/04\/Bezirksregierung_Muenster_logo.svg_-300x101.png 300w\" sizes=\"auto, (max-width: 320px) 100vw, 320px\" \/><\/figure>\n\n\n\n<p><strong>Jelena Szigeth<\/strong><br>Erziehungswissenschaft BA.<\/p>\n\n\n\n<p><strong><span style=\"text-decoration: underline;\">Kontakt<\/span><\/strong><br><a href=\"tel:+4915114698879\">0151 \/ 14698879<\/a><br><a href=\"mailto:szigeth@stadt-muenster.de\">szigeth@stadt-muenster.de<\/a><br>Erreichbarkeit: <strong>Mittwochs und donnerstags<\/strong> (f\u00fcr Belange der GvC)<\/p>\n\n\n\n<p><strong><span style=\"text-decoration: underline;\">Aufgabenschwerpunkte<\/span><\/strong> u.a.<\/p>\n\n\n\n<ul class=\"wp-block-list\">\n<li>F\u00f6rderung und Unterst\u00fctzung gefl\u00fcchteter und neu zugewanderter Sch\u00fclerInnen<\/li>\n\n\n\n<li>Integrationsf\u00f6rdernde Angebote, Mitwirkung im Unterricht<\/li>\n\n\n\n<li>Durchf\u00fchrung von Gruppenangeboten (Marburger Konzentrationstraining und Tolle Klasse) etc.&nbsp;<\/li>\n<\/ul>\n<\/div>\n<\/div><\/div>\n","protected":false},"excerpt":{"rendered":"<p>Christine M\u00fcnch Diplom Sozialarbeiterin\/ -p\u00e4dagogin Kontakt0160 \/ 768 762 1christine.muench@beratungsstelle-suedviertel.deErreichbarkeit: Montag bis Donnerstag von\u00a08:30 bis 13:00 Uhr Aufgabenschwerpunkte u.a. Elternberatung&#8211; in Fragen zur Erziehung, zum Sozialverhalten des Kindes in der Schule und zuhause etc.&#8211; zum Bildungs- und Teilhabepaket (z.B. Antragsstellung, Lernf\u00f6rderung) Haben Sie Fragen&#8230;Sorgen&#8230;Probleme&#8230; als Eltern eines Schulkindes? Gerne vereinbare ich auch einen pers\u00f6nlichen Termin [&hellip;]<\/p>\n","protected":false},"author":10,"featured_media":0,"parent":0,"menu_order":0,"comment_status":"closed","ping_status":"closed","template":"","meta":{"_uag_custom_page_level_css":"","site-sidebar-layout":"default","site-content-layout":"","ast-site-content-layout":"default","site-content-style":"default","site-sidebar-style":"default","ast-global-header-display":"","ast-banner-title-visibility":"","ast-main-header-display":"","ast-hfb-above-header-display":"","ast-hfb-below-header-display":"","ast-hfb-mobile-header-display":"","site-post-title":"","ast-breadcrumbs-content":"","ast-featured-img":"","footer-sml-layout":"","theme-transparent-header-meta":"","adv-header-id-meta":"","stick-header-meta":"","header-above-stick-meta":"","header-main-stick-meta":"","header-below-stick-meta":"","astra-migrate-meta-layouts":"set","ast-page-background-enabled":"default","ast-page-background-meta":{"desktop":{"background-color":"","background-image":"","background-repeat":"repeat","background-position":"center center","background-size":"auto","background-attachment":"scroll","background-type":"","background-media":"","overlay-type":"","overlay-color":"","overlay-opacity":"","overlay-gradient":""},"tablet":{"background-color":"","background-image":"","background-repeat":"repeat","background-position":"center center","background-size":"auto","background-attachment":"scroll","background-type":"","background-media":"","overlay-type":"","overlay-color":"","overlay-opacity":"","overlay-gradient":""},"mobile":{"background-color":"","background-image":"","background-repeat":"repeat","background-position":"center center","background-size":"auto","background-attachment":"scroll","background-type":"","background-media":"","overlay-type":"","overlay-color":"","overlay-opacity":"","overlay-gradient":""}},"ast-content-background-meta":{"desktop":{"background-color":"var(--ast-global-color-5)","background-image":"","background-repeat":"repeat","background-position":"center center","background-size":"auto","background-attachment":"scroll","background-type":"","background-media":"","overlay-type":"","overlay-color":"","overlay-opacity":"","overlay-gradient":""},"tablet":{"background-color":"var(--ast-global-color-5)","background-image":"","background-repeat":"repeat","background-position":"center center","background-size":"auto","background-attachment":"scroll","background-type":"","background-media":"","overlay-type":"","overlay-color":"","overlay-opacity":"","overlay-gradient":""},"mobile":{"background-color":"var(--ast-global-color-5)","background-image":"","background-repeat":"repeat","background-position":"center center","background-size":"auto","background-attachment":"scroll","background-type":"","background-media":"","overlay-type":"","overlay-color":"","overlay-opacity":"","overlay-gradient":""}},"footnotes":""},"class_list":["post-2739","page","type-page","status-publish","hentry"],"uagb_featured_image_src":{"full":false,"thumbnail":false,"medium":false,"medium_large":false,"large":false,"wpsm_team_pro_small":false,"wpsm_team_pro_small3":false,"wpsm_team_pro_small4":false,"wpsm_team_pro_small5":false,"wpsm_team_pro_small6":false,"1536x1536":false,"2048x2048":false},"uagb_author_info":{"display_name":"Martina Pascher","author_link":"https:\/\/www.muenster.org\/gvc-schule\/author\/martinapascheradmim\/"},"uagb_comment_info":0,"uagb_excerpt":"Christine M\u00fcnch Diplom Sozialarbeiterin\/ -p\u00e4dagogin Kontakt0160 \/ 768 762 1christine.muench@beratungsstelle-suedviertel.deErreichbarkeit: Montag bis Donnerstag von\u00a08:30 bis 13:00 Uhr Aufgabenschwerpunkte u.a. Elternberatung&#8211; in Fragen zur Erziehung, zum Sozialverhalten des Kindes in der Schule und zuhause etc.&#8211; zum Bildungs- und Teilhabepaket (z.B. Antragsstellung, Lernf\u00f6rderung) Haben Sie Fragen&#8230;Sorgen&#8230;Probleme&#8230; als Eltern eines Schulkindes? Gerne vereinbare ich auch einen pers\u00f6nlichen Termin&hellip;","_links":{"self":[{"href":"https:\/\/www.muenster.org\/gvc-schule\/wp-json\/wp\/v2\/pages\/2739","targetHints":{"allow":["GET"]}}],"collection":[{"href":"https:\/\/www.muenster.org\/gvc-schule\/wp-json\/wp\/v2\/pages"}],"about":[{"href":"https:\/\/www.muenster.org\/gvc-schule\/wp-json\/wp\/v2\/types\/page"}],"author":[{"embeddable":true,"href":"https:\/\/www.muenster.org\/gvc-schule\/wp-json\/wp\/v2\/users\/10"}],"replies":[{"embeddable":true,"href":"https:\/\/www.muenster.org\/gvc-schule\/wp-json\/wp\/v2\/comments?post=2739"}],"version-history":[{"count":18,"href":"https:\/\/www.muenster.org\/gvc-schule\/wp-json\/wp\/v2\/pages\/2739\/revisions"}],"predecessor-version":[{"id":2861,"href":"https:\/\/www.muenster.org\/gvc-schule\/wp-json\/wp\/v2\/pages\/2739\/revisions\/2861"}],"wp:attachment":[{"href":"https:\/\/www.muenster.org\/gvc-schule\/wp-json\/wp\/v2\/media?parent=2739"}],"curies":[{"name":"wp","href":"https:\/\/api.w.org\/{rel}","templated":true}]}}