{"id":2061,"date":"2023-03-10T21:18:21","date_gmt":"2023-03-10T20:18:21","guid":{"rendered":"https:\/\/www.muenster.org\/gvc-schule\/?page_id=2061"},"modified":"2023-03-13T14:13:15","modified_gmt":"2023-03-13T13:13:15","slug":"adresse","status":"publish","type":"page","link":"https:\/\/www.muenster.org\/gvc-schule\/adresse\/","title":{"rendered":"Adresse"},"content":{"rendered":"\n<p><strong>Adresse<\/strong><br>Gottfried-von-Cappenberg-Schule<br>Glatzer Weg 9<br>48151 M\u00fcnster<\/p>\n\n\n\n<p><\/p>\n\n\n\n<iframe src=\"https:\/\/www.google.com\/maps\/embed?pb=!1m18!1m12!1m3!1d2460.0611539214137!2d7.610334351088793!3d51.93283808722895!2m3!1f0!2f0!3f0!3m2!1i1024!2i768!4f13.1!3m3!1m2!1s0x47b9a539baf517b9%3A0x7e6c16a68daf6c05!2sGottfried-von-Cappenberg-%20Schule!5e0!3m2!1sde!2sde!4v1678484729254!5m2!1sde!2sde\" width=\"600\" height=\"450\" style=\"border:0;\" allowfullscreen=\"\" loading=\"lazy\" referrerpolicy=\"no-referrer-when-downgrade\"><\/iframe>\n\n\n\n<p><\/p>\n\n\n\n<p><strong>Verkehrssicherheit<\/strong><br>Wir tragen durch unseren Unterricht und die p\u00e4dagogische Begleitung dazu bei, dass Ihre Kinder sich verkehrsgerecht verhalten lernen.<br><strong>Entscheidend ist aber die Unterst\u00fctzung durch das Elternhaus.<\/strong> <\/p>\n\n\n\n<p><mark style=\"background-color:rgba(0, 0, 0, 0)\" class=\"has-inline-color has-vivid-red-color\"><strong><u>Das absolute Halteverbot vor dem Schultor gilt immer und f\u00fcr alle<\/u><\/strong>.<\/mark><\/p>\n\n\n\n<p>Vermeiden Sie Engp\u00e4sse auf dem Glatzer Weg. Allen Kindern ist ein kleiner Fu\u00dfweg zumutbar! <br>Beachten Sie die Geschwindigkeitsbegrenzungen (Spielstra\u00dfe: 5 &#8211; 7 km\/h \/ Tempo 30-Zonen)!<\/p>\n\n\n\n<ul class=\"wp-block-list\">\n<li>Achten Sie darauf, dass Ihre Kinder sowohl als Fu\u00dfg\u00e4nger als auch als Radfahrer gut gesehen werden k\u00f6nnen. <\/li>\n<\/ul>\n\n\n\n<ul class=\"wp-block-list\">\n<li>\u00dcberpr\u00fcfen Sie regelm\u00e4\u00dfig die allgemeine Verkehrssicherheit<strong> <\/strong>der Fahrr\u00e4der Ihrer Kinder, insbesondere Beleuchtung und Bremsen.<br> Bitte lassen Sie Ihr Kind unbedingt mit einem Helm fahren.<\/li>\n<\/ul>\n\n\n\n<p>Bitte unterst\u00fctzen Sie auch folgende Schulregel:<br>Alle Kinder, die vom Siebenb\u00fcrgenweg oder vom Fu\u00dfweg von der Gottfried-Kirche kommen, sollen den Weg \u00fcber den Schulhof nutzen. <br>Dieser wurde vor Jahren eigens zur Sicherheit Ihrer Kinder angelegt. Radfahrer schieben ab hier das Rad. <br>Das Fahrverbot auf dem Schulhof gilt selbstverst\u00e4ndlich auch f\u00fcr Erwachsene!<\/p>\n\n\n\n<figure class=\"wp-block-gallery has-nested-images columns-3 is-cropped wp-block-gallery-1 is-layout-flex wp-block-gallery-is-layout-flex\"><\/figure>\n","protected":false},"excerpt":{"rendered":"<p>AdresseGottfried-von-Cappenberg-SchuleGlatzer Weg 948151 M\u00fcnster VerkehrssicherheitWir tragen durch unseren Unterricht und die p\u00e4dagogische Begleitung dazu bei, dass Ihre Kinder sich verkehrsgerecht verhalten lernen.Entscheidend ist aber die Unterst\u00fctzung durch das Elternhaus. Das absolute Halteverbot vor dem Schultor gilt immer und f\u00fcr alle. Vermeiden Sie Engp\u00e4sse auf dem Glatzer Weg. Allen Kindern ist ein kleiner Fu\u00dfweg zumutbar! Beachten [&hellip;]<\/p>\n","protected":false},"author":10,"featured_media":0,"parent":0,"menu_order":0,"comment_status":"closed","ping_status":"closed","template":"","meta":{"_uag_custom_page_level_css":"","site-sidebar-layout":"default","site-content-layout":"","ast-site-content-layout":"default","site-content-style":"default","site-sidebar-style":"default","ast-global-header-display":"","ast-banner-title-visibility":"","ast-main-header-display":"","ast-hfb-above-header-display":"","ast-hfb-below-header-display":"","ast-hfb-mobile-header-display":"","site-post-title":"","ast-breadcrumbs-content":"","ast-featured-img":"","footer-sml-layout":"","theme-transparent-header-meta":"","adv-header-id-meta":"","stick-header-meta":"","header-above-stick-meta":"","header-main-stick-meta":"","header-below-stick-meta":"","astra-migrate-meta-layouts":"default","ast-page-background-enabled":"default","ast-page-background-meta":{"desktop":{"background-color":"","background-image":"","background-repeat":"repeat","background-position":"center center","background-size":"auto","background-attachment":"scroll","background-type":"","background-media":"","overlay-type":"","overlay-color":"","overlay-opacity":"","overlay-gradient":""},"tablet":{"background-color":"","background-image":"","background-repeat":"repeat","background-position":"center center","background-size":"auto","background-attachment":"scroll","background-type":"","background-media":"","overlay-type":"","overlay-color":"","overlay-opacity":"","overlay-gradient":""},"mobile":{"background-color":"","background-image":"","background-repeat":"repeat","background-position":"center center","background-size":"auto","background-attachment":"scroll","background-type":"","background-media":"","overlay-type":"","overlay-color":"","overlay-opacity":"","overlay-gradient":""}},"ast-content-background-meta":{"desktop":{"background-color":"var(--ast-global-color-5)","background-image":"","background-repeat":"repeat","background-position":"center center","background-size":"auto","background-attachment":"scroll","background-type":"","background-media":"","overlay-type":"","overlay-color":"","overlay-opacity":"","overlay-gradient":""},"tablet":{"background-color":"var(--ast-global-color-5)","background-image":"","background-repeat":"repeat","background-position":"center center","background-size":"auto","background-attachment":"scroll","background-type":"","background-media":"","overlay-type":"","overlay-color":"","overlay-opacity":"","overlay-gradient":""},"mobile":{"background-color":"var(--ast-global-color-5)","background-image":"","background-repeat":"repeat","background-position":"center center","background-size":"auto","background-attachment":"scroll","background-type":"","background-media":"","overlay-type":"","overlay-color":"","overlay-opacity":"","overlay-gradient":""}},"footnotes":""},"class_list":["post-2061","page","type-page","status-publish","hentry"],"uagb_featured_image_src":{"full":false,"thumbnail":false,"medium":false,"medium_large":false,"large":false,"wpsm_team_pro_small":false,"wpsm_team_pro_small3":false,"wpsm_team_pro_small4":false,"wpsm_team_pro_small5":false,"wpsm_team_pro_small6":false,"1536x1536":false,"2048x2048":false},"uagb_author_info":{"display_name":"Martina Pascher","author_link":"https:\/\/www.muenster.org\/gvc-schule\/author\/martinapascheradmim\/"},"uagb_comment_info":0,"uagb_excerpt":"AdresseGottfried-von-Cappenberg-SchuleGlatzer Weg 948151 M\u00fcnster VerkehrssicherheitWir tragen durch unseren Unterricht und die p\u00e4dagogische Begleitung dazu bei, dass Ihre Kinder sich verkehrsgerecht verhalten lernen.Entscheidend ist aber die Unterst\u00fctzung durch das Elternhaus. Das absolute Halteverbot vor dem Schultor gilt immer und f\u00fcr alle. Vermeiden Sie Engp\u00e4sse auf dem Glatzer Weg. Allen Kindern ist ein kleiner Fu\u00dfweg zumutbar! Beachten&hellip;","_links":{"self":[{"href":"https:\/\/www.muenster.org\/gvc-schule\/wp-json\/wp\/v2\/pages\/2061","targetHints":{"allow":["GET"]}}],"collection":[{"href":"https:\/\/www.muenster.org\/gvc-schule\/wp-json\/wp\/v2\/pages"}],"about":[{"href":"https:\/\/www.muenster.org\/gvc-schule\/wp-json\/wp\/v2\/types\/page"}],"author":[{"embeddable":true,"href":"https:\/\/www.muenster.org\/gvc-schule\/wp-json\/wp\/v2\/users\/10"}],"replies":[{"embeddable":true,"href":"https:\/\/www.muenster.org\/gvc-schule\/wp-json\/wp\/v2\/comments?post=2061"}],"version-history":[{"count":6,"href":"https:\/\/www.muenster.org\/gvc-schule\/wp-json\/wp\/v2\/pages\/2061\/revisions"}],"predecessor-version":[{"id":2367,"href":"https:\/\/www.muenster.org\/gvc-schule\/wp-json\/wp\/v2\/pages\/2061\/revisions\/2367"}],"wp:attachment":[{"href":"https:\/\/www.muenster.org\/gvc-schule\/wp-json\/wp\/v2\/media?parent=2061"}],"curies":[{"name":"wp","href":"https:\/\/api.w.org\/{rel}","templated":true}]}}