{"id":197,"date":"2020-05-30T17:07:37","date_gmt":"2020-05-30T15:07:37","guid":{"rendered":"http:\/\/www.muenster.org\/gvc-schule\/wordpress\/?page_id=197"},"modified":"2021-10-27T14:03:39","modified_gmt":"2021-10-27T12:03:39","slug":"datenschutz","status":"publish","type":"page","link":"https:\/\/www.muenster.org\/gvc-schule\/datenschutz\/","title":{"rendered":"Informationen Internet"},"content":{"rendered":"\n<p>F\u00fcr die WLANs und die kabelgebundenen Ger\u00e4te an den st\u00e4dt. Grundschulen sind die beigef\u00fcgten \u201eInformationen.Internet\u201c entwickelt worden. Es handelt sich um eine \u00dcberarbeitung der \u201eWLAN-Nutzungsordnung\u201c. Die dazu bereits erteilten Zustimmungserkl\u00e4rungen der Eltern verlieren hiermit ihre G\u00fcltigkeit.<br>Die \u201eInformationen.Internet\u201c enthalten Hinweise zur Nutzung des Internets. Sie haben den Charakter von Handlungsempfehlungen. Eine Zustimmungsverpflichtung der Eltern gibt es nicht mehr.<br>Gem. Telekommunikationsgesetz ist der Schultr\u00e4ger zur Datenspeicherung verpflichtet. <br>Das gesetzlich festgelegte Kriterium hierbei ist, dass alle Eltern erreicht\/informiert werden.<br>Die Information der Eltern kann \u00fcber die Homepage der Schule erfolgen. <\/p>\n\n\n<a href=\"https:\/\/www.muenster.org\/gvc-schule\/wp-content\/uploads\/2021\/10\/Informationen.Internet.pdf\" class=\"pdfemb-viewer\" style=\"\" data-width=\"max\" data-height=\"max\" data-toolbar=\"bottom\" data-toolbar-fixed=\"off\">Informationen.Internet<\/a>\n<p class=\"wp-block-pdfemb-pdf-embedder-viewer\"><\/p>\n\n\n\n<p><\/p>\n","protected":false},"excerpt":{"rendered":"<p>F\u00fcr die WLANs und die kabelgebundenen Ger\u00e4te an den st\u00e4dt. Grundschulen sind die beigef\u00fcgten \u201eInformationen.Internet\u201c entwickelt worden. Es handelt sich um eine \u00dcberarbeitung der \u201eWLAN-Nutzungsordnung\u201c. Die dazu bereits erteilten Zustimmungserkl\u00e4rungen der Eltern verlieren hiermit ihre G\u00fcltigkeit.Die \u201eInformationen.Internet\u201c enthalten Hinweise zur Nutzung des Internets. Sie haben den Charakter von Handlungsempfehlungen. Eine Zustimmungsverpflichtung der Eltern gibt es [&hellip;]<\/p>\n","protected":false},"author":4,"featured_media":0,"parent":0,"menu_order":0,"comment_status":"closed","ping_status":"closed","template":"","meta":{"_uag_custom_page_level_css":"","site-sidebar-layout":"default","site-content-layout":"default","ast-site-content-layout":"default","site-content-style":"default","site-sidebar-style":"default","ast-global-header-display":"","ast-banner-title-visibility":"","ast-main-header-display":"","ast-hfb-above-header-display":"","ast-hfb-below-header-display":"","ast-hfb-mobile-header-display":"","site-post-title":"","ast-breadcrumbs-content":"","ast-featured-img":"","footer-sml-layout":"","theme-transparent-header-meta":"default","adv-header-id-meta":"","stick-header-meta":"","header-above-stick-meta":"","header-main-stick-meta":"","header-below-stick-meta":"","astra-migrate-meta-layouts":"default","ast-page-background-enabled":"default","ast-page-background-meta":{"desktop":{"background-color":"","background-image":"","background-repeat":"repeat","background-position":"center center","background-size":"auto","background-attachment":"scroll","background-type":"","background-media":"","overlay-type":"","overlay-color":"","overlay-opacity":"","overlay-gradient":""},"tablet":{"background-color":"","background-image":"","background-repeat":"repeat","background-position":"center center","background-size":"auto","background-attachment":"scroll","background-type":"","background-media":"","overlay-type":"","overlay-color":"","overlay-opacity":"","overlay-gradient":""},"mobile":{"background-color":"","background-image":"","background-repeat":"repeat","background-position":"center center","background-size":"auto","background-attachment":"scroll","background-type":"","background-media":"","overlay-type":"","overlay-color":"","overlay-opacity":"","overlay-gradient":""}},"ast-content-background-meta":{"desktop":{"background-color":"var(--ast-global-color-5)","background-image":"","background-repeat":"repeat","background-position":"center center","background-size":"auto","background-attachment":"scroll","background-type":"","background-media":"","overlay-type":"","overlay-color":"","overlay-opacity":"","overlay-gradient":""},"tablet":{"background-color":"var(--ast-global-color-5)","background-image":"","background-repeat":"repeat","background-position":"center center","background-size":"auto","background-attachment":"scroll","background-type":"","background-media":"","overlay-type":"","overlay-color":"","overlay-opacity":"","overlay-gradient":""},"mobile":{"background-color":"var(--ast-global-color-5)","background-image":"","background-repeat":"repeat","background-position":"center center","background-size":"auto","background-attachment":"scroll","background-type":"","background-media":"","overlay-type":"","overlay-color":"","overlay-opacity":"","overlay-gradient":""}},"footnotes":""},"class_list":["post-197","page","type-page","status-publish","hentry"],"uagb_featured_image_src":{"full":false,"thumbnail":false,"medium":false,"medium_large":false,"large":false,"wpsm_team_pro_small":false,"wpsm_team_pro_small3":false,"wpsm_team_pro_small4":false,"wpsm_team_pro_small5":false,"wpsm_team_pro_small6":false,"1536x1536":false,"2048x2048":false},"uagb_author_info":{"display_name":"Andreas Kersting","author_link":"https:\/\/www.muenster.org\/gvc-schule\/author\/akersting\/"},"uagb_comment_info":0,"uagb_excerpt":"F\u00fcr die WLANs und die kabelgebundenen Ger\u00e4te an den st\u00e4dt. Grundschulen sind die beigef\u00fcgten \u201eInformationen.Internet\u201c entwickelt worden. Es handelt sich um eine \u00dcberarbeitung der \u201eWLAN-Nutzungsordnung\u201c. Die dazu bereits erteilten Zustimmungserkl\u00e4rungen der Eltern verlieren hiermit ihre G\u00fcltigkeit.Die \u201eInformationen.Internet\u201c enthalten Hinweise zur Nutzung des Internets. Sie haben den Charakter von Handlungsempfehlungen. Eine Zustimmungsverpflichtung der Eltern gibt es&hellip;","_links":{"self":[{"href":"https:\/\/www.muenster.org\/gvc-schule\/wp-json\/wp\/v2\/pages\/197","targetHints":{"allow":["GET"]}}],"collection":[{"href":"https:\/\/www.muenster.org\/gvc-schule\/wp-json\/wp\/v2\/pages"}],"about":[{"href":"https:\/\/www.muenster.org\/gvc-schule\/wp-json\/wp\/v2\/types\/page"}],"author":[{"embeddable":true,"href":"https:\/\/www.muenster.org\/gvc-schule\/wp-json\/wp\/v2\/users\/4"}],"replies":[{"embeddable":true,"href":"https:\/\/www.muenster.org\/gvc-schule\/wp-json\/wp\/v2\/comments?post=197"}],"version-history":[{"count":4,"href":"https:\/\/www.muenster.org\/gvc-schule\/wp-json\/wp\/v2\/pages\/197\/revisions"}],"predecessor-version":[{"id":1059,"href":"https:\/\/www.muenster.org\/gvc-schule\/wp-json\/wp\/v2\/pages\/197\/revisions\/1059"}],"wp:attachment":[{"href":"https:\/\/www.muenster.org\/gvc-schule\/wp-json\/wp\/v2\/media?parent=197"}],"curies":[{"name":"wp","href":"https:\/\/api.w.org\/{rel}","templated":true}]}}