{"id":1698,"date":"2023-02-22T20:01:06","date_gmt":"2023-02-22T19:01:06","guid":{"rendered":"https:\/\/www.muenster.org\/gvc-schule\/?page_id=1698"},"modified":"2023-11-05T21:10:41","modified_gmt":"2023-11-05T20:10:41","slug":"entstehung-und-aufgaben-des-foerdervereins","status":"publish","type":"page","link":"https:\/\/www.muenster.org\/gvc-schule\/foerderverein\/entstehung-und-aufgaben-des-foerdervereins\/","title":{"rendered":"Entstehung und Aufgaben des F\u00f6rdervereins"},"content":{"rendered":"\n<div data-wp-interactive=\"core\/file\" class=\"wp-block-file\"><object data-wp-bind--hidden=\"!state.hasPdfPreview\" hidden class=\"wp-block-file__embed\" data=\"https:\/\/www.muenster.org\/gvc-schule\/wp-content\/uploads\/2022\/09\/220913-Flyer-FV-GvC-Vers15.pdf\" type=\"application\/pdf\" style=\"width:100%;height:600px\" aria-label=\"Einbettung von Flyer F\u00f6rderverein Gottfried-von-Cappenberg-Schule.\"><\/object><a id=\"wp-block-file--media-9c34df71-3866-4d76-883a-4e8ed334ba2c\" href=\"https:\/\/www.muenster.org\/gvc-schule\/wp-content\/uploads\/2022\/09\/220913-Flyer-FV-GvC-Vers15.pdf\">Flyer F\u00f6rderverein Gottfried-von-Cappenberg-Schule<\/a><a href=\"https:\/\/www.muenster.org\/gvc-schule\/wp-content\/uploads\/2022\/09\/220913-Flyer-FV-GvC-Vers15.pdf\" class=\"wp-block-file__button wp-element-button\" download aria-describedby=\"wp-block-file--media-9c34df71-3866-4d76-883a-4e8ed334ba2c\">Herunterladen<\/a><\/div>\n\n\n\n<p>Das Motto des F\u00f6rdervereins lautet \u201cEltern f\u00f6rdern ihre Kinder\u201d. Mit einem j\u00e4hrlichen Beitrag von mindestens 5 \u20ac kann jeder f\u00fcr ein Jahr Mitglied werden.<\/p>\n\n\n\n<figure class=\"wp-block-image size-large\"><img loading=\"lazy\" decoding=\"async\" width=\"338\" height=\"257\" src=\"https:\/\/www.muenster.org\/gvc-schule\/wp-content\/uploads\/2020\/05\/Mindmap.png\" alt=\"\" class=\"wp-image-170\" srcset=\"https:\/\/www.muenster.org\/gvc-schule\/wp-content\/uploads\/2020\/05\/Mindmap.png 338w, https:\/\/www.muenster.org\/gvc-schule\/wp-content\/uploads\/2020\/05\/Mindmap-300x228.png 300w\" sizes=\"auto, (max-width: 338px) 100vw, 338px\" \/><\/figure>\n\n\n\n<p>Viele f\u00fcr die Schule unverzichtbare Anschaffungen, die der Etat nicht hergeben w\u00fcrde, bereichern die t\u00e4gliche Schularbeit und sind ein Beleg f\u00fcr die Aufgeschlossenheit der Eltern gegen\u00fcber den Bed\u00fcrfnissen der Schule. Au\u00dferdem werden auf Antrag Familien unterst\u00fctzt, die Unterst\u00fctzung f\u00fcr besondere Ausgaben (beispielsweise Klassenfahrt) ben\u00f6tigen.<\/p>\n\n\n\n<p>Vom F\u00f6rderverein (mit)finanziert wird\/wurde:<\/p>\n\n\n\n<ul class=\"wp-block-list\">\n<li>im zweij\u00e4hrigen Rhythmus das Projekt \u201cMein K\u00f6rper geh\u00f6rt mir\u201d<\/li>\n\n\n\n<li>laufende Anschaffungen f\u00fcr die Spielewagen und unseren H\u00fchnerstall<\/li>\n\n\n\n<li>Aufstockung der Sch\u00fclerb\u00fccherei<\/li>\n\n\n\n<li>Mikrofonanlage, Gitarre, Buchbindeger\u00e4t, etc.<\/li>\n<\/ul>\n\n\n\n<p>S\u00e4mtliche Aktivit\u00e4ten, wie Einschulungskaffee, Cafeteria beim Flohmarkt, Schulfest usw., die unter Mitwirkung von Eltern stattfinden, werden finanziell und personell sowie mit dem Know-how von Mitgliedern des F\u00f6rdervereins unterst\u00fctzt.<\/p>\n\n\n\n<div data-wp-interactive=\"core\/file\" class=\"wp-block-file\"><object data-wp-bind--hidden=\"!state.hasPdfPreview\" hidden class=\"wp-block-file__embed\" data=\"https:\/\/www.muenster.org\/gvc-schule\/wp-content\/uploads\/2023\/11\/Beitrittserklaerung-FoeVeGvC-2.pdf\" type=\"application\/pdf\" style=\"width:100%;height:600px\" aria-label=\"Einbettung von Beitrittserkl\u00e4rung F\u00f6VeGvC-2.\"><\/object><a id=\"wp-block-file--media-45c53f8f-37b3-440f-9313-82b41fefff7a\" href=\"https:\/\/www.muenster.org\/gvc-schule\/wp-content\/uploads\/2023\/11\/Beitrittserklaerung-FoeVeGvC-2.pdf\">Beitrittserkl\u00e4rung F\u00f6VeGvC-2<\/a><a href=\"https:\/\/www.muenster.org\/gvc-schule\/wp-content\/uploads\/2023\/11\/Beitrittserklaerung-FoeVeGvC-2.pdf\" class=\"wp-block-file__button wp-element-button\" download aria-describedby=\"wp-block-file--media-45c53f8f-37b3-440f-9313-82b41fefff7a\">Herunterladen<\/a><\/div>\n\n\n\n<div class=\"wp-block-file\"><a id=\"wp-block-file--media-45c53f8f-37b3-440f-9313-82b41fefff7a\" href=\"https:\/\/www.muenster.org\/gvc-schule\/wp-content\/uploads\/2020\/11\/201109-Spendenformular-1.pdf\">201109-Spendenformular-1<\/a><a href=\"https:\/\/www.muenster.org\/gvc-schule\/wp-content\/uploads\/2020\/11\/201109-Spendenformular-1.pdf\" class=\"wp-block-file__button wp-element-button\" download aria-describedby=\"wp-block-file--media-45c53f8f-37b3-440f-9313-82b41fefff7a\">Herunterladen<\/a><\/div>\n","protected":false},"excerpt":{"rendered":"<p>Das Motto des F\u00f6rdervereins lautet \u201cEltern f\u00f6rdern ihre Kinder\u201d. Mit einem j\u00e4hrlichen Beitrag von mindestens 5 \u20ac kann jeder f\u00fcr ein Jahr Mitglied werden. Viele f\u00fcr die Schule unverzichtbare Anschaffungen, die der Etat nicht hergeben w\u00fcrde, bereichern die t\u00e4gliche Schularbeit und sind ein Beleg f\u00fcr die Aufgeschlossenheit der Eltern gegen\u00fcber den Bed\u00fcrfnissen der Schule. Au\u00dferdem [&hellip;]<\/p>\n","protected":false},"author":1,"featured_media":0,"parent":169,"menu_order":0,"comment_status":"closed","ping_status":"closed","template":"","meta":{"_uag_custom_page_level_css":"","site-sidebar-layout":"default","site-content-layout":"","ast-site-content-layout":"default","site-content-style":"default","site-sidebar-style":"default","ast-global-header-display":"","ast-banner-title-visibility":"","ast-main-header-display":"","ast-hfb-above-header-display":"","ast-hfb-below-header-display":"","ast-hfb-mobile-header-display":"","site-post-title":"","ast-breadcrumbs-content":"","ast-featured-img":"","footer-sml-layout":"","theme-transparent-header-meta":"","adv-header-id-meta":"","stick-header-meta":"","header-above-stick-meta":"","header-main-stick-meta":"","header-below-stick-meta":"","astra-migrate-meta-layouts":"set","ast-page-background-enabled":"default","ast-page-background-meta":{"desktop":{"background-color":"","background-image":"","background-repeat":"repeat","background-position":"center center","background-size":"auto","background-attachment":"scroll","background-type":"","background-media":"","overlay-type":"","overlay-color":"","overlay-opacity":"","overlay-gradient":""},"tablet":{"background-color":"","background-image":"","background-repeat":"repeat","background-position":"center center","background-size":"auto","background-attachment":"scroll","background-type":"","background-media":"","overlay-type":"","overlay-color":"","overlay-opacity":"","overlay-gradient":""},"mobile":{"background-color":"","background-image":"","background-repeat":"repeat","background-position":"center center","background-size":"auto","background-attachment":"scroll","background-type":"","background-media":"","overlay-type":"","overlay-color":"","overlay-opacity":"","overlay-gradient":""}},"ast-content-background-meta":{"desktop":{"background-color":"var(--ast-global-color-5)","background-image":"","background-repeat":"repeat","background-position":"center center","background-size":"auto","background-attachment":"scroll","background-type":"","background-media":"","overlay-type":"","overlay-color":"","overlay-opacity":"","overlay-gradient":""},"tablet":{"background-color":"var(--ast-global-color-5)","background-image":"","background-repeat":"repeat","background-position":"center center","background-size":"auto","background-attachment":"scroll","background-type":"","background-media":"","overlay-type":"","overlay-color":"","overlay-opacity":"","overlay-gradient":""},"mobile":{"background-color":"var(--ast-global-color-5)","background-image":"","background-repeat":"repeat","background-position":"center center","background-size":"auto","background-attachment":"scroll","background-type":"","background-media":"","overlay-type":"","overlay-color":"","overlay-opacity":"","overlay-gradient":""}},"footnotes":""},"class_list":["post-1698","page","type-page","status-publish","hentry"],"uagb_featured_image_src":{"full":false,"thumbnail":false,"medium":false,"medium_large":false,"large":false,"wpsm_team_pro_small":false,"wpsm_team_pro_small3":false,"wpsm_team_pro_small4":false,"wpsm_team_pro_small5":false,"wpsm_team_pro_small6":false,"1536x1536":false,"2048x2048":false},"uagb_author_info":{"display_name":"gvc","author_link":"https:\/\/www.muenster.org\/gvc-schule\/author\/gvc\/"},"uagb_comment_info":0,"uagb_excerpt":"Das Motto des F\u00f6rdervereins lautet \u201cEltern f\u00f6rdern ihre Kinder\u201d. Mit einem j\u00e4hrlichen Beitrag von mindestens 5 \u20ac kann jeder f\u00fcr ein Jahr Mitglied werden. Viele f\u00fcr die Schule unverzichtbare Anschaffungen, die der Etat nicht hergeben w\u00fcrde, bereichern die t\u00e4gliche Schularbeit und sind ein Beleg f\u00fcr die Aufgeschlossenheit der Eltern gegen\u00fcber den Bed\u00fcrfnissen der Schule. Au\u00dferdem&hellip;","_links":{"self":[{"href":"https:\/\/www.muenster.org\/gvc-schule\/wp-json\/wp\/v2\/pages\/1698","targetHints":{"allow":["GET"]}}],"collection":[{"href":"https:\/\/www.muenster.org\/gvc-schule\/wp-json\/wp\/v2\/pages"}],"about":[{"href":"https:\/\/www.muenster.org\/gvc-schule\/wp-json\/wp\/v2\/types\/page"}],"author":[{"embeddable":true,"href":"https:\/\/www.muenster.org\/gvc-schule\/wp-json\/wp\/v2\/users\/1"}],"replies":[{"embeddable":true,"href":"https:\/\/www.muenster.org\/gvc-schule\/wp-json\/wp\/v2\/comments?post=1698"}],"version-history":[{"count":7,"href":"https:\/\/www.muenster.org\/gvc-schule\/wp-json\/wp\/v2\/pages\/1698\/revisions"}],"predecessor-version":[{"id":2621,"href":"https:\/\/www.muenster.org\/gvc-schule\/wp-json\/wp\/v2\/pages\/1698\/revisions\/2621"}],"up":[{"embeddable":true,"href":"https:\/\/www.muenster.org\/gvc-schule\/wp-json\/wp\/v2\/pages\/169"}],"wp:attachment":[{"href":"https:\/\/www.muenster.org\/gvc-schule\/wp-json\/wp\/v2\/media?parent=1698"}],"curies":[{"name":"wp","href":"https:\/\/api.w.org\/{rel}","templated":true}]}}