{"id":995,"date":"2011-01-11T12:20:55","date_gmt":"2011-01-11T11:20:55","guid":{"rendered":"http:\/\/www.muenster.org\/fw-pensionaere\/?page_id=995"},"modified":"2020-01-16T23:17:46","modified_gmt":"2020-01-16T22:17:46","slug":"besichtigung-sauerstoffwerk-2","status":"publish","type":"page","link":"https:\/\/www.muenster.org\/fw-pensionaere\/?page_id=995","title":{"rendered":"2010 11 Bes.Sauerst.-Werk"},"content":{"rendered":"<p><a href=\"http:\/\/www.muenster.org\/fw-pensionaere\/wp-content\/uploads\/2010\/12\/DSC_5660-1.jpg\"><img loading=\"lazy\" decoding=\"async\" class=\"alignnone size-medium wp-image-981\" title=\"DSC_5660 1\" src=\"http:\/\/www.muenster.org\/fw-pensionaere\/wp-content\/uploads\/2010\/12\/DSC_5660-1-300x199.jpg\" alt=\"Sauerstoffwerk\" width=\"300\" height=\"199\" srcset=\"https:\/\/www.muenster.org\/fw-pensionaere\/wp-content\/uploads\/2010\/12\/DSC_5660-1-300x199.jpg 300w, https:\/\/www.muenster.org\/fw-pensionaere\/wp-content\/uploads\/2010\/12\/DSC_5660-1-800x533.jpg 800w\" sizes=\"auto, (max-width: 300px) 100vw, 300px\" \/><\/a><a href=\"http:\/\/www.muenster.org\/fw-pensionaere\/wp-content\/uploads\/2011\/01\/DSC_5660-2.jpg\"><img loading=\"lazy\" decoding=\"async\" class=\"alignnone size-medium wp-image-982\" title=\"DSC_5660 2\" src=\"http:\/\/www.muenster.org\/fw-pensionaere\/wp-content\/uploads\/2011\/01\/DSC_5660-2-300x200.jpg\" alt=\"Sauerstoffwerk\" width=\"300\" height=\"200\" srcset=\"https:\/\/www.muenster.org\/fw-pensionaere\/wp-content\/uploads\/2011\/01\/DSC_5660-2-300x200.jpg 300w, https:\/\/www.muenster.org\/fw-pensionaere\/wp-content\/uploads\/2011\/01\/DSC_5660-2-800x533.jpg 800w\" sizes=\"auto, (max-width: 300px) 100vw, 300px\" \/><\/a><a href=\"http:\/\/www.muenster.org\/fw-pensionaere\/wp-content\/uploads\/2011\/01\/DSC_5661.jpg\"><img loading=\"lazy\" decoding=\"async\" class=\"alignnone size-medium wp-image-983\" title=\"DSC_5661\" src=\"http:\/\/www.muenster.org\/fw-pensionaere\/wp-content\/uploads\/2011\/01\/DSC_5661-300x200.jpg\" alt=\"Sauerstoffwerk\" width=\"300\" height=\"200\" srcset=\"https:\/\/www.muenster.org\/fw-pensionaere\/wp-content\/uploads\/2011\/01\/DSC_5661-300x200.jpg 300w, https:\/\/www.muenster.org\/fw-pensionaere\/wp-content\/uploads\/2011\/01\/DSC_5661-800x535.jpg 800w\" sizes=\"auto, (max-width: 300px) 100vw, 300px\" \/><\/a><a href=\"http:\/\/www.muenster.org\/fw-pensionaere\/wp-content\/uploads\/2011\/01\/DSC_5662.jpg\"><img loading=\"lazy\" decoding=\"async\" class=\"alignnone size-medium wp-image-984\" title=\"DSC_5662\" src=\"http:\/\/www.muenster.org\/fw-pensionaere\/wp-content\/uploads\/2011\/01\/DSC_5662-300x200.jpg\" alt=\"Sauerstoffwerk\" width=\"300\" height=\"200\" srcset=\"https:\/\/www.muenster.org\/fw-pensionaere\/wp-content\/uploads\/2011\/01\/DSC_5662-300x200.jpg 300w, https:\/\/www.muenster.org\/fw-pensionaere\/wp-content\/uploads\/2011\/01\/DSC_5662-800x535.jpg 800w\" sizes=\"auto, (max-width: 300px) 100vw, 300px\" \/><\/a><a href=\"http:\/\/www.muenster.org\/fw-pensionaere\/wp-content\/uploads\/2011\/01\/2010_11_Gr\u00fcnkohlessen-03.jpg\"><img loading=\"lazy\" decoding=\"async\" class=\"alignnone size-medium wp-image-1021\" title=\"2010_11_Gr\u00fcnkohlessen (03)\" src=\"http:\/\/www.muenster.org\/fw-pensionaere\/wp-content\/uploads\/2011\/01\/2010_11_Gr\u00fcnkohlessen-03-300x225.jpg\" alt=\"\" width=\"300\" height=\"225\" srcset=\"https:\/\/www.muenster.org\/fw-pensionaere\/wp-content\/uploads\/2011\/01\/2010_11_Gr\u00fcnkohlessen-03-300x225.jpg 300w, https:\/\/www.muenster.org\/fw-pensionaere\/wp-content\/uploads\/2011\/01\/2010_11_Gr\u00fcnkohlessen-03-800x600.jpg 800w\" sizes=\"auto, (max-width: 300px) 100vw, 300px\" \/><\/a><a href=\"http:\/\/www.muenster.org\/fw-pensionaere\/wp-content\/uploads\/2011\/01\/2010_11_Gr\u00fcnkohlessen-06.jpg\"><img loading=\"lazy\" decoding=\"async\" class=\"alignnone size-medium wp-image-1023\" title=\"2010_11_Gr\u00fcnkohlessen (06)\" src=\"http:\/\/www.muenster.org\/fw-pensionaere\/wp-content\/uploads\/2011\/01\/2010_11_Gr\u00fcnkohlessen-06-300x225.jpg\" alt=\"\" width=\"300\" height=\"225\" srcset=\"https:\/\/www.muenster.org\/fw-pensionaere\/wp-content\/uploads\/2011\/01\/2010_11_Gr\u00fcnkohlessen-06-300x225.jpg 300w, https:\/\/www.muenster.org\/fw-pensionaere\/wp-content\/uploads\/2011\/01\/2010_11_Gr\u00fcnkohlessen-06-800x600.jpg 800w\" sizes=\"auto, (max-width: 300px) 100vw, 300px\" \/><\/a><a href=\"http:\/\/www.muenster.org\/fw-pensionaere\/wp-content\/uploads\/2011\/01\/2010_11_Gr\u00fcnkohlessen-13.jpg\"><img loading=\"lazy\" decoding=\"async\" class=\"alignnone size-medium wp-image-1024\" title=\"2010_11_Gr\u00fcnkohlessen (13)\" src=\"http:\/\/www.muenster.org\/fw-pensionaere\/wp-content\/uploads\/2011\/01\/2010_11_Gr\u00fcnkohlessen-13-300x225.jpg\" alt=\"\" width=\"300\" height=\"225\" srcset=\"https:\/\/www.muenster.org\/fw-pensionaere\/wp-content\/uploads\/2011\/01\/2010_11_Gr\u00fcnkohlessen-13-300x225.jpg 300w, https:\/\/www.muenster.org\/fw-pensionaere\/wp-content\/uploads\/2011\/01\/2010_11_Gr\u00fcnkohlessen-13-800x600.jpg 800w\" sizes=\"auto, (max-width: 300px) 100vw, 300px\" \/><\/a><a href=\"http:\/\/www.muenster.org\/fw-pensionaere\/wp-content\/uploads\/2011\/01\/2010_11_Gr\u00fcnkohlessen-17.jpg\"><img loading=\"lazy\" decoding=\"async\" class=\"alignnone size-medium wp-image-1025\" title=\"2010_11_Gr\u00fcnkohlessen (17)\" src=\"http:\/\/www.muenster.org\/fw-pensionaere\/wp-content\/uploads\/2011\/01\/2010_11_Gr\u00fcnkohlessen-17-300x225.jpg\" alt=\"\" width=\"300\" height=\"225\" srcset=\"https:\/\/www.muenster.org\/fw-pensionaere\/wp-content\/uploads\/2011\/01\/2010_11_Gr\u00fcnkohlessen-17-300x225.jpg 300w, https:\/\/www.muenster.org\/fw-pensionaere\/wp-content\/uploads\/2011\/01\/2010_11_Gr\u00fcnkohlessen-17-800x600.jpg 800w\" sizes=\"auto, (max-width: 300px) 100vw, 300px\" \/><\/a><a href=\"http:\/\/www.muenster.org\/fw-pensionaere\/wp-content\/uploads\/2011\/01\/2010_11_Gr\u00fcnkohlessen-24.jpg\"><img loading=\"lazy\" decoding=\"async\" class=\"alignnone size-medium wp-image-1026\" title=\"2010_11_Gr\u00fcnkohlessen (24)\" src=\"http:\/\/www.muenster.org\/fw-pensionaere\/wp-content\/uploads\/2011\/01\/2010_11_Gr\u00fcnkohlessen-24-300x225.jpg\" alt=\"\" width=\"300\" height=\"225\" srcset=\"https:\/\/www.muenster.org\/fw-pensionaere\/wp-content\/uploads\/2011\/01\/2010_11_Gr\u00fcnkohlessen-24-300x225.jpg 300w, https:\/\/www.muenster.org\/fw-pensionaere\/wp-content\/uploads\/2011\/01\/2010_11_Gr\u00fcnkohlessen-24-800x600.jpg 800w\" sizes=\"auto, (max-width: 300px) 100vw, 300px\" \/><\/a><\/p>\n<p><strong>November 2010<\/strong><\/p>\n<p>&nbsp;<\/p>\n<p><strong>Wie jedes Jahr gab es im November auf der Wache 1 ein Gr\u00fcnkohlessen. Als Rahmenprogramm hatte Heinz einen<\/strong><\/p>\n<p><strong>Besuch des Sauerstoffwerkes in Gremmendorf organisiert.<\/strong><\/p>\n<p><strong>18 Pension\u00e4re wurden vom Werkleiter durch den Betrieb-<\/strong><\/p>\n<p><strong>gef\u00fchrt in dem vor allem Gase hergestellt und abgef\u00fcllt<\/strong><\/p>\n<p><strong>werden. Es war eine sehr interessante und lehrreiche F\u00fchrung.<\/strong><\/p>\n<p><strong>Auf der Wache wurden wir von Willi Reckert begr\u00fc\u00dft<\/strong><\/p>\n<p><strong>nun waren es \u00fcber 30 Kollegen, Eduard hatte zu seinem Geburtstag die Beschaffung der Getr\u00e4nke organisiert.<\/strong><\/p>\n<p><strong>Der Gr\u00fcnkohl war von den K\u00f6chen L\u00f6ti Becker und J\u00fcrgen Pieper mal wieder ein voller Erfolg, sie hatten nicht mit\u00a0 W\u00fcrstchen und Kassler gespart es war einfach lecker. Nach vielen guten Gespr\u00e4chen klang ein sch\u00f6ner Nachmittag<\/strong><\/p>\n<p><strong>aus. <\/strong><\/p>\n<p>&nbsp;<\/p>\n<p><strong>Den K\u00f6chen Heinz und Eduard ein Dankesch\u00f6n.<\/strong><\/p>\n","protected":false},"excerpt":{"rendered":"<p>November 2010 &nbsp; Wie jedes Jahr gab es im November auf der Wache 1 ein Gr\u00fcnkohlessen. Als Rahmenprogramm hatte Heinz einen Besuch des Sauerstoffwerkes in Gremmendorf organisiert. 18 Pension\u00e4re wurden vom Werkleiter durch den Betrieb- gef\u00fchrt in dem vor allem Gase hergestellt und abgef\u00fcllt werden. Es war eine sehr interessante und lehrreiche F\u00fchrung. Auf der [&hellip;]<\/p>\n","protected":false},"author":2,"featured_media":0,"parent":145,"menu_order":614,"comment_status":"closed","ping_status":"closed","template":"","meta":{"ngg_post_thumbnail":0,"footnotes":""},"class_list":["post-995","page","type-page","status-publish","hentry"],"_links":{"self":[{"href":"https:\/\/www.muenster.org\/fw-pensionaere\/index.php?rest_route=\/wp\/v2\/pages\/995","targetHints":{"allow":["GET"]}}],"collection":[{"href":"https:\/\/www.muenster.org\/fw-pensionaere\/index.php?rest_route=\/wp\/v2\/pages"}],"about":[{"href":"https:\/\/www.muenster.org\/fw-pensionaere\/index.php?rest_route=\/wp\/v2\/types\/page"}],"author":[{"embeddable":true,"href":"https:\/\/www.muenster.org\/fw-pensionaere\/index.php?rest_route=\/wp\/v2\/users\/2"}],"replies":[{"embeddable":true,"href":"https:\/\/www.muenster.org\/fw-pensionaere\/index.php?rest_route=%2Fwp%2Fv2%2Fcomments&post=995"}],"version-history":[{"count":23,"href":"https:\/\/www.muenster.org\/fw-pensionaere\/index.php?rest_route=\/wp\/v2\/pages\/995\/revisions"}],"predecessor-version":[{"id":7016,"href":"https:\/\/www.muenster.org\/fw-pensionaere\/index.php?rest_route=\/wp\/v2\/pages\/995\/revisions\/7016"}],"up":[{"embeddable":true,"href":"https:\/\/www.muenster.org\/fw-pensionaere\/index.php?rest_route=\/wp\/v2\/pages\/145"}],"wp:attachment":[{"href":"https:\/\/www.muenster.org\/fw-pensionaere\/index.php?rest_route=%2Fwp%2Fv2%2Fmedia&parent=995"}],"curies":[{"name":"wp","href":"https:\/\/api.w.org\/{rel}","templated":true}]}}