{"id":6099,"date":"2018-04-07T12:38:17","date_gmt":"2018-04-07T10:38:17","guid":{"rendered":"http:\/\/www.muenster.org\/fw-pensionaere\/?page_id=6099"},"modified":"2024-11-07T14:56:59","modified_gmt":"2024-11-07T13:56:59","slug":"besichtigung-fitma-gimeax","status":"publish","type":"page","link":"https:\/\/www.muenster.org\/fw-pensionaere\/?page_id=6099","title":{"rendered":"2018. 03.21 Besichtigung Firma Gimeax"},"content":{"rendered":"<p><img loading=\"lazy\" decoding=\"async\" class=\"alignnone wp-image-6101\" src=\"http:\/\/www.muenster.org\/fw-pensionaere\/wp-content\/uploads\/2018\/04\/DSC_1125_1-300x200.jpg\" alt=\"\" width=\"200\" height=\"133\" srcset=\"https:\/\/www.muenster.org\/fw-pensionaere\/wp-content\/uploads\/2018\/04\/DSC_1125_1-300x200.jpg 300w, https:\/\/www.muenster.org\/fw-pensionaere\/wp-content\/uploads\/2018\/04\/DSC_1125_1-768x513.jpg 768w, https:\/\/www.muenster.org\/fw-pensionaere\/wp-content\/uploads\/2018\/04\/DSC_1125_1-800x534.jpg 800w\" sizes=\"auto, (max-width: 200px) 100vw, 200px\" \/>&nbsp;&nbsp;<\/p>\n<p><img loading=\"lazy\" decoding=\"async\" class=\"alignnone wp-image-6102\" src=\"http:\/\/www.muenster.org\/fw-pensionaere\/wp-content\/uploads\/2018\/04\/DSC_1126_1-300x200.jpg\" alt=\"\" width=\"200\" height=\"133\" srcset=\"https:\/\/www.muenster.org\/fw-pensionaere\/wp-content\/uploads\/2018\/04\/DSC_1126_1-300x200.jpg 300w, https:\/\/www.muenster.org\/fw-pensionaere\/wp-content\/uploads\/2018\/04\/DSC_1126_1-768x513.jpg 768w, https:\/\/www.muenster.org\/fw-pensionaere\/wp-content\/uploads\/2018\/04\/DSC_1126_1-800x534.jpg 800w\" sizes=\"auto, (max-width: 200px) 100vw, 200px\" \/><\/p>\n<p>&nbsp; <img loading=\"lazy\" decoding=\"async\" class=\"alignnone wp-image-6105\" src=\"http:\/\/www.muenster.org\/fw-pensionaere\/wp-content\/uploads\/2018\/04\/DSC_1131_1-300x200.jpg\" alt=\"\" width=\"199\" height=\"133\" srcset=\"https:\/\/www.muenster.org\/fw-pensionaere\/wp-content\/uploads\/2018\/04\/DSC_1131_1-300x200.jpg 300w, https:\/\/www.muenster.org\/fw-pensionaere\/wp-content\/uploads\/2018\/04\/DSC_1131_1-768x513.jpg 768w, https:\/\/www.muenster.org\/fw-pensionaere\/wp-content\/uploads\/2018\/04\/DSC_1131_1-800x534.jpg 800w\" sizes=\"auto, (max-width: 199px) 100vw, 199px\" \/><\/p>\n<p>&nbsp;<\/p>\n<p><img loading=\"lazy\" decoding=\"async\" class=\"alignnone wp-image-6107\" src=\"http:\/\/www.muenster.org\/fw-pensionaere\/wp-content\/uploads\/2018\/04\/DSC_1133_1-300x200.jpg\" alt=\"\" width=\"200\" height=\"133\" srcset=\"https:\/\/www.muenster.org\/fw-pensionaere\/wp-content\/uploads\/2018\/04\/DSC_1133_1-300x200.jpg 300w, https:\/\/www.muenster.org\/fw-pensionaere\/wp-content\/uploads\/2018\/04\/DSC_1133_1-768x513.jpg 768w, https:\/\/www.muenster.org\/fw-pensionaere\/wp-content\/uploads\/2018\/04\/DSC_1133_1-800x534.jpg 800w\" sizes=\"auto, (max-width: 200px) 100vw, 200px\" \/>&nbsp;&nbsp;<\/p>\n<p><img loading=\"lazy\" decoding=\"async\" class=\"alignnone wp-image-6110\" src=\"http:\/\/www.muenster.org\/fw-pensionaere\/wp-content\/uploads\/2018\/04\/DSC_1135_1-300x200.jpg\" alt=\"\" width=\"201\" height=\"134\" srcset=\"https:\/\/www.muenster.org\/fw-pensionaere\/wp-content\/uploads\/2018\/04\/DSC_1135_1-300x200.jpg 300w, https:\/\/www.muenster.org\/fw-pensionaere\/wp-content\/uploads\/2018\/04\/DSC_1135_1-768x513.jpg 768w, https:\/\/www.muenster.org\/fw-pensionaere\/wp-content\/uploads\/2018\/04\/DSC_1135_1-800x534.jpg 800w\" sizes=\"auto, (max-width: 201px) 100vw, 201px\" \/><\/p>\n<p><img loading=\"lazy\" decoding=\"async\" class=\"alignnone wp-image-6111\" src=\"http:\/\/www.muenster.org\/fw-pensionaere\/wp-content\/uploads\/2018\/04\/DSC_1136_1-300x200.jpg\" alt=\"\" width=\"200\" height=\"133\" srcset=\"https:\/\/www.muenster.org\/fw-pensionaere\/wp-content\/uploads\/2018\/04\/DSC_1136_1-300x200.jpg 300w, https:\/\/www.muenster.org\/fw-pensionaere\/wp-content\/uploads\/2018\/04\/DSC_1136_1-768x513.jpg 768w, https:\/\/www.muenster.org\/fw-pensionaere\/wp-content\/uploads\/2018\/04\/DSC_1136_1-800x534.jpg 800w\" sizes=\"auto, (max-width: 200px) 100vw, 200px\" \/>&nbsp;<\/p>\n<p>&nbsp; <img loading=\"lazy\" decoding=\"async\" class=\"alignnone wp-image-6114\" src=\"http:\/\/www.muenster.org\/fw-pensionaere\/wp-content\/uploads\/2018\/04\/DSC_1139_1-300x200.jpg\" alt=\"\" width=\"200\" height=\"133\" srcset=\"https:\/\/www.muenster.org\/fw-pensionaere\/wp-content\/uploads\/2018\/04\/DSC_1139_1-300x200.jpg 300w, https:\/\/www.muenster.org\/fw-pensionaere\/wp-content\/uploads\/2018\/04\/DSC_1139_1-768x513.jpg 768w, https:\/\/www.muenster.org\/fw-pensionaere\/wp-content\/uploads\/2018\/04\/DSC_1139_1-800x534.jpg 800w\" sizes=\"auto, (max-width: 200px) 100vw, 200px\" \/>&nbsp;&nbsp;&nbsp;<\/p>\n<p>&nbsp;&nbsp;&nbsp;&nbsp;&nbsp;<\/p>\n<p>&nbsp;&nbsp;&nbsp;&nbsp;&nbsp;&nbsp;&nbsp;&nbsp; <img loading=\"lazy\" decoding=\"async\" class=\"alignnone wp-image-6112\" src=\"http:\/\/www.muenster.org\/fw-pensionaere\/wp-content\/uploads\/2018\/04\/DSC_1138_1-200x300.jpg\" alt=\"\" width=\"200\" height=\"300\" srcset=\"https:\/\/www.muenster.org\/fw-pensionaere\/wp-content\/uploads\/2018\/04\/DSC_1138_1-200x300.jpg 200w, https:\/\/www.muenster.org\/fw-pensionaere\/wp-content\/uploads\/2018\/04\/DSC_1138_1-768x1150.jpg 768w, https:\/\/www.muenster.org\/fw-pensionaere\/wp-content\/uploads\/2018\/04\/DSC_1138_1-401x600.jpg 401w\" sizes=\"auto, (max-width: 200px) 100vw, 200px\" \/>&nbsp;&nbsp;<\/p>\n<p><img loading=\"lazy\" decoding=\"async\" class=\"alignnone wp-image-6115\" src=\"http:\/\/www.muenster.org\/fw-pensionaere\/wp-content\/uploads\/2018\/04\/DSC_1142_1-200x300.jpg\" alt=\"\" width=\"200\" height=\"300\" srcset=\"https:\/\/www.muenster.org\/fw-pensionaere\/wp-content\/uploads\/2018\/04\/DSC_1142_1-200x300.jpg 200w, https:\/\/www.muenster.org\/fw-pensionaere\/wp-content\/uploads\/2018\/04\/DSC_1142_1-768x1150.jpg 768w, https:\/\/www.muenster.org\/fw-pensionaere\/wp-content\/uploads\/2018\/04\/DSC_1142_1-401x600.jpg 401w\" sizes=\"auto, (max-width: 200px) 100vw, 200px\" \/><\/p>\n<p><img loading=\"lazy\" decoding=\"async\" class=\"alignnone wp-image-6149\" src=\"http:\/\/www.muenster.org\/fw-pensionaere\/wp-content\/uploads\/2018\/04\/G\u00e4stehaus-Wilgersdorf-1-300x200.jpg\" alt=\"\" width=\"200\" height=\"133\" srcset=\"https:\/\/www.muenster.org\/fw-pensionaere\/wp-content\/uploads\/2018\/04\/G\u00e4stehaus-Wilgersdorf-1-300x200.jpg 300w, https:\/\/www.muenster.org\/fw-pensionaere\/wp-content\/uploads\/2018\/04\/G\u00e4stehaus-Wilgersdorf-1-768x512.jpg 768w, https:\/\/www.muenster.org\/fw-pensionaere\/wp-content\/uploads\/2018\/04\/G\u00e4stehaus-Wilgersdorf-1-800x533.jpg 800w, https:\/\/www.muenster.org\/fw-pensionaere\/wp-content\/uploads\/2018\/04\/G\u00e4stehaus-Wilgersdorf-1.jpg 1280w\" sizes=\"auto, (max-width: 200px) 100vw, 200px\" \/>&nbsp;&nbsp;<\/p>\n<p><img loading=\"lazy\" decoding=\"async\" class=\"alignnone wp-image-6120\" src=\"http:\/\/www.muenster.org\/fw-pensionaere\/wp-content\/uploads\/2018\/04\/DSC_1157_1-300x200.jpg\" alt=\"\" width=\"200\" height=\"133\" srcset=\"https:\/\/www.muenster.org\/fw-pensionaere\/wp-content\/uploads\/2018\/04\/DSC_1157_1-300x200.jpg 300w, https:\/\/www.muenster.org\/fw-pensionaere\/wp-content\/uploads\/2018\/04\/DSC_1157_1-768x513.jpg 768w, https:\/\/www.muenster.org\/fw-pensionaere\/wp-content\/uploads\/2018\/04\/DSC_1157_1-800x534.jpg 800w\" sizes=\"auto, (max-width: 200px) 100vw, 200px\" \/><\/p>\n<p><img loading=\"lazy\" decoding=\"async\" class=\"alignnone wp-image-6122\" src=\"http:\/\/www.muenster.org\/fw-pensionaere\/wp-content\/uploads\/2018\/04\/DSC_1164-300x200.jpg\" alt=\"\" width=\"200\" height=\"133\" srcset=\"https:\/\/www.muenster.org\/fw-pensionaere\/wp-content\/uploads\/2018\/04\/DSC_1164-300x200.jpg 300w, https:\/\/www.muenster.org\/fw-pensionaere\/wp-content\/uploads\/2018\/04\/DSC_1164-768x513.jpg 768w, https:\/\/www.muenster.org\/fw-pensionaere\/wp-content\/uploads\/2018\/04\/DSC_1164-800x534.jpg 800w\" sizes=\"auto, (max-width: 200px) 100vw, 200px\" \/>&nbsp;<\/p>\n<p>&nbsp; <img loading=\"lazy\" decoding=\"async\" class=\"alignnone wp-image-6123\" src=\"http:\/\/www.muenster.org\/fw-pensionaere\/wp-content\/uploads\/2018\/04\/DSC_1163-b-300x200.jpg\" alt=\"\" width=\"200\" height=\"133\" srcset=\"https:\/\/www.muenster.org\/fw-pensionaere\/wp-content\/uploads\/2018\/04\/DSC_1163-b-300x200.jpg 300w, https:\/\/www.muenster.org\/fw-pensionaere\/wp-content\/uploads\/2018\/04\/DSC_1163-b-768x513.jpg 768w, https:\/\/www.muenster.org\/fw-pensionaere\/wp-content\/uploads\/2018\/04\/DSC_1163-b-800x534.jpg 800w\" sizes=\"auto, (max-width: 200px) 100vw, 200px\" \/><\/p>\n<p>&nbsp;<\/p>\n<p>&nbsp;<\/p>\n<p>&nbsp;<\/p>\n<p>&nbsp;<\/p>\n<p>&nbsp;<\/p>\n<p>&nbsp;<\/p>\n<p>&nbsp;<\/p>\n<p>&nbsp;<\/p>\n<p>&nbsp;<\/p>\n<p>&nbsp;<\/p>\n<p align=\"CENTER\">&nbsp;<\/p>\n<p align=\"CENTER\">&nbsp;<\/p>\n<p align=\"CENTER\">&nbsp;<\/p>\n<p align=\"CENTER\">&nbsp;<\/p>\n<p align=\"CENTER\">&nbsp;<\/p>\n<p align=\"CENTER\">&nbsp;<\/p>\n<p align=\"CENTER\">&nbsp;<\/p>\n<p align=\"CENTER\">&nbsp;<\/p>\n<p align=\"CENTER\">&nbsp;<\/p>\n<p align=\"CENTER\"><span style=\"font-size: large;\">Besichtigung der Fa. Gimaex<\/span><\/p>\n<p align=\"LEFT\"><span style=\"font-size: medium;\">Auf Initiative von Willi Reckert hatten sich 14 Kollegen einschlie\u00dflich einer Frau auf der Wache 1 eingefunden. Mit zwei VW Bussen fuhren wir nach Wilnsdorf zur Firma Gimaex. Aus bekannten Gr\u00fcnden durfte keiner aus der PV den Part als Fahrer \u00fcbernehmen. Freundlicher Weise stellten sich \u201eStanly\u201c Knaak und \u201eRitschi\u201c Oelk zur Verf\u00fcgung. Z\u00fcgig ging es \u00fcber die BAB zum Zielort Wilnsdorf. Dort empfing uns Dr. Ing. Klaus Kutzner von der Fa. Gimaex und in Verbindung mit einem Fr\u00fchst\u00fcck ( Kaffee und belegte Br\u00f6tchen) wurden wir mittels Beamer in Bild und Text \u00fcber die Firmengruppe informiert.<\/span><\/p>\n<p align=\"LEFT\"><span style=\"font-size: medium;\">Gimaex-Schmitz ist eine Firma mit Spezialisierung auf Brandbek\u00e4mpfungs- und Umwelttechnologien. Das Unternehmen ist eine europ\u00e4ische Firmengruppe, die sich auf die Entwicklung und Herstellung von Spezial- und Standardfahrzeugen, Anlagen, Ausr\u00fcstung und Ger\u00e4ten konzentriert. Dabei konzentriert sich Gimaex-Schmitz auf die Bereiche Brandbek\u00e4mpfung, Umweltschutz, Rettung, Kommunikation und Hubrettung.<\/span><\/p>\n<p>Die Produktpalette beinhaltet unter anderem Abrollbeh\u00e4lter, Staffell\u00f6schfahrzeuge, Kleintankl\u00f6schfahrzeuge, L\u00f6schgruppenfahrzeuge und Tankl\u00f6schfahrzeuge. Dar\u00fcber hinaus bietet die Firma Waldbrandl\u00f6schfahrzeuge, Industriel\u00f6schfahrzeuge und Flughafenl\u00f6schfahrzeuge.<\/p>\n<p>Die Wurzeln des Unternehmens liegen in den 1930er Jahren. Schon 1934, als die Firma ins Leben gerufen wurde, besch\u00e4ftigte man sich mit dem Thema Brandbek\u00e4mpfung. Zudem begann die Firma Fahrzeuge in diesem Bereich zu bauen. Sie entwickelte sich sehr schnell zu einem der f\u00fchrenden Fahrzeughersteller f\u00fcr die Feuerwehr.<\/p>\n<p>Gimaex-Schmitz ist damit einer der \u00e4ltesten Hersteller auf dem Markt. Der Spezialist f\u00fcr Brandbek\u00e4mpfungs- und Umwelttechnologien ist der erste Hersteller von Gefahrgut-Fahrzeugen in Deutschland. Im Jahr 2004 schlossen sich die ehemalige Firma Schmitz Feuerwehr und Umwelttechnik mit dem franz\u00f6sischen Unternehmen Gimaex zusammen.<\/p>\n<p align=\"LEFT\"><span style=\"font-size: medium;\">Angesiedelt ist das Unternehmen im nordrhein-westf\u00e4lischen Wilnsdorf. Die Gemeinde befindet sich im Kreis Siegen-Wittgenstein. Hinzu kommt ein Standort in Luckenwalde unweit von Berlin. Gimaex ist aber auch in Frankreich vertreten: So in St. Maur, dem Hauptsitz von Gimaex, in Paris, Charleville, Roanne und Tourouvre.<\/span><\/p>\n<p align=\"LEFT\"><span style=\"font-size: medium;\">Nach der Besichtigung der o.g. Fahrzeuge in der Fertigungshalle bedankte sich Willi Reckert bei Klaus Kutzner mit westf.Spezialit\u00e4ten&nbsp;<br \/>\n<\/span><\/p>\n<p align=\"LEFT\">(Wurstebrot, Leberbrot, Mettwurst, T\u00f6ttchen,)<\/p>\n<p align=\"LEFT\"><span style=\"font-size: medium;\">Nach der anstrengenden Besichtigung musste nat\u00fcrlich eine Hungerrast eingelegt werden. Auch hier hatte Willi Reckert sein Organisationstalent unter Beweis gestellt.<\/span><\/p>\n<p align=\"LEFT\"><span style=\"font-size: medium;\">Im sch\u00f6nen Wei\u00dfbachtal im Wittgensteiner-Land wurden wir von zwei Servicekr\u00e4fte<\/span><span style=\"font-size: medium;\">n<\/span><span style=\"font-size: medium;\"> im Hotel &#8222;G\u00e4stehaus Wilgersdorf\u201c <\/span><span style=\"font-size: medium;\">im gleichnahmigen Ort Wilgersdorf <\/span><span style=\"font-size: medium;\"> erwartet. Bei k\u00fchlen Getr\u00e4nken und <\/span><span style=\"font-size: medium;\">gutem <\/span><span style=\"font-size: medium;\">\u201e <\/span><span style=\"font-size: medium;\">A<\/span><span style=\"font-size: medium;\">`<\/span><span style=\"font-size: medium;\">la <\/span><span style=\"font-size: medium;\">C<\/span><span style=\"font-size: medium;\">art<\/span><span style=\"font-size: medium;\">e<\/span> <span style=\"font-size: medium;\">Essen \u201c ging es mit zufriedenen Gesichtern und gest\u00e4rkt in Richtung L\u00fcdenscheid zur Fa. Siku \/\/ Wiking Modellwelt.<\/span><\/p>\n<p>Den Automodellspa\u00df f\u00fcr die ganze Familie erlebten wir im Museum der SIKU\/\/WIKING Modellwelt. Mit \u00fcber 3.500 Ausstellungsst\u00fccken zeigt die Firma Miniaturen unterschiedlichster Ma\u00dfst\u00e4be aus \u00fcber 90 Jahren Unternehmungsgeschichte. Auf ca. 500 qm Fl\u00e4che bieten sie eine Erlebniswelt f\u00fcr Gro\u00df und Klein. -Testen und spielen Sie mit unseren ferngesteuerten Modellen aus den aktuellen Sortimenten von SIKU und WIKING auf verschiedenen Gro\u00dfdioramen.- So ist der Slogan von Siku \/\/ Wilking.<\/p>\n<p>Bei gutem Wetter ging es dann wieder Richtung Heimat. Allen Beteiligten wurde klar, dass sich die Technik bei den technischen Elementen der Feuerwehrfahrzeugen (Pumpenstand) weiter entwickelt hat, wie man den Bildern entnehmen kann.<\/p>\n<p>Nochmals einen besonderen Dank an Willi und den beiden Fahrern \u201cStanly\u201c und &#8222;Ritschi&#8220;<\/p>\n<p>Bilder: Uwe Sch\u00e4fer<\/p>\n<p>Bericht: L.S.<\/p>\n<p>&nbsp;<\/p>\n<p>&nbsp;<\/p>\n<p>&nbsp;<\/p>\n<p>&nbsp;<\/p>\n<p>&nbsp;<\/p>\n<p>&nbsp;<\/p>\n<p>&nbsp;<\/p>\n","protected":false},"excerpt":{"rendered":"<p>&nbsp;&nbsp; &nbsp; &nbsp; &nbsp;&nbsp; &nbsp; &nbsp; &nbsp;&nbsp;&nbsp; &nbsp;&nbsp;&nbsp;&nbsp;&nbsp; &nbsp;&nbsp;&nbsp;&nbsp;&nbsp;&nbsp;&nbsp;&nbsp; &nbsp;&nbsp; &nbsp;&nbsp; &nbsp; &nbsp; &nbsp; &nbsp; &nbsp; &nbsp; &nbsp; &nbsp; &nbsp; &nbsp; &nbsp; &nbsp; &nbsp; &nbsp; &nbsp; &nbsp; &nbsp; &nbsp; &nbsp; &nbsp; &nbsp; Besichtigung der Fa. Gimaex Auf Initiative von Willi Reckert hatten sich 14 Kollegen einschlie\u00dflich einer Frau auf der Wache 1 eingefunden. Mit zwei [&hellip;]<\/p>\n","protected":false},"author":2,"featured_media":0,"parent":0,"menu_order":0,"comment_status":"closed","ping_status":"closed","template":"","meta":{"ngg_post_thumbnail":0,"footnotes":""},"class_list":["post-6099","page","type-page","status-publish","hentry"],"_links":{"self":[{"href":"https:\/\/www.muenster.org\/fw-pensionaere\/index.php?rest_route=\/wp\/v2\/pages\/6099","targetHints":{"allow":["GET"]}}],"collection":[{"href":"https:\/\/www.muenster.org\/fw-pensionaere\/index.php?rest_route=\/wp\/v2\/pages"}],"about":[{"href":"https:\/\/www.muenster.org\/fw-pensionaere\/index.php?rest_route=\/wp\/v2\/types\/page"}],"author":[{"embeddable":true,"href":"https:\/\/www.muenster.org\/fw-pensionaere\/index.php?rest_route=\/wp\/v2\/users\/2"}],"replies":[{"embeddable":true,"href":"https:\/\/www.muenster.org\/fw-pensionaere\/index.php?rest_route=%2Fwp%2Fv2%2Fcomments&post=6099"}],"version-history":[{"count":39,"href":"https:\/\/www.muenster.org\/fw-pensionaere\/index.php?rest_route=\/wp\/v2\/pages\/6099\/revisions"}],"predecessor-version":[{"id":9705,"href":"https:\/\/www.muenster.org\/fw-pensionaere\/index.php?rest_route=\/wp\/v2\/pages\/6099\/revisions\/9705"}],"wp:attachment":[{"href":"https:\/\/www.muenster.org\/fw-pensionaere\/index.php?rest_route=%2Fwp%2Fv2%2Fmedia&parent=6099"}],"curies":[{"name":"wp","href":"https:\/\/api.w.org\/{rel}","templated":true}]}}