{"id":561,"date":"2010-09-25T00:14:43","date_gmt":"2010-09-24T22:14:43","guid":{"rendered":"http:\/\/www.muenster.org\/fw-pensionaere\/?page_id=561"},"modified":"2025-03-13T16:32:23","modified_gmt":"2025-03-13T15:32:23","slug":"impressum","status":"publish","type":"page","link":"https:\/\/www.muenster.org\/fw-pensionaere\/?page_id=561","title":{"rendered":"Impressum"},"content":{"rendered":"<p>Angaben gem\u00e4\u00df \u00a7 5 TMG:<\/p>\n<p><span style=\"color: #ff00ff;\">Pension\u00e4rsvereinigung der Berufsfeuerwehr M\u00fcnster<\/span><\/p>\n<p><span style=\"color: #ff00ff;\">Gronewegskamp 8<\/span><\/p>\n<p><span style=\"color: #ff00ff;\">48159 M\u00fcnster<\/span><\/p>\n<h2>Vertreten durch:<\/h2>\n<h6><strong><span style=\"color: #ff00ff;\">Ralf Meuser (1. Vorsitzender)<\/span><\/strong><\/h6>\n<h6><strong><span style=\"color: #ff00ff;\">Michael Tolgauer (2. Vorsitzender)<\/span><\/strong><\/h6>\n<h6><strong><span style=\"color: #ff00ff;\">Wolfgang Wien (Schriftf\u00fchrer)<\/span><\/strong><\/h6>\n<h6><strong><span style=\"color: #ff00ff;\">Elmar Schoppmeir (Kassierer)<\/span><\/strong><\/h6>\n<h2>Kontakt:<\/h2>\n<table style=\"height: 35px; width: 197px;\">\n<tbody>\n<tr>\n<td>\n<h4><span style=\"color: #ff00ff;\">Telefon:<\/span><\/h4>\n<\/td>\n<td>\n<h4><span style=\"color: #ff00ff;\">0251 \/ 215229<br \/>\n<\/span><\/h4>\n<\/td>\n<\/tr>\n<tr>\n<td>&nbsp;<\/td>\n<td><span style=\"color: #ff00ff;\">&nbsp;<\/span><\/td>\n<\/tr>\n<tr>\n<td><span style=\"color: #ff00ff;\">E-Mail:<\/span><\/td>\n<td><span style=\"color: #ffff99;\"><span style=\"color: #ff00ff;\">penbf@muenster.org<\/span><a>g<\/a><\/span><\/td>\n<\/tr>\n<\/tbody>\n<\/table>\n<h2>Verantwortlich f\u00fcr den Inhalt nach \u00a7 55 Abs. 2 RStV:<\/h2>\n<h5><strong><span style=\"color: #00ff00;\">Lutz Sch\u00f6ppner, Duddeyheide 50, 48163 M\u00fcnster<br \/>\n<\/span><\/strong><\/h5>\n<h5>&nbsp;<\/h5>\n<pre>Quelle: <em>erstellt mit dem <a href=\"http:\/\/www.e-recht24.de\/impressum-generator.html\" target=\"_blank\" rel=\"noopener noreferrer\">Impressum-Generator<\/a><\/em><\/pre>\n<h2>Haftungsausschluss:<\/h2>\n<p><strong>Haftung f\u00fcr Inhalte<\/strong><\/p>\n<p>Die Inhalte unserer Seiten wurden mit gr\u00f6\u00dfter Sorgfalt erstellt.<br \/>\nF\u00fcr die Richtigkeit, Vollst\u00e4ndigkeit und Aktualit\u00e4t der Inhalte<br \/>\nk\u00f6nnen wir jedoch keine Gew\u00e4hr \u00fcbernehmen. Als Diensteanbieter sind wir gem\u00e4\u00df \u00a7 7 Abs.1 TMG f\u00fcr<br \/>\neigene Inhalte auf diesen Seiten nach den allgemeinen Gesetzen verantwortlich.<br \/>\nNach \u00a7\u00a7 8 bis 10 TMG sind wir als Diensteanbieter jedoch nicht<br \/>\nverpflichtet, \u00fcbermittelte oder gespeicherte fremde Informationen zu<br \/>\n\u00fcberwachen oder nach Umst\u00e4nden zu forschen, die auf eine rechtswidrige<br \/>\nT\u00e4tigkeit hinweisen. Verpflichtungen zur Entfernung oder Sperrung der<br \/>\nNutzung von Informationen nach den allgemeinen Gesetzen bleiben hiervon<br \/>\nunber\u00fchrt. Eine diesbez\u00fcgliche Haftung ist jedoch erst ab dem<br \/>\nZeitpunkt der Kenntnis einer konkreten Rechtsverletzung m\u00f6glich. Bei<br \/>\nBekanntwerden von entsprechenden Rechtsverletzungen werden wir diese Inhalte<br \/>\numgehend entfernen.<\/p>\n<p><strong>Haftung f\u00fcr Links<\/strong><\/p>\n<p>Unser Angebot enth\u00e4lt Links zu externen Webseiten Dritter, auf deren<br \/>\nInhalte wir keinen Einfluss haben. Deshalb k\u00f6nnen wir f\u00fcr diese<br \/>\nfremden Inhalte auch keine Gew\u00e4hr \u00fcbernehmen. F\u00fcr die Inhalte<br \/>\nder verlinkten Seiten ist stets der jeweilige Anbieter oder Betreiber der<br \/>\nSeiten verantwortlich. Die verlinkten Seiten wurden zum Zeitpunkt der Verlinkung<br \/>\nauf m\u00f6gliche Rechtsverst\u00f6\u00dfe \u00fcberpr\u00fcft. Rechtswidrige<br \/>\nInhalte waren zum Zeitpunkt der Verlinkung nicht erkennbar. Eine permanente<br \/>\ninhaltliche Kontrolle der verlinkten Seiten ist jedoch ohne konkrete Anhaltspunkte<br \/>\neiner Rechtsverletzung nicht zumutbar. Bei Bekanntwerden von Rechtsverletzungen<br \/>\nwerden wir derartige Links umgehend entfernen.<\/p>\n<p><strong>Urheberrecht<\/strong><\/p>\n<p>Die durch die Seitenbetreiber erstellten Inhalte und Werke auf diesen Seiten<br \/>\nunterliegen dem deutschen Urheberrecht. Die Vervielf\u00e4ltigung, Bearbeitung, Verbreitung und<br \/>\njede Art der Verwertung au\u00dferhalb der Grenzen des Urheberrechtes bed\u00fcrfen<br \/>\nder schriftlichen Zustimmung des jeweiligen Autors bzw. Erstellers. Downloads<br \/>\nund Kopien dieser Seite sind nur f\u00fcr den privaten, nicht kommerziellen<br \/>\nGebrauch gestattet. Soweit die Inhalte auf dieser Seite nicht vom Betreiber erstellt wurden,<br \/>\nwerden die Urheberrechte Dritter beachtet. Insbesondere werden Inhalte Dritter als solche<br \/>\ngekennzeichnet. Sollten Sie trotzdem auf eine Urheberrechtsverletzung aufmerksam werden, bitten wir um einen entsprechenden Hinweis.<br \/>\nBei Bekanntwerden von Rechtsverletzungen werden wir derartige Inhalte umgehend entfernen.<\/p>\n<p><strong>Datenschutz<\/strong><\/p>\n<p>Die Nutzung unserer Webseite ist in der Regel ohne Angabe personenbezogener Daten m\u00f6glich. Soweit auf unseren Seiten personenbezogene Daten (beispielsweise Name,<br \/>\nAnschrift oder eMail-Adressen) erhoben werden, erfolgt dies, soweit m\u00f6glich, stets auf freiwilliger Basis. Diese Daten werden ohne Ihre ausdr\u00fcckliche Zustimmung nicht an Dritte weitergegeben.<\/p>\n<p>Wir weisen darauf hin, dass die Daten\u00fcbertragung im Internet (z.B.<br \/>\nbei der Kommunikation per E-Mail) Sicherheitsl\u00fccken aufweisen kann.<br \/>\nEin l\u00fcckenloser Schutz der Daten vor dem Zugriff durch Dritte ist nicht<br \/>\nm\u00f6glich.<\/p>\n<p>Der Nutzung von im Rahmen der Impressumspflicht ver\u00f6ffentlichten Kontaktdaten<br \/>\ndurch Dritte zur \u00dcbersendung von nicht ausdr\u00fccklich angeforderter<br \/>\nWerbung und Informationsmaterialien wird hiermit ausdr\u00fccklich widersprochen.<br \/>\nDie Betreiber der Seiten behalten sich ausdr\u00fccklich rechtliche Schritte<br \/>\nim Falle der unverlangten Zusendung von Werbeinformationen, etwa durch Spam-Mails,<br \/>\nvor.<\/p>\n<pre>Quelle: <em><a href=\"http:\/\/www.e-recht24.de\/muster-disclaimer.htm\" target=\"_blank\" rel=\"noopener noreferrer\">Disclaimer<\/a> von eRecht24, dem Portal zum Internetrecht von <a href=\"http:\/\/www.e-recht24.de\/\" target=\"_blank\" rel=\"noopener noreferrer\">Rechtsanwalt<\/a> S\u00f6ren Siebert.<\/em><\/pre>\n","protected":false},"excerpt":{"rendered":"<p>Angaben gem\u00e4\u00df \u00a7 5 TMG: Pension\u00e4rsvereinigung der Berufsfeuerwehr M\u00fcnster Gronewegskamp 8 48159 M\u00fcnster Vertreten durch: Ralf Meuser (1. Vorsitzender) Michael Tolgauer (2. Vorsitzender) Wolfgang Wien (Schriftf\u00fchrer) Elmar Schoppmeir (Kassierer) Kontakt: Telefon: 0251 \/ 215229 &nbsp; &nbsp; E-Mail: penbf@muenster.orgg Verantwortlich f\u00fcr den Inhalt nach \u00a7 55 Abs. 2 RStV: Lutz Sch\u00f6ppner, Duddeyheide 50, 48163 M\u00fcnster &nbsp; [&hellip;]<\/p>\n","protected":false},"author":5,"featured_media":0,"parent":0,"menu_order":1000,"comment_status":"closed","ping_status":"open","template":"","meta":{"ngg_post_thumbnail":0,"footnotes":""},"class_list":["post-561","page","type-page","status-publish","hentry"],"_links":{"self":[{"href":"https:\/\/www.muenster.org\/fw-pensionaere\/index.php?rest_route=\/wp\/v2\/pages\/561","targetHints":{"allow":["GET"]}}],"collection":[{"href":"https:\/\/www.muenster.org\/fw-pensionaere\/index.php?rest_route=\/wp\/v2\/pages"}],"about":[{"href":"https:\/\/www.muenster.org\/fw-pensionaere\/index.php?rest_route=\/wp\/v2\/types\/page"}],"author":[{"embeddable":true,"href":"https:\/\/www.muenster.org\/fw-pensionaere\/index.php?rest_route=\/wp\/v2\/users\/5"}],"replies":[{"embeddable":true,"href":"https:\/\/www.muenster.org\/fw-pensionaere\/index.php?rest_route=%2Fwp%2Fv2%2Fcomments&post=561"}],"version-history":[{"count":43,"href":"https:\/\/www.muenster.org\/fw-pensionaere\/index.php?rest_route=\/wp\/v2\/pages\/561\/revisions"}],"predecessor-version":[{"id":9787,"href":"https:\/\/www.muenster.org\/fw-pensionaere\/index.php?rest_route=\/wp\/v2\/pages\/561\/revisions\/9787"}],"wp:attachment":[{"href":"https:\/\/www.muenster.org\/fw-pensionaere\/index.php?rest_route=%2Fwp%2Fv2%2Fmedia&parent=561"}],"curies":[{"name":"wp","href":"https:\/\/api.w.org\/{rel}","templated":true}]}}