{"id":486,"date":"2010-09-20T22:18:31","date_gmt":"2010-09-20T20:18:31","guid":{"rendered":"http:\/\/www.muenster.org\/fw-pensionaere\/?page_id=486"},"modified":"2011-07-23T11:47:21","modified_gmt":"2011-07-23T09:47:21","slug":"ausflug-elte","status":"publish","type":"page","link":"https:\/\/www.muenster.org\/fw-pensionaere\/?page_id=486","title":{"rendered":"2010 07.07. Ausflug Elte"},"content":{"rendered":"ngg_shortcode_0_placeholder\n<p>Anno den 7.7.2010<\/p>\n<p>Ausflug nach Mesum und Elte,<\/p>\n<p>wie schon die Jahre zuvor und bei sch\u00f6nem Wetter hatten Erich, Egon und Dieter zur Radtour eingeladen. Mit 10 Kollegen ging es mit dem Zug nach Emsdetten. Vier ehrgeizige Radler hatten die Strecke mit dem Fahrrad zur\u00fcckgelegt. Am Bahnhof erwartete Erich uns. Nun ging es \u00fcber das Emdettener-Venn nach Mesum. Hier wurden wir von Erich nebst Frau mit Getr\u00e4nken und Mettendchen verw\u00f6hnt, nach zwei Stunden fuhren wir weiter nach Elte, wo uns Egon mit Frau in seiner Jagdh\u00fctte begr\u00fc\u00dfte. Auch\u00a0 hier gab es k\u00fchle Getr\u00e4nke und leckere Speisen vom Grill. Nach vielen guten Gespr\u00e4chen machten wir uns wieder auf den Heimweg. Gest\u00e4rkt und durch die k\u00fchlen Blonden ermutigt, traten die oben erw\u00e4hnten Radler den Heimweg an. Durch Zufall (verfahren) erreichten wir die Ems. Mit einer kleinen\u00a0F\u00e4hr(chen)e (siehe Bilder) lie\u00dfen wir uns (Dover-Calais) \u00dcbersetzen. Der F\u00e4hrmann konnte seine Tageseinahmen etwas aufbessern. Sicher und mit viel Spa\u00df erreichten wir das andere Ufer. Es war mal wieder ein rundum gelungener Tag. Den drei Einladenden ein herzliches Dankesch\u00f6n.<\/p>\n<p>Dieter<\/p>\n","protected":false},"excerpt":{"rendered":"<p>Anno den 7.7.2010 Ausflug nach Mesum und Elte, wie schon die Jahre zuvor und bei sch\u00f6nem Wetter hatten Erich, Egon und Dieter zur Radtour eingeladen. Mit 10 Kollegen ging es mit dem Zug nach Emsdetten. Vier ehrgeizige Radler hatten die Strecke mit dem Fahrrad zur\u00fcckgelegt. Am Bahnhof erwartete Erich uns. Nun ging es \u00fcber das [&hellip;]<\/p>\n","protected":false},"author":2,"featured_media":0,"parent":145,"menu_order":613,"comment_status":"closed","ping_status":"closed","template":"","meta":{"ngg_post_thumbnail":0,"footnotes":""},"class_list":["post-486","page","type-page","status-publish","hentry"],"_links":{"self":[{"href":"https:\/\/www.muenster.org\/fw-pensionaere\/index.php?rest_route=\/wp\/v2\/pages\/486","targetHints":{"allow":["GET"]}}],"collection":[{"href":"https:\/\/www.muenster.org\/fw-pensionaere\/index.php?rest_route=\/wp\/v2\/pages"}],"about":[{"href":"https:\/\/www.muenster.org\/fw-pensionaere\/index.php?rest_route=\/wp\/v2\/types\/page"}],"author":[{"embeddable":true,"href":"https:\/\/www.muenster.org\/fw-pensionaere\/index.php?rest_route=\/wp\/v2\/users\/2"}],"replies":[{"embeddable":true,"href":"https:\/\/www.muenster.org\/fw-pensionaere\/index.php?rest_route=%2Fwp%2Fv2%2Fcomments&post=486"}],"version-history":[{"count":31,"href":"https:\/\/www.muenster.org\/fw-pensionaere\/index.php?rest_route=\/wp\/v2\/pages\/486\/revisions"}],"predecessor-version":[{"id":2151,"href":"https:\/\/www.muenster.org\/fw-pensionaere\/index.php?rest_route=\/wp\/v2\/pages\/486\/revisions\/2151"}],"up":[{"embeddable":true,"href":"https:\/\/www.muenster.org\/fw-pensionaere\/index.php?rest_route=\/wp\/v2\/pages\/145"}],"wp:attachment":[{"href":"https:\/\/www.muenster.org\/fw-pensionaere\/index.php?rest_route=%2Fwp%2Fv2%2Fmedia&parent=486"}],"curies":[{"name":"wp","href":"https:\/\/api.w.org\/{rel}","templated":true}]}}