{"id":4549,"date":"2014-10-28T14:26:58","date_gmt":"2014-10-28T13:26:58","guid":{"rendered":"http:\/\/www.muenster.org\/fw-pensionaere\/?page_id=4549"},"modified":"2020-01-16T23:05:25","modified_gmt":"2020-01-16T22:05:25","slug":"24-10-2014-abschiedsspiel-von-loeti","status":"publish","type":"page","link":"https:\/\/www.muenster.org\/fw-pensionaere\/?page_id=4549","title":{"rendered":"24.10.2014 Abschiedsspiel von &#8222;L\u00f6ti&#8220;"},"content":{"rendered":"<p><strong><span style=\"font-size: 20px; color: #c0c0c0;\">\u00a0<\/span><\/strong><span style=\"font-size: 16px;\"><strong><span style=\"color: #c0c0c0;\"><a href=\"http:\/\/www.muenster.org\/fw-pensionaere\/wp-content\/uploads\/2014\/10\/DSCN1908.jpg\"><img loading=\"lazy\" decoding=\"async\" class=\"alignleft  wp-image-4564\" alt=\"DSCN1908\" src=\"http:\/\/www.muenster.org\/fw-pensionaere\/wp-content\/uploads\/2014\/10\/DSCN1908-800x600.jpg\" width=\"166\" height=\"125\" srcset=\"https:\/\/www.muenster.org\/fw-pensionaere\/wp-content\/uploads\/2014\/10\/DSCN1908-800x600.jpg 800w, https:\/\/www.muenster.org\/fw-pensionaere\/wp-content\/uploads\/2014\/10\/DSCN1908-300x225.jpg 300w\" sizes=\"auto, (max-width: 166px) 100vw, 166px\" \/><\/a><\/span><\/strong><\/span><\/p>\n<p><span style=\"font-size: 16px;\"><strong><span style=\"color: #c0c0c0;\">\u00a0<\/span><\/strong><\/span><\/p>\n<p><span style=\"font-size: 16px;\"><strong><span style=\"color: #c0c0c0;\">Am 24.10.2014 spielte Hans-Joachim \u2013 kurz L\u00f6ti genannt- \u00a0<\/span><\/strong><\/span><\/p>\n<p><span style=\"font-size: 16px;\"><strong><span style=\"color: #c0c0c0;\">das letzte Mal in den Farben der Berufsfeuerwehr.\u00a0\u00a0<\/span><\/strong><\/span><\/p>\n<p><span style=\"font-size: 16px;\"><strong><span style=\"color: #c0c0c0;\"><a href=\"http:\/\/www.muenster.org\/fw-pensionaere\/wp-content\/uploads\/2014\/10\/DSCN1930.jpg\"><img loading=\"lazy\" decoding=\"async\" class=\"alignright  wp-image-4565\" alt=\"DSCN1930\" src=\"http:\/\/www.muenster.org\/fw-pensionaere\/wp-content\/uploads\/2014\/10\/DSCN1930-300x225.jpg\" width=\"132\" height=\"108\" \/><\/a><\/span><\/strong><\/span><\/p>\n<p>&nbsp;<\/p>\n<p>&nbsp;<\/p>\n<p><span style=\"font-size: 16px;\"><strong><span style=\"color: #c0c0c0;\">Hans-Joachim wird in K\u00fcrze pensioniert und hatte zu seinem Abschiedsspiel ins Heides<\/span><\/strong><\/span><span style=\"font-size: 16px;\"><strong><span style=\"color: #c0c0c0;\">tadion nach Gelmer eingeladen und alle kamen. Es spielte eine aktuelle Auswahl der Berufsfeuerwehr \u00a0gegen die Traditionsmannschaft von Preu\u00dfen M\u00fcnster.<\/span><\/strong><\/span><\/p>\n<p><a href=\"http:\/\/www.muenster.org\/fw-pensionaere\/wp-content\/uploads\/2014\/10\/DSCN1922.jpg\"><img loading=\"lazy\" decoding=\"async\" class=\"alignleft  wp-image-4566\" alt=\"DSCN1922\" src=\"http:\/\/www.muenster.org\/fw-pensionaere\/wp-content\/uploads\/2014\/10\/DSCN1922-300x225.jpg\" width=\"223\" height=\"166\" srcset=\"https:\/\/www.muenster.org\/fw-pensionaere\/wp-content\/uploads\/2014\/10\/DSCN1922-300x225.jpg 300w, https:\/\/www.muenster.org\/fw-pensionaere\/wp-content\/uploads\/2014\/10\/DSCN1922-800x600.jpg 800w\" sizes=\"auto, (max-width: 223px) 100vw, 223px\" \/><\/a><\/p>\n<p><span style=\"font-size: 16px;\"><strong><span style=\"color: #c0c0c0;\"> In der Traditionsmannschaft spielen bekannte Namen aus der m\u00fcnsterischen Fu\u00dfballszene wie\u00a0 Pieper, Falk, Terhaar, Leifken, Hummelt und andere. Von den Preu\u00dfen bekam \u201eL\u00f6ti\u201c vor dem Ansto\u00df ein Trikot der Preu\u00dfen \u00fcberreicht.<\/span><\/strong><\/span><\/p>\n<p><span style=\"font-size: 16px;\"><strong><span style=\"color: #c0c0c0;\">Unterst\u00fctzt wurde die Mannschaft der Feuerwehr \u00a0von dem Leiter der Feuerwehr\u00a0<a href=\"http:\/\/www.muenster.org\/fw-pensionaere\/wp-content\/uploads\/2014\/10\/DSCN1895.jpg\"><img loading=\"lazy\" decoding=\"async\" class=\"alignright  wp-image-4562\" alt=\"DSCN1895\" src=\"http:\/\/www.muenster.org\/fw-pensionaere\/wp-content\/uploads\/2014\/10\/DSCN1895-300x225.jpg\" width=\"172\" height=\"128\" srcset=\"https:\/\/www.muenster.org\/fw-pensionaere\/wp-content\/uploads\/2014\/10\/DSCN1895-300x225.jpg 300w, https:\/\/www.muenster.org\/fw-pensionaere\/wp-content\/uploads\/2014\/10\/DSCN1895-800x600.jpg 800w\" sizes=\"auto, (max-width: 172px) 100vw, 172px\" \/><\/a> M\u00fcnster \u2013 Benno Fritzen \u2013 der auch den Ansto\u00df mit \u201eL\u00f6ti\u201c vornahm. Bis zur seiner selbst\u00e4ndigen Auswechselung- was Benno Fritzen eine R\u00fcge<\/span><\/strong><\/span><\/p>\n<p>&nbsp;<\/p>\n<p>&nbsp;<\/p>\n<p><a href=\"http:\/\/www.muenster.org\/fw-pensionaere\/wp-content\/uploads\/2014\/10\/DSCN1897.jpg\"><img loading=\"lazy\" decoding=\"async\" class=\"alignleft  wp-image-4563\" alt=\"DSCN1897\" src=\"http:\/\/www.muenster.org\/fw-pensionaere\/wp-content\/uploads\/2014\/10\/DSCN1897-300x225.jpg\" width=\"128\" height=\"96\" srcset=\"https:\/\/www.muenster.org\/fw-pensionaere\/wp-content\/uploads\/2014\/10\/DSCN1897-300x225.jpg 300w, https:\/\/www.muenster.org\/fw-pensionaere\/wp-content\/uploads\/2014\/10\/DSCN1897-800x600.jpg 800w\" sizes=\"auto, (max-width: 128px) 100vw, 128px\" \/><\/a><\/p>\n<p>&nbsp;<\/p>\n<p><span style=\"font-size: 16px;\"><strong><span style=\"color: #c0c0c0;\">von dem Trainer der Feuerwehr \u201e Lodda\u201c \u00a0einbrachte- zeigte der Chef der Feuerwehr eine gute Ballbehandlung und ein sicheres Auftreten auf dem Spielfeld. Aufgrund eines Sportunfalles konnte\u201c L\u00f6ti\u201c nicht das ganze Spiel bestreiten und wurde rechtzeitig ausgewechselt.<\/span><\/strong><\/span><\/p>\n<p><a href=\"http:\/\/www.muenster.org\/fw-pensionaere\/wp-content\/uploads\/2014\/10\/P1020491.jpg\"><img loading=\"lazy\" decoding=\"async\" class=\"alignleft  wp-image-4574\" alt=\"P1020491\" src=\"http:\/\/www.muenster.org\/fw-pensionaere\/wp-content\/uploads\/2014\/10\/P1020491-300x212.jpg\" width=\"164\" height=\"116\" srcset=\"https:\/\/www.muenster.org\/fw-pensionaere\/wp-content\/uploads\/2014\/10\/P1020491-300x212.jpg 300w, https:\/\/www.muenster.org\/fw-pensionaere\/wp-content\/uploads\/2014\/10\/P1020491-800x565.jpg 800w\" sizes=\"auto, (max-width: 164px) 100vw, 164px\" \/><\/a><\/p>\n<p><span style=\"font-size: 16px;\"><strong><span style=\"color: #c0c0c0;\">\u00a0Das\u00a0 Spiel verlief fair und endete mit einem gerechten 1 zu 1 Unentschieden. In der vorletzten Spielminute erhielt die Feuerwehr nach einem groben Foul eines Preu\u00dfenspielers einen Strafsto\u00df zugesprochen. \u201eL\u00f6ti\u201c wurde noch einmal<\/span><\/strong><\/span><\/p>\n<p><span style=\"font-size: 16px;\"><strong><span style=\"color: #c0c0c0;\">aktiviert , verwandelte sicher den Strafsto\u00df und verlie\u00df dann unter Applaus der Spieler und Zuschauer das Spielfeld.<\/span><\/strong><\/span><\/p>\n<p><a href=\"http:\/\/www.muenster.org\/fw-pensionaere\/wp-content\/uploads\/2014\/10\/P1020490.jpg\"><img loading=\"lazy\" decoding=\"async\" class=\"alignleft  wp-image-4573\" alt=\"P1020490\" src=\"http:\/\/www.muenster.org\/fw-pensionaere\/wp-content\/uploads\/2014\/10\/P1020490-300x216.jpg\" width=\"173\" height=\"125\" srcset=\"https:\/\/www.muenster.org\/fw-pensionaere\/wp-content\/uploads\/2014\/10\/P1020490-300x216.jpg 300w, https:\/\/www.muenster.org\/fw-pensionaere\/wp-content\/uploads\/2014\/10\/P1020490-800x576.jpg 800w\" sizes=\"auto, (max-width: 173px) 100vw, 173px\" \/><\/a><\/p>\n<p><a href=\"http:\/\/www.muenster.org\/fw-pensionaere\/wp-content\/uploads\/2014\/10\/P1020482.jpg\"><img loading=\"lazy\" decoding=\"async\" class=\"aligncenter  wp-image-4570\" alt=\"P1020482\" src=\"http:\/\/www.muenster.org\/fw-pensionaere\/wp-content\/uploads\/2014\/10\/P1020482-300x225.jpg\" width=\"168\" height=\"107\" \/><\/a><a href=\"http:\/\/www.muenster.org\/fw-pensionaere\/wp-content\/uploads\/2014\/10\/P1020480.jpg\"><img loading=\"lazy\" decoding=\"async\" class=\"alignright  wp-image-4569\" alt=\"P1020480\" src=\"http:\/\/www.muenster.org\/fw-pensionaere\/wp-content\/uploads\/2014\/10\/P1020480-300x225.jpg\" width=\"150\" height=\"113\" srcset=\"https:\/\/www.muenster.org\/fw-pensionaere\/wp-content\/uploads\/2014\/10\/P1020480-300x225.jpg 300w, https:\/\/www.muenster.org\/fw-pensionaere\/wp-content\/uploads\/2014\/10\/P1020480-800x600.jpg 800w\" sizes=\"auto, (max-width: 150px) 100vw, 150px\" \/><\/a><\/p>\n<p>&nbsp;<\/p>\n<p>&nbsp;<\/p>\n<p>&nbsp;<\/p>\n<p><span style=\"font-size: 16px;\"><strong><span style=\"color: #c0c0c0;\">Anschlie\u00dfend hatte \u201eL\u00f6ti\u201c zu einem gem\u00fctlichen Umtrunk ins Vereinsheim geladen.<\/span><\/strong><\/span><\/p>\n<p><a href=\"http:\/\/www.muenster.org\/fw-pensionaere\/wp-content\/uploads\/2014\/10\/DSCN1951.jpg\"><img loading=\"lazy\" decoding=\"async\" class=\"alignleft  wp-image-4567\" alt=\"DSCN1951\" src=\"http:\/\/www.muenster.org\/fw-pensionaere\/wp-content\/uploads\/2014\/10\/DSCN1951-300x225.jpg\" width=\"174\" height=\"130\" srcset=\"https:\/\/www.muenster.org\/fw-pensionaere\/wp-content\/uploads\/2014\/10\/DSCN1951-300x225.jpg 300w, https:\/\/www.muenster.org\/fw-pensionaere\/wp-content\/uploads\/2014\/10\/DSCN1951-800x600.jpg 800w\" sizes=\"auto, (max-width: 174px) 100vw, 174px\" \/><\/a><\/p>\n<p>&nbsp;<\/p>\n<p><span style=\"font-size: 16px;\"><strong><span style=\"color: #c0c0c0;\">In einer launigen Laudatio w\u00fcrdigte der Spieler &#8222;Benno 112&#8220;\u00a0 die Verdienste des Kollegen Hans-Joachim f\u00fcr den Dienstsport der Berufsfeuerwehr. Er erinnerte daran, dass der Kollege Hans-Joachim \u00a0immer zur Stelle war, ob dienstlich oder privat. Er bedankte sich bei \u201eL\u00f6ti\u201c f\u00fcr das Engagement , f\u00fcr die Einladung zu dem gem\u00fctlichen Umtrunk und w\u00fcnschte dem zuk\u00fcnftigen Pension\u00e4r im Namen der Anwesenden alles Gute f\u00fcr die dritte Halbzeit.<a href=\"http:\/\/www.muenster.org\/fw-pensionaere\/wp-content\/uploads\/2014\/10\/DSCN1952.jpg\"><img loading=\"lazy\" decoding=\"async\" class=\"alignright  wp-image-4568\" alt=\"DSCN1952\" src=\"http:\/\/www.muenster.org\/fw-pensionaere\/wp-content\/uploads\/2014\/10\/DSCN1952-300x225.jpg\" width=\"147\" height=\"110\" srcset=\"https:\/\/www.muenster.org\/fw-pensionaere\/wp-content\/uploads\/2014\/10\/DSCN1952-300x225.jpg 300w, https:\/\/www.muenster.org\/fw-pensionaere\/wp-content\/uploads\/2014\/10\/DSCN1952-800x600.jpg 800w\" sizes=\"auto, (max-width: 147px) 100vw, 147px\" \/><\/a><\/span><\/strong><\/span><\/p>\n<p>&nbsp;<\/p>\n<p><span style=\"font-size: 16px;\"><strong><span style=\"color: #c0c0c0;\">Der Wachabteilungsleiter des Zuges 1 erz\u00e4hlte den Anwesenden einige Anekdoten aus dem Dienstleben von \u201eL\u00f6ti\u201c und \u00fcbergab in Verbindung mit dem Zug 1 u.a. \u00a0zwei VIP- Eintrittskarten f\u00fcr \u201eL\u00f6tis\u201c Lieblingsverein Borussia Dortmund.<\/span><\/strong><\/span><\/p>\n<p><a href=\"http:\/\/www.muenster.org\/fw-pensionaere\/wp-content\/uploads\/2014\/10\/P1020493.jpg\"><img loading=\"lazy\" decoding=\"async\" class=\"alignright  wp-image-4575\" alt=\"P1020493\" src=\"http:\/\/www.muenster.org\/fw-pensionaere\/wp-content\/uploads\/2014\/10\/P1020493-300x222.jpg\" width=\"132\" height=\"97\" srcset=\"https:\/\/www.muenster.org\/fw-pensionaere\/wp-content\/uploads\/2014\/10\/P1020493-300x222.jpg 300w, https:\/\/www.muenster.org\/fw-pensionaere\/wp-content\/uploads\/2014\/10\/P1020493-800x592.jpg 800w\" sizes=\"auto, (max-width: 132px) 100vw, 132px\" \/><\/a><\/p>\n<p><span style=\"font-size: 16px;\"><strong><span style=\"color: #c0c0c0;\">Der Vorsitzende der Pension\u00e4rsvereinigung schloss sich den Gl\u00fcckw\u00fcnschen an, w\u00fcnschte alles Gute und \u00fcberreichte \u00a0von den anwesenden Pension\u00e4ren ebenfalls ein Pr\u00e4sent.<\/span><\/strong><\/span><\/p>\n<p><span style=\"font-size: 16px;\"><strong><span style=\"color: #c0c0c0;\">\u201eL\u00f6ti\u201c bedankte sich bei Anwesenden f\u00fcr ihr Kommen, f\u00fcr die Geschenke und w\u00fcnschte dem Abend einen angenehmen Verlauf.<a href=\"http:\/\/www.muenster.org\/fw-pensionaere\/wp-content\/uploads\/2014\/10\/DSCN19661.jpg\"><img loading=\"lazy\" decoding=\"async\" class=\"aligncenter  wp-image-4578\" alt=\"DSCN1966\" src=\"http:\/\/www.muenster.org\/fw-pensionaere\/wp-content\/uploads\/2014\/10\/DSCN19661-300x225.jpg\" width=\"139\" height=\"92\" \/><\/a><\/span><\/strong><\/span><\/p>\n<p>&nbsp;<\/p>\n<p>&nbsp;<\/p>\n<p><span style=\"color: #993300;\">Ein Bericht von:\u00a0<\/span><span style=\"font-family: courier new,courier; color: #00ff00;\"> <span style=\"font-family: tahoma,arial,helvetica,sans-serif;\"><span style=\"font-size: 22px;\">Lodda<\/span><\/span><\/span><\/p>\n<p><span style=\"font-size: 14px; color: #993300;\">Bilder:<\/span><span style=\"font-size: 14px; color: #999999;\">J\u00f6rg&amp;RoBu<\/span><\/p>\n","protected":false},"excerpt":{"rendered":"<p>\u00a0 \u00a0 Am 24.10.2014 spielte Hans-Joachim \u2013 kurz L\u00f6ti genannt- \u00a0 das letzte Mal in den Farben der Berufsfeuerwehr.\u00a0\u00a0 &nbsp; &nbsp; Hans-Joachim wird in K\u00fcrze pensioniert und hatte zu seinem Abschiedsspiel ins Heidestadion nach Gelmer eingeladen und alle kamen. Es spielte eine aktuelle Auswahl der Berufsfeuerwehr \u00a0gegen die Traditionsmannschaft von Preu\u00dfen M\u00fcnster. In der Traditionsmannschaft [&hellip;]<\/p>\n","protected":false},"author":5,"featured_media":0,"parent":0,"menu_order":0,"comment_status":"closed","ping_status":"closed","template":"","meta":{"ngg_post_thumbnail":0,"footnotes":""},"class_list":["post-4549","page","type-page","status-publish","hentry"],"_links":{"self":[{"href":"https:\/\/www.muenster.org\/fw-pensionaere\/index.php?rest_route=\/wp\/v2\/pages\/4549","targetHints":{"allow":["GET"]}}],"collection":[{"href":"https:\/\/www.muenster.org\/fw-pensionaere\/index.php?rest_route=\/wp\/v2\/pages"}],"about":[{"href":"https:\/\/www.muenster.org\/fw-pensionaere\/index.php?rest_route=\/wp\/v2\/types\/page"}],"author":[{"embeddable":true,"href":"https:\/\/www.muenster.org\/fw-pensionaere\/index.php?rest_route=\/wp\/v2\/users\/5"}],"replies":[{"embeddable":true,"href":"https:\/\/www.muenster.org\/fw-pensionaere\/index.php?rest_route=%2Fwp%2Fv2%2Fcomments&post=4549"}],"version-history":[{"count":7,"href":"https:\/\/www.muenster.org\/fw-pensionaere\/index.php?rest_route=\/wp\/v2\/pages\/4549\/revisions"}],"predecessor-version":[{"id":4581,"href":"https:\/\/www.muenster.org\/fw-pensionaere\/index.php?rest_route=\/wp\/v2\/pages\/4549\/revisions\/4581"}],"wp:attachment":[{"href":"https:\/\/www.muenster.org\/fw-pensionaere\/index.php?rest_route=%2Fwp%2Fv2%2Fmedia&parent=4549"}],"curies":[{"name":"wp","href":"https:\/\/api.w.org\/{rel}","templated":true}]}}