{"id":3,"date":"2010-06-07T16:50:56","date_gmt":"2010-06-07T16:50:56","guid":{"rendered":"http:\/\/www.muenster.org\/fw-pensionaere\/?page_id=3"},"modified":"2020-11-17T17:34:11","modified_gmt":"2020-11-17T16:34:11","slug":"uber-uns","status":"publish","type":"page","link":"https:\/\/www.muenster.org\/fw-pensionaere\/?page_id=3","title":{"rendered":"1953 02.04. Gr\u00fcndungsjahr"},"content":{"rendered":"<div><em>&nbsp;<\/em><\/div>\n<div>&nbsp;<\/div>\n<p>&nbsp;<\/p>\n<div id=\"attachment_49\" style=\"width: 238px\" class=\"wp-caption aligncenter\"><a href=\"http:\/\/www.muenster.org\/fw-pensionaere\/?attachment_id=49\" rel=\"attachment wp-att-49\"><img loading=\"lazy\" decoding=\"async\" aria-describedby=\"caption-attachment-49\" class=\"size-medium wp-image-49\" title=\"Auszug aus dem Gr\u00fcndungsprotokoll\" src=\"http:\/\/www.muenster.org\/fw-pensionaere\/wp-content\/uploads\/2010\/06\/Pension\u00e4re-e1277141376758-228x300.jpg\" alt=\"\" width=\"228\" height=\"300\" srcset=\"https:\/\/www.muenster.org\/fw-pensionaere\/wp-content\/uploads\/2010\/06\/Pension\u00e4re-e1277141376758-228x300.jpg 228w, https:\/\/www.muenster.org\/fw-pensionaere\/wp-content\/uploads\/2010\/06\/Pension\u00e4re-e1277141376758-456x600.jpg 456w, https:\/\/www.muenster.org\/fw-pensionaere\/wp-content\/uploads\/2010\/06\/Pension\u00e4re-e1277141376758.jpg 807w\" sizes=\"auto, (max-width: 228px) 100vw, 228px\" \/><\/a><p id=\"caption-attachment-49\" class=\"wp-caption-text\">Original S\u00fctterlienschrift<\/p><\/div>\n<p style=\"text-align: center;\"><span style=\"color: #ff0000;\"><strong>Ubersetzung<\/strong><\/span><\/p>\n<p style=\"text-align: center;\"><span style=\"text-decoration: underline;\">Auszug aus dem Gr\u00fcndungsprotokoll:<\/span><\/p>\n<p style=\"text-align: center;\">Gr\u00fcndungs u. Protokollbuch der Alters &#8211; Ehrenabteilung der Berufsfeuerwehr.<\/p>\n<p><strong>Auf allgemeinen Wunsch der Pension\u00e4re der Berufsfeuerwehr, eine Alters &#8211;&nbsp;Ehrenabteilung&nbsp;&nbsp;zu gr\u00fcnden, wurde am 02.04.1953&nbsp; 15.00&nbsp;&nbsp;&nbsp;Uhr&nbsp; vollzogen&nbsp;.Durch eine&nbsp;schriftliche Einladung des Kollegen Josef Lauters an noch&nbsp;acht&nbsp;Pension\u00e4ren waren sechs erschienen und zwar: Josef Lenters, Heinrich Rauch, Paul Runge, Theodor Untiedt, u. Rudolf Zschauer. Wilhelm Gellings u. Josef Wulf waren der Einladung nicht gefolgt.<\/strong><\/p>\n<p><strong>Zu 5) In einem Inserat der MZ und den M\u00fcnsterischen Anzeiger soll der \u00d6ffentlichkeit die&nbsp;Gr\u00fcndung&nbsp;einer Alters &#8211; Ehrenabteilung der Berufsfeuerwehr bekannt gegeben werden, mit folgendem Wortlaut:<\/strong><\/p>\n<p><strong>Am 2.4 1953 wurde im Lokal&nbsp;&#8220; Wassermann&#8220; Wolberkerstr. die Alters u. Ehrenabteilung der Berufsfeuerwehr gegr\u00fcndet. Erlebnisse u. Erfahrungen der Dienstzeit sollen wieder in Erinnerung gebracht&nbsp; u. aufgefrischt werden. Au\u00dferdem soll durch Gedankenaustausch festgestellt werden, wie einem &nbsp;Kollegen durch Ratschl\u00e4ge u. Tat geholfen werden kann, sowie beim Ableben die letzte Ehre zu erweisen.<\/strong><\/p>\n<p>Soweit der Auszug aus dem Gr\u00fcndungsprotokoll. Von nun an trafen sich die Pension\u00e4re jeden ersten Dienstag im Monat zum Gespr\u00e4ch oder D\u00e4mmerschoppen.Dieses regelm\u00e4\u00dfige Treffen bewirkte, da\u00df die im Berufsleben geschlossen Freundschaften erhalten bleiben und dadurch der Bestand dieser &#8222;Gespr\u00e4chsrunde &#8220; nicht nur von kurzer Dauer ist.<\/p>\n<p>W\u00e4hrend man in den ersten Jahren das Lokal regelm\u00e4\u00dfig wechselte, fanden die Versammelungen von 1955 &#8211; 1965 in der Gastst\u00e4tte Hemesath, K\u00f6nigstra\u00dfe, statt. Ab 1965 wurde die Gastst\u00e4tte Fr\u00f6hlich, Mauriztstra\u00dfe zum Stammlokal der Vereinigung. Nachdem die Gastst\u00e4tte durch einen neuen Betreiber einen anderen Charackter bekam, welcher der Mentalit\u00e4t der Feuerwehrm\u00e4nner a. D. nicht entsprach, wurde als &#8222;Tagungsst\u00e4tte&#8220; das Gasthaus L\u00f6rdemann auserkoren. Eine Gastst\u00e4tte, die den guten Ruf der m\u00fcnsterischen Gastronomie voll rechtfertigte und die Mitglieder der Vereingung nicht nur wegen der zentralen Lage zufriedenstellte. Doch auch hier sollte nicht unsere letzte Tagungsst\u00e4tte sein. Aus gesundheitlichen gr\u00fcnden musste der Gastwirt &#8222;Theo L\u00f6rdemann&#8220; seine Gastst\u00e4tte aufgeben. Durch gr\u00f6ssere Umbauarbeiten musste unser Tagungsraum weichen und wir standen, wie man so sagt, -auf der Strasse-.<\/p>\n<p>Ab Juni 2002 hatten wir unser Domizil im &#8220;&nbsp;Haus Zollern&#8220;, Am Wegesende im Kiepenkerlviertel.<\/p>\n<p>Alles hat seine Zeit.<\/p>\n<p>Am Anfang des Jahres 2015 bem\u00fchte man sich um einen neuen Treffpunkt.<\/p>\n<p align=\"LEFT\">Da die Chemie und Empathie zwischen dem Betreiber der Versammlungsst\u00e4tte \u201eHaus Zollern\u201c und&nbsp; unserer Vereinigung nicht mehr sp\u00fcrbar war (Gr\u00fcnde wurden nie bekannt) , entschloss man sich f\u00fcr ein neues Domizil. Nun gab es in M\u00fcnster nicht so viele Gastst\u00e4tten mit entsprechenden R\u00e4umlichkeiten.<\/p>\n<p align=\"LEFT\">Schlie\u00dflich wurde man doch f\u00fcndig und entschied sich f\u00fcr die Gastst\u00e4tte \u201eMauritius\u201c an der Warendorfer Str. 71. Die Tagungsst\u00e4tte entspricht unseren Anforderungen und bietet unseren Mitgliedern ausreichend Platz. Das erste Treffen fand im M\u00e4rz 2015 statt.<\/p>\n<p align=\"LEFT\">Seit M\u00e4rz 2015 findet unsere monatliche Zusammenkunft in der Gastst\u00e4tte Mauritius, Warendorfer Stra\u00dfe 71 statt. Abweichungen sind m\u00f6glich ( Feiertag u.\u00e4.)<\/p>\n<p align=\"LEFT\">Im Jahre 2020 k\u00f6nnen wir das 5 j\u00e4hrige Jubil\u00e4um feiern.<\/p>\n<p align=\"LEFT\">L.Sch.<\/p>\n<p>&nbsp;<\/p>\n<p>&nbsp;<\/p>\n","protected":false},"excerpt":{"rendered":"<p>&nbsp; &nbsp; &nbsp; Ubersetzung Auszug aus dem Gr\u00fcndungsprotokoll: Gr\u00fcndungs u. Protokollbuch der Alters &#8211; Ehrenabteilung der Berufsfeuerwehr. Auf allgemeinen Wunsch der Pension\u00e4re der Berufsfeuerwehr, eine Alters &#8211;&nbsp;Ehrenabteilung&nbsp;&nbsp;zu gr\u00fcnden, wurde am 02.04.1953&nbsp; 15.00&nbsp;&nbsp;&nbsp;Uhr&nbsp; vollzogen&nbsp;.Durch eine&nbsp;schriftliche Einladung des Kollegen Josef Lauters an noch&nbsp;acht&nbsp;Pension\u00e4ren waren sechs erschienen und zwar: Josef Lenters, Heinrich Rauch, Paul Runge, Theodor Untiedt, u. [&hellip;]<\/p>\n","protected":false},"author":2,"featured_media":0,"parent":0,"menu_order":150,"comment_status":"open","ping_status":"open","template":"","meta":{"ngg_post_thumbnail":0,"footnotes":""},"class_list":["post-3","page","type-page","status-publish","hentry"],"_links":{"self":[{"href":"https:\/\/www.muenster.org\/fw-pensionaere\/index.php?rest_route=\/wp\/v2\/pages\/3","targetHints":{"allow":["GET"]}}],"collection":[{"href":"https:\/\/www.muenster.org\/fw-pensionaere\/index.php?rest_route=\/wp\/v2\/pages"}],"about":[{"href":"https:\/\/www.muenster.org\/fw-pensionaere\/index.php?rest_route=\/wp\/v2\/types\/page"}],"author":[{"embeddable":true,"href":"https:\/\/www.muenster.org\/fw-pensionaere\/index.php?rest_route=\/wp\/v2\/users\/2"}],"replies":[{"embeddable":true,"href":"https:\/\/www.muenster.org\/fw-pensionaere\/index.php?rest_route=%2Fwp%2Fv2%2Fcomments&post=3"}],"version-history":[{"count":52,"href":"https:\/\/www.muenster.org\/fw-pensionaere\/index.php?rest_route=\/wp\/v2\/pages\/3\/revisions"}],"predecessor-version":[{"id":7945,"href":"https:\/\/www.muenster.org\/fw-pensionaere\/index.php?rest_route=\/wp\/v2\/pages\/3\/revisions\/7945"}],"wp:attachment":[{"href":"https:\/\/www.muenster.org\/fw-pensionaere\/index.php?rest_route=%2Fwp%2Fv2%2Fmedia&parent=3"}],"curies":[{"name":"wp","href":"https:\/\/api.w.org\/{rel}","templated":true}]}}