{"id":13,"date":"2010-06-07T18:06:57","date_gmt":"2010-06-07T17:06:57","guid":{"rendered":"http:\/\/www.muenster.org\/fw-pensionaere\/?page_id=13"},"modified":"2024-09-20T20:05:37","modified_gmt":"2024-09-20T18:05:37","slug":"startseite","status":"publish","type":"page","link":"https:\/\/www.muenster.org\/fw-pensionaere\/","title":{"rendered":""},"content":{"rendered":"\n<p><\/p>\n\n\n\n<p><\/p>\n\n\n\n<p><a rel=\"noreferrer noopener\" href=\"https:\/\/www.youtube.com\/watch?v=lKI2eTRhFgQ\" target=\"_blank\"><\/a><\/p>\n\n\n\n<div class=\"wp-block-group\"><div class=\"wp-block-group__inner-container is-layout-flow wp-block-group-is-layout-flow\"><\/div><\/div>\n\n\n<p><!-- <iframe loading=\"lazy\" src=\"https:\/\/www.youtube.com\/embed\/lKI2eTRhFgQ?autoplay=1&modestbranding=1&rel=0&fs=0&color=white\" width=\"512\" height=\"288\" frameborder=\"0\"><\/iframe> --><\/p>\n<div id=\"search-layer\" class=\"style-scope ytcp-omnisearch\" tabindex=\"-1\"><form class=\"style-scope ytcp-omnisearch\" name=\"searchForm\"><\/form><\/div>\n<div id=\"description-container\" class=\"input-container description style-scope ytcp-video-metadata-editor-basics\">\n<div id=\"outer\" class=\"style-scope ytcp-form-input-container\">\n<div id=\"description-container\" class=\"input-container description style-scope ytcp-video-metadata-editor-basics\">\n<div id=\"outer\" class=\"style-scope ytcp-form-input-container\">&nbsp;<\/div>\n<\/div>\n<div class=\"input-container style-scope ytcp-video-metadata-editor-basics\">\n<div class=\"section-description style-scope ytcp-video-metadata-editor-basics\">&nbsp;&nbsp;&nbsp;&nbsp;&nbsp;&nbsp;&nbsp;&nbsp;&nbsp;&nbsp;&nbsp;&nbsp;&nbsp;&nbsp;&nbsp;&nbsp;&nbsp;&nbsp;&nbsp;&nbsp;&nbsp;&nbsp;&nbsp;&nbsp;&nbsp;&nbsp;&nbsp;&nbsp;&nbsp;&nbsp; <a href=\"http:\/\/www.muenster.org\/fw-pensionaere\/?attachment_id=48\" rel=\"attachment wp-att-48\"><img loading=\"lazy\" decoding=\"async\" class=\"wp-image-48 aligncenter\" title=\"Aus der Geschichte der Feuerwehr M\u00fcnster\" src=\"http:\/\/www.muenster.org\/fw-pensionaere\/wp-content\/uploads\/2010\/06\/Geschichte_der_Feuerwehr_MS_klein-300x176.jpg\" alt=\"\" width=\"520\" height=\"302\"><\/a><\/div>\n<\/div>\n<div class=\"input-container style-scope ytcp-video-metadata-editor-basics\">\n<div class=\"only-visible-for-accessibility style-scope ytkc-made-for-kids-select\" style=\"text-align: left;\">&nbsp;<\/div>\n<\/div>\n<div class=\"made-for-kids-rating-container style-scope ytkc-made-for-kids-select\">\n<div id=\"radioContainer\" class=\"style-scope tp-yt-paper-radio-button\">\n<div id=\"offRadio\" class=\"style-scope tp-yt-paper-radio-button\">\n<p style=\"text-align: left;\">&nbsp; &nbsp; <em>&nbsp; &nbsp; &nbsp; &nbsp; &nbsp; &nbsp; &nbsp; Es war einmal<\/em><\/p>\n<\/div>\n<\/div>\n<\/div>\n<\/div>\n<p>&nbsp;<\/p>\n<div id=\"outer\" class=\"style-scope ytcp-form-input-container\">\n<div class=\"made-for-kids-rating-container style-scope ytkc-made-for-kids-select\">\n<div id=\"radioContainer\" class=\"style-scope tp-yt-paper-radio-button\">\n<div id=\"offRadio\" class=\"style-scope tp-yt-paper-radio-button\">\n<h2 style=\"text-align: center;\"><strong><em><span style=\"color: #ffffff;\">Willkommen auf der Homepage der Pension\u00e4re der Berufsfeuerwehr M\u00fcnster.<\/span><br><\/em><\/strong><\/h2>\n<p>&nbsp;<\/p>\n<h5><strong>Welcome on the homepage of the pensioners of the M\u00fcnster Fire Department.<\/strong><\/h5>\n<h5><strong>Hartelik welkome op de homepage van de pension\u00e4re de beroepbrandweer m\u00fcn<\/strong><strong>ster.<\/strong><\/h5>\n<h5><strong>Bienvennue sur la page internet des professionnelle pompier retraites de M\u00fcnster.<\/strong><\/h5>\n<h5><strong>Bienvenido a la casa de los empleados jubilados del Departamento de Bomberos de M\u00fcnster.<\/strong><\/h5>\n<h5><strong>Dobrodo\u0161li na spletni strani upokojencev poklicnih gasilcev M\u00fcnster.<\/strong><\/h5>\n<h5><strong>V\u00e4lkommen till hemsidan f\u00f6r pension\u00e4rerna i M\u00fcnsters professionella brandk\u00e5r.<\/strong><\/h5>\n<p>&nbsp;<\/p>\n<p>&nbsp;<\/p>\n<p>&nbsp;<\/p>\n<p>&nbsp;<\/p>\n<\/div>\n<div id=\"onRadio\" class=\"style-scope tp-yt-paper-radio-button\">&nbsp;<\/div>\n<\/div>\n<\/div>\n<p>&nbsp; &nbsp; &nbsp; &nbsp; &nbsp; &nbsp; &nbsp; &nbsp;&nbsp;<\/p>\n<p>&nbsp;<\/p>\n<p>&nbsp;<\/p>\n<h5>&nbsp;<\/h5>\n<p>&nbsp;<\/p>\n<p>&nbsp;<\/p>\n<p>&nbsp;<\/p>\n<p>&nbsp;<\/p>\n<p>&nbsp;<\/p>\n<p>&nbsp;<\/p>\n<p>&nbsp;<\/p>\n<p>&nbsp;<\/p>\n<p>&nbsp;<\/p>\n<p>&nbsp;<\/p>\n<p>&nbsp;<\/p>\n<p>&nbsp;<\/p>\n<p>&nbsp;<\/p>\n<\/div>\n<\/div>\n<div class=\"input-container style-scope ytcp-video-metadata-editor-basics\">\n<div class=\"section-description style-scope ytcp-video-metadata-editor-basics\">&nbsp;<\/div>\n<\/div>\n<div class=\"input-container style-scope ytcp-video-metadata-editor-basics\">\n<div class=\"only-visible-for-accessibility style-scope ytkc-made-for-kids-select\">&nbsp;<\/div>\n<\/div>\n<div class=\"made-for-kids-rating-container style-scope ytkc-made-for-kids-select\">\n<div id=\"radioLabel\" class=\"style-scope tp-yt-paper-radio-button\">&nbsp;<\/div>\n<div id=\"radioContainer\" class=\"style-scope tp-yt-paper-radio-button\">\n<div id=\"offRadio\" class=\"style-scope tp-yt-paper-radio-button\">&nbsp;<\/div>\n<div id=\"onRadio\" class=\"style-scope tp-yt-paper-radio-button\">&nbsp;<\/div>\n<\/div>\n<\/div>\n<div id=\"overlay-controls\" class=\"style-scope ytcp-video-player-controls\">&nbsp;<\/div>\n<p>&nbsp;<\/p>\n<p>&nbsp;<\/p>\n<p>&nbsp;<\/p>\n<p>&nbsp;<\/p>\n<p>&nbsp;<\/p>\n<p>&nbsp;<\/p>\n<p>&nbsp;<\/p>\n<p style=\"text-align: center;\">&nbsp;<\/p>\n<p>&nbsp;<\/p>","protected":false},"excerpt":{"rendered":"<p>&nbsp; &nbsp;&nbsp;&nbsp;&nbsp;&nbsp;&nbsp;&nbsp;&nbsp;&nbsp;&nbsp;&nbsp;&nbsp;&nbsp;&nbsp;&nbsp;&nbsp;&nbsp;&nbsp;&nbsp;&nbsp;&nbsp;&nbsp;&nbsp;&nbsp;&nbsp;&nbsp;&nbsp;&nbsp;&nbsp;&nbsp; &nbsp; &nbsp; &nbsp; &nbsp; &nbsp; &nbsp; &nbsp; &nbsp; &nbsp; &nbsp; Es war einmal &nbsp; Willkommen auf der Homepage der Pension\u00e4re der Berufsfeuerwehr M\u00fcnster. &nbsp; Welcome on the homepage of the pensioners of the M\u00fcnster Fire Department. Hartelik welkome op de homepage van de pension\u00e4re de beroepbrandweer m\u00fcnster. Bienvennue sur la page internet des [&hellip;]<\/p>\n","protected":false},"author":2,"featured_media":0,"parent":0,"menu_order":0,"comment_status":"closed","ping_status":"open","template":"","meta":{"ngg_post_thumbnail":0,"footnotes":""},"class_list":["post-13","page","type-page","status-publish","hentry"],"_links":{"self":[{"href":"https:\/\/www.muenster.org\/fw-pensionaere\/index.php?rest_route=\/wp\/v2\/pages\/13","targetHints":{"allow":["GET"]}}],"collection":[{"href":"https:\/\/www.muenster.org\/fw-pensionaere\/index.php?rest_route=\/wp\/v2\/pages"}],"about":[{"href":"https:\/\/www.muenster.org\/fw-pensionaere\/index.php?rest_route=\/wp\/v2\/types\/page"}],"author":[{"embeddable":true,"href":"https:\/\/www.muenster.org\/fw-pensionaere\/index.php?rest_route=\/wp\/v2\/users\/2"}],"replies":[{"embeddable":true,"href":"https:\/\/www.muenster.org\/fw-pensionaere\/index.php?rest_route=%2Fwp%2Fv2%2Fcomments&post=13"}],"version-history":[{"count":291,"href":"https:\/\/www.muenster.org\/fw-pensionaere\/index.php?rest_route=\/wp\/v2\/pages\/13\/revisions"}],"predecessor-version":[{"id":9679,"href":"https:\/\/www.muenster.org\/fw-pensionaere\/index.php?rest_route=\/wp\/v2\/pages\/13\/revisions\/9679"}],"wp:attachment":[{"href":"https:\/\/www.muenster.org\/fw-pensionaere\/index.php?rest_route=%2Fwp%2Fv2%2Fmedia&parent=13"}],"curies":[{"name":"wp","href":"https:\/\/api.w.org\/{rel}","templated":true}]}}