{"id":536,"date":"2021-04-18T13:19:00","date_gmt":"2021-04-18T11:19:00","guid":{"rendered":"https:\/\/www.muenster.org\/dfgms\/versuchsballon\/"},"modified":"2021-05-07T12:07:46","modified_gmt":"2021-05-07T10:07:46","slug":"fotowettbewerb","status":"publish","type":"page","link":"https:\/\/www.muenster.org\/dfgms\/fotowettbewerb\/","title":{"rendered":"Fotowettbewerb"},"content":{"rendered":"\n<h4 class=\"wp-block-heading\">Thema: Innovative und nachhaltige Mobilit\u00e4t in M\u00fcnster und Orl\u00e9ans <\/h4>\n\n\n\n<h5 class=\"wp-block-heading\"><strong>Aus Anlass des 61-j\u00e4hrigen Bestehens der St\u00e4dtepartnerschaft zwischen M\u00fcnster und Orl\u00e9ans schreiben wir mit unseren franz\u00f6sischen Freunden, der Association Franco-Allemande aus Orl\u00e9ans und mit Unterst\u00fctzung der St\u00e4dte M\u00fcnster und Orl\u00e9ans einen Fotowettbewerb f\u00fcr Amateurfotografen aus.<\/strong><\/h5>\n\n\n\n<p class=\"has-text-align-left\">Zu Ehren des 61. Jubli\u00e4ums der St\u00e4dtepartnerschaft zwischen M\u00fcnster und Orl\u00e9ans organisieren beide Partnerst\u00e4dte im Zeitraum vom 7. Mai bis 26. Dezember 2021 zahlreiche Festivit\u00e4ten und Veranstaltungen. In diesem Zusammenhang beteiligen sich die Deutsch-Franz\u00f6sische Gesellschaft M\u00fcnster e.V. und die Association Franco-Allemande d\u2019Orl\u00e9ans mit der Ausschreibung eines Fotowettbewerbs f\u00fcr Amateurfotografen zu dem Thema \u00abInnovative Mobilit\u00e4t in den Partnerst\u00e4dten\u00bb.<\/p>\n\n\n\n<hr class=\"wp-block-separator\"\/>\n\n\n\n<p>In der Stadt von heute ist Mobilit\u00e4t nicht mehr einzig und allein das individuelle Auto. Das wachsende Bewu\u00dftsein f\u00fcr Umweltprobleme nimmt positiven Einflu\u00df auf die Fortbewegung der B\u00fcrger in ihrer Stadt, sei es auf dem Weg zur Arbeit, bei Einkaufswegen oder in der Freizeit. Der \u00f6ffentliche Raum teilt sich mittlerweiler in \u00f6ffentliche Verkehrsmittel (Bus\/Stra\u00dfenbahn) und Individualverkehr, motorisiert oder nicht motorisiert. Neue Verkehrsmittel im st\u00e4dtischen Raum tauchen auf, wie Roller, Fahrradtaxis oder E-Bikes. <\/p>\n\n\n\n<p>Dieser Wettbewerb m\u00f6chte Amateurfotografen dazu aufrufen, diese Transportmittel in ihrer Stadt im Bild festzuhalten. <\/p>\n\n\n\n<p>Die sch\u00f6nsten Fotos aus beiden Partnerst\u00e4dten werden in der Stadtb\u00fccherei M\u00fcnsters vom 28. August 2021 bis 10. September 2021 und im Landeshaus des LWL vom 16. September 2021 bis 1. Oktober 2021 ausgestellt. Zeitgleich werden die Gewinnerfotos aus beiden St\u00e4dten an den Gittern des Parks Pasteur in Orl\u00e9ans vom 4. bis 26. September 2021 zu sehen sein.<\/p>\n\n\n\n[contest-menu]\n[contest-page]\n\n\n<p>Hier ein paar Tipps, wie Sie sich zu dem Wettbewerb anmelden :<\/p>\n<ul>\n<li>Um ein Bild hochzuladen, melden Sie sich auf unserer Webseite mit Hilfe der nachstehenden Registrierung auf der rechten Seite an. Sie bekommen eine Email von uns, in der Sie gebeten werden,\u00a0 ein Passwort auszuw\u00e4hlen. Wir empfehlen das Passwort zu nehmen, das vorgeschlagen wird.<\/li>\n<li>Dann m\u00fcssen Sie den Anmeldedaten auf der Wettbewerbseite und den Teilnahmebedingungen des Fotowettbewerbs zustimmen. Damit nehmen wir die Kontaktdaten auf und informieren Sie anschlie\u00dfend \u00fcber die Gewinner.<\/li>\n<li>Uns ist am Schutz Ihrer Daten gelegen. Sie k\u00f6nnen die <a href=\"https:\/\/www.muenster.org\/dfgms\/datenschutz\/\">Datenschutz Bestimmungen hier<\/a> lesen.<\/li>\n<li>Falls Sie Schwierigkeiten, Anregungen oder Vorschl\u00e4ge haben, k\u00f6nnen Sie uns gern <a href=\"https:\/\/www.muenster.org\/dfgms\/kontakt\/\">kontaktieren.<\/a><\/li>\n<\/ul>\n<h3 style=\"text-align: center;\">Viel Erfolg !!!<\/h3>\n<p>\u00a0<\/p>\n\n\n<p><\/p>\n","protected":false},"excerpt":{"rendered":"<p>Thema: Innovative und nachhaltige Mobilit\u00e4t in M\u00fcnster und Orl\u00e9ans Aus Anlass des 61-j\u00e4hrigen Bestehens der St\u00e4dtepartnerschaft zwischen M\u00fcnster und Orl\u00e9ans schreiben wir mit unseren franz\u00f6sischen Freunden, der Association Franco-Allemande aus Orl\u00e9ans und mit Unterst\u00fctzung der St\u00e4dte M\u00fcnster und Orl\u00e9ans einen Fotowettbewerb f\u00fcr Amateurfotografen aus. Zu Ehren des 61. Jubli\u00e4ums der St\u00e4dtepartnerschaft zwischen M\u00fcnster und Orl\u00e9ans organisieren beide Partnerst\u00e4dte im Zeitraum<\/p>\n","protected":false},"author":4,"featured_media":0,"parent":0,"menu_order":0,"comment_status":"closed","ping_status":"closed","template":"template-fullwidth.php","meta":{"footnotes":""},"class_list":["post-536","page","type-page","status-publish","hentry"],"yoast_head":"<!-- This site is optimized with the Yoast SEO plugin v26.0 - https:\/\/yoast.com\/wordpress\/plugins\/seo\/ -->\n<title>Fotowettbewerb - Deutsch-Franz\u00f6sische Gesellschaft M\u00fcnster e.V.<\/title>\n<meta name=\"description\" content=\"DFGMS, Fotowettbewerb, Innovative Mobilit\u00e4t, M\u00fcnster, Muenster, Orleans, Deutsch-Franz\u00f6sische Gesellschaft, Mai, Zukunft\" \/>\n<meta name=\"robots\" content=\"index, follow, max-snippet:-1, max-image-preview:large, max-video-preview:-1\" \/>\n<link rel=\"canonical\" href=\"https:\/\/www.muenster.org\/dfgms\/fotowettbewerb\/\" \/>\n<meta property=\"og:locale\" content=\"de_DE\" \/>\n<meta property=\"og:type\" content=\"article\" \/>\n<meta property=\"og:title\" content=\"Fotowettbewerb - Deutsch-Franz\u00f6sische Gesellschaft M\u00fcnster e.V.\" \/>\n<meta property=\"og:description\" content=\"DFGMS, Fotowettbewerb, Innovative Mobilit\u00e4t, M\u00fcnster, Muenster, Orleans, Deutsch-Franz\u00f6sische Gesellschaft, Mai, Zukunft\" \/>\n<meta property=\"og:url\" content=\"https:\/\/www.muenster.org\/dfgms\/fotowettbewerb\/\" \/>\n<meta property=\"og:site_name\" content=\"Deutsch-Franz\u00f6sische Gesellschaft M\u00fcnster e.V.\" \/>\n<meta property=\"article:modified_time\" content=\"2021-05-07T10:07:46+00:00\" \/>\n<meta name=\"twitter:card\" content=\"summary_large_image\" \/>\n<meta name=\"twitter:label1\" content=\"Gesch\u00e4tzte Lesezeit\" \/>\n\t<meta name=\"twitter:data1\" content=\"2\u00a0Minuten\" \/>\n<script type=\"application\/ld+json\" class=\"yoast-schema-graph\">{\"@context\":\"https:\/\/schema.org\",\"@graph\":[{\"@type\":\"WebPage\",\"@id\":\"https:\/\/www.muenster.org\/dfgms\/fotowettbewerb\/\",\"url\":\"https:\/\/www.muenster.org\/dfgms\/fotowettbewerb\/\",\"name\":\"Fotowettbewerb - Deutsch-Franz\u00f6sische Gesellschaft M\u00fcnster e.V.\",\"isPartOf\":{\"@id\":\"https:\/\/www.muenster.org\/dfgms\/#website\"},\"datePublished\":\"2021-04-18T11:19:00+00:00\",\"dateModified\":\"2021-05-07T10:07:46+00:00\",\"description\":\"DFGMS, Fotowettbewerb, Innovative Mobilit\u00e4t, M\u00fcnster, Muenster, Orleans, Deutsch-Franz\u00f6sische Gesellschaft, Mai, Zukunft\",\"breadcrumb\":{\"@id\":\"https:\/\/www.muenster.org\/dfgms\/fotowettbewerb\/#breadcrumb\"},\"inLanguage\":\"de\",\"potentialAction\":[{\"@type\":\"ReadAction\",\"target\":[\"https:\/\/www.muenster.org\/dfgms\/fotowettbewerb\/\"]}]},{\"@type\":\"BreadcrumbList\",\"@id\":\"https:\/\/www.muenster.org\/dfgms\/fotowettbewerb\/#breadcrumb\",\"itemListElement\":[{\"@type\":\"ListItem\",\"position\":1,\"name\":\"Startseite\"},{\"@type\":\"ListItem\",\"position\":2,\"name\":\"Fotowettbewerb\"}]},{\"@type\":\"WebSite\",\"@id\":\"https:\/\/www.muenster.org\/dfgms\/#website\",\"url\":\"https:\/\/www.muenster.org\/dfgms\/\",\"name\":\"Deutsch-Franz\u00f6sische Gesellschaft M\u00fcnster e.V.\",\"description\":\"\",\"publisher\":{\"@id\":\"https:\/\/www.muenster.org\/dfgms\/#organization\"},\"potentialAction\":[{\"@type\":\"SearchAction\",\"target\":{\"@type\":\"EntryPoint\",\"urlTemplate\":\"https:\/\/www.muenster.org\/dfgms\/?s={search_term_string}\"},\"query-input\":{\"@type\":\"PropertyValueSpecification\",\"valueRequired\":true,\"valueName\":\"search_term_string\"}}],\"inLanguage\":\"de\"},{\"@type\":\"Organization\",\"@id\":\"https:\/\/www.muenster.org\/dfgms\/#organization\",\"name\":\"Deutsch-Franz\u00f6sische Gesellschaft M\u00fcnster e.V.\",\"url\":\"https:\/\/www.muenster.org\/dfgms\/\",\"logo\":{\"@type\":\"ImageObject\",\"inLanguage\":\"de\",\"@id\":\"https:\/\/www.muenster.org\/dfgms\/#\/schema\/logo\/image\/\",\"url\":\"https:\/\/www.muenster.org\/dfgms\/wp-content\/uploads\/2025\/10\/NewLogoYellow-140x140-1-e1764328303462.jpg\",\"contentUrl\":\"https:\/\/www.muenster.org\/dfgms\/wp-content\/uploads\/2025\/10\/NewLogoYellow-140x140-1-e1764328303462.jpg\",\"width\":110,\"height\":108,\"caption\":\"Deutsch-Franz\u00f6sische Gesellschaft M\u00fcnster e.V.\"},\"image\":{\"@id\":\"https:\/\/www.muenster.org\/dfgms\/#\/schema\/logo\/image\/\"}}]}<\/script>\n<!-- \/ Yoast SEO plugin. -->","yoast_head_json":{"title":"Fotowettbewerb - Deutsch-Franz\u00f6sische Gesellschaft M\u00fcnster e.V.","description":"DFGMS, Fotowettbewerb, Innovative Mobilit\u00e4t, M\u00fcnster, Muenster, Orleans, Deutsch-Franz\u00f6sische Gesellschaft, Mai, Zukunft","robots":{"index":"index","follow":"follow","max-snippet":"max-snippet:-1","max-image-preview":"max-image-preview:large","max-video-preview":"max-video-preview:-1"},"canonical":"https:\/\/www.muenster.org\/dfgms\/fotowettbewerb\/","og_locale":"de_DE","og_type":"article","og_title":"Fotowettbewerb - Deutsch-Franz\u00f6sische Gesellschaft M\u00fcnster e.V.","og_description":"DFGMS, Fotowettbewerb, Innovative Mobilit\u00e4t, M\u00fcnster, Muenster, Orleans, Deutsch-Franz\u00f6sische Gesellschaft, Mai, Zukunft","og_url":"https:\/\/www.muenster.org\/dfgms\/fotowettbewerb\/","og_site_name":"Deutsch-Franz\u00f6sische Gesellschaft M\u00fcnster e.V.","article_modified_time":"2021-05-07T10:07:46+00:00","twitter_card":"summary_large_image","twitter_misc":{"Gesch\u00e4tzte Lesezeit":"2\u00a0Minuten"},"schema":{"@context":"https:\/\/schema.org","@graph":[{"@type":"WebPage","@id":"https:\/\/www.muenster.org\/dfgms\/fotowettbewerb\/","url":"https:\/\/www.muenster.org\/dfgms\/fotowettbewerb\/","name":"Fotowettbewerb - Deutsch-Franz\u00f6sische Gesellschaft M\u00fcnster e.V.","isPartOf":{"@id":"https:\/\/www.muenster.org\/dfgms\/#website"},"datePublished":"2021-04-18T11:19:00+00:00","dateModified":"2021-05-07T10:07:46+00:00","description":"DFGMS, Fotowettbewerb, Innovative Mobilit\u00e4t, M\u00fcnster, Muenster, Orleans, Deutsch-Franz\u00f6sische Gesellschaft, Mai, Zukunft","breadcrumb":{"@id":"https:\/\/www.muenster.org\/dfgms\/fotowettbewerb\/#breadcrumb"},"inLanguage":"de","potentialAction":[{"@type":"ReadAction","target":["https:\/\/www.muenster.org\/dfgms\/fotowettbewerb\/"]}]},{"@type":"BreadcrumbList","@id":"https:\/\/www.muenster.org\/dfgms\/fotowettbewerb\/#breadcrumb","itemListElement":[{"@type":"ListItem","position":1,"name":"Startseite"},{"@type":"ListItem","position":2,"name":"Fotowettbewerb"}]},{"@type":"WebSite","@id":"https:\/\/www.muenster.org\/dfgms\/#website","url":"https:\/\/www.muenster.org\/dfgms\/","name":"Deutsch-Franz\u00f6sische Gesellschaft M\u00fcnster e.V.","description":"","publisher":{"@id":"https:\/\/www.muenster.org\/dfgms\/#organization"},"potentialAction":[{"@type":"SearchAction","target":{"@type":"EntryPoint","urlTemplate":"https:\/\/www.muenster.org\/dfgms\/?s={search_term_string}"},"query-input":{"@type":"PropertyValueSpecification","valueRequired":true,"valueName":"search_term_string"}}],"inLanguage":"de"},{"@type":"Organization","@id":"https:\/\/www.muenster.org\/dfgms\/#organization","name":"Deutsch-Franz\u00f6sische Gesellschaft M\u00fcnster e.V.","url":"https:\/\/www.muenster.org\/dfgms\/","logo":{"@type":"ImageObject","inLanguage":"de","@id":"https:\/\/www.muenster.org\/dfgms\/#\/schema\/logo\/image\/","url":"https:\/\/www.muenster.org\/dfgms\/wp-content\/uploads\/2025\/10\/NewLogoYellow-140x140-1-e1764328303462.jpg","contentUrl":"https:\/\/www.muenster.org\/dfgms\/wp-content\/uploads\/2025\/10\/NewLogoYellow-140x140-1-e1764328303462.jpg","width":110,"height":108,"caption":"Deutsch-Franz\u00f6sische Gesellschaft M\u00fcnster e.V."},"image":{"@id":"https:\/\/www.muenster.org\/dfgms\/#\/schema\/logo\/image\/"}}]}},"_links":{"self":[{"href":"https:\/\/www.muenster.org\/dfgms\/wp-json\/wp\/v2\/pages\/536","targetHints":{"allow":["GET"]}}],"collection":[{"href":"https:\/\/www.muenster.org\/dfgms\/wp-json\/wp\/v2\/pages"}],"about":[{"href":"https:\/\/www.muenster.org\/dfgms\/wp-json\/wp\/v2\/types\/page"}],"author":[{"embeddable":true,"href":"https:\/\/www.muenster.org\/dfgms\/wp-json\/wp\/v2\/users\/4"}],"replies":[{"embeddable":true,"href":"https:\/\/www.muenster.org\/dfgms\/wp-json\/wp\/v2\/comments?post=536"}],"version-history":[{"count":21,"href":"https:\/\/www.muenster.org\/dfgms\/wp-json\/wp\/v2\/pages\/536\/revisions"}],"predecessor-version":[{"id":640,"href":"https:\/\/www.muenster.org\/dfgms\/wp-json\/wp\/v2\/pages\/536\/revisions\/640"}],"wp:attachment":[{"href":"https:\/\/www.muenster.org\/dfgms\/wp-json\/wp\/v2\/media?parent=536"}],"curies":[{"name":"wp","href":"https:\/\/api.w.org\/{rel}","templated":true}]}}