{"id":1512,"date":"2025-10-28T11:15:38","date_gmt":"2025-10-28T10:15:38","guid":{"rendered":"https:\/\/www.muenster.org\/dfgms\/?page_id=1512"},"modified":"2025-12-20T18:02:43","modified_gmt":"2025-12-20T17:02:43","slug":"boite-aux-longs-metrages","status":"publish","type":"page","link":"https:\/\/www.muenster.org\/dfgms\/boite-aux-longs-metrages\/","title":{"rendered":"Bo\u00eete aux longs m\u00e9trages"},"content":{"rendered":"\n<p><strong>Franz\u00f6sisches Kino \u2013 gemeinsam entdecken und diskutieren!<\/strong><\/p>\n\n\n\n<p>Sie lieben <strong>franz\u00f6sische Filme<\/strong> und m\u00f6chten sich mit Gleichgesinnten \u00fcber Klassiker, Neuerscheinungen und Geheimtipps austauschen? Dann sind Sie bei unseren <strong>Filmabenden<\/strong> genau richtig! Ob romantische Kom\u00f6dien, spannende Thriller oder preisgekr\u00f6nte Meisterwerke \u2013 bei uns dreht sich alles um die Vielfalt des frankophonen Kinos.<\/p>\n\n\n\n<p><strong>Wann?<\/strong> Die n\u00e4chsten Termine finden Sie in unserem <strong><a href=\"https:\/\/www.muenster.org\/dfgms\/kalender\" target=\"_blank\" rel=\"noreferrer noopener\">Veranstaltungskalender<\/a><\/strong>.<\/p>\n\n\n\n<p><strong>Kommen Sie vorbei, tauschen Sie sich aus und lassen Sie sich von der Magie des franz\u00f6sischen Films verzaubern!<\/strong> \ud83c\udfac\ud83c\udf7f<\/p>\n","protected":false},"excerpt":{"rendered":"<p>Franz\u00f6sisches Kino \u2013 gemeinsam entdecken und diskutieren! Sie lieben franz\u00f6sische Filme und m\u00f6chten sich mit Gleichgesinnten \u00fcber Klassiker, Neuerscheinungen und Geheimtipps austauschen? Dann sind Sie bei unseren Filmabenden genau richtig! Ob romantische Kom\u00f6dien, spannende Thriller oder preisgekr\u00f6nte Meisterwerke \u2013 bei uns dreht sich alles um die Vielfalt des frankophonen Kinos. Wann? Die n\u00e4chsten Termine finden Sie in unserem Veranstaltungskalender. Kommen<\/p>\n","protected":false},"author":51,"featured_media":0,"parent":0,"menu_order":0,"comment_status":"closed","ping_status":"closed","template":"","meta":{"footnotes":""},"class_list":["post-1512","page","type-page","status-publish","hentry"],"yoast_head":"<!-- This site is optimized with the Yoast SEO plugin v26.0 - https:\/\/yoast.com\/wordpress\/plugins\/seo\/ -->\n<title>Bo\u00eete aux longs m\u00e9trages - Deutsch-Franz\u00f6sische Gesellschaft M\u00fcnster e.V.<\/title>\n<meta name=\"robots\" content=\"index, follow, max-snippet:-1, max-image-preview:large, max-video-preview:-1\" \/>\n<link rel=\"canonical\" href=\"https:\/\/www.muenster.org\/dfgms\/boite-aux-longs-metrages\/\" \/>\n<meta property=\"og:locale\" content=\"de_DE\" \/>\n<meta property=\"og:type\" content=\"article\" \/>\n<meta property=\"og:title\" content=\"Bo\u00eete aux longs m\u00e9trages - Deutsch-Franz\u00f6sische Gesellschaft M\u00fcnster e.V.\" \/>\n<meta property=\"og:description\" content=\"Franz\u00f6sisches Kino \u2013 gemeinsam entdecken und diskutieren! Sie lieben franz\u00f6sische Filme und m\u00f6chten sich mit Gleichgesinnten \u00fcber Klassiker, Neuerscheinungen und Geheimtipps austauschen? Dann sind Sie bei unseren Filmabenden genau richtig! Ob romantische Kom\u00f6dien, spannende Thriller oder preisgekr\u00f6nte Meisterwerke \u2013 bei uns dreht sich alles um die Vielfalt des frankophonen Kinos. Wann? Die n\u00e4chsten Termine finden Sie in unserem Veranstaltungskalender. Kommen\" \/>\n<meta property=\"og:url\" content=\"https:\/\/www.muenster.org\/dfgms\/boite-aux-longs-metrages\/\" \/>\n<meta property=\"og:site_name\" content=\"Deutsch-Franz\u00f6sische Gesellschaft M\u00fcnster e.V.\" \/>\n<meta property=\"article:modified_time\" content=\"2025-12-20T17:02:43+00:00\" \/>\n<meta name=\"twitter:card\" content=\"summary_large_image\" \/>\n<meta name=\"twitter:label1\" content=\"Gesch\u00e4tzte Lesezeit\" \/>\n\t<meta name=\"twitter:data1\" content=\"1\u00a0Minute\" \/>\n<script type=\"application\/ld+json\" class=\"yoast-schema-graph\">{\"@context\":\"https:\/\/schema.org\",\"@graph\":[{\"@type\":\"WebPage\",\"@id\":\"https:\/\/www.muenster.org\/dfgms\/boite-aux-longs-metrages\/\",\"url\":\"https:\/\/www.muenster.org\/dfgms\/boite-aux-longs-metrages\/\",\"name\":\"Bo\u00eete aux longs m\u00e9trages - Deutsch-Franz\u00f6sische Gesellschaft M\u00fcnster e.V.\",\"isPartOf\":{\"@id\":\"https:\/\/www.muenster.org\/dfgms\/#website\"},\"datePublished\":\"2025-10-28T10:15:38+00:00\",\"dateModified\":\"2025-12-20T17:02:43+00:00\",\"breadcrumb\":{\"@id\":\"https:\/\/www.muenster.org\/dfgms\/boite-aux-longs-metrages\/#breadcrumb\"},\"inLanguage\":\"de\",\"potentialAction\":[{\"@type\":\"ReadAction\",\"target\":[\"https:\/\/www.muenster.org\/dfgms\/boite-aux-longs-metrages\/\"]}]},{\"@type\":\"BreadcrumbList\",\"@id\":\"https:\/\/www.muenster.org\/dfgms\/boite-aux-longs-metrages\/#breadcrumb\",\"itemListElement\":[{\"@type\":\"ListItem\",\"position\":1,\"name\":\"Startseite\"},{\"@type\":\"ListItem\",\"position\":2,\"name\":\"Bo\u00eete aux longs m\u00e9trages\"}]},{\"@type\":\"WebSite\",\"@id\":\"https:\/\/www.muenster.org\/dfgms\/#website\",\"url\":\"https:\/\/www.muenster.org\/dfgms\/\",\"name\":\"Deutsch-Franz\u00f6sische Gesellschaft M\u00fcnster e.V.\",\"description\":\"\",\"publisher\":{\"@id\":\"https:\/\/www.muenster.org\/dfgms\/#organization\"},\"potentialAction\":[{\"@type\":\"SearchAction\",\"target\":{\"@type\":\"EntryPoint\",\"urlTemplate\":\"https:\/\/www.muenster.org\/dfgms\/?s={search_term_string}\"},\"query-input\":{\"@type\":\"PropertyValueSpecification\",\"valueRequired\":true,\"valueName\":\"search_term_string\"}}],\"inLanguage\":\"de\"},{\"@type\":\"Organization\",\"@id\":\"https:\/\/www.muenster.org\/dfgms\/#organization\",\"name\":\"Deutsch-Franz\u00f6sische Gesellschaft M\u00fcnster e.V.\",\"url\":\"https:\/\/www.muenster.org\/dfgms\/\",\"logo\":{\"@type\":\"ImageObject\",\"inLanguage\":\"de\",\"@id\":\"https:\/\/www.muenster.org\/dfgms\/#\/schema\/logo\/image\/\",\"url\":\"https:\/\/www.muenster.org\/dfgms\/wp-content\/uploads\/2025\/10\/NewLogoYellow-140x140-1-e1764328303462.jpg\",\"contentUrl\":\"https:\/\/www.muenster.org\/dfgms\/wp-content\/uploads\/2025\/10\/NewLogoYellow-140x140-1-e1764328303462.jpg\",\"width\":110,\"height\":108,\"caption\":\"Deutsch-Franz\u00f6sische Gesellschaft M\u00fcnster e.V.\"},\"image\":{\"@id\":\"https:\/\/www.muenster.org\/dfgms\/#\/schema\/logo\/image\/\"}}]}<\/script>\n<!-- \/ Yoast SEO plugin. -->","yoast_head_json":{"title":"Bo\u00eete aux longs m\u00e9trages - Deutsch-Franz\u00f6sische Gesellschaft M\u00fcnster e.V.","robots":{"index":"index","follow":"follow","max-snippet":"max-snippet:-1","max-image-preview":"max-image-preview:large","max-video-preview":"max-video-preview:-1"},"canonical":"https:\/\/www.muenster.org\/dfgms\/boite-aux-longs-metrages\/","og_locale":"de_DE","og_type":"article","og_title":"Bo\u00eete aux longs m\u00e9trages - Deutsch-Franz\u00f6sische Gesellschaft M\u00fcnster e.V.","og_description":"Franz\u00f6sisches Kino \u2013 gemeinsam entdecken und diskutieren! Sie lieben franz\u00f6sische Filme und m\u00f6chten sich mit Gleichgesinnten \u00fcber Klassiker, Neuerscheinungen und Geheimtipps austauschen? Dann sind Sie bei unseren Filmabenden genau richtig! Ob romantische Kom\u00f6dien, spannende Thriller oder preisgekr\u00f6nte Meisterwerke \u2013 bei uns dreht sich alles um die Vielfalt des frankophonen Kinos. Wann? Die n\u00e4chsten Termine finden Sie in unserem Veranstaltungskalender. Kommen","og_url":"https:\/\/www.muenster.org\/dfgms\/boite-aux-longs-metrages\/","og_site_name":"Deutsch-Franz\u00f6sische Gesellschaft M\u00fcnster e.V.","article_modified_time":"2025-12-20T17:02:43+00:00","twitter_card":"summary_large_image","twitter_misc":{"Gesch\u00e4tzte Lesezeit":"1\u00a0Minute"},"schema":{"@context":"https:\/\/schema.org","@graph":[{"@type":"WebPage","@id":"https:\/\/www.muenster.org\/dfgms\/boite-aux-longs-metrages\/","url":"https:\/\/www.muenster.org\/dfgms\/boite-aux-longs-metrages\/","name":"Bo\u00eete aux longs m\u00e9trages - Deutsch-Franz\u00f6sische Gesellschaft M\u00fcnster e.V.","isPartOf":{"@id":"https:\/\/www.muenster.org\/dfgms\/#website"},"datePublished":"2025-10-28T10:15:38+00:00","dateModified":"2025-12-20T17:02:43+00:00","breadcrumb":{"@id":"https:\/\/www.muenster.org\/dfgms\/boite-aux-longs-metrages\/#breadcrumb"},"inLanguage":"de","potentialAction":[{"@type":"ReadAction","target":["https:\/\/www.muenster.org\/dfgms\/boite-aux-longs-metrages\/"]}]},{"@type":"BreadcrumbList","@id":"https:\/\/www.muenster.org\/dfgms\/boite-aux-longs-metrages\/#breadcrumb","itemListElement":[{"@type":"ListItem","position":1,"name":"Startseite"},{"@type":"ListItem","position":2,"name":"Bo\u00eete aux longs m\u00e9trages"}]},{"@type":"WebSite","@id":"https:\/\/www.muenster.org\/dfgms\/#website","url":"https:\/\/www.muenster.org\/dfgms\/","name":"Deutsch-Franz\u00f6sische Gesellschaft M\u00fcnster e.V.","description":"","publisher":{"@id":"https:\/\/www.muenster.org\/dfgms\/#organization"},"potentialAction":[{"@type":"SearchAction","target":{"@type":"EntryPoint","urlTemplate":"https:\/\/www.muenster.org\/dfgms\/?s={search_term_string}"},"query-input":{"@type":"PropertyValueSpecification","valueRequired":true,"valueName":"search_term_string"}}],"inLanguage":"de"},{"@type":"Organization","@id":"https:\/\/www.muenster.org\/dfgms\/#organization","name":"Deutsch-Franz\u00f6sische Gesellschaft M\u00fcnster e.V.","url":"https:\/\/www.muenster.org\/dfgms\/","logo":{"@type":"ImageObject","inLanguage":"de","@id":"https:\/\/www.muenster.org\/dfgms\/#\/schema\/logo\/image\/","url":"https:\/\/www.muenster.org\/dfgms\/wp-content\/uploads\/2025\/10\/NewLogoYellow-140x140-1-e1764328303462.jpg","contentUrl":"https:\/\/www.muenster.org\/dfgms\/wp-content\/uploads\/2025\/10\/NewLogoYellow-140x140-1-e1764328303462.jpg","width":110,"height":108,"caption":"Deutsch-Franz\u00f6sische Gesellschaft M\u00fcnster e.V."},"image":{"@id":"https:\/\/www.muenster.org\/dfgms\/#\/schema\/logo\/image\/"}}]}},"_links":{"self":[{"href":"https:\/\/www.muenster.org\/dfgms\/wp-json\/wp\/v2\/pages\/1512","targetHints":{"allow":["GET"]}}],"collection":[{"href":"https:\/\/www.muenster.org\/dfgms\/wp-json\/wp\/v2\/pages"}],"about":[{"href":"https:\/\/www.muenster.org\/dfgms\/wp-json\/wp\/v2\/types\/page"}],"author":[{"embeddable":true,"href":"https:\/\/www.muenster.org\/dfgms\/wp-json\/wp\/v2\/users\/51"}],"replies":[{"embeddable":true,"href":"https:\/\/www.muenster.org\/dfgms\/wp-json\/wp\/v2\/comments?post=1512"}],"version-history":[{"count":2,"href":"https:\/\/www.muenster.org\/dfgms\/wp-json\/wp\/v2\/pages\/1512\/revisions"}],"predecessor-version":[{"id":1717,"href":"https:\/\/www.muenster.org\/dfgms\/wp-json\/wp\/v2\/pages\/1512\/revisions\/1717"}],"wp:attachment":[{"href":"https:\/\/www.muenster.org\/dfgms\/wp-json\/wp\/v2\/media?parent=1512"}],"curies":[{"name":"wp","href":"https:\/\/api.w.org\/{rel}","templated":true}]}}