{"id":1497,"date":"2025-10-27T19:41:09","date_gmt":"2025-10-27T18:41:09","guid":{"rendered":"https:\/\/www.muenster.org\/dfgms\/?page_id=1497"},"modified":"2026-02-20T11:13:45","modified_gmt":"2026-02-20T10:13:45","slug":"club-francais","status":"publish","type":"page","link":"https:\/\/www.muenster.org\/dfgms\/club-francais\/","title":{"rendered":"Club fran\u00e7ais"},"content":{"rendered":"\n<p><strong>Rejoignez-nous chaque dernier mardi du mois pour une soir\u00e9e conviviale et gourmande, enti\u00e8rement en fran\u00e7ais !<\/strong><\/p>\n\n\n\n<p>Que vous soyez francophone, francophile ou simplement curieux de pratiquer la langue de Moli\u00e8re dans une ambiance chaleureuse, nos d\u00eeners mensuels sont l\u2019occasion id\u00e9ale de partager un bon repas, d\u2019\u00e9changer et de tisser des liens autour de la culture fran\u00e7aise. Une exp\u00e9rience unique pour vivre la francophonie \u00e0 M\u00fcnster, dans une atmosph\u00e8re d\u00e9tendue et accueillante.<\/p>\n\n\n\n<p>Le lieu de rencontre (Caf\u00e9 Klemens) est \u00e0 confirmer. Il sera confirm\u00e9 1 ou 2 jours avant notre rencontre.<\/p>\n\n\n\n<div class=\"wp-block-columns is-layout-flex wp-container-core-columns-is-layout-9d6595d7 wp-block-columns-is-layout-flex\">\n<div class=\"wp-block-column is-layout-flow wp-block-column-is-layout-flow\">\n<figure class=\"wp-block-image size-full\"><img loading=\"lazy\" decoding=\"async\" width=\"1024\" height=\"683\" src=\"\/\/www.muenster.org\/dfgms\/wp-content\/uploads\/2026\/02\/Klemens-e1771582376829.jpg\" alt=\"\" class=\"wp-image-1922\"\/><\/figure>\n<\/div>\n\n\n\n<div class=\"wp-block-column is-layout-flow wp-block-column-is-layout-flow\">\n<iframe src=\"https:\/\/www.google.com\/maps\/embed?pb=!1m18!1m12!1m3!1d2458.5002096982416!2d7.626775676156617!3d51.96130487744384!2m3!1f0!2f0!3f0!3m2!1i1024!2i768!4f13.1!3m3!1m2!1s0x47b9bac349875abd%3A0x4b74df73b7606cd7!2sKlemensstra%C3%9Fe%2010%2C%2048143%20M%C3%BCnster!5e0!3m2!1sfr!2sde!4v1771582076362!5m2!1sfr!2sde\" width=\"600\" height=\"450\" style=\"border:0;\" allowfullscreen=\"\" loading=\"lazy\" referrerpolicy=\"no-referrer-when-downgrade\"><\/iframe>\n<\/div>\n<\/div>\n","protected":false},"excerpt":{"rendered":"<p>Rejoignez-nous chaque dernier mardi du mois pour une soir\u00e9e conviviale et gourmande, enti\u00e8rement en fran\u00e7ais ! Que vous soyez francophone, francophile ou simplement curieux de pratiquer la langue de Moli\u00e8re dans une ambiance chaleureuse, nos d\u00eeners mensuels sont l\u2019occasion id\u00e9ale de partager un bon repas, d\u2019\u00e9changer et de tisser des liens autour de la culture fran\u00e7aise. Une exp\u00e9rience unique pour<\/p>\n","protected":false},"author":51,"featured_media":0,"parent":0,"menu_order":0,"comment_status":"closed","ping_status":"closed","template":"","meta":{"footnotes":""},"class_list":["post-1497","page","type-page","status-publish","hentry"],"yoast_head":"<!-- This site is optimized with the Yoast SEO plugin v26.0 - https:\/\/yoast.com\/wordpress\/plugins\/seo\/ -->\n<title>Club fran\u00e7ais - Deutsch-Franz\u00f6sische Gesellschaft M\u00fcnster e.V.<\/title>\n<meta name=\"robots\" content=\"index, follow, max-snippet:-1, max-image-preview:large, max-video-preview:-1\" \/>\n<link rel=\"canonical\" href=\"https:\/\/www.muenster.org\/dfgms\/club-francais\/\" \/>\n<meta property=\"og:locale\" content=\"de_DE\" \/>\n<meta property=\"og:type\" content=\"article\" \/>\n<meta property=\"og:title\" content=\"Club fran\u00e7ais - Deutsch-Franz\u00f6sische Gesellschaft M\u00fcnster e.V.\" \/>\n<meta property=\"og:description\" content=\"Rejoignez-nous chaque dernier mardi du mois pour une soir\u00e9e conviviale et gourmande, enti\u00e8rement en fran\u00e7ais ! Que vous soyez francophone, francophile ou simplement curieux de pratiquer la langue de Moli\u00e8re dans une ambiance chaleureuse, nos d\u00eeners mensuels sont l\u2019occasion id\u00e9ale de partager un bon repas, d\u2019\u00e9changer et de tisser des liens autour de la culture fran\u00e7aise. Une exp\u00e9rience unique pour\" \/>\n<meta property=\"og:url\" content=\"https:\/\/www.muenster.org\/dfgms\/club-francais\/\" \/>\n<meta property=\"og:site_name\" content=\"Deutsch-Franz\u00f6sische Gesellschaft M\u00fcnster e.V.\" \/>\n<meta property=\"article:modified_time\" content=\"2026-02-20T10:13:45+00:00\" \/>\n<meta name=\"twitter:card\" content=\"summary_large_image\" \/>\n<meta name=\"twitter:label1\" content=\"Gesch\u00e4tzte Lesezeit\" \/>\n\t<meta name=\"twitter:data1\" content=\"1\u00a0Minute\" \/>\n<script type=\"application\/ld+json\" class=\"yoast-schema-graph\">{\"@context\":\"https:\/\/schema.org\",\"@graph\":[{\"@type\":\"WebPage\",\"@id\":\"https:\/\/www.muenster.org\/dfgms\/club-francais\/\",\"url\":\"https:\/\/www.muenster.org\/dfgms\/club-francais\/\",\"name\":\"Club fran\u00e7ais - Deutsch-Franz\u00f6sische Gesellschaft M\u00fcnster e.V.\",\"isPartOf\":{\"@id\":\"https:\/\/www.muenster.org\/dfgms\/#website\"},\"datePublished\":\"2025-10-27T18:41:09+00:00\",\"dateModified\":\"2026-02-20T10:13:45+00:00\",\"breadcrumb\":{\"@id\":\"https:\/\/www.muenster.org\/dfgms\/club-francais\/#breadcrumb\"},\"inLanguage\":\"de\",\"potentialAction\":[{\"@type\":\"ReadAction\",\"target\":[\"https:\/\/www.muenster.org\/dfgms\/club-francais\/\"]}]},{\"@type\":\"BreadcrumbList\",\"@id\":\"https:\/\/www.muenster.org\/dfgms\/club-francais\/#breadcrumb\",\"itemListElement\":[{\"@type\":\"ListItem\",\"position\":1,\"name\":\"Startseite\"},{\"@type\":\"ListItem\",\"position\":2,\"name\":\"Club fran\u00e7ais\"}]},{\"@type\":\"WebSite\",\"@id\":\"https:\/\/www.muenster.org\/dfgms\/#website\",\"url\":\"https:\/\/www.muenster.org\/dfgms\/\",\"name\":\"Deutsch-Franz\u00f6sische Gesellschaft M\u00fcnster e.V.\",\"description\":\"\",\"publisher\":{\"@id\":\"https:\/\/www.muenster.org\/dfgms\/#organization\"},\"potentialAction\":[{\"@type\":\"SearchAction\",\"target\":{\"@type\":\"EntryPoint\",\"urlTemplate\":\"https:\/\/www.muenster.org\/dfgms\/?s={search_term_string}\"},\"query-input\":{\"@type\":\"PropertyValueSpecification\",\"valueRequired\":true,\"valueName\":\"search_term_string\"}}],\"inLanguage\":\"de\"},{\"@type\":\"Organization\",\"@id\":\"https:\/\/www.muenster.org\/dfgms\/#organization\",\"name\":\"Deutsch-Franz\u00f6sische Gesellschaft M\u00fcnster e.V.\",\"url\":\"https:\/\/www.muenster.org\/dfgms\/\",\"logo\":{\"@type\":\"ImageObject\",\"inLanguage\":\"de\",\"@id\":\"https:\/\/www.muenster.org\/dfgms\/#\/schema\/logo\/image\/\",\"url\":\"https:\/\/www.muenster.org\/dfgms\/wp-content\/uploads\/2025\/10\/NewLogoYellow-140x140-1-e1764328303462.jpg\",\"contentUrl\":\"https:\/\/www.muenster.org\/dfgms\/wp-content\/uploads\/2025\/10\/NewLogoYellow-140x140-1-e1764328303462.jpg\",\"width\":110,\"height\":108,\"caption\":\"Deutsch-Franz\u00f6sische Gesellschaft M\u00fcnster e.V.\"},\"image\":{\"@id\":\"https:\/\/www.muenster.org\/dfgms\/#\/schema\/logo\/image\/\"}}]}<\/script>\n<!-- \/ Yoast SEO plugin. -->","yoast_head_json":{"title":"Club fran\u00e7ais - Deutsch-Franz\u00f6sische Gesellschaft M\u00fcnster e.V.","robots":{"index":"index","follow":"follow","max-snippet":"max-snippet:-1","max-image-preview":"max-image-preview:large","max-video-preview":"max-video-preview:-1"},"canonical":"https:\/\/www.muenster.org\/dfgms\/club-francais\/","og_locale":"de_DE","og_type":"article","og_title":"Club fran\u00e7ais - Deutsch-Franz\u00f6sische Gesellschaft M\u00fcnster e.V.","og_description":"Rejoignez-nous chaque dernier mardi du mois pour une soir\u00e9e conviviale et gourmande, enti\u00e8rement en fran\u00e7ais ! Que vous soyez francophone, francophile ou simplement curieux de pratiquer la langue de Moli\u00e8re dans une ambiance chaleureuse, nos d\u00eeners mensuels sont l\u2019occasion id\u00e9ale de partager un bon repas, d\u2019\u00e9changer et de tisser des liens autour de la culture fran\u00e7aise. Une exp\u00e9rience unique pour","og_url":"https:\/\/www.muenster.org\/dfgms\/club-francais\/","og_site_name":"Deutsch-Franz\u00f6sische Gesellschaft M\u00fcnster e.V.","article_modified_time":"2026-02-20T10:13:45+00:00","twitter_card":"summary_large_image","twitter_misc":{"Gesch\u00e4tzte Lesezeit":"1\u00a0Minute"},"schema":{"@context":"https:\/\/schema.org","@graph":[{"@type":"WebPage","@id":"https:\/\/www.muenster.org\/dfgms\/club-francais\/","url":"https:\/\/www.muenster.org\/dfgms\/club-francais\/","name":"Club fran\u00e7ais - Deutsch-Franz\u00f6sische Gesellschaft M\u00fcnster e.V.","isPartOf":{"@id":"https:\/\/www.muenster.org\/dfgms\/#website"},"datePublished":"2025-10-27T18:41:09+00:00","dateModified":"2026-02-20T10:13:45+00:00","breadcrumb":{"@id":"https:\/\/www.muenster.org\/dfgms\/club-francais\/#breadcrumb"},"inLanguage":"de","potentialAction":[{"@type":"ReadAction","target":["https:\/\/www.muenster.org\/dfgms\/club-francais\/"]}]},{"@type":"BreadcrumbList","@id":"https:\/\/www.muenster.org\/dfgms\/club-francais\/#breadcrumb","itemListElement":[{"@type":"ListItem","position":1,"name":"Startseite"},{"@type":"ListItem","position":2,"name":"Club fran\u00e7ais"}]},{"@type":"WebSite","@id":"https:\/\/www.muenster.org\/dfgms\/#website","url":"https:\/\/www.muenster.org\/dfgms\/","name":"Deutsch-Franz\u00f6sische Gesellschaft M\u00fcnster e.V.","description":"","publisher":{"@id":"https:\/\/www.muenster.org\/dfgms\/#organization"},"potentialAction":[{"@type":"SearchAction","target":{"@type":"EntryPoint","urlTemplate":"https:\/\/www.muenster.org\/dfgms\/?s={search_term_string}"},"query-input":{"@type":"PropertyValueSpecification","valueRequired":true,"valueName":"search_term_string"}}],"inLanguage":"de"},{"@type":"Organization","@id":"https:\/\/www.muenster.org\/dfgms\/#organization","name":"Deutsch-Franz\u00f6sische Gesellschaft M\u00fcnster e.V.","url":"https:\/\/www.muenster.org\/dfgms\/","logo":{"@type":"ImageObject","inLanguage":"de","@id":"https:\/\/www.muenster.org\/dfgms\/#\/schema\/logo\/image\/","url":"https:\/\/www.muenster.org\/dfgms\/wp-content\/uploads\/2025\/10\/NewLogoYellow-140x140-1-e1764328303462.jpg","contentUrl":"https:\/\/www.muenster.org\/dfgms\/wp-content\/uploads\/2025\/10\/NewLogoYellow-140x140-1-e1764328303462.jpg","width":110,"height":108,"caption":"Deutsch-Franz\u00f6sische Gesellschaft M\u00fcnster e.V."},"image":{"@id":"https:\/\/www.muenster.org\/dfgms\/#\/schema\/logo\/image\/"}}]}},"_links":{"self":[{"href":"https:\/\/www.muenster.org\/dfgms\/wp-json\/wp\/v2\/pages\/1497","targetHints":{"allow":["GET"]}}],"collection":[{"href":"https:\/\/www.muenster.org\/dfgms\/wp-json\/wp\/v2\/pages"}],"about":[{"href":"https:\/\/www.muenster.org\/dfgms\/wp-json\/wp\/v2\/types\/page"}],"author":[{"embeddable":true,"href":"https:\/\/www.muenster.org\/dfgms\/wp-json\/wp\/v2\/users\/51"}],"replies":[{"embeddable":true,"href":"https:\/\/www.muenster.org\/dfgms\/wp-json\/wp\/v2\/comments?post=1497"}],"version-history":[{"count":7,"href":"https:\/\/www.muenster.org\/dfgms\/wp-json\/wp\/v2\/pages\/1497\/revisions"}],"predecessor-version":[{"id":1924,"href":"https:\/\/www.muenster.org\/dfgms\/wp-json\/wp\/v2\/pages\/1497\/revisions\/1924"}],"wp:attachment":[{"href":"https:\/\/www.muenster.org\/dfgms\/wp-json\/wp\/v2\/media?parent=1497"}],"curies":[{"name":"wp","href":"https:\/\/api.w.org\/{rel}","templated":true}]}}