{"id":1495,"date":"2025-10-27T19:35:21","date_gmt":"2025-10-27T18:35:21","guid":{"rendered":"https:\/\/www.muenster.org\/dfgms\/?page_id=1495"},"modified":"2026-01-31T16:07:07","modified_gmt":"2026-01-31T15:07:07","slug":"dfg-stammtisch","status":"publish","type":"page","link":"https:\/\/www.muenster.org\/dfgms\/dfg-stammtisch\/","title":{"rendered":"DFG-Stammtisch"},"content":{"rendered":"\n<p><strong>Unser Stammtisch \u2013 wo Freundschaften entstehen und Ideen lebendig werden!<\/strong><\/p>\n\n\n\n<p>Jeden <strong>ersten und dritten Montag im Monat ab 20 Uhr<\/strong> \u00f6ffnen wir im gem\u00fctlichen <strong>Caf\u00e9 Wolters I (Hammerstra\u00dfe 37, M\u00fcnster)<\/strong> unsere T\u00fcren f\u00fcr alle, die Frankreich lieben, die franz\u00f6sische Sprache sch\u00e4tzen oder einfach neugierig auf internationale Begegnungen sind. Egal, ob Sie bereits Mitglied sind, es werden m\u00f6chten oder einfach nur mal reinschnuppern wollen \u2013 bei uns ist jeder herzlich willkommen!<\/p>\n\n\n\n<p><strong>Was Sie erwartet:<\/strong><\/p>\n\n\n\n<ul class=\"wp-block-list\">\n<li><strong>Ein buntes Miteinander:<\/strong> Bei uns treffen sich Menschen aller Generationen und Nationalit\u00e4ten \u2013 von Studierenden \u00fcber Berufst\u00e4tige bis zu Frankreich-Enthusiasten. Wir diskutieren freundschaftlich und nat\u00fcrlich respektvoll \u00fcber alle m\u00f6glichen Themen. Diese Vielfalt macht jeden Abend zu einem besonderen Erlebnis!<\/li>\n\n\n\n<li><strong>Sprache ohne Grenzen:<\/strong> Ob auf Deutsch, Franz\u00f6sisch oder in einer Mischung aus beidem \u2013 bei uns wird gesprochen, was Spa\u00df macht. Frankophone G\u00e4ste sorgen f\u00fcr authentischen Charme und helfen Ihnen gerne, Ihr Franz\u00f6sisch zu \u00fcben.<\/li>\n\n\n\n<li><strong>Mitmachen &amp; Mitgestalten:<\/strong> Sie m\u00f6chten sich engagieren? Am Stammtisch finden Sie spontan Gleichgesinnte f\u00fcr unsere \u00f6ffentlichen Veranstaltungen oder spannende DFG-Projekte. Hier entstehen Ideen, Teams und neue Initiativen \u2013 ganz unkompliziert!<\/li>\n\n\n\n<li><strong>Ihr Sprungbrett f\u00fcr mehr:<\/strong> Sie haben eine kreative Idee f\u00fcr das DFG-Programm? Oder suchen Mitstreiter f\u00fcr ein Projekt? Der Stammtisch ist der perfekte Ort, um Kontakte zu kn\u00fcpfen und gemeinsam etwas zu bewegen.<\/li>\n<\/ul>\n\n\n\n<p><strong>Kommen Sie vorbei \u2013 wir freuen uns auf Sie!<\/strong> Ob zum Plaudern, Planen oder einfach nur zum Genie\u00dfen: Unser Stammtisch ist der ideale Ort, um die deutsch-franz\u00f6sische Freundschaft lebendig zu erleben. <\/p>\n\n\n\n<p><strong>\u00c0 bient\u00f4t \u2013 bis bald!<\/strong><\/p>\n\n\n\n<div class=\"wp-block-columns is-layout-flex wp-container-core-columns-is-layout-9d6595d7 wp-block-columns-is-layout-flex\">\n<div class=\"wp-block-column is-layout-flow wp-block-column-is-layout-flow\">\n<figure class=\"wp-block-image size-full\"><a href=\"https:\/\/cafe-wolters.de\/\" target=\"_blank\" rel=\" noreferrer noopener\"><img loading=\"lazy\" decoding=\"async\" width=\"640\" height=\"480\" src=\"\/\/www.muenster.org\/dfgms\/wp-content\/uploads\/2017\/04\/cafe_wolters_2-1.gif\" alt=\"caf\u00e9 Wolters\" class=\"wp-image-320\"\/><\/a><\/figure>\n<\/div>\n\n\n\n<div class=\"wp-block-column is-layout-flow wp-block-column-is-layout-flow\">\n<iframe src=\"https:\/\/www.google.com\/maps\/embed?pb=!1m18!1m12!1m3!1d4135.623138295875!2d7.623150246390097!3d51.95266945907421!2m3!1f0!2f0!3f0!3m2!1i1024!2i768!4f13.1!3m3!1m2!1s0x47b9bacfb5f48147%3A0xcc9b1da59f034a08!2sWolters%20I!5e0!3m2!1sfr!2sde!4v1761466282823!5m2!1sfr!2sde\" width=\"350\" height=\"350\" style=\"border:0;\" allowfullscreen=\"\" loading=\"lazy\" referrerpolicy=\"no-referrer-when-downgrade\"><\/iframe>\n<\/div>\n<\/div>\n","protected":false},"excerpt":{"rendered":"<p>Unser Stammtisch \u2013 wo Freundschaften entstehen und Ideen lebendig werden! Jeden ersten und dritten Montag im Monat ab 20 Uhr \u00f6ffnen wir im gem\u00fctlichen Caf\u00e9 Wolters I (Hammerstra\u00dfe 37, M\u00fcnster) unsere T\u00fcren f\u00fcr alle, die Frankreich lieben, die franz\u00f6sische Sprache sch\u00e4tzen oder einfach neugierig auf internationale Begegnungen sind. Egal, ob Sie bereits Mitglied sind, es werden m\u00f6chten oder einfach nur<\/p>\n","protected":false},"author":51,"featured_media":0,"parent":0,"menu_order":0,"comment_status":"closed","ping_status":"closed","template":"","meta":{"footnotes":""},"class_list":["post-1495","page","type-page","status-publish","hentry"],"yoast_head":"<!-- This site is optimized with the Yoast SEO plugin v26.0 - https:\/\/yoast.com\/wordpress\/plugins\/seo\/ -->\n<title>DFG-Stammtisch - Deutsch-Franz\u00f6sische Gesellschaft M\u00fcnster e.V.<\/title>\n<meta name=\"robots\" content=\"index, follow, max-snippet:-1, max-image-preview:large, max-video-preview:-1\" \/>\n<link rel=\"canonical\" href=\"https:\/\/www.muenster.org\/dfgms\/dfg-stammtisch\/\" \/>\n<meta property=\"og:locale\" content=\"de_DE\" \/>\n<meta property=\"og:type\" content=\"article\" \/>\n<meta property=\"og:title\" content=\"DFG-Stammtisch - Deutsch-Franz\u00f6sische Gesellschaft M\u00fcnster e.V.\" \/>\n<meta property=\"og:description\" content=\"Unser Stammtisch \u2013 wo Freundschaften entstehen und Ideen lebendig werden! Jeden ersten und dritten Montag im Monat ab 20 Uhr \u00f6ffnen wir im gem\u00fctlichen Caf\u00e9 Wolters I (Hammerstra\u00dfe 37, M\u00fcnster) unsere T\u00fcren f\u00fcr alle, die Frankreich lieben, die franz\u00f6sische Sprache sch\u00e4tzen oder einfach neugierig auf internationale Begegnungen sind. Egal, ob Sie bereits Mitglied sind, es werden m\u00f6chten oder einfach nur\" \/>\n<meta property=\"og:url\" content=\"https:\/\/www.muenster.org\/dfgms\/dfg-stammtisch\/\" \/>\n<meta property=\"og:site_name\" content=\"Deutsch-Franz\u00f6sische Gesellschaft M\u00fcnster e.V.\" \/>\n<meta property=\"article:modified_time\" content=\"2026-01-31T15:07:07+00:00\" \/>\n<meta name=\"twitter:card\" content=\"summary_large_image\" \/>\n<meta name=\"twitter:label1\" content=\"Gesch\u00e4tzte Lesezeit\" \/>\n\t<meta name=\"twitter:data1\" content=\"2\u00a0Minuten\" \/>\n<script type=\"application\/ld+json\" class=\"yoast-schema-graph\">{\"@context\":\"https:\/\/schema.org\",\"@graph\":[{\"@type\":\"WebPage\",\"@id\":\"https:\/\/www.muenster.org\/dfgms\/dfg-stammtisch\/\",\"url\":\"https:\/\/www.muenster.org\/dfgms\/dfg-stammtisch\/\",\"name\":\"DFG-Stammtisch - Deutsch-Franz\u00f6sische Gesellschaft M\u00fcnster e.V.\",\"isPartOf\":{\"@id\":\"https:\/\/www.muenster.org\/dfgms\/#website\"},\"datePublished\":\"2025-10-27T18:35:21+00:00\",\"dateModified\":\"2026-01-31T15:07:07+00:00\",\"breadcrumb\":{\"@id\":\"https:\/\/www.muenster.org\/dfgms\/dfg-stammtisch\/#breadcrumb\"},\"inLanguage\":\"de\",\"potentialAction\":[{\"@type\":\"ReadAction\",\"target\":[\"https:\/\/www.muenster.org\/dfgms\/dfg-stammtisch\/\"]}]},{\"@type\":\"BreadcrumbList\",\"@id\":\"https:\/\/www.muenster.org\/dfgms\/dfg-stammtisch\/#breadcrumb\",\"itemListElement\":[{\"@type\":\"ListItem\",\"position\":1,\"name\":\"Startseite\"},{\"@type\":\"ListItem\",\"position\":2,\"name\":\"DFG-Stammtisch\"}]},{\"@type\":\"WebSite\",\"@id\":\"https:\/\/www.muenster.org\/dfgms\/#website\",\"url\":\"https:\/\/www.muenster.org\/dfgms\/\",\"name\":\"Deutsch-Franz\u00f6sische Gesellschaft M\u00fcnster e.V.\",\"description\":\"\",\"publisher\":{\"@id\":\"https:\/\/www.muenster.org\/dfgms\/#organization\"},\"potentialAction\":[{\"@type\":\"SearchAction\",\"target\":{\"@type\":\"EntryPoint\",\"urlTemplate\":\"https:\/\/www.muenster.org\/dfgms\/?s={search_term_string}\"},\"query-input\":{\"@type\":\"PropertyValueSpecification\",\"valueRequired\":true,\"valueName\":\"search_term_string\"}}],\"inLanguage\":\"de\"},{\"@type\":\"Organization\",\"@id\":\"https:\/\/www.muenster.org\/dfgms\/#organization\",\"name\":\"Deutsch-Franz\u00f6sische Gesellschaft M\u00fcnster e.V.\",\"url\":\"https:\/\/www.muenster.org\/dfgms\/\",\"logo\":{\"@type\":\"ImageObject\",\"inLanguage\":\"de\",\"@id\":\"https:\/\/www.muenster.org\/dfgms\/#\/schema\/logo\/image\/\",\"url\":\"https:\/\/www.muenster.org\/dfgms\/wp-content\/uploads\/2025\/10\/NewLogoYellow-140x140-1-e1764328303462.jpg\",\"contentUrl\":\"https:\/\/www.muenster.org\/dfgms\/wp-content\/uploads\/2025\/10\/NewLogoYellow-140x140-1-e1764328303462.jpg\",\"width\":110,\"height\":108,\"caption\":\"Deutsch-Franz\u00f6sische Gesellschaft M\u00fcnster e.V.\"},\"image\":{\"@id\":\"https:\/\/www.muenster.org\/dfgms\/#\/schema\/logo\/image\/\"}}]}<\/script>\n<!-- \/ Yoast SEO plugin. -->","yoast_head_json":{"title":"DFG-Stammtisch - Deutsch-Franz\u00f6sische Gesellschaft M\u00fcnster e.V.","robots":{"index":"index","follow":"follow","max-snippet":"max-snippet:-1","max-image-preview":"max-image-preview:large","max-video-preview":"max-video-preview:-1"},"canonical":"https:\/\/www.muenster.org\/dfgms\/dfg-stammtisch\/","og_locale":"de_DE","og_type":"article","og_title":"DFG-Stammtisch - Deutsch-Franz\u00f6sische Gesellschaft M\u00fcnster e.V.","og_description":"Unser Stammtisch \u2013 wo Freundschaften entstehen und Ideen lebendig werden! Jeden ersten und dritten Montag im Monat ab 20 Uhr \u00f6ffnen wir im gem\u00fctlichen Caf\u00e9 Wolters I (Hammerstra\u00dfe 37, M\u00fcnster) unsere T\u00fcren f\u00fcr alle, die Frankreich lieben, die franz\u00f6sische Sprache sch\u00e4tzen oder einfach neugierig auf internationale Begegnungen sind. Egal, ob Sie bereits Mitglied sind, es werden m\u00f6chten oder einfach nur","og_url":"https:\/\/www.muenster.org\/dfgms\/dfg-stammtisch\/","og_site_name":"Deutsch-Franz\u00f6sische Gesellschaft M\u00fcnster e.V.","article_modified_time":"2026-01-31T15:07:07+00:00","twitter_card":"summary_large_image","twitter_misc":{"Gesch\u00e4tzte Lesezeit":"2\u00a0Minuten"},"schema":{"@context":"https:\/\/schema.org","@graph":[{"@type":"WebPage","@id":"https:\/\/www.muenster.org\/dfgms\/dfg-stammtisch\/","url":"https:\/\/www.muenster.org\/dfgms\/dfg-stammtisch\/","name":"DFG-Stammtisch - Deutsch-Franz\u00f6sische Gesellschaft M\u00fcnster e.V.","isPartOf":{"@id":"https:\/\/www.muenster.org\/dfgms\/#website"},"datePublished":"2025-10-27T18:35:21+00:00","dateModified":"2026-01-31T15:07:07+00:00","breadcrumb":{"@id":"https:\/\/www.muenster.org\/dfgms\/dfg-stammtisch\/#breadcrumb"},"inLanguage":"de","potentialAction":[{"@type":"ReadAction","target":["https:\/\/www.muenster.org\/dfgms\/dfg-stammtisch\/"]}]},{"@type":"BreadcrumbList","@id":"https:\/\/www.muenster.org\/dfgms\/dfg-stammtisch\/#breadcrumb","itemListElement":[{"@type":"ListItem","position":1,"name":"Startseite"},{"@type":"ListItem","position":2,"name":"DFG-Stammtisch"}]},{"@type":"WebSite","@id":"https:\/\/www.muenster.org\/dfgms\/#website","url":"https:\/\/www.muenster.org\/dfgms\/","name":"Deutsch-Franz\u00f6sische Gesellschaft M\u00fcnster e.V.","description":"","publisher":{"@id":"https:\/\/www.muenster.org\/dfgms\/#organization"},"potentialAction":[{"@type":"SearchAction","target":{"@type":"EntryPoint","urlTemplate":"https:\/\/www.muenster.org\/dfgms\/?s={search_term_string}"},"query-input":{"@type":"PropertyValueSpecification","valueRequired":true,"valueName":"search_term_string"}}],"inLanguage":"de"},{"@type":"Organization","@id":"https:\/\/www.muenster.org\/dfgms\/#organization","name":"Deutsch-Franz\u00f6sische Gesellschaft M\u00fcnster e.V.","url":"https:\/\/www.muenster.org\/dfgms\/","logo":{"@type":"ImageObject","inLanguage":"de","@id":"https:\/\/www.muenster.org\/dfgms\/#\/schema\/logo\/image\/","url":"https:\/\/www.muenster.org\/dfgms\/wp-content\/uploads\/2025\/10\/NewLogoYellow-140x140-1-e1764328303462.jpg","contentUrl":"https:\/\/www.muenster.org\/dfgms\/wp-content\/uploads\/2025\/10\/NewLogoYellow-140x140-1-e1764328303462.jpg","width":110,"height":108,"caption":"Deutsch-Franz\u00f6sische Gesellschaft M\u00fcnster e.V."},"image":{"@id":"https:\/\/www.muenster.org\/dfgms\/#\/schema\/logo\/image\/"}}]}},"_links":{"self":[{"href":"https:\/\/www.muenster.org\/dfgms\/wp-json\/wp\/v2\/pages\/1495","targetHints":{"allow":["GET"]}}],"collection":[{"href":"https:\/\/www.muenster.org\/dfgms\/wp-json\/wp\/v2\/pages"}],"about":[{"href":"https:\/\/www.muenster.org\/dfgms\/wp-json\/wp\/v2\/types\/page"}],"author":[{"embeddable":true,"href":"https:\/\/www.muenster.org\/dfgms\/wp-json\/wp\/v2\/users\/51"}],"replies":[{"embeddable":true,"href":"https:\/\/www.muenster.org\/dfgms\/wp-json\/wp\/v2\/comments?post=1495"}],"version-history":[{"count":3,"href":"https:\/\/www.muenster.org\/dfgms\/wp-json\/wp\/v2\/pages\/1495\/revisions"}],"predecessor-version":[{"id":1890,"href":"https:\/\/www.muenster.org\/dfgms\/wp-json\/wp\/v2\/pages\/1495\/revisions\/1890"}],"wp:attachment":[{"href":"https:\/\/www.muenster.org\/dfgms\/wp-json\/wp\/v2\/media?parent=1495"}],"curies":[{"name":"wp","href":"https:\/\/api.w.org\/{rel}","templated":true}]}}