{"id":78,"date":"2021-12-18T13:33:36","date_gmt":"2021-12-18T12:33:36","guid":{"rendered":"https:\/\/www.muenster.org\/buwo\/?page_id=78"},"modified":"2022-01-03T15:25:15","modified_gmt":"2022-01-03T14:25:15","slug":"was-wir-tun","status":"publish","type":"page","link":"https:\/\/www.muenster.org\/buwo\/was-wir-tun\/","title":{"rendered":"Was wir tun"},"content":{"rendered":"<h1>Was wir tun<\/h1>\n<p>Seit einigen Jahren hat sich die Haltung der Stadt M\u00fcnster gegen\u00fcber Wohnprojekten sp\u00fcrbar ver\u00e4ndert: Wohnprojekte werden als Beitrag zur Stadtentwicklung verstanden und entsprechend unterst\u00fctzt. In der Folge stehen jetzt drei seit langem geplante Wohnprojekte im Prozess der Verwirklichung: Gr\u00fcner Weiler, Wigwam und S\u00fcdviertelhof. F\u00fcr diese Projekte ist das BUWO ein Ort des Austauschs, auch mit dem Ziel, gemeinsame Probleme gemeinsam anzugehen. Hier versteht sich das BUWO als wichtige Erg\u00e4nzung der Beratung durch die st\u00e4dtische Koordinationsstelle f\u00fcr gemeinschaftliches Wohnen (wohnungsamt@stadt-muenster.de, Frau Fennhoff Tel. 0251-492-6460)<\/p>\n<p>In diesem Zusammenhang bietet das BUWO allen Gruppen, die ein Wohnprojekt aufbauen wollen, solidarische Unterst\u00fctzung bei den Problemen des Starts:<\/p>\n<ul>\n<li>Wie f\u00e4ngt man an, wenn man zun\u00e4chst nur eine vage Idee hat?<\/li>\n<li>Wie gewinnt man neue Mitglieder?<\/li>\n<li>Wie finanziert man die ersten Schritte?<\/li>\n<li>Wie schafft man sich eine tragf\u00e4hige Struktur?<\/li>\n<\/ul>\n<p>F\u00fcr diese Fragen stellen wir Menschen bereit, die eigene Erfahrungen haben und die Anlaufstellen in M\u00fcnster kennen, Kontakte zu wichtigen Stellen vermitteln k\u00f6nnen.<\/p>\n<p>Eine Anfrage an unsere E-Mail-Adresse <a href=\"mailto:buwo@muenster.org\">buwo@muenster.org<\/a> stellt den Kontakt zu uns her!<\/p>\n","protected":false},"excerpt":{"rendered":"<p>Was wir tun Seit einigen Jahren hat sich die Haltung der Stadt M\u00fcnster gegen\u00fcber Wohnprojekten sp\u00fcrbar ver\u00e4ndert: Wohnprojekte werden als Beitrag zur Stadtentwicklung verstanden und entsprechend unterst\u00fctzt. In der Folge stehen jetzt drei seit langem geplante Wohnprojekte im Prozess der Verwirklichung: Gr\u00fcner Weiler, Wigwam und S\u00fcdviertelhof. F\u00fcr diese Projekte ist das BUWO ein Ort des [&hellip;]<\/p>\n","protected":false},"author":3,"featured_media":0,"parent":0,"menu_order":0,"comment_status":"closed","ping_status":"closed","template":"","meta":{"footnotes":""},"class_list":["post-78","page","type-page","status-publish","hentry","entry"],"_links":{"self":[{"href":"https:\/\/www.muenster.org\/buwo\/wp-json\/wp\/v2\/pages\/78","targetHints":{"allow":["GET"]}}],"collection":[{"href":"https:\/\/www.muenster.org\/buwo\/wp-json\/wp\/v2\/pages"}],"about":[{"href":"https:\/\/www.muenster.org\/buwo\/wp-json\/wp\/v2\/types\/page"}],"author":[{"embeddable":true,"href":"https:\/\/www.muenster.org\/buwo\/wp-json\/wp\/v2\/users\/3"}],"replies":[{"embeddable":true,"href":"https:\/\/www.muenster.org\/buwo\/wp-json\/wp\/v2\/comments?post=78"}],"version-history":[{"count":5,"href":"https:\/\/www.muenster.org\/buwo\/wp-json\/wp\/v2\/pages\/78\/revisions"}],"predecessor-version":[{"id":84,"href":"https:\/\/www.muenster.org\/buwo\/wp-json\/wp\/v2\/pages\/78\/revisions\/84"}],"wp:attachment":[{"href":"https:\/\/www.muenster.org\/buwo\/wp-json\/wp\/v2\/media?parent=78"}],"curies":[{"name":"wp","href":"https:\/\/api.w.org\/{rel}","templated":true}]}}