{"id":2,"date":"2007-10-25T14:08:29","date_gmt":"2007-10-25T12:08:29","guid":{"rendered":"http:\/\/www.muenster.org\/ams\/?page_id=2"},"modified":"2020-01-15T23:29:31","modified_gmt":"2020-01-15T22:29:31","slug":"eine-seite","status":"publish","type":"page","link":"https:\/\/www.muenster.org\/ams\/?page_id=2","title":{"rendered":"Was ist Aphasie?"},"content":{"rendered":"<p><strong>Aphasie<\/strong> (griechisch) bedeutet<strong> \u201cVerlust des Sprechverm\u00f6gens\u201d.<\/strong><\/p>\n<p>Sie haben meistens ihre Sprache nicht v\u00f6llig verloren und ist vielmehr eine Sprachst\u00f6rung, die in unterschiedlichen Formen und Schweregraden auftritt.<\/p>\n<p>Sie hat <strong>nichts<\/strong> mit geistiger Behinderung oder psychischer St\u00f6rung zu tun. Sie ver\u00e4ndert nur die F\u00e4higkeit, sich mit Sprache auszudr\u00fccken und Sprache zu verstehen. Oft ist die F\u00e4higkeit beeintr\u00e4chtigt, mit Zahlen umzugehen (Dyskalkulie) oder Zahlw\u00f6rter werden verwechselt.<\/p>\n<p><strong>Aphasiker\/innen<\/strong><\/p>\n<ul>\n<li>haben Schwierigkeiten, ihre Gedanken und Gef\u00fchle auszudr\u00fccken<\/li>\n<li>erkennen oft nicht, dass ihre Worte nicht ihren Gedanken entsprechen<\/li>\n<li>verstehen Geh\u00f6rtes oder erkennen Geschriebenes nicht richtig<\/li>\n<li>k\u00f6nnen h\u00e4ufig nicht mehr schreiben und oft nicht mehr rechnen<\/li>\n<li>m\u00fcssen T\u00e4tigkeiten mit der linken Hand neu erlernen.<\/li>\n<\/ul>\n<p><strong>H\u00e4ufige zus\u00e4tzliche Behinderungen<\/strong><\/p>\n<ul>\n<li>halbseitige L\u00e4hmungen (meist rechts)<\/li>\n<\/ul>\n<ul>\n<li>Sehbehinderung (Hemianopsie)<\/li>\n<li>Reizbarkeit u. Gef\u00fchlsschwankungen<\/li>\n<li>Krampfanf\u00e4lle<\/li>\n<\/ul>\n<p><strong>St\u00f6rungen<\/strong><\/p>\n<ul>\n<li>der K\u00f6rperwahrnehmung (Sensibilit\u00e4t)<\/li>\n<li>der Sprechmotorik (Dysartrie)<\/li>\n<li>der Bewegungsplanung (Apraxie)<\/li>\n<li>des Ged\u00e4chtnisses und der Konzentration<\/li>\n<li>des Antriebs<\/li>\n<\/ul>\n","protected":false},"excerpt":{"rendered":"<p>Aphasie (griechisch) bedeutet \u201cVerlust des Sprechverm\u00f6gens\u201d. Sie haben meistens ihre Sprache nicht v\u00f6llig verloren und ist vielmehr eine Sprachst\u00f6rung, die in unterschiedlichen Formen und Schweregraden auftritt. Sie hat nichts mit geistiger Behinderung oder psychischer St\u00f6rung zu tun. Sie ver\u00e4ndert nur die F\u00e4higkeit, sich mit Sprache auszudr\u00fccken und Sprache zu verstehen. Oft ist die F\u00e4higkeit beeintr\u00e4chtigt, [&hellip;]<\/p>\n","protected":false},"author":1,"featured_media":0,"parent":0,"menu_order":0,"comment_status":"closed","ping_status":"closed","template":"","meta":{"footnotes":""},"class_list":["post-2","page","type-page","status-publish","hentry"],"_links":{"self":[{"href":"https:\/\/www.muenster.org\/ams\/index.php?rest_route=\/wp\/v2\/pages\/2","targetHints":{"allow":["GET"]}}],"collection":[{"href":"https:\/\/www.muenster.org\/ams\/index.php?rest_route=\/wp\/v2\/pages"}],"about":[{"href":"https:\/\/www.muenster.org\/ams\/index.php?rest_route=\/wp\/v2\/types\/page"}],"author":[{"embeddable":true,"href":"https:\/\/www.muenster.org\/ams\/index.php?rest_route=\/wp\/v2\/users\/1"}],"replies":[{"embeddable":true,"href":"https:\/\/www.muenster.org\/ams\/index.php?rest_route=%2Fwp%2Fv2%2Fcomments&post=2"}],"version-history":[{"count":9,"href":"https:\/\/www.muenster.org\/ams\/index.php?rest_route=\/wp\/v2\/pages\/2\/revisions"}],"predecessor-version":[{"id":1003,"href":"https:\/\/www.muenster.org\/ams\/index.php?rest_route=\/wp\/v2\/pages\/2\/revisions\/1003"}],"wp:attachment":[{"href":"https:\/\/www.muenster.org\/ams\/index.php?rest_route=%2Fwp%2Fv2%2Fmedia&parent=2"}],"curies":[{"name":"wp","href":"https:\/\/api.w.org\/{rel}","templated":true}]}}