{"id":497,"date":"2017-03-19T21:29:02","date_gmt":"2017-03-19T20:29:02","guid":{"rendered":"http:\/\/www.muenster.org\/zwar-wolbeck\/?page_id=497"},"modified":"2025-04-23T20:55:16","modified_gmt":"2025-04-23T18:55:16","slug":"basistreffen","status":"publish","type":"page","link":"http:\/\/www.muenster.org\/zwar-wolbeck\/basistreffen\/","title":{"rendered":"Basistreffen"},"content":{"rendered":"<p style=\"text-align: center;\"><span style=\"font-size: 14pt; color: #003300; font-family: helvetica, arial, sans-serif;\">\u2665\u2665\u2665\u2665\u2665\u2665\u2665\u2665\u2665\u2665\u2665\u2665\u2665\u2665\u2665\u2665\u2665\u2665\u2665\u2665\u2665\u2665\u2665\u2665\u2665\u2665\u2665\u2665\u2665\u2665\u2665\u2665\u2665\u2665\u2665\u2665\u2665\u2665\u2665\u2665\u2665\u2665\u2665\u2665\u2665\u2665\u2665\u2665\u2665\u2665\u2665\u2665\u2665\u2665\u2665\u2665\u2665\u2665\u2665\u2665<\/span><\/p>\n<p style=\"text-align: justify;\"><strong>\u00a0\u00a0\u00a0\u00a0\u00a0\u00a0\u00a0\u00a0\u00a0\u00a0\u00a0\u00a0\u00a0\u00a0\u00a0\u00a0\u00a0\u00a0\u00a0\u00a0\u00a0\u00a0\u00a0\u00a0\u00a0\u00a0 <span style=\"color: #003300;\">Die Treffen sind nach Bedarf an einem <\/span><\/strong><span style=\"color: #003300;\"><strong>Donnerstag<\/strong><\/span><\/p>\n<h2 style=\"text-align: center;\"><span style=\"font-family: helvetica, arial, sans-serif; font-size: 14pt; color: #003300;\"><span style=\"font-size: 16pt;\">\u00a0Unser n\u00e4chstes Basistreffen ist <\/span><\/span><\/h2>\n<h2 style=\"text-align: center;\"><span style=\"font-family: helvetica, arial, sans-serif; color: #003300;\">\u00a0bei Bedarf wieder am Donnerstag<br \/>\n<\/span><\/h2>\n<p style=\"text-align: center;\"><span style=\"font-family: helvetica, arial, sans-serif; color: #003300;\"><strong><span style=\"font-size: 14pt;\">im Achatius-Haus, M\u00fcnsterstra\u00dfe 24, 48167 M\u00fcnster.<\/span> <\/strong><\/span><\/p>\n<p style=\"text-align: center;\"><span style=\"font-family: helvetica, arial, sans-serif; color: #003300;\"><strong>\u00a0\u00a0 Besucher und G\u00e4ste und Interessierte sind herzlich willkommen<\/strong><strong>\u00a0<\/strong><\/span><\/p>\n<p>&nbsp;<\/p>\n<p><span style=\"font-size: 14pt; font-family: helvetica, arial, sans-serif; color: #003300;\">\u2665\u2665\u2665\u2665\u2665\u2665\u2665\u2665\u2665\u2665\u2665\u2665\u2665\u2665\u2665\u2665\u2665\u2665\u2665\u2665\u2665\u2665\u2665\u2665\u2665\u2665\u2665\u2665\u2665\u2665\u2665\u2665\u2665\u2665\u2665\u2665\u2665\u2665\u2665\u2665\u2665\u2665\u2665\u2665\u2665\u2665\u2665\u2665\u2665\u2665\u2665\u2665\u2665\u2665\u2665\u2665\u2665\u2665\u2665\u2665\u2665<\/span><\/p>\n","protected":false},"excerpt":{"rendered":"<p>\u2665\u2665\u2665\u2665\u2665\u2665\u2665\u2665\u2665\u2665\u2665\u2665\u2665\u2665\u2665\u2665\u2665\u2665\u2665\u2665\u2665\u2665\u2665\u2665\u2665\u2665\u2665\u2665\u2665\u2665\u2665\u2665\u2665\u2665\u2665\u2665\u2665\u2665\u2665\u2665\u2665\u2665\u2665\u2665\u2665\u2665\u2665\u2665\u2665\u2665\u2665\u2665\u2665\u2665\u2665\u2665\u2665\u2665\u2665\u2665 \u00a0\u00a0\u00a0\u00a0\u00a0\u00a0\u00a0\u00a0\u00a0\u00a0\u00a0\u00a0\u00a0\u00a0\u00a0\u00a0\u00a0\u00a0\u00a0\u00a0\u00a0\u00a0\u00a0\u00a0\u00a0\u00a0 Die Treffen sind nach Bedarf an einem Donnerstag \u00a0Unser n\u00e4chstes Basistreffen ist \u00a0bei Bedarf wieder am Donnerstag im Achatius-Haus, M\u00fcnsterstra\u00dfe 24, 48167 M\u00fcnster. \u00a0\u00a0 Besucher und G\u00e4ste und Interessierte sind herzlich willkommen\u00a0 &nbsp; \u2665\u2665\u2665\u2665\u2665\u2665\u2665\u2665\u2665\u2665\u2665\u2665\u2665\u2665\u2665\u2665\u2665\u2665\u2665\u2665\u2665\u2665\u2665\u2665\u2665\u2665\u2665\u2665\u2665\u2665\u2665\u2665\u2665\u2665\u2665\u2665\u2665\u2665\u2665\u2665\u2665\u2665\u2665\u2665\u2665\u2665\u2665\u2665\u2665\u2665\u2665\u2665\u2665\u2665\u2665\u2665\u2665\u2665\u2665\u2665\u2665<\/p>\n","protected":false},"author":1,"featured_media":0,"parent":0,"menu_order":0,"comment_status":"closed","ping_status":"closed","template":"","meta":{"_bbp_topic_count":0,"_bbp_reply_count":0,"_bbp_total_topic_count":0,"_bbp_total_reply_count":0,"_bbp_voice_count":0,"_bbp_anonymous_reply_count":0,"_bbp_topic_count_hidden":0,"_bbp_reply_count_hidden":0,"_bbp_forum_subforum_count":0,"footnotes":""},"class_list":["post-497","page","type-page","status-publish","hentry"],"_links":{"self":[{"href":"http:\/\/www.muenster.org\/zwar-wolbeck\/wp-json\/wp\/v2\/pages\/497","targetHints":{"allow":["GET"]}}],"collection":[{"href":"http:\/\/www.muenster.org\/zwar-wolbeck\/wp-json\/wp\/v2\/pages"}],"about":[{"href":"http:\/\/www.muenster.org\/zwar-wolbeck\/wp-json\/wp\/v2\/types\/page"}],"author":[{"embeddable":true,"href":"http:\/\/www.muenster.org\/zwar-wolbeck\/wp-json\/wp\/v2\/users\/1"}],"replies":[{"embeddable":true,"href":"http:\/\/www.muenster.org\/zwar-wolbeck\/wp-json\/wp\/v2\/comments?post=497"}],"version-history":[{"count":152,"href":"http:\/\/www.muenster.org\/zwar-wolbeck\/wp-json\/wp\/v2\/pages\/497\/revisions"}],"predecessor-version":[{"id":2980,"href":"http:\/\/www.muenster.org\/zwar-wolbeck\/wp-json\/wp\/v2\/pages\/497\/revisions\/2980"}],"wp:attachment":[{"href":"http:\/\/www.muenster.org\/zwar-wolbeck\/wp-json\/wp\/v2\/media?parent=497"}],"curies":[{"name":"wp","href":"https:\/\/api.w.org\/{rel}","templated":true}]}}