{"id":36,"date":"2016-07-08T16:38:21","date_gmt":"2016-07-08T14:38:21","guid":{"rendered":"http:\/\/www.muenster.org\/zwar-wolbeck\/?page_id=36"},"modified":"2024-11-16T01:12:49","modified_gmt":"2024-11-16T00:12:49","slug":"wir-ueber-uns","status":"publish","type":"page","link":"http:\/\/www.muenster.org\/zwar-wolbeck\/wir-ueber-uns\/","title":{"rendered":"Wir \u00fcber uns"},"content":{"rendered":"<p style=\"text-align: justify;\"><span style=\"color: #003300; font-family: helvetica, arial, sans-serif; font-size: 14pt;\"><strong>ZwAR<\/strong> organisiert sich \u00fcber drei Haupts\u00e4ulen: Basistreffen, Veranstaltungen sowie Gruppen. <\/span><\/p>\n<p style=\"text-align: justify;\"><span style=\"color: #003300; font-family: helvetica, arial, sans-serif; font-size: 14pt;\"><strong>Basistreffen<\/strong> sind Vollversammlungen der gesamten Gruppe. Hier treffen sich ZwAR-Mitglieder in geselliger Runde, um weitere Unternehmungen und Vorhaben zu planen und zu organisieren, um Bekanntgaben zu machen oder auch einfach nur miteinander im Gespr\u00e4ch zu bleiben. Mitmachen ist erw\u00fcnscht und jede Idee kann das Basistreffen nur bereichern. <\/span><\/p>\n<p style=\"text-align: justify;\"><span style=\"color: #003300; font-family: helvetica, arial, sans-serif; font-size: 14pt;\"><strong>Veranstaltungen <\/strong>sind einmalige Treffen, aktuelle Ereignisse oder Darbietungen, die von ZwARlern organisiert werden und je nach Interesse, Jahreszeit, Gelegenheit, usw. andere Inhalte haben. Mal wird ein Kino besucht, mal wird eine selbst- oder fremdorganisierte Wanderung durch die Natur unternommen, mal gehen kleinere Gruppen \u00fcber den Markt. Jeder kann an Terminen und Veranstaltungen so teilnehmen, wie er Zeit und Lust hat.<\/span><\/p>\n<p style=\"text-align: justify;\"><span style=\"color: #003300; font-family: helvetica, arial, sans-serif; font-size: 14pt;\"><strong>Gruppen <\/strong>sind das Herzst\u00fcck der ZwAR. Hier treffen sich Gleichgesinnte in regelm\u00e4\u00dfigen Abst\u00e4nden, um sich gemeinsam mit einem Thema zu besch\u00e4ftigen oder einer bestimmten Aktivit\u00e4t nachzugehen: Ob Diskussionsrunden, gemeinsames Wandern, Englisch-Konversation usw. Die Palette ist gro\u00df: Schauen Sie einfach im Gruppenbereich vorbei.\u00a0\u00a0<\/span><\/p>\n<p style=\"text-align: justify;\"><span style=\"color: #003300; font-family: helvetica, arial, sans-serif; font-size: 14pt;\"><strong>ZwAR<\/strong>-Wolbeck wurde am 14. April 2016 gegr\u00fcndet und versteht sich als eine Interessengemeinschaft, nicht als Verein. Momentan wirken etwa 60 Personen im Alter von circa 55 bis 65 Jahren bei ZwAR-Wolbeck mit.<\/span><\/p>\n","protected":false},"excerpt":{"rendered":"<p>ZwAR organisiert sich \u00fcber drei Haupts\u00e4ulen: Basistreffen, Veranstaltungen sowie Gruppen. Basistreffen sind Vollversammlungen der gesamten Gruppe. Hier treffen sich ZwAR-Mitglieder in geselliger Runde, um weitere Unternehmungen und Vorhaben zu planen und zu organisieren, um Bekanntgaben zu machen oder auch einfach &hellip; <a href=\"http:\/\/www.muenster.org\/zwar-wolbeck\/wir-ueber-uns\/\">Weiterlesen <span class=\"meta-nav\">&rarr;<\/span><\/a><\/p>\n","protected":false},"author":1,"featured_media":0,"parent":0,"menu_order":0,"comment_status":"closed","ping_status":"closed","template":"","meta":{"_bbp_topic_count":0,"_bbp_reply_count":0,"_bbp_total_topic_count":0,"_bbp_total_reply_count":0,"_bbp_voice_count":0,"_bbp_anonymous_reply_count":0,"_bbp_topic_count_hidden":0,"_bbp_reply_count_hidden":0,"_bbp_forum_subforum_count":0,"footnotes":""},"class_list":["post-36","page","type-page","status-publish","hentry"],"_links":{"self":[{"href":"http:\/\/www.muenster.org\/zwar-wolbeck\/wp-json\/wp\/v2\/pages\/36","targetHints":{"allow":["GET"]}}],"collection":[{"href":"http:\/\/www.muenster.org\/zwar-wolbeck\/wp-json\/wp\/v2\/pages"}],"about":[{"href":"http:\/\/www.muenster.org\/zwar-wolbeck\/wp-json\/wp\/v2\/types\/page"}],"author":[{"embeddable":true,"href":"http:\/\/www.muenster.org\/zwar-wolbeck\/wp-json\/wp\/v2\/users\/1"}],"replies":[{"embeddable":true,"href":"http:\/\/www.muenster.org\/zwar-wolbeck\/wp-json\/wp\/v2\/comments?post=36"}],"version-history":[{"count":28,"href":"http:\/\/www.muenster.org\/zwar-wolbeck\/wp-json\/wp\/v2\/pages\/36\/revisions"}],"predecessor-version":[{"id":2934,"href":"http:\/\/www.muenster.org\/zwar-wolbeck\/wp-json\/wp\/v2\/pages\/36\/revisions\/2934"}],"wp:attachment":[{"href":"http:\/\/www.muenster.org\/zwar-wolbeck\/wp-json\/wp\/v2\/media?parent=36"}],"curies":[{"name":"wp","href":"https:\/\/api.w.org\/{rel}","templated":true}]}}