{"id":24,"date":"2016-07-08T16:36:28","date_gmt":"2016-07-08T14:36:28","guid":{"rendered":"http:\/\/www.muenster.org\/zwar-wolbeck\/?page_id=24"},"modified":"2022-12-16T16:27:56","modified_gmt":"2022-12-16T15:27:56","slug":"englisch","status":"publish","type":"page","link":"http:\/\/www.muenster.org\/zwar-wolbeck\/englisch\/","title":{"rendered":"English Conversation"},"content":{"rendered":"<p><span style=\"font-family: helvetica, arial, sans-serif; font-size: 14pt; color: #003300;\">\n<table id=\"tablepress-3\" class=\"tablepress tablepress-id-3\">\n<tbody class=\"row-hover\">\n<tr class=\"row-1\">\n\t<td class=\"column-1\">Termin<\/td><td class=\"column-2\">An jedem zweiten Freitag<\/td>\n<\/tr>\n<tr class=\"row-2\">\n\t<td class=\"column-1\">Uhrzeit <\/td><td class=\"column-2\">Um 16:30 Uhr <\/td>\n<\/tr>\n<tr class=\"row-3\">\n\t<td class=\"column-1\">Ort<\/td><td class=\"column-2\">Weitere Infos nach Anfrage<\/td>\n<\/tr>\n<tr class=\"row-4\">\n\t<td class=\"column-1\">Kontakt<\/td><td class=\"column-2\">s. Impressum, <\/td>\n<\/tr>\n<tr class=\"row-5\">\n\t<td class=\"column-1\">Besonderes<\/td><td class=\"column-2\">Weitere Infos bitte beim kommenden Basistreffen, per Mail [zwar-wb(at)gmx.de], oder unter 02506 7098902 (AB, R\u00fcckruf) erfragen.<\/td>\n<\/tr>\n<\/tbody>\n<\/table>\n<!-- #tablepress-3 from cache --><\/span><\/p>\n<p style=\"text-align: justify;\"><span style=\"color: #003300; font-family: helvetica, arial, sans-serif; font-size: 14pt;\">In der Gruppe \u201eEnglish Conversation\u201c treffen wir uns regelm\u00e4\u00dfig, um in geselliger Atmosph\u00e4re unser H\u00f6r- und Sprachverst\u00e4ndnis im Englischen zu verbessern und um unsere Freude an der Sprache ausleben zu k\u00f6nnen. Wir lesen englische Texte und Literatur, erz\u00e4hlen von einem Wochenend- oder Urlaubserlebnis, h\u00f6ren Musik und verbessern dabei Grammatik und Ausdruck. Wir unterst\u00fctzen uns gegenseitig unsere Englischkenntnisse und die Aussprache weiterzuentwickeln. <\/span><\/p>\n<h2><span style=\"font-size: 14pt; font-family: helvetica, arial, sans-serif; color: #003300;\">\u00a0<\/span><\/h2>\n","protected":false},"excerpt":{"rendered":"<p>In der Gruppe \u201eEnglish Conversation\u201c treffen wir uns regelm\u00e4\u00dfig, um in geselliger Atmosph\u00e4re unser H\u00f6r- und Sprachverst\u00e4ndnis im Englischen zu verbessern und um unsere Freude an der Sprache ausleben zu k\u00f6nnen. Wir lesen englische Texte und Literatur, erz\u00e4hlen von einem &hellip; <a href=\"http:\/\/www.muenster.org\/zwar-wolbeck\/englisch\/\">Weiterlesen <span class=\"meta-nav\">&rarr;<\/span><\/a><\/p>\n","protected":false},"author":1,"featured_media":0,"parent":0,"menu_order":0,"comment_status":"closed","ping_status":"closed","template":"","meta":{"_bbp_topic_count":0,"_bbp_reply_count":0,"_bbp_total_topic_count":0,"_bbp_total_reply_count":0,"_bbp_voice_count":0,"_bbp_anonymous_reply_count":0,"_bbp_topic_count_hidden":0,"_bbp_reply_count_hidden":0,"_bbp_forum_subforum_count":0,"footnotes":""},"class_list":["post-24","page","type-page","status-publish","hentry"],"_links":{"self":[{"href":"http:\/\/www.muenster.org\/zwar-wolbeck\/wp-json\/wp\/v2\/pages\/24","targetHints":{"allow":["GET"]}}],"collection":[{"href":"http:\/\/www.muenster.org\/zwar-wolbeck\/wp-json\/wp\/v2\/pages"}],"about":[{"href":"http:\/\/www.muenster.org\/zwar-wolbeck\/wp-json\/wp\/v2\/types\/page"}],"author":[{"embeddable":true,"href":"http:\/\/www.muenster.org\/zwar-wolbeck\/wp-json\/wp\/v2\/users\/1"}],"replies":[{"embeddable":true,"href":"http:\/\/www.muenster.org\/zwar-wolbeck\/wp-json\/wp\/v2\/comments?post=24"}],"version-history":[{"count":58,"href":"http:\/\/www.muenster.org\/zwar-wolbeck\/wp-json\/wp\/v2\/pages\/24\/revisions"}],"predecessor-version":[{"id":2695,"href":"http:\/\/www.muenster.org\/zwar-wolbeck\/wp-json\/wp\/v2\/pages\/24\/revisions\/2695"}],"wp:attachment":[{"href":"http:\/\/www.muenster.org\/zwar-wolbeck\/wp-json\/wp\/v2\/media?parent=24"}],"curies":[{"name":"wp","href":"https:\/\/api.w.org\/{rel}","templated":true}]}}