{"id":18,"date":"2016-07-08T16:35:49","date_gmt":"2016-07-08T14:35:49","guid":{"rendered":"http:\/\/www.muenster.org\/zwar-wolbeck\/?page_id=18"},"modified":"2019-11-06T20:08:06","modified_gmt":"2019-11-06T19:08:06","slug":"termine","status":"publish","type":"page","link":"http:\/\/www.muenster.org\/zwar-wolbeck\/termine\/","title":{"rendered":"Termine"},"content":{"rendered":"<p style=\"text-align: justify;\"><span style=\"font-size: 14pt; color: #003300; font-family: helvetica, arial, sans-serif;\">In dieser Rubrik finden Sie unsere Termine f\u00fcr die n\u00e4chsten Basistreffen sowie unsere aktuellen Veranstaltungstermine.<\/span><\/p>\n<p style=\"text-align: justify;\"><span style=\"font-size: 14pt; color: #003300; font-family: helvetica, arial, sans-serif;\"><strong>Basistreffen:<\/strong> Wir treffen wir uns am dritten Donnerstag im Monat zum Austausch \u00fcber Interessen, Gruppenaktivit\u00e4ten, Ideen und Vernetzung. Informationsweitergabe und\u00a0 Vorschl\u00e4ge zu Veranstaltungen, Filmen, Vortr\u00e4gen und vieles mehr. Wenn Sie interessiert sind, kommen Sie gerne vorbei.<\/span><\/p>\n<p style=\"text-align: justify;\"><span style=\"font-size: 14pt; color: #003300; font-family: helvetica, arial, sans-serif;\"><strong>Freizeittipp:<\/strong> In der Rubrik &#8222;Freizeittipp&#8220; machen wir auf Interessantes vor Ort aufmerksam. Das k\u00f6nnen Konzerte, Sportveranstaltungen, Sehenswertes in der Natur uvm. sein. Vielleicht nehmen Sie einen unserer Tipps als Ausgangspunkt f\u00fcr eine eigene Veranstaltung?<br \/>\n<\/span><\/p>\n<p style=\"text-align: justify;\"><span style=\"font-size: 14pt; color: #003300; font-family: helvetica, arial, sans-serif;\"><strong>Veranstaltungen:<\/strong> Jeder ZwARler hat hier die M\u00f6glichkeit eine Veranstaltung anzubieten. Dabei kann es sich um einen gemeinsamen Besuch einer Ausstellung, eines Benefiz, eines Musicals, eines Stra\u00dfenfestes oder Sonstiges handeln. Die Idee ist, dass Interessierte angesprochen und eingeladen werden, ebenfalls an der Veranstaltung teilzunehmen. Wenn eine Veranstaltung Sie interessiert, nehmen Sie einfach Kontakt zu dem entsprechenden Organisator auf.<br \/>\n<\/span><\/p>\n<p style=\"text-align: justify;\"><span style=\"font-family: helvetica, arial, sans-serif; font-size: 14pt; color: #003300;\"><strong><u>Info<\/u><\/strong>: <span style=\"font-size: 12pt;\"><em>Mit dem PC sind die unter Termine aufgef\u00fchrten Untermen\u00fcs gut zu \u00f6ffnen. Mit dem Smartphone sollten Sie f\u00fcr zwei Sekunden auf \u201eTermine\u201c dr\u00fccken. Es \u00f6ffnet sich ein wei\u00dfes Pop-Up-Men\u00fc. Sie sollten nicht auf die Aufforderungen klicken, sondern neben\u00a0 dem Pop-Up-Men\u00fc oder darunter. Anschlie\u00dfend lassen sich die Untermen\u00fcs \u00f6ffnen.<\/em><\/span><\/span><\/p>\n","protected":false},"excerpt":{"rendered":"<p>In dieser Rubrik finden Sie unsere Termine f\u00fcr die n\u00e4chsten Basistreffen sowie unsere aktuellen Veranstaltungstermine. Basistreffen: Wir treffen wir uns am dritten Donnerstag im Monat zum Austausch \u00fcber Interessen, Gruppenaktivit\u00e4ten, Ideen und Vernetzung. Informationsweitergabe und\u00a0 Vorschl\u00e4ge zu Veranstaltungen, Filmen, Vortr\u00e4gen &hellip; <a href=\"http:\/\/www.muenster.org\/zwar-wolbeck\/termine\/\">Weiterlesen <span class=\"meta-nav\">&rarr;<\/span><\/a><\/p>\n","protected":false},"author":1,"featured_media":0,"parent":0,"menu_order":0,"comment_status":"closed","ping_status":"closed","template":"","meta":{"_bbp_topic_count":0,"_bbp_reply_count":0,"_bbp_total_topic_count":0,"_bbp_total_reply_count":0,"_bbp_voice_count":0,"_bbp_anonymous_reply_count":0,"_bbp_topic_count_hidden":0,"_bbp_reply_count_hidden":0,"_bbp_forum_subforum_count":0,"footnotes":""},"class_list":["post-18","page","type-page","status-publish","hentry"],"_links":{"self":[{"href":"http:\/\/www.muenster.org\/zwar-wolbeck\/wp-json\/wp\/v2\/pages\/18","targetHints":{"allow":["GET"]}}],"collection":[{"href":"http:\/\/www.muenster.org\/zwar-wolbeck\/wp-json\/wp\/v2\/pages"}],"about":[{"href":"http:\/\/www.muenster.org\/zwar-wolbeck\/wp-json\/wp\/v2\/types\/page"}],"author":[{"embeddable":true,"href":"http:\/\/www.muenster.org\/zwar-wolbeck\/wp-json\/wp\/v2\/users\/1"}],"replies":[{"embeddable":true,"href":"http:\/\/www.muenster.org\/zwar-wolbeck\/wp-json\/wp\/v2\/comments?post=18"}],"version-history":[{"count":94,"href":"http:\/\/www.muenster.org\/zwar-wolbeck\/wp-json\/wp\/v2\/pages\/18\/revisions"}],"predecessor-version":[{"id":2183,"href":"http:\/\/www.muenster.org\/zwar-wolbeck\/wp-json\/wp\/v2\/pages\/18\/revisions\/2183"}],"wp:attachment":[{"href":"http:\/\/www.muenster.org\/zwar-wolbeck\/wp-json\/wp\/v2\/media?parent=18"}],"curies":[{"name":"wp","href":"https:\/\/api.w.org\/{rel}","templated":true}]}}