{"id":206,"date":"2015-09-18T14:46:29","date_gmt":"2015-09-18T12:46:29","guid":{"rendered":"http:\/\/www.muenster.org\/ungarn\/?page_id=206"},"modified":"2023-11-29T19:29:10","modified_gmt":"2023-11-29T18:29:10","slug":"sajtotuekoer","status":"publish","type":"page","link":"http:\/\/www.muenster.org\/ungarn\/sajtotuekoer\/","title":{"rendered":"Sajt\u00f3t\u00fck\u00f6r"},"content":{"rendered":"<p><a href=\"http:\/\/www.muenster.org\/ungarn\/wp-content\/uploads\/2015\/09\/DUG-WN-2015.jpg\"><img loading=\"lazy\" decoding=\"async\" class=\"alignleft wp-image-69 size-medium\" src=\"http:\/\/www.muenster.org\/ungarn\/wp-content\/uploads\/2015\/09\/DUG-WN-2015-127x300.jpg\" alt=\"WN-2015\" width=\"127\" height=\"300\" srcset=\"http:\/\/www.muenster.org\/ungarn\/wp-content\/uploads\/2015\/09\/DUG-WN-2015-127x300.jpg 127w, http:\/\/www.muenster.org\/ungarn\/wp-content\/uploads\/2015\/09\/DUG-WN-2015-434x1024.jpg 434w, http:\/\/www.muenster.org\/ungarn\/wp-content\/uploads\/2015\/09\/DUG-WN-2015.jpg 725w\" sizes=\"auto, (max-width: 127px) 100vw, 127px\" \/><\/a><\/p>\n<p><a href=\"http:\/\/www.muenster.org\/ungarn\/presse-2\/attachment\/2021\/\" rel=\"attachment wp-att-1299\">2021<\/a><\/p>\n<p><a href=\"http:\/\/www.wn.de\/Muenster\/3224018-Deutsch-Ungarische-Gesellschaft-Geburtstagsfeier-am-Freundschaftsbaum\">2018<\/a><\/p>\n<p>2017<\/p>\n<p><a href=\"http:\/\/www.muenster.org\/ungarn\/wp-content\/uploads\/2015\/09\/2013.pdf\">2013<\/a><br \/><a href=\"http:\/\/www.muenster.org\/ungarn\/wp-content\/uploads\/2015\/09\/2011.pdf\">2011<\/a><br \/><a href=\"http:\/\/www.muenster.org\/ungarn\/wp-content\/uploads\/2015\/09\/2010.pdf\">2010<\/a><br \/><a href=\"http:\/\/www.muenster.org\/ungarn\/wp-content\/uploads\/2015\/09\/2009.pdf\">2009<\/a><br \/><a href=\"http:\/\/www.muenster.org\/ungarn\/wp-content\/uploads\/2015\/09\/2008.pdf\">2008<\/a><br \/><a href=\"http:\/\/www.muenster.org\/ungarn\/wp-content\/uploads\/2015\/09\/2007.pdf\">2007<\/a><br \/><a href=\"http:\/\/www.muenster.org\/ungarn\/wp-content\/uploads\/2015\/09\/2006.pdf\">2006<\/a><br \/><a href=\"http:\/\/www.muenster.org\/ungarn\/wp-content\/uploads\/2015\/09\/2005.pdf\">2005<\/a><br \/><a href=\"http:\/\/www.muenster.org\/ungarn\/wp-content\/uploads\/2015\/09\/2004.pdf\">2004<\/a><br \/><a href=\"http:\/\/www.muenster.org\/ungarn\/wp-content\/uploads\/2015\/09\/2002-2003.pdf\">2002-2003<\/a><\/p>\n\n\n<div class=\"wp-block-file\"><a href=\"http:\/\/www.muenster.org\/ungarn\/wp-content\/uploads\/2023\/11\/2006_x-5.pdf\">2006_x-5<\/a><a href=\"http:\/\/www.muenster.org\/ungarn\/wp-content\/uploads\/2023\/11\/2006_x-5.pdf\" class=\"wp-block-file__button\" download>Herunterladen<\/a><\/div>\n\n\n\n<div class=\"wp-block-file\"><a href=\"http:\/\/www.muenster.org\/ungarn\/wp-content\/uploads\/2023\/11\/2007_x-3.pdf\">2007_x-3<\/a><a href=\"http:\/\/www.muenster.org\/ungarn\/wp-content\/uploads\/2023\/11\/2007_x-3.pdf\" class=\"wp-block-file__button\" download>Herunterladen<\/a><\/div>\n\n\n\n<div class=\"wp-block-file\"><a href=\"http:\/\/www.muenster.org\/ungarn\/wp-content\/uploads\/2023\/11\/2008_x-3.pdf\">2008_x-3<\/a><a href=\"http:\/\/www.muenster.org\/ungarn\/wp-content\/uploads\/2023\/11\/2008_x-3.pdf\" class=\"wp-block-file__button\" download>Herunterladen<\/a><\/div>\n\n\n\n<div class=\"wp-block-file\"><a href=\"http:\/\/www.muenster.org\/ungarn\/wp-content\/uploads\/2023\/11\/2009_x-4.pdf\">2009_x-4<\/a><a href=\"http:\/\/www.muenster.org\/ungarn\/wp-content\/uploads\/2023\/11\/2009_x-4.pdf\" class=\"wp-block-file__button\" download>Herunterladen<\/a><\/div>\n\n\n\n<div class=\"wp-block-file\"><a href=\"http:\/\/www.muenster.org\/ungarn\/wp-content\/uploads\/2023\/11\/2018_x-4.pdf\">2018_x-4<\/a><a href=\"http:\/\/www.muenster.org\/ungarn\/wp-content\/uploads\/2023\/11\/2018_x-4.pdf\" class=\"wp-block-file__button\" download>Herunterladen<\/a><\/div>\n","protected":false},"excerpt":{"rendered":"<p>2021 2018 2017 2013201120102009200820072006200520042002-2003<\/p>\n","protected":false},"author":1,"featured_media":0,"parent":0,"menu_order":0,"comment_status":"closed","ping_status":"closed","template":"","meta":{"footnotes":""},"class_list":["post-206","page","type-page","status-publish","hentry"],"_links":{"self":[{"href":"http:\/\/www.muenster.org\/ungarn\/wp-json\/wp\/v2\/pages\/206","targetHints":{"allow":["GET"]}}],"collection":[{"href":"http:\/\/www.muenster.org\/ungarn\/wp-json\/wp\/v2\/pages"}],"about":[{"href":"http:\/\/www.muenster.org\/ungarn\/wp-json\/wp\/v2\/types\/page"}],"author":[{"embeddable":true,"href":"http:\/\/www.muenster.org\/ungarn\/wp-json\/wp\/v2\/users\/1"}],"replies":[{"embeddable":true,"href":"http:\/\/www.muenster.org\/ungarn\/wp-json\/wp\/v2\/comments?post=206"}],"version-history":[{"count":7,"href":"http:\/\/www.muenster.org\/ungarn\/wp-json\/wp\/v2\/pages\/206\/revisions"}],"predecessor-version":[{"id":1301,"href":"http:\/\/www.muenster.org\/ungarn\/wp-json\/wp\/v2\/pages\/206\/revisions\/1301"}],"wp:attachment":[{"href":"http:\/\/www.muenster.org\/ungarn\/wp-json\/wp\/v2\/media?parent=206"}],"curies":[{"name":"wp","href":"https:\/\/api.w.org\/{rel}","templated":true}]}}