{"id":2,"date":"2015-09-18T10:15:16","date_gmt":"2015-09-18T08:15:16","guid":{"rendered":"http:\/\/www.muenster.org\/ungarn\/?page_id=2"},"modified":"2015-10-04T13:32:22","modified_gmt":"2015-10-04T11:32:22","slug":"beispiel-seite","status":"publish","type":"page","link":"http:\/\/www.muenster.org\/ungarn\/","title":{"rendered":"Herzlich willkommen auf der Homepage unseres Vereins!"},"content":{"rendered":"<p style=\"text-align: justify;\"><a href=\"http:\/\/www.muenster.org\/ungarn\/wp-content\/uploads\/2015\/09\/logo.jpg\">\u00a0 <img loading=\"lazy\" decoding=\"async\" class=\"size-full wp-image-228 aligncenter\" src=\"http:\/\/www.muenster.org\/ungarn\/wp-content\/uploads\/2015\/09\/logo.jpg\" alt=\"logo\" width=\"234\" height=\"83\" \/><\/a><br \/>\nDie Deutsch-Ungarische Gesellschaft M\u00fcnster e. V. ist eine gemeinn\u00fctzige non-profit-Organisation, die am 16. Januar 2003 gegr\u00fcndet wurde, um den kulturellen Austausch und die deutsch-ungarischen Beziehungen zu pflegen und zu f\u00f6rdern.<\/p>\n<p style=\"text-align: justify;\">Warum ist das so wichtig? Die Idee des gemeinsamen Europas und der Europ\u00e4ischen Union basiert auf dem friedlichen Zusammenleben von Menschen aus verschiedenen Kulturen und Nationen. Von den 13 Millionen Ungar_innen leben nur ca. 10 Millionen in Magyarorsz\u00e1g, die anderen in den Nachbarl\u00e4ndern und in der Welt zerstreut, auch in Deutschland.<\/p>\n<p style=\"text-align: justify;\">\u00dcber die Zahl der in M\u00fcnster lebenden Ungarn gibt es keine zuverl\u00e4ssigen offiziellen Daten, es sind auf jeden Fall mehr als Hundert. F\u00fcr unseren Aufenthalt hier gibt es verschiedene Gr\u00fcnde: Viele sind nach der Revolution 1956 gefl\u00fcchtet, andere studieren oder wollen die deutsche Sprache erlernen, andere sind wiederum als Ehepartner hier. Es gibt auch viele, die schon hier geboren wurden.<\/p>\n<p style=\"text-align: justify;\">Trotz aller Unterschiede haben wir eine wichtige Gemeinsamkeit: die ungarische Kultur, die uns als Pers\u00f6nlichkeiten (mit)gepr\u00e4gt hat. Und wir sind froh, immer wieder Ungarisch sprechen zu k\u00f6nnen. Dies zu erm\u00f6glichen ist das eine Hauptziel der Deutsch-Ungarischen Gesellschaft: Sie m\u00f6chte ein Forum der hier lebenden Ungarn sein.<\/p>\n<p style=\"text-align: justify;\">Es gibt auch viele Nicht-Ungar_innen, die sich der ungarischen Kultur, der Sprache und dem Land zugeneigt f\u00fchlen. Das andere Hauptziel ist es, ihnen den Zugang zu uns zu erleichtern, den kulturellen Austausch zu f\u00f6rdern.<\/p>\n<p style=\"text-align: justify;\">In diesem Sinne wenden wir uns gegen jegliche Form von Fremdenfeindlichkeit und setzen uns f\u00fcr eine interkulturelle Verst\u00e4ndigung ein.<\/p>\n<p style=\"text-align: justify;\">Wir laden Sie ganz herzlich als Gast zu unseren Veranstaltungen ein. Der Eintritt ist grunds\u00e4tzlich frei.<\/p>\n<p style=\"text-align: justify;\"><a href=\"http:\/\/www.muenster.org\/ungarn\/wp-content\/uploads\/2015\/09\/Home.jpg\"><img loading=\"lazy\" decoding=\"async\" class=\"alignnone wp-image-74 \" src=\"http:\/\/www.muenster.org\/ungarn\/wp-content\/uploads\/2015\/09\/Home.jpg\" alt=\"Home\" width=\"457\" height=\"262\" srcset=\"http:\/\/www.muenster.org\/ungarn\/wp-content\/uploads\/2015\/09\/Home.jpg 519w, http:\/\/www.muenster.org\/ungarn\/wp-content\/uploads\/2015\/09\/Home-300x172.jpg 300w\" sizes=\"auto, (max-width: 457px) 100vw, 457px\" \/><\/a><\/p>\n<p style=\"text-align: justify;\">Copyright \u00a9\u00a0 2015\u00a0<strong>Deutsch-Ungarische Gesellschaft M\u00fcnster <\/strong>e.V. All rights reserved.<\/p>\n<p style=\"text-align: justify;\">\n","protected":false},"excerpt":{"rendered":"<p>\u00a0 Die Deutsch-Ungarische Gesellschaft M\u00fcnster e. V. ist eine gemeinn\u00fctzige non-profit-Organisation, die am 16. Januar 2003 gegr\u00fcndet wurde, um den kulturellen Austausch und die deutsch-ungarischen Beziehungen zu pflegen und zu f\u00f6rdern. Warum ist das so wichtig? Die Idee des gemeinsamen Europas und der Europ\u00e4ischen Union basiert auf dem friedlichen Zusammenleben von Menschen aus verschiedenen Kulturen &hellip; <a href=\"http:\/\/www.muenster.org\/ungarn\/\" class=\"more-link\"><span class=\"screen-reader-text\">Herzlich willkommen auf der Homepage unseres Vereins!<\/span> weiterlesen <span class=\"meta-nav\">&rarr;<\/span><\/a><\/p>\n","protected":false},"author":1,"featured_media":0,"parent":0,"menu_order":0,"comment_status":"closed","ping_status":"closed","template":"","meta":{"footnotes":""},"class_list":["post-2","page","type-page","status-publish","hentry"],"_links":{"self":[{"href":"http:\/\/www.muenster.org\/ungarn\/wp-json\/wp\/v2\/pages\/2","targetHints":{"allow":["GET"]}}],"collection":[{"href":"http:\/\/www.muenster.org\/ungarn\/wp-json\/wp\/v2\/pages"}],"about":[{"href":"http:\/\/www.muenster.org\/ungarn\/wp-json\/wp\/v2\/types\/page"}],"author":[{"embeddable":true,"href":"http:\/\/www.muenster.org\/ungarn\/wp-json\/wp\/v2\/users\/1"}],"replies":[{"embeddable":true,"href":"http:\/\/www.muenster.org\/ungarn\/wp-json\/wp\/v2\/comments?post=2"}],"version-history":[{"count":13,"href":"http:\/\/www.muenster.org\/ungarn\/wp-json\/wp\/v2\/pages\/2\/revisions"}],"predecessor-version":[{"id":411,"href":"http:\/\/www.muenster.org\/ungarn\/wp-json\/wp\/v2\/pages\/2\/revisions\/411"}],"wp:attachment":[{"href":"http:\/\/www.muenster.org\/ungarn\/wp-json\/wp\/v2\/media?parent=2"}],"curies":[{"name":"wp","href":"https:\/\/api.w.org\/{rel}","templated":true}]}}