{"id":197,"date":"2015-09-18T14:45:21","date_gmt":"2015-09-18T12:45:21","guid":{"rendered":"http:\/\/www.muenster.org\/ungarn\/?page_id=197"},"modified":"2023-11-26T19:01:16","modified_gmt":"2023-11-26T18:01:16","slug":"toerzsasztal","status":"publish","type":"page","link":"http:\/\/www.muenster.org\/ungarn\/toerzsasztal\/","title":{"rendered":"T\u00f6rzsasztal"},"content":{"rendered":"<p style=\"text-align: justify;\">A m\u00fcnsteri n\u00e9met-magyar t\u00f6rzsasztalt 2002-ben h\u00edvtuk \u00e9letre. A magyarbar\u00e1tok Br\u00fcck\u00e9ben megrendezett havi \u00f6sszej\u00f6vetele hamar a M\u00fcnsterben \u00e9l\u0151 magyarok \u00e9s a magyar nyelv \u00e9s kult\u00fara ir\u00e1nt \u00e9rdekl\u0151d\u0151k kedvelt tal\u00e1lkoz\u00f3hely\u00e9v\u00e9 v\u00e1lt. Minden \u00e9rdekl\u0151d\u0151t szeretettel v\u00e1runk!<\/p>\n<p style=\"text-align: justify;\">A k\u00f6vetkez\u0151 tal\u00e1lkoz\u00f3ra<span class=\"st\" style=\"text-align: justify;\"> (a kar\u00e1csonyi piacon) <span class=\"st\">2023 december 13.-\u00e1n\u00a0 ker\u00fcl sor 17 \u00f3r\u00e1t\u00f3l az \u00dcberwasserkirche f\u0151bej\u00e1rat\u00e1n\u00e1l (\u00dcberwasserkirchplatz \u00b7 48143 M\u00fcnster)<\/span><\/span><span class=\"st\">.<br \/>\n<\/span><\/p>\n<p><a href=\"http:\/\/www.muenster.org\/ungarn\/wp-content\/uploads\/2015\/09\/Nadas.jpg\"><img loading=\"lazy\" decoding=\"async\" class=\"alignnone size-full wp-image-85\" src=\"http:\/\/www.muenster.org\/ungarn\/wp-content\/uploads\/2015\/09\/Nadas.jpg\" alt=\"Nadas\" width=\"721\" height=\"546\" srcset=\"http:\/\/www.muenster.org\/ungarn\/wp-content\/uploads\/2015\/09\/Nadas.jpg 721w, http:\/\/www.muenster.org\/ungarn\/wp-content\/uploads\/2015\/09\/Nadas-300x227.jpg 300w\" sizes=\"auto, (max-width: 721px) 100vw, 721px\" \/><\/a><\/p>\n","protected":false},"excerpt":{"rendered":"<p>A m\u00fcnsteri n\u00e9met-magyar t\u00f6rzsasztalt 2002-ben h\u00edvtuk \u00e9letre. A magyarbar\u00e1tok Br\u00fcck\u00e9ben megrendezett havi \u00f6sszej\u00f6vetele hamar a M\u00fcnsterben \u00e9l\u0151 magyarok \u00e9s a magyar nyelv \u00e9s kult\u00fara ir\u00e1nt \u00e9rdekl\u0151d\u0151k kedvelt tal\u00e1lkoz\u00f3hely\u00e9v\u00e9 v\u00e1lt. Minden \u00e9rdekl\u0151d\u0151t szeretettel v\u00e1runk! A k\u00f6vetkez\u0151 tal\u00e1lkoz\u00f3ra (a kar\u00e1csonyi piacon) 2023 december 13.-\u00e1n\u00a0 ker\u00fcl sor 17 \u00f3r\u00e1t\u00f3l az \u00dcberwasserkirche f\u0151bej\u00e1rat\u00e1n\u00e1l (\u00dcberwasserkirchplatz \u00b7 48143 M\u00fcnster).<\/p>\n","protected":false},"author":1,"featured_media":0,"parent":0,"menu_order":0,"comment_status":"closed","ping_status":"closed","template":"","meta":{"footnotes":""},"class_list":["post-197","page","type-page","status-publish","hentry"],"_links":{"self":[{"href":"http:\/\/www.muenster.org\/ungarn\/wp-json\/wp\/v2\/pages\/197","targetHints":{"allow":["GET"]}}],"collection":[{"href":"http:\/\/www.muenster.org\/ungarn\/wp-json\/wp\/v2\/pages"}],"about":[{"href":"http:\/\/www.muenster.org\/ungarn\/wp-json\/wp\/v2\/types\/page"}],"author":[{"embeddable":true,"href":"http:\/\/www.muenster.org\/ungarn\/wp-json\/wp\/v2\/users\/1"}],"replies":[{"embeddable":true,"href":"http:\/\/www.muenster.org\/ungarn\/wp-json\/wp\/v2\/comments?post=197"}],"version-history":[{"count":17,"href":"http:\/\/www.muenster.org\/ungarn\/wp-json\/wp\/v2\/pages\/197\/revisions"}],"predecessor-version":[{"id":1254,"href":"http:\/\/www.muenster.org\/ungarn\/wp-json\/wp\/v2\/pages\/197\/revisions\/1254"}],"wp:attachment":[{"href":"http:\/\/www.muenster.org\/ungarn\/wp-json\/wp\/v2\/media?parent=197"}],"curies":[{"name":"wp","href":"https:\/\/api.w.org\/{rel}","templated":true}]}}