{"id":5349,"date":"2021-03-28T15:10:03","date_gmt":"2021-03-28T13:10:03","guid":{"rendered":"http:\/\/www.muenster.org\/seniorenrat\/wordpress\/?page_id=5349"},"modified":"2026-03-13T10:42:21","modified_gmt":"2026-03-13T09:42:21","slug":"aktuell","status":"publish","type":"page","link":"http:\/\/www.muenster.org\/seniorenrat\/wordpress\/aktuell\/","title":{"rendered":"Aktuelles"},"content":{"rendered":"\n<p>Sehr verehrte Vereinsmitglieder*innen und Interessierte ,<br>f\u00fcr das 2. Quartal 2026 haben wir ein gemischtes Programm zusammengestellt.<br>Die Mitgliederversammlung mit Wahlen wird am 6.5. um 15:00 Uhr stattfinden. <br>Da 3 Vorstandsmitglieder aus pers\u00f6nlichen Gr\u00fcnden ausscheiden werden, freuen wir<br>uns \u00fcber alle, die Lust haben, im Vorstand mitzumachen.<br> Die Fahrt nach Berlin wird leider erst vom 5. bis zum 7. Oktober 2026 stattfinden. Uns<br>stehen mehr als 40 Pl\u00e4tze in Form von Doppelzimmern zur Verf\u00fcgung.<br>Falls Sie einen Wunsch haben sollten, was Sie mit dem Seniorenrat unternehmen<br>m\u00f6chten, so melden Sie sich bitte.<br> Unsere Seite im Internet ist sehr gut besucht. Sie wird st\u00e4ndig aktualisiert. Auf<br>eventuelle \u00c4nderungen im Programm weisen wir dort hin. Es lohnt sich, dort<br>regelm\u00e4\u00dfig zu lesen, um Neues zu erfahren. Dort k\u00f6nnen Sie auch erfahren, was<br>w\u00e4hrend unserer Veranstaltungen geschah. Zudem haben wir dort eine Seniorenb\u00f6rse<br>eingerichtet.<br>Im M\u00e4rz 2026<br>Heinz-Peter Pascher<br>Vorsitzender<\/p>\n\n\n\n<p>Noch 1.Quartal                                                                                                                                                     <strong>Mittwoch, 19.03. Wir treffen uns um 15:00 Uhr zum Seniorentag der Stadt<br>M\u00fcnster, Programm siehe unten.  <\/strong>          <br><br><strong>Veranstaltungskalender 2. Quartal 2026<\/strong><br><strong>Montag, 13.4. ab 11:00 Uhr<\/strong>. Stammtisch im Caf\u00e9 Extrablatt an der Bergstra\u00dfe<br><strong>Mittwoch, 22.4.<\/strong> Wir treffen uns zum gem\u00fctlichen Kl\u00f6ntreff um 14:30 Uhr im Caf\u00e9<br>Alex an der Promenade, Salzstra\u00dfe 35. Bringen Sie gerne Freunde und Bekannte mit.<br>Anmeldungen bitte bis zum 16.04.<br><strong>Donnerstag, 30.4.<\/strong> Wir erleben um 14:00 Uhr eine F\u00fchrung durch den teilweise neu<br>gestalteten Botanischen Garten. Den Schwerpunkt der F\u00fchrung wird Frau Isabella<br>Voss diesmal auf die Arzneipflanzen legen.<br>Der Botanische Garten besitzt eine Gesamtfl\u00e4che von circa 5 ha mit 2000 qm<br>Gew\u00e4chshausfl\u00e4che. 5 von 10 Gew\u00e4chsh\u00e4usern sind ganzj\u00e4hrig f\u00fcr die etwa 200 000<br>Besucher im Jahr zug\u00e4nglich. Es sind insgesamt 7010 verschiedene Pflanzenarten und<br>Cultivare (Stand 14.06.2023) in unterschiedlichen Sammlungen und saisonalen<br>Schmuckpflanzungen kultiviert. Pr\u00e4sentiert werden die Sammlungen des Botanischen<br>Gartens in verschiedenen Kategorien.<br>Die F\u00fchrung ist auf 25 Personen begrenzt.<br>Treffpunkt: Am Eingang<br>Kosten, 5,00 \u20ac bitte passend mitbringen<br>Anmeldungen bitte bis zum 22.4.2025<br><strong>Montag, 4.5. ab 11:00 Uhr.<\/strong> Stammtisch im Caf\u00e9 Extrablatt an der Bergstra\u00dfe<br><strong>Mittwoch, 6.5. Mitgliederversammlung mit Wahlen um 15:00 Uhr, siehe Anhang<br>Veranstaltungsort: Gesundheitshaus Raum 403<\/strong><br><strong>Donnerstag, 28.5. um 20:00 Uhr GOP<\/strong><br>Mal so richtig dick auftragen? Gesagt, getan! Getreu dem Motto \u201cWer aus dem Vollen<br>sch\u00f6pft, braucht nichts zusammenkratzen\u201d f\u00fchrt der wortgewandte Klavierkabarettist<br>Jens Heinrich Claassen durch ein erfrischend vergn\u00fcgliches Programm, das gespickt ist<br>mit internationalen artistischen H\u00f6hepunkten, die wahre Glanzleistungen sind.<br>Blendende Unterhaltung ist garantiert Wir erleben ein Mosaik der Dynamiken.<br>Besonders sch\u00f6n wird dieser Tanz der berauschenden Momente verhei\u00dfungsvoll von<br>Max Raabe besungen: \u201cEin Tag wie Gold &#8211; In den Adern hunderttausend Volt &#8211; Eine<br>Nacht, wie Samt und Seide\u201d.<br>Wer noch mehr Genuss m\u00f6chte, kann ein 3-G\u00e4nge-Men\u00fc bestellen. Das beginnt<br>allerdings schon 75 Minuten vor der Show.<br>Es sind 44 Pl\u00e4tze f\u00fcr uns reserviert.<br>Veranstaltungsort: GOP-M\u00fcnster Bahnhofstra\u00dfe 20-22<br>Anmeldungen nur mittels \u00dcberweisung auf das Konto des Seniorenrates bis<br>zum 5.5. (Zahlungseingang)<br>Kosten: Der Eintritt kostet 34,00 \u20ac (normal:49,00 \u20ac) oder zusammen mit einem<br>3-G\u00e4nge-Men\u00fc 54,00 \u20ac (statt 75,00 \u20ac)<\/p>\n\n\n\n<p><strong>Montag, 1.6. ab 11:00 Uhr<\/strong>. Stammtisch im Caf\u00e9 Extrablatt an der Bergstra\u00dfe<br><strong>Mittwoch, 10.6. <\/strong>Wir treffen uns zum gem\u00fctlichen Kl\u00f6ntreff um 14:30 Uhr im Caf\u00e9<br>Alex an der Promenade, Salzstra\u00dfe 35. Bringen Sie gerne Freunde und Bekannte mit.<br>Anmeldungen bitte bis zum 3.6.<br><strong>Mittwoch, 17.06.<\/strong> Wir fahren um 09:05 Uhr(Gleis 2 A-C) mit dem Zug nach Leer.<br>(Ankunft gegen 10:50 Uhr) Dazu treffen wir uns p\u00fcnktlich um 08:30 Uhr in der<br>Eingangshalle des Bahnhofs in M\u00fcnster, um preisg\u00fcnstig Fahrgemeinschaften<br>(Selbstzahler) zu bilden. Das Niedersachsenticket f\u00fcr 5 Personen kostet 28,00 \u20ac f\u00fcr<br>die 1. Person zzgl. 8,00 \u20ac f\u00fcr jede weiter Person, also im g\u00fcnstigsten Fall 13,60 \u20ac pro<br>Person.<br>Wir treffen uns am Hafen um 11:30 Uhr zu einer Hafenrundfahrt um 12:00 Uhr.<br>Der Ablegesteg f\u00fcr die Hafenrundfahrten ist an der Rathausbr\u00fccke in Leer.<br>Erleben Sie mit dem Grachtenboot \u201eKoralle\u201c eine einst\u00fcndige Hafenrundfahrt durch<br>den Leeraner Hafen. Es gibt Interessantes zu entdecken und diese Fahrt ist ein Spa\u00df<br>f\u00fcr Jung und Alt.<br>Nach einem Fu\u00dfmarsch, beginnend an der Rathausbr\u00fccke, von etwa 350 m erreichen<br>wir das Teemuseum, um es um 14:30 Uhr zu besichtigen.<br>Das B\u00fcnting Teemuseum erz\u00e4hlt mit seiner umfangreichen Sammlung die Geschichte<br>des Tees vom 17. Jahrhundert bis heute. Exponate vermitteln eine Vielzahl an<br>Informationen \u2013 sie reichen vom Tee-Anbau \u00fcber die Herstellung, Verarbeitung,<br>Pr\u00fcfung, sowie mischen und verkosten bis hin zum Tee-Transport auf weltweiten<br>Handelswegen. Die Ausstellung l\u00e4dt zu einer interessanten Besichtigung und zur<br>Erkundung individueller St\u00fccke ein. Eine bemerkenswerte Sammlung von Objekten<br>\u2013 angefangen bei einfachem Tee-Zubeh\u00f6r bis hin zu kostbarem Porzellan \u2013<br>veranschaulicht die Entwicklung des Tees zu einem der popul\u00e4rsten Getr\u00e4nke<br>weltweit.<br>Unter anderem k\u00f6nnen dort Gruppen von 10 Personen an einer ostfriesischen<br>Teezeremonie teilnehmen. (Kosten unterschiedlich je nach Wunsch)<br>Danach treffen wir uns um 17:50 Uhr am Bahnhof in Leer f\u00fcr eine gemeinsame<br>R\u00fcckfahrt um 18:09 Uhr. R\u00fcckankunft in M\u00fcnster ist gegen 20:00 Uhr.<br>Die Kosten betragen 35,60 \u20ac (14,00\u20ac f\u00fcr die Hafenrundfahrt, 13,60 \u20ac f\u00fcr den Zug<br>und 8,00 \u20ac f\u00fcr die F\u00fchrung)<br><strong>Anmeldungen bitte bis zum 09.06. durch \u00dcberweisung der Kosten auf das Konto<br>des Seniorenrates<\/strong><br>                                                                                                                                                                                     <strong>Ank\u00fcndigung<\/strong><br>Es besteht die M\u00f6glichkeit, auch im n\u00e4chsten Quartal das GOP zu besuchen, dann mit<br>dem Programm \u201eCircus\u201c.<br>Wir werden auch den abgesagten Termin mit unserem Oberb\u00fcrgermeister nachholen.<br>Weiterhin verweise ich auf unsere Fahrt nach Berlin vom 5. bis zum 7. Oktober 2026.<br>Mit der Firma Sch\u00fcttpelz fahren wir am 8.11.nach Oldenburg. Eine sehr fr\u00fchzeitige<br>Anmeldung (schon jetzt?) empfiehlt sich, da die Pl\u00e4tze sehr schnell ausgebucht sein<br>werden.<br>Anmeldungen beim Seniorenrat erfolgen \u00fcber die Telefonnummer<br>0251-2006888<br>unter Nennung Ihres Namens und der Telefonnumme<\/p>\n\n\n\n<p style=\"font-size:14px\"><strong>W\u00f6chentlich wiederkehrende Termine Seniorenrat M\u00fcnster<\/strong><\/p>\n\n\n\n<p style=\"font-size:14px\">Jeden <strong>Sonntag Nachmittag ab 14 Uhr, <\/strong> &#8222;Spielkreis Senioren&#8220;. Am beliebtesten sind Doppelkopf und Rummikub. Sonst Spiele aller Art, &#8222;Spielen mit Menschen, treffen von Menschen&#8220;. Ort : &#8222;neben*an&#8220; am Cinema Warendorfer Str. 45 ,Haltestelle von HBF abgehend ,Linie 1,5 und 10\/Haltestelle hei\u00dft &#8222;zum Sandestrasse Bus Nr. 2 h\u00e4lt auch dort- Info : Jutta Hammers <\/p>\n\n\n\n<p class=\"has-medium-font-size\"><strong>An die Teilnehmer der Fahrt nach Berlin <\/strong>! <\/p>\n\n\n\n<p>Liebe Teilnehmer, Mittlerweile hat uns die Mitarbeiterin der CDU den genauen Termin mitgeteilt, an dem wir nach Berlin fahren k\u00f6nnen. <strong>Wir fahren vom 5. Bis zum 7<\/strong>. Oktober .Der urspr\u00fcnglich f\u00fcr das 1. Quartal 2026 avisierte Termin konnte von der CDU nicht eingehalten werden. \u00a0 <strong>Wichtig ist, dass nur mitfahren darf, wer zum Wahlkreis M\u00fcnster des uns einladenden Abgeordneten Dr. Stefan Nacke (also in M\u00fcnster wohnt) geh\u00f6rt.<\/strong>                                                                                                                                                                     Die <strong>Anmeldung erfolgt sp\u00e4testen 4 Wochen vor der Abfahrt<\/strong> Wir fahren vom 5. Bis zum 7. Oktober. Wir gehen davon aus, dass der Terminplan \u00e4hnlich wie beim letzten Mal ablaufen wird. Die Einzelheiten werden etwa 3 Wochen vorher mitgeteilt werden. <strong>Die Teilnahme an<\/strong> <strong>allen Programmpunkten ist verbindlic<\/strong>h . <strong>Die wesentliche Programmabfolge ist folgt:<\/strong>\u00a0 Die <strong>Abfahrt ist morgens sehr fr\u00fch vom Busbahnhof<\/strong>, um dann bereits mittags zum Essen in Berlin zu sein. \u00a0Am Nachmittag finden Besichtigungen, F\u00fchrungen, eine Stadtrundfahrt und \u00e4hnliches statt. Das Abendessen wurde im Hotel (nur <strong>2-Bett-Zimmer mit<\/strong> <strong>Halbpension<\/strong>) eingenommen. Je nach Verf\u00fcgbarkeit, k\u00f6nnen vor Ort ausnahmsweise Einzelzimmer gegen Zuzahlung gebucht werden. Der n\u00e4chste Tag beginnt wieder mit Besichtigungen. Nachmittags findet ein Besuch des Bundestages in Verbindung mit einem Gespr\u00e4ch mit Dr. Nacke statt. Der Abend steht zur freien Verf\u00fcgung. Am dritten Tag finden wieder Besichtigungen und F\u00fchrungen statt. Nach dem Mittagessen und einem Kurzprogramm geht es dann am fr\u00fchen Nachmittag zur\u00fcck nach M\u00fcnster. Von den <strong>Teilnehmenden selbst zu tragen<\/strong> sind die <strong>Eintrittskosten<\/strong> f\u00fcr den Besuch der verschiedenen Ausstellungen und Museen. Je nach Programm bewegen sich die Eintrittskosten w\u00e4hrend einer BPA-Fahrt <strong>zwischen 30 Euro und 50 Euro<\/strong> <strong>pro Person.<\/strong> Sobald der genaue Terminplan vorliegen wird, werden wir ihn auf unserer Homepage ver\u00f6ffentlichen. Eine spontane Mitfahrt ist nicht m\u00f6glich. Die Anmeldung muss den Seniorenrat sp\u00e4testens am 1. September 2026 schriftlich mit dem beigef\u00fcgten und vollst\u00e4ndig ausgef\u00fcllten unterschrieben Formular vorliegen. <strong>Ebenfalls sind 30,00 \u20ac 5 Wochen vorher auf das Konto der Seniorenrates (IBAN: DE69 4005 0150 0034 4856 15<\/strong> ) zur Weiterleitung an das Wahlkreisb\u00fcro zu zahlen. Bitte melden Sie sich im Falle einer Verhinderung rechtzeitig zur Vermeidung von Kosten ab. Weitere Informationen werden wir in einer gemeinsamen E-Mail (soweit uns mitgeteilt) oder per Post \u00fcbermitteln. Das Einladungsschreiben des Wahlkreisb\u00fcros, das Formular zur verbindlichen Anmeldung sowie eventuelle weitere Informationen sind auch auf unserer Homepage zu finden.<\/p>\n\n\n\n<p><strong>Wichtig: Vergessen Sie nicht, g\u00fcltige! Ausweis- oder Passdokumente mitzubringen !<\/strong><\/p>\n\n\n\n<p style=\"font-size:14px\"><br><\/p>\n\n\n\n<p style=\"font-size:14px\"><strong>Mittwoch, 19.03. Wir treffen uns um 15:00 Uhr zum Seniorentag der Stadt<br>M\u00fcnster an bekannter Stelle im Rathaus (Eingang vom Stadtweinhaus)<\/strong>. Die<br>Partnerst\u00e4dte von M\u00fcnster, Enschede und Kristiansand, werden Ihre Vorstellungen<br>davon, wie sich das Leben \u00e4lterer Mitb\u00fcrger in ihrem Land darstellt, pr\u00e4sentieren. Es sind kurze Videopr\u00e4sentationen geplant. Es wird eine M\u00f6glichkeit geben, Gespr\u00e4che<br>mit den Repr\u00e4sentanten der Partnerst\u00e4dte zu f\u00fchren.<br>Veranstaltungsort: Rathaus der Stadt M\u00fcnster<br>Anmeldungen sind nicht notwendig<\/p>\n\n\n\n<p style=\"font-size:14px\"><\/p>\n\n\n\n<figure class=\"wp-block-image size-large\"><a href=\"http:\/\/www.muenster.org\/seniorenrat\/wordpress\/wp-content\/uploads\/2026\/02\/seniorentag-1-scaled.jpg\"><img loading=\"lazy\" decoding=\"async\" width=\"527\" height=\"1024\" src=\"http:\/\/www.muenster.org\/seniorenrat\/wordpress\/wp-content\/uploads\/2026\/02\/seniorentag-1-527x1024.jpg\" alt=\"\" class=\"wp-image-6353\" srcset=\"http:\/\/www.muenster.org\/seniorenrat\/wordpress\/wp-content\/uploads\/2026\/02\/seniorentag-1-527x1024.jpg 527w, http:\/\/www.muenster.org\/seniorenrat\/wordpress\/wp-content\/uploads\/2026\/02\/seniorentag-1-154x300.jpg 154w, http:\/\/www.muenster.org\/seniorenrat\/wordpress\/wp-content\/uploads\/2026\/02\/seniorentag-1-768x1492.jpg 768w, http:\/\/www.muenster.org\/seniorenrat\/wordpress\/wp-content\/uploads\/2026\/02\/seniorentag-1-791x1536.jpg 791w, http:\/\/www.muenster.org\/seniorenrat\/wordpress\/wp-content\/uploads\/2026\/02\/seniorentag-1-1054x2048.jpg 1054w, http:\/\/www.muenster.org\/seniorenrat\/wordpress\/wp-content\/uploads\/2026\/02\/seniorentag-1-scaled.jpg 1318w\" sizes=\"auto, (max-width: 527px) 100vw, 527px\" \/><\/a><\/figure>\n\n\n\n<p style=\"font-size:14px\"><br> <\/p>\n\n\n\n<p style=\"font-size:14px\"><\/p>\n\n\n\n<p class=\"has-text-color has-link-color wp-elements-cb754b5ef87b770e5f73c89497c1fdc8\" style=\"color:#ac3232\"><strong>Fahrten mit dem Unternehmen Sch\u00fcttpelz werden nicht durch den Verein Seniorenrat e.V. veranstaltet, sondern nur vermittelt.!!!! Anmeldungen erfolgen <u>nur<\/u> unter der Nummer <u>023829661066 <\/u>&nbsp;Geldbetr\u00e4ge m\u00fcssen <u>nach<\/u> Anmeldebest\u00e4tigung direkt an das Unternehmen unter der Kontonummer <u>DE48 4125 0035 0000 0793 68<\/u> bei der Sparkasse Beckum Wadersloh gezahlt werden. Die AGB finden Sie im Internet unter Sch\u00fcttpelz Busreisen (www.schuettpelz-busreisen.de)<\/strong><\/p>\n\n\n\n<p><strong>&nbsp;<\/strong><\/p>\n\n\n\n<p><strong>Wichtige Formulare f\u00fcr uns:<\/strong><\/p>\n\n\n\n<div class=\"wp-block-file\"><a id=\"wp-block-file--media-d89dbce0-686b-4013-aef5-ba2f88260ae3\" href=\"http:\/\/www.muenster.org\/seniorenrat\/wordpress\/wp-content\/uploads\/2024\/03\/Vollmacht-in-Angelegenheiten-der-Gesundheitssorge-und-Pflegebeduerftigkeit.pdf\"><strong>Vollmacht in Angelegenheiten der Gesundheitssorge und Pflegebed\u00fcrftigkeit<\/strong><\/a><a href=\"http:\/\/www.muenster.org\/seniorenrat\/wordpress\/wp-content\/uploads\/2024\/03\/Vollmacht-in-Angelegenheiten-der-Gesundheitssorge-und-Pflegebeduerftigkeit.pdf\" class=\"wp-block-file__button wp-element-button\" download aria-describedby=\"wp-block-file--media-d89dbce0-686b-4013-aef5-ba2f88260ae3\">Herunterladen<\/a><\/div>\n\n\n\n<h3 class=\"wp-block-heading\">Weitere Formulare<\/h3>\n\n\n\n<p><a href=\"https:\/\/www.bmj.de\/SharedDocs\/Downloads\/DE\/Formular\/Vorsorgevollmacht.pdf?__blob=publicationFile&amp;v=7\" target=\"_blank\" rel=\"noreferrer noopener\"><\/a><\/p>\n\n\n\n<p><a href=\"https:\/\/www.bmj.de\/SharedDocs\/Downloads\/DE\/Formular\/Vorsorgevollmacht.pdf?__blob=publicationFile&amp;v=7\"><\/a><a href=\"https:\/\/www.bmj.de\/SharedDocs\/Downloads\/DE\/Formular\/Vorsorgevollmacht.pdf?__blob=publicationFile&amp;v=7\">Formular: Vorsorgevollmacht<\/a><\/p>\n\n\n\n<p>PDF,&nbsp;108KB,&nbsp;Datei ist barrierefrei\u2044barrierearm,&nbsp;15. Januar 2023<\/p>\n\n\n\n<p><a href=\"https:\/\/www.bmj.de\/SharedDocs\/Downloads\/DE\/Formular\/Betreuungsverfuegung.pdf?__blob=publicationFile&amp;v=4\" target=\"_blank\" rel=\"noreferrer noopener\"><\/a><\/p>\n\n\n\n<p><a href=\"https:\/\/www.bmj.de\/SharedDocs\/Downloads\/DE\/Formular\/Betreuungsverfuegung.pdf?__blob=publicationFile&amp;v=4\"><\/a><a href=\"https:\/\/www.bmj.de\/SharedDocs\/Downloads\/DE\/Formular\/Betreuungsverfuegung.pdf?__blob=publicationFile&amp;v=4\">Formular: Betreuungsverf\u00fcgung<\/a><\/p>\n\n\n\n<p>PDF,&nbsp;68KB,&nbsp;Datei ist barrierefrei\u2044barrierearm,&nbsp;01. September 2019<\/p>\n\n\n\n<p><a href=\"https:\/\/www.bmj.de\/SharedDocs\/Downloads\/DE\/Formular\/Antrag_auf_Eintragung_einer_Vorsorgevollmacht.pdf?__blob=publicationFile&amp;v=6\" target=\"_blank\" rel=\"noreferrer noopener\"><\/a><\/p>\n\n\n\n<p><a href=\"https:\/\/www.bmj.de\/SharedDocs\/Downloads\/DE\/Formular\/Antrag_auf_Eintragung_einer_Vorsorgevollmacht.pdf?__blob=publicationFile&amp;v=6\"><\/a><a href=\"https:\/\/www.bmj.de\/SharedDocs\/Downloads\/DE\/Formular\/Antrag_auf_Eintragung_einer_Vorsorgevollmacht.pdf?__blob=publicationFile&amp;v=6\">Formular P: Antrag auf Eintragung einer Vorsorgevollmacht<\/a><\/p>\n\n\n\n<p>PDF,&nbsp;366KB,&nbsp;Datei ist barrierefrei\u2044barrierearm,&nbsp;28. M\u00e4rz 2023<\/p>\n\n\n\n<p><a href=\"https:\/\/www.bmj.de\/SharedDocs\/Downloads\/DE\/Formular\/Antrag_auf_Eintragung_weiterer_Bevollmaechtigter_zu_einer_Vorsorgevollmacht.pdf?__blob=publicationFile&amp;v=4\" target=\"_blank\" rel=\"noreferrer noopener\"><\/a><\/p>\n\n\n\n<p><a href=\"https:\/\/www.bmj.de\/SharedDocs\/Downloads\/DE\/Formular\/Antrag_auf_Eintragung_weiterer_Bevollmaechtigter_zu_einer_Vorsorgevollmacht.pdf?__blob=publicationFile&amp;v=4\"><\/a><a href=\"https:\/\/www.bmj.de\/SharedDocs\/Downloads\/DE\/Formular\/Antrag_auf_Eintragung_weiterer_Bevollmaechtigter_zu_einer_Vorsorgevollmacht.pdf?__blob=publicationFile&amp;v=4\">Formular PZ: Antrag auf Eintragung weiterer Bevollm\u00e4chtigter zu einer bestehenden Vorsorgevollmacht<\/a><\/p>\n\n\n\n<p>PDF,&nbsp;219KB,&nbsp;Datei ist nicht barrierefrei,&nbsp;01. M\u00e4rz 2020<\/p>\n\n\n\n<p><a href=\"https:\/\/www.bmj.de\/SharedDocs\/Downloads\/DE\/Formular\/Konto_und_Depotvollmacht.pdf?__blob=publicationFile&amp;v=4\" target=\"_blank\" rel=\"noreferrer noopener\"><\/a><\/p>\n\n\n\n<p><a href=\"https:\/\/www.bmj.de\/SharedDocs\/Downloads\/DE\/Formular\/Konto_und_Depotvollmacht.pdf?__blob=publicationFile&amp;v=4\"><\/a><a href=\"https:\/\/www.bmj.de\/SharedDocs\/Downloads\/DE\/Formular\/Konto_und_Depotvollmacht.pdf?__blob=publicationFile&amp;v=4\">Formular: Konto-, Depot- und Schrankvollmacht<\/a><\/p>\n\n\n\n<p>PDF,&nbsp;563KB,&nbsp;Datei ist barrierefrei\u2044barrierearm,&nbsp;19. Oktober 2017<\/p>\n\n\n\n<p>                                                       Nur auf den Link gehen ,Rest geht automatisch<\/p>\n\n\n\n<p><a href=\"https:\/\/www.bmj.de\/DE\/service\/formulare\/form_vorsorgevollmacht\/form_vorsorgevollmacht_node.html\">BMJ &#8211; Vorsorgevollmacht \/ Betreuungsverf\u00fcgung<\/a><\/p>\n\n\n\n<p style=\"font-size:17px\">     Herausgegeben vom &nbsp;2024 Bundesministerium der Justiz<\/p>\n\n\n\n<p><\/p>\n\n\n\n<p><\/p>\n\n\n\n<p><\/p>\n\n\n\n<p><\/p>\n\n\n\n<p><\/p>\n\n\n\n<p><\/p>\n\n\n\n<p><\/p>\n\n\n\n<p><\/p>\n\n\n\n<p><\/p>\n\n\n\n<p><\/p>\n\n\n\n<p><\/p>\n\n\n\n<p><\/p>\n\n\n\n<p><\/p>\n\n\n\n<p><\/p>\n\n\n\n<p><\/p>\n\n\n\n<p><\/p>\n\n\n\n<p><\/p>\n\n\n\n<p><\/p>\n\n\n\n<p><\/p>\n\n\n\n<p><\/p>\n\n\n\n<p><\/p>\n\n\n\n<p><\/p>\n\n\n\n<p><\/p>\n\n\n\n<p><\/p>\n\n\n\n<p><\/p>\n\n\n\n<p><\/p>\n\n\n\n<p><\/p>\n\n\n\n<p><\/p>\n\n\n\n<p><\/p>\n\n\n\n<p><\/p>\n\n\n\n<p><\/p>\n\n\n\n<p><\/p>\n\n\n\n<p><\/p>\n\n\n\n<p><\/p>\n\n\n\n<p><\/p>\n\n\n\n<p><\/p>\n\n\n\n<p><\/p>\n\n\n\n<p><\/p>\n\n\n\n<p><\/p>\n\n\n\n<p><\/p>\n\n\n\n<p><\/p>\n\n\n\n<p><\/p>\n\n\n\n<p><\/p>\n\n\n\n<p><\/p>\n\n\n\n<p><\/p>\n\n\n\n<p><\/p>\n\n\n\n<p><\/p>\n\n\n\n<p><\/p>\n\n\n\n<p><\/p>\n\n\n\n<p><\/p>\n\n\n\n<p><\/p>\n\n\n\n<p><\/p>\n\n\n\n<p><\/p>\n\n\n\n<p><\/p>\n\n\n\n<p><\/p>\n\n\n\n<p><\/p>\n\n\n\n<p><\/p>\n\n\n\n<p><\/p>\n\n\n\n<p><\/p>\n\n\n\n<p><\/p>\n\n\n\n<p><\/p>\n\n\n\n<p><\/p>\n\n\n\n<p><\/p>\n\n\n\n<p><\/p>\n\n\n\n<p><\/p>\n\n\n\n<p><\/p>\n\n\n\n<p><\/p>\n\n\n\n<p><\/p>\n\n\n\n<p><\/p>\n\n\n\n<p><\/p>\n\n\n\n<p><\/p>\n\n\n\n<p><\/p>\n\n\n\n<p><\/p>\n\n\n\n<p><\/p>\n\n\n\n<p><\/p>\n\n\n\n<p><\/p>\n\n\n\n<p><\/p>\n\n\n\n<p><\/p>\n\n\n\n<p><\/p>\n\n\n\n<p><\/p>\n\n\n\n<p><\/p>\n\n\n\n<p><\/p>\n\n\n\n<p><\/p>\n\n\n\n<p><\/p>\n\n\n\n<p><\/p>\n\n\n\n<p><\/p>\n\n\n\n<p><\/p>\n\n\n\n<p><\/p>\n\n\n\n<p><\/p>\n\n\n\n<p><\/p>\n\n\n\n<p><\/p>\n\n\n\n<p><\/p>\n\n\n\n<p><\/p>\n\n\n\n<p><\/p>\n\n\n\n<p><\/p>\n\n\n\n<p><\/p>\n\n\n\n<p><\/p>\n\n\n\n<p><\/p>\n\n\n\n<p><\/p>\n\n\n\n<p><\/p>\n\n\n\n<p><\/p>\n\n\n\n<p><\/p>\n\n\n\n<p><\/p>\n\n\n\n<p><\/p>\n\n\n\n<p><\/p>\n\n\n\n<p><\/p>\n\n\n\n<p><\/p>\n\n\n\n<p><\/p>\n\n\n\n<p><\/p>\n\n\n\n<p><\/p>\n\n\n\n<p><\/p>\n\n\n\n<p><\/p>\n\n\n\n<p><\/p>\n\n\n\n<p><\/p>\n\n\n\n<p><\/p>\n\n\n\n<p><\/p>\n\n\n\n<p><\/p>\n\n\n\n<p><\/p>\n\n\n\n<p><\/p>\n\n\n\n<p><\/p>\n\n\n\n<p><\/p>\n\n\n\n<p class=\"has-text-align-left\"><\/p>\n\n\n\n<p><\/p>\n","protected":false},"excerpt":{"rendered":"<p>Sehr verehrte Vereinsmitglieder*innen und Interessierte ,f\u00fcr das 2. Quartal 2026 haben wir ein gemischtes Programm zusammengestellt.Die Mitgliederversammlung mit Wahlen wird am 6.5. um 15:00 Uhr stattfinden. Da 3 Vorstandsmitglieder aus pers\u00f6nlichen Gr\u00fcnden ausscheiden werden, freuen wiruns \u00fcber alle, die Lust haben, im Vorstand mitzumachen. Die Fahrt nach Berlin wird leider erst vom 5. bis zum [&hellip;]<\/p>\n","protected":false},"author":1,"featured_media":0,"parent":0,"menu_order":0,"comment_status":"closed","ping_status":"closed","template":"","meta":{"footnotes":""},"class_list":["post-5349","page","type-page","status-publish","hentry"],"_links":{"self":[{"href":"http:\/\/www.muenster.org\/seniorenrat\/wordpress\/wp-json\/wp\/v2\/pages\/5349","targetHints":{"allow":["GET"]}}],"collection":[{"href":"http:\/\/www.muenster.org\/seniorenrat\/wordpress\/wp-json\/wp\/v2\/pages"}],"about":[{"href":"http:\/\/www.muenster.org\/seniorenrat\/wordpress\/wp-json\/wp\/v2\/types\/page"}],"author":[{"embeddable":true,"href":"http:\/\/www.muenster.org\/seniorenrat\/wordpress\/wp-json\/wp\/v2\/users\/1"}],"replies":[{"embeddable":true,"href":"http:\/\/www.muenster.org\/seniorenrat\/wordpress\/wp-json\/wp\/v2\/comments?post=5349"}],"version-history":[{"count":248,"href":"http:\/\/www.muenster.org\/seniorenrat\/wordpress\/wp-json\/wp\/v2\/pages\/5349\/revisions"}],"predecessor-version":[{"id":6384,"href":"http:\/\/www.muenster.org\/seniorenrat\/wordpress\/wp-json\/wp\/v2\/pages\/5349\/revisions\/6384"}],"wp:attachment":[{"href":"http:\/\/www.muenster.org\/seniorenrat\/wordpress\/wp-json\/wp\/v2\/media?parent=5349"}],"curies":[{"name":"wp","href":"https:\/\/api.w.org\/{rel}","templated":true}]}}