{"id":38,"date":"2020-03-07T18:52:54","date_gmt":"2020-03-07T17:52:54","guid":{"rendered":"http:\/\/www.muenster.org\/projektmarischa\/?page_id=38"},"modified":"2024-04-26T10:46:47","modified_gmt":"2024-04-26T08:46:47","slug":"streetwork","status":"publish","type":"page","link":"http:\/\/www.muenster.org\/projektmarischa\/was-wir-machen\/streetwork\/","title":{"rendered":"Streetwork"},"content":{"rendered":"\n<p style=\"\"><strong>STREETWORK<\/strong><\/p>\n<p style=\"text-align: justify;\"><span style=\"\">Die aufsuchende Arbeit findet einmal w\u00f6chentlich statt. Dabei geht das Team von Marischa direkt auf die Stra\u00dfe oder in die Bordelle und Clubs. Wir haben ein offenes Ohr und bringen Kondome, Hygieneartikel sowie warme Getr\u00e4nke und Lebensmittel mit. Auch verf\u00fcgen wir \u00fcber die M\u00f6glichkeit, auf sexuell \u00fcbertragbare Erkrankungen zu testen. Die aufsuchende Arbeit bildet nach wie vor eine wichtige M\u00f6glichkeit unkompliziert mit unseren Adressierten in Kontakt zu bleiben und neue Kontakte zu schaffen.<\/span><\/p>\n<p style=\"text-align: center;\">Kontakt<\/p>\n<p><span style=\"width: 100%;\"><a href=\"http:\/\/muenster.org\/projektmarischa\/kontakt\"><img decoding=\"async\" alt=\"\" title=\"adress_icon_03\" data-id=\"25402\" src=\"\/\/www.muenster.org\/projektmarischa\/wp-content\/uploads\/tcb_content_templates\/stylebox\/images\/adress_icon_03.png\" style=\"\" data-link-wrap=\"true\" loading=\"lazy\" width=\"48\" height=\"48\"><\/a><\/span><\/p>\n<p style=\"text-align: center;\"><span style=\"font-family: &quot;Open Sans&quot;; font-weight: 300;\"><span style=\"font-size: 16px; color: rgb(135, 145, 152);\">Gesundheitsamt Stadt M\u00fcnster<\/span><\/span><\/p>\n<p style=\"text-align: center;\"><span style=\"font-family: &quot;Open Sans&quot;; font-weight: 300;\"><span style=\"font-size: 16px; color: rgb(135, 145, 152);\">marischa@stadt-muenster.de<\/span><\/span><\/p>\n<p style=\"text-align: center;\"><span style=\"font-family: &quot;Open Sans&quot;; font-weight: 300;\"><span style=\"font-size: 16px; color: rgb(135, 145, 152);\"><span><span>+ 49 251 492 53 86<\/span><\/span><\/span><\/span><\/p>\n<p style=\"text-align: center;\"><span style=\"font-family: &quot;Open Sans&quot;; font-weight: 300;\"><span style=\"font-size: 16px; color: rgb(135, 145, 152);\"><span><span>+ 49 160 972 666 97<\/span><\/span><\/span><\/span><\/p>\n<p style=\"text-align: center;\">Spenden<\/p>\n<p><span style=\"width: 100%;\"><a href=\"http:\/\/muenster.org\/projektmarischa\/kontakt\"><img decoding=\"async\" alt=\"\" title=\"adress_icon_02\" data-id=\"25398\" src=\"\/\/www.muenster.org\/projektmarischa\/wp-content\/uploads\/tcb_content_templates\/stylebox\/images\/adress_icon_02.png\" style=\"\" data-link-wrap=\"true\" loading=\"lazy\" width=\"49\" height=\"48\"><\/a><\/span><\/p>\n<p style=\"text-align: center; line-height: 1.6em !important;\"><span style=\"font-size: 16px; color: rgb(135, 145, 152);\">Marischa-Streetwork-Projekt<\/span><\/p>\n<p style=\"text-align: center; line-height: 1.6em !important;\"><span style=\"font-size: 16px;\"><span style=\"color: rgb(135, 145, 152);\">Neue Kontodaten: seit August 2022<\/span><\/span><\/p>\n<p style=\"text-align: center; letter-spacing: 0px; line-height: 1.6em !important;\"><span style=\"font-size: 16px;\"><span style=\"text-decoration: none; display: inline-block;\"><span style=\"color: rgb(135, 145, 152);\">IBAN: DE53 8306 5408 0005 2432 03<\/span><\/span><\/span><\/p>\n<p style=\"text-align: center; letter-spacing: 0px; line-height: 1.6em !important;\"><span style=\"font-size: 16px;\"><span style=\"text-decoration: none; display: inline-block;\"><span style=\"color: rgb(135, 145, 152);\">BIC: GENODEF1SLR<\/span><\/span><\/span><\/p>\n<p style=\"text-align: center; letter-spacing: 0px; line-height: 1.6em !important;\"><span style=\"font-size: 16px;\"><span style=\"text-decoration: none; display: inline-block;\"><span style=\"color: rgb(135, 145, 152);\">Verwendungszweck: Projekt Marischa<\/span><\/span><\/span><\/p>\n<p style=\"text-align: center; letter-spacing: 0px; line-height: 1.6em !important;\"><span style=\"font-size: 16px;\"><span style=\"color: rgb(135, 145, 152);\"><\/span><span style=\"text-decoration: none; display: inline-block;\"><span style=\"color: rgb(135, 145, 152);\"><\/span><\/span><\/span><\/p>\n","protected":false},"excerpt":{"rendered":"<p>STREETWORK Die aufsuchende Arbeit findet einmal w\u00f6chentlich statt. Dabei geht das Team von Marischa direkt auf die Stra\u00dfe oder in die Bordelle und Clubs. Wir haben ein offenes Ohr und bringen Kondome, Hygieneartikel sowie warme Getr\u00e4nke und Lebensmittel mit. Auch verf\u00fcgen wir \u00fcber die M\u00f6glichkeit, auf sexuell \u00fcbertragbare Erkrankungen zu testen. Die aufsuchende Arbeit bildet [&hellip;]<\/p>\n","protected":false},"author":1,"featured_media":0,"parent":32,"menu_order":0,"comment_status":"closed","ping_status":"closed","template":"","meta":{"footnotes":""},"class_list":["post-38","page","type-page","status-publish","hentry"],"_links":{"self":[{"href":"http:\/\/www.muenster.org\/projektmarischa\/wp-json\/wp\/v2\/pages\/38","targetHints":{"allow":["GET"]}}],"collection":[{"href":"http:\/\/www.muenster.org\/projektmarischa\/wp-json\/wp\/v2\/pages"}],"about":[{"href":"http:\/\/www.muenster.org\/projektmarischa\/wp-json\/wp\/v2\/types\/page"}],"author":[{"embeddable":true,"href":"http:\/\/www.muenster.org\/projektmarischa\/wp-json\/wp\/v2\/users\/1"}],"replies":[{"embeddable":true,"href":"http:\/\/www.muenster.org\/projektmarischa\/wp-json\/wp\/v2\/comments?post=38"}],"version-history":[{"count":26,"href":"http:\/\/www.muenster.org\/projektmarischa\/wp-json\/wp\/v2\/pages\/38\/revisions"}],"predecessor-version":[{"id":2029,"href":"http:\/\/www.muenster.org\/projektmarischa\/wp-json\/wp\/v2\/pages\/38\/revisions\/2029"}],"up":[{"embeddable":true,"href":"http:\/\/www.muenster.org\/projektmarischa\/wp-json\/wp\/v2\/pages\/32"}],"wp:attachment":[{"href":"http:\/\/www.muenster.org\/projektmarischa\/wp-json\/wp\/v2\/media?parent=38"}],"curies":[{"name":"wp","href":"https:\/\/api.w.org\/{rel}","templated":true}]}}