{"id":22,"date":"2020-03-07T18:45:22","date_gmt":"2020-03-07T17:45:22","guid":{"rendered":"http:\/\/www.muenster.org\/projektmarischa\/?page_id=22"},"modified":"2025-10-07T21:41:20","modified_gmt":"2025-10-07T19:41:20","slug":"kontakt","status":"publish","type":"page","link":"http:\/\/www.muenster.org\/projektmarischa\/kontakt\/","title":{"rendered":"Kontakt"},"content":{"rendered":"<h3 style=\"text-align: left;\"><span style=\"\"><span style=\"\">KONTAKT<\/span><\/span><\/h3>\n<h2 style=\"text-align: right; letter-spacing: 0px;\"><span><span style=\"font-weight: normal;\"><span style=\"font-family: &quot;Open Sans&quot;;\">Schreib&#8217; uns:&nbsp;<\/span><\/span><\/span><span><span style=\"font-weight: normal;\"><span style=\"font-family: &quot;Open Sans&quot;;\">&nbsp;<\/span><\/span><span><span><\/span><\/span><\/span><\/h2>\n<h2 style=\"text-align: left; letter-spacing: 0px;\"><span style=\"color: rgb(136, 149, 153);\"> <\/span><\/h2>\n<p style=\"text-align: left;\"><span style=\"font-size: 22px; color: rgb(241, 243, 245); font-family: &quot;Open Sans&quot;; font-weight: 400;\">Projekt Marischa<\/span><\/p>\n<p style=\"text-align: left;\"><span style=\"font-size: 22px;\"><span style=\"font-weight: 400;\"><span style=\"font-family: 'Open Sans';\"><span style=\"color: rgb(241, 243, 245);\"><span style=\"--tcb-applied-color: rgb(241, 243, 245) !important;\"><a data-tcb_hover_state_parent=\"\" href=\"http:\/\/www.muenster.de\/\" style=\"outline: none;\" target=\"_blank\">Gesundheits- und Veterin\u00e4ramt der Stadt M\u00fcnster, St\u00fchmerweg 8, 48147 M\u00fcnster<\/a><\/span><\/span><\/span><\/span><\/span><\/p>\n<p><span style=\"font-size: 22px;\"><span style=\"font-weight: 400;\"><span style=\"font-family: 'Open Sans';\"><span style=\"color: rgb(241, 243, 245);\"><span style=\"--tcb-applied-color: rgb(241, 243, 245) !important;\"><\/span><\/span><\/span><\/span><\/span><\/p>\n<p><span style=\"font-size: 22px;\"><span style=\"font-weight: 400;\"><span style=\"font-family: 'Open Sans';\"><span style=\"color: rgb(241, 243, 245);\"><span style=\"--tcb-applied-color: rgb(241, 243, 245) !important;\"><span><span>Ansprechpersonen:<\/span><\/span><\/span><\/span><\/span><\/span><\/span><\/p>\n<\/p>\n<p><strong><span style=\"font-size: 22px;\"><span style=\"font-family: 'Open Sans';\"><span style=\"color: rgb(241, 243, 245);\"><span style=\"--tcb-applied-color: rgb(241, 243, 245) !important;\">Nina<\/span><\/span><\/span><\/span><\/strong><\/p>\n<p><strong><span style=\"font-size: 22px;\"><span style=\"font-family: 'Open Sans';\"><span style=\"color: rgb(241, 243, 245);\"><span style=\"--tcb-applied-color: rgb(241, 243, 245) !important;\">\u200b<\/span><\/span><\/span><\/span><\/strong><span style=\"font-size: 22px;\"><span style=\"font-family: 'Open Sans';\"><span style=\"color: rgb(241, 243, 245);\"><span style=\"--tcb-applied-color: rgb(241, 243, 245) !important;\">(aufsuchende Sozialarbeit z.B. auf dem &#8220;Stra\u00dfenstrich&#8221;, in Bordellen, Clubs und Appartements ):<\/span><\/span><\/span><\/span><\/p>\n<p><span style=\"font-size: 22px;\"><span style=\"font-weight: 400;\"><span style=\"font-family: 'Open Sans';\"><span style=\"color: rgb(241, 243, 245);\"><span style=\"--tcb-applied-color: rgb(241, 243, 245) !important;\">Telefon: +49 251 4924903<\/span><\/span><\/span><\/span><\/span><\/p>\n<p><span style=\"font-size: 22px;\"><span style=\"font-weight: 400;\"><span style=\"font-family: 'Open Sans';\"><span style=\"color: rgb(241, 243, 245);\"><span style=\"--tcb-applied-color: rgb(241, 243, 245) !important;\">Mobil: +49 175 2210547 (auch Whatsapp)<\/span><\/span><\/span><\/span><\/span><\/p>\n<p><span style=\"font-size: 22px;\"><span style=\"font-weight: 400;\"><span style=\"font-family: 'Open Sans';\"><span style=\"color: rgb(241, 243, 245);\"><span style=\"--tcb-applied-color: rgb(241, 243, 245) !important;\">Mail: ProjektMarischa@stadt-muenster.de<\/span><\/span><\/span><\/span><\/span><\/p>\n<\/p>\n<p><span style=\"font-size: 22px;\"><span><span style=\"font-family: 'Open Sans';\"><span style=\"color: rgb(241, 243, 245);\"><span style=\"--tcb-applied-color: rgb(241, 243, 245) !important;\"><strong>Susanne Kock<\/strong> (Gesch\u00e4ftsf\u00fchrung und Ansprechperson zu den Themen Netzwerk- und \u00d6ffentlichkeitsarbeit, Presse- und Forschungsanfragen sowie zu politischen Anfragen)<\/span><\/span><\/span><\/span><span style=\"font-weight: 400;\"><span style=\"font-family: 'Open Sans';\"><span style=\"color: rgb(241, 243, 245);\"><span style=\"--tcb-applied-color: rgb(241, 243, 245) !important;\"><\/span><\/span><\/span><\/span><\/span><\/p>\n<p><span style=\"font-size: 22px;\"><span style=\"font-weight: 400;\"><span style=\"font-family: 'Open Sans';\"><span style=\"color: rgb(241, 243, 245);\"><span style=\"--tcb-applied-color: rgb(241, 243, 245) !important;\"><\/span><\/span><\/span><\/span><\/span><\/p>\n<p><span style=\"color: rgb(241, 243, 245);\"><span style=\"--tcb-applied-color: rgb(241, 243, 245) !important;\"><span style=\"font-family: &quot;Open Sans&quot;; font-weight: 400; font-size: 22px;\">E-Mail: info.vresa@gmail.com<\/span><\/span><\/span><\/p>\n<p><span style=\"color: rgb(241, 243, 245);\"><span style=\"--tcb-applied-color: rgb(241, 243, 245) !important;\"><span><span><span> <\/span><\/span><\/span><\/span><\/span><\/p>\n<p style=\"text-align: left;\">\n<p style=\"text-align: left;\">\n<p>Nachricht senden<\/p>\n<h2 style=\"text-align: left; letter-spacing: 0px;\"><\/h2>\n<h2 style=\"text-align: center; letter-spacing: 0px;\"><span style=\"color: rgb(0, 5, 7);\"><span style=\"font-family: &quot;Open Sans&quot;;\"><strong><span style=\"\">Hier findest Du uns:<\/span><\/strong><\/span><span style=\"\"><span style=\"--tcb-applied-color: rgb(0, 5, 7) !important;\"><\/span><\/span><\/span><\/h2>\n<h2 style=\"text-align: left; letter-spacing: 0px;\"><span style=\"color: rgb(136, 149, 153);\"> <\/span><\/h2>\n","protected":false},"excerpt":{"rendered":"<p>KONTAKT Schreib&#8217; uns:&nbsp;&nbsp; Projekt Marischa Gesundheits- und Veterin\u00e4ramt der Stadt M\u00fcnster, St\u00fchmerweg 8, 48147 M\u00fcnster Ansprechpersonen: Nina \u200b(aufsuchende Sozialarbeit z.B. auf dem &#8220;Stra\u00dfenstrich&#8221;, in Bordellen, Clubs und Appartements ): Telefon: +49 251 4924903 Mobil: +49 175 2210547 (auch Whatsapp) Mail: ProjektMarischa@stadt-muenster.de Susanne Kock (Gesch\u00e4ftsf\u00fchrung und Ansprechperson zu den Themen Netzwerk- und \u00d6ffentlichkeitsarbeit, Presse- und Forschungsanfragen [&hellip;]<\/p>\n","protected":false},"author":1,"featured_media":0,"parent":0,"menu_order":0,"comment_status":"closed","ping_status":"closed","template":"","meta":{"footnotes":""},"class_list":["post-22","page","type-page","status-publish","hentry"],"_links":{"self":[{"href":"http:\/\/www.muenster.org\/projektmarischa\/wp-json\/wp\/v2\/pages\/22","targetHints":{"allow":["GET"]}}],"collection":[{"href":"http:\/\/www.muenster.org\/projektmarischa\/wp-json\/wp\/v2\/pages"}],"about":[{"href":"http:\/\/www.muenster.org\/projektmarischa\/wp-json\/wp\/v2\/types\/page"}],"author":[{"embeddable":true,"href":"http:\/\/www.muenster.org\/projektmarischa\/wp-json\/wp\/v2\/users\/1"}],"replies":[{"embeddable":true,"href":"http:\/\/www.muenster.org\/projektmarischa\/wp-json\/wp\/v2\/comments?post=22"}],"version-history":[{"count":92,"href":"http:\/\/www.muenster.org\/projektmarischa\/wp-json\/wp\/v2\/pages\/22\/revisions"}],"predecessor-version":[{"id":2197,"href":"http:\/\/www.muenster.org\/projektmarischa\/wp-json\/wp\/v2\/pages\/22\/revisions\/2197"}],"wp:attachment":[{"href":"http:\/\/www.muenster.org\/projektmarischa\/wp-json\/wp\/v2\/media?parent=22"}],"curies":[{"name":"wp","href":"https:\/\/api.w.org\/{rel}","templated":true}]}}