{"id":20,"date":"2020-03-07T18:45:06","date_gmt":"2020-03-07T17:45:06","guid":{"rendered":"http:\/\/www.muenster.org\/projektmarischa\/?page_id=20"},"modified":"2024-06-14T11:26:27","modified_gmt":"2024-06-14T09:26:27","slug":"unterstuetzung","status":"publish","type":"page","link":"http:\/\/www.muenster.org\/projektmarischa\/unterstuetzung\/","title":{"rendered":"Unterst\u00fctze uns"},"content":{"rendered":"<h3 style=\"text-align: center;\"><span><strong>Wir brauchen Unterst\u00fctzung !<\/strong><\/span><\/h3>\n<h3 style=\"text-align: center;\"><span><strong><\/strong><\/span><\/h3>\n<h3 style=\"text-align: center;\"><span style=\"font-weight: 400;\"><span style=\"font-family: inherit;\"><span style=\"color: rgb(233, 133, 37); font-size: 39px;\">Ehrenamtlich engagieren!&nbsp;<\/span><\/span><\/span><\/h3>\n<p><span style=\"color: rgb(135, 145, 152); font-family: &quot;Open Sans&quot;; font-weight: 400;\"> <\/span><span style=\"color: rgb(135, 145, 152); font-family: &quot;Open Sans&quot;; font-weight: 400;\">Das&nbsp;<\/span><a href=\"http:\/\/muenster.org\/projektmarischa\/ueber-uns\" style=\"outline: none;\"><span style=\"color: rgb(135, 145, 152); font-family: &quot;Open Sans&quot;; font-weight: 400;\">Projekt<\/span><\/a><span style=\"color: rgb(135, 145, 152); font-family: &quot;Open Sans&quot;; font-weight: 400;\">&nbsp;wurde von Ehrenamtlichen gegr\u00fcndet und lebt von der Vielfalt der Menschen, die sich dort engagieren. Gemeinsam mit zwei hauptamtlichen Mitarbeitenden arbeiten wir an neuen Projekten, treffen uns regelm\u00e4\u00dfig zum Austausch und suchen die Adressierten auf. Auch aktuelle Problemlagen der Betreffenden und Hilfsm\u00f6glichkeiten werden besprochen. Wir ben\u00f6tigen immer Unterst\u00fctzung und freuen uns \u00fcber jeden Menschen, der unsere Haltung teilt und Lust hat, sich zu engagieren!&nbsp;<\/span><\/p>\n<h3 style=\"text-align: center;\"><span style=\"font-weight: 100;\"><span style=\"font-family: Montserrat;\"><\/span><\/span><span style=\"font-weight: 400;\"><span style=\"font-family: inherit;\"><span style=\"color: rgb(233, 133, 37); font-size: 39px;\">Jetzt spenden!&nbsp;<\/span><\/span><\/span><\/h3>\n<p style=\"text-align: center;\">Dem Projekt steht ein kleines Budget f\u00fcr das gesamte Jahr zur Verf\u00fcgung. F\u00fcr gr\u00f6\u00dfere Anschaffungen und schnelle unb\u00fcrokratische Hilfe im Einzelfall ben\u00f6tigen wir immer wieder Geld und sind daher auf Spenden angewiesen. Durch deine Spende leistest du wertvolle Hilfe, dort wo sie gebraucht wird! Vielen Dank!<\/p>\n<p><span style=\"color: rgb(133, 149, 154); text-transform: uppercase;\">Bankverbindung:&nbsp;<\/span><\/p>\n<p><span style=\"color: rgb(133, 149, 154);\">\u200b\u200b<\/span><\/p>\n<\/p>\n<p><strong><span style=\"color: rgb(133, 149, 154);\">Empf\u00e4nger:&nbsp;<\/span><\/strong><span style=\"color: rgb(133, 149, 154);\"><strong>F\u00f6rderverein Marischa<\/strong><\/span><\/p>\n<p><strong><span style=\"color: rgb(133, 149, 154);\">Neue Kontodaten seit 29.07.2022&nbsp;<\/span><\/strong><strong><span style=\"color: rgb(133, 149, 154);\">&nbsp;<\/span><\/strong><\/p>\n<p><strong><span style=\"color: rgb(133, 149, 154);\">IBAN: DE53 8306 5408 0005 2432 03<\/span><\/strong><\/p>\n<p><strong><span style=\"color: rgb(133, 149, 154);\">BIC: GENODEF1SLR<\/span><\/strong><\/p>\n<p><strong><span style=\"color: rgb(133, 149, 154);\">Verwendungszweck: Projekt Marischa<\/span><\/strong><\/p><\/p>\n","protected":false},"excerpt":{"rendered":"<p>Wir brauchen Unterst\u00fctzung ! Ehrenamtlich engagieren!&nbsp; Das&nbsp;Projekt&nbsp;wurde von Ehrenamtlichen gegr\u00fcndet und lebt von der Vielfalt der Menschen, die sich dort engagieren. Gemeinsam mit zwei hauptamtlichen Mitarbeitenden arbeiten wir an neuen Projekten, treffen uns regelm\u00e4\u00dfig zum Austausch und suchen die Adressierten auf. Auch aktuelle Problemlagen der Betreffenden und Hilfsm\u00f6glichkeiten werden besprochen. Wir ben\u00f6tigen immer Unterst\u00fctzung und [&hellip;]<\/p>\n","protected":false},"author":1,"featured_media":0,"parent":0,"menu_order":0,"comment_status":"closed","ping_status":"closed","template":"","meta":{"footnotes":""},"class_list":["post-20","page","type-page","status-publish","hentry"],"_links":{"self":[{"href":"http:\/\/www.muenster.org\/projektmarischa\/wp-json\/wp\/v2\/pages\/20","targetHints":{"allow":["GET"]}}],"collection":[{"href":"http:\/\/www.muenster.org\/projektmarischa\/wp-json\/wp\/v2\/pages"}],"about":[{"href":"http:\/\/www.muenster.org\/projektmarischa\/wp-json\/wp\/v2\/types\/page"}],"author":[{"embeddable":true,"href":"http:\/\/www.muenster.org\/projektmarischa\/wp-json\/wp\/v2\/users\/1"}],"replies":[{"embeddable":true,"href":"http:\/\/www.muenster.org\/projektmarischa\/wp-json\/wp\/v2\/comments?post=20"}],"version-history":[{"count":71,"href":"http:\/\/www.muenster.org\/projektmarischa\/wp-json\/wp\/v2\/pages\/20\/revisions"}],"predecessor-version":[{"id":2057,"href":"http:\/\/www.muenster.org\/projektmarischa\/wp-json\/wp\/v2\/pages\/20\/revisions\/2057"}],"wp:attachment":[{"href":"http:\/\/www.muenster.org\/projektmarischa\/wp-json\/wp\/v2\/media?parent=20"}],"curies":[{"name":"wp","href":"https:\/\/api.w.org\/{rel}","templated":true}]}}