{"id":18,"date":"2020-03-07T18:44:49","date_gmt":"2020-03-07T17:44:49","guid":{"rendered":"http:\/\/www.muenster.org\/projektmarischa\/?page_id=18"},"modified":"2025-09-18T14:17:25","modified_gmt":"2025-09-18T12:17:25","slug":"aktuelles","status":"publish","type":"page","link":"http:\/\/www.muenster.org\/projektmarischa\/aktuelles\/","title":{"rendered":"Aktuelles"},"content":{"rendered":"<h3 style=\"text-align: left;\"><\/h3>\n<h3 style=\"text-align: left;\"><strong>VER\u00d6FFENTLICHUNGEN &amp; STELLUNGNAHMEN<\/strong><\/h3>\n<p><strong><\/strong><\/p>\n<p><a href=\"https:\/\/www.muenster.org\/projektmarischa\/2025\/09\/18\/schutz-statt-kuerzungen-soziale-arbeit-am-limit\/\" target=\"_blank\" rel=\"\"><\/a><\/p>\n<p style=\"text-align: center;\"><em _msthash=\"4881\" _msttexthash=\"327925\">M\u00fcnster, den September 2025<\/em><\/p>\n<p _msthidden=\"2\" style=\"text-align: left;\"><a _msthash=\"4882\" _msttexthash=\"10442224\" href=\"http:\/\/www.muenster.org\/projektmarischa\/2020\/04\/09\/filmprojekt-zhana\/\" style=\"outline: none;\"><span style=\"\">Soziale Arbeit ist am Limit- vor allem durch die Sparma\u00dfnahmen, die gerade auf den Sozialhaushalt zukommen. Die Konsequenzen tragen nicht nur unsere Adressierten, sondern auch Sozialarbeitende sowie die gesamte Gesellschaft. Das haben wir nicht unbeantwortet gelassen. &nbsp;<\/span><\/a><\/p>\n<p _msthidden=\"2\" style=\"text-align: left;\">\n<p><a href=\"https:\/\/www.muenster.org\/projektmarischa\/2025\/09\/18\/stellungnahme-zu-oeffentlichen-auftritten-und-positionen-von-nadja-habibi\/\" target=\"_blank\" rel=\"\"><\/a><\/p>\n<p style=\"text-align: center;\"><span style=\"font-weight: normal;\"><span><span style=\"font-size: 20px;\"><\/span><\/span><\/span><span style=\"text-decoration: none; display: inline-block;\"><span style=\"color: rgb(233, 133, 37);\"><a data-tcb_hover_state_parent=\"\" href=\"http:\/\/www.muenster.org\/projektmarischa\/2020\/04\/09\/filmprojekt-zhana\/\" style=\"outline: none;\"><span style=\"font-weight: normal;\"><span><span _msthash=\"4880\" _msttexthash=\"193258\" style=\"font-size: 20px;\">Zu Nadja Habibi<\/span><\/span><\/span><\/a><\/span><\/span><\/p>\n<p style=\"text-align: center;\"><em _msthash=\"4881\" _msttexthash=\"327925\">M\u00fcnster, den September 2025<\/em><\/p>\n<p _msthidden=\"2\" style=\"text-align: left;\"><a _msthash=\"4882\" _msttexthash=\"10442224\" href=\"http:\/\/www.muenster.org\/projektmarischa\/2020\/04\/09\/filmprojekt-zhana\/\" style=\"outline: none;\"><span style=\"\">In M\u00fcnster haben sich in den letzten Monaten Auftritte geh\u00e4uft, in den ablehnend \u00fcber Sexarbeit gesprochen sowie bestimmte Mythen \u00fcber die Soziale Arbeit in diesem Feld erz\u00e4hlt werden, weshalb wir uns als einzige hiesige Interessensvertretung von Sexarbeitenden dazu gezwungen sehen, einige Inhalte daraus kritisch einzuordnen. Explizit befassen wir uns dabei mit Nadja Habibis Vortr\u00e4gen.&nbsp;<\/span><\/a><\/p>\n<p _msthidden=\"2\" style=\"text-align: left;\">\n<p><a href=\"https:\/\/www.muenster.org\/projektmarischa\/2024\/09\/19\/stellungnahme-zum-antrag-menschenunwuerdige-zustaende-in-der-prostitution-beenden-sexkauf-bestrafen-der-fraktion-der-cdu-csu%ef%bf%bc\/\" target=\"_blank\" rel=\"\"><span style=\"\"><img decoding=\"async\" alt=\"\" data-id=\"2059\" width=\"523\" data-init-width=\"715\" height=\"206\" data-init-height=\"282\" title=\"Bildschirmfoto 2024-09-19 um 13.52.13\" loading=\"lazy\" src=\"\/\/www.muenster.org\/projektmarischa\/wp-content\/uploads\/2024\/09\/Bildschirmfoto-2024-09-19-um-13.52.13.png\" data-width=\"523\" data-height=\"206\" style=\"aspect-ratio: auto 715 \/ 282;\" mt-d=\"-1\" mt-m=\"-3.9380000000000024\" ml-m=\"0\"><\/span><\/p>\n<h6><strong><\/strong><\/h6>\n<p style=\"text-align: center;\"><em _msthash=\"4878\" _msttexthash=\"329563\">M\u00fcnster, \u200bSeptember 2024<\/em><\/p>\n<p><strong>Die CDU\/CSU Fraktion hat in einem Antrag das sog. &#8220;Sexkaufverbot&#8221; f\u00fcr Deutschland gefordert, der im September im Bundestag diskutiert wurde. Deshalb haben wir eine Stellungnahme verfasst, in der wir aufgrund unserer langj\u00e4hrigen Expertise die T\u00fccken und nicht intendierten Folgen des &#8220;Sexkaufverbots&#8221; thematisieren und uns dar\u00fcber hinaus den Antrag der CDU\/CSU nochmal genauer angesehen haben.<\/strong>&nbsp;<\/a><a href=\"http:\/\/www.muenster.org\/projektmarischa\/2024\/06\/13\/buendnis-fuer-sexuelle-selbstbestimmung\/\" target=\"_blank\"><\/a><\/p>\n<p style=\"text-align: center;\"><span style=\"text-decoration: none; display: inline-block;\"><span style=\"color: rgb(233, 133, 37);\"><span style=\"font-weight: normal;\"><span><span _msthash=\"4877\" _msttexthash=\"1760408\" style=\"font-size: 20px;\">F\u00fcr sexuelle Selbstbestimmung<\/span><\/span><\/span><\/span><\/span><\/p>\n<p style=\"text-align: center;\"><em _msthash=\"4878\" _msttexthash=\"329563\">M\u00fcnster, den 13.06.2024<\/em><\/p>\n<p _msthash=\"4879\" _msttexthash=\"54584868\" style=\"color: rgb(1, 10, 17) !important; --tcb-applied-color: rgb(1, 10, 17) !important;\">Wir sind Teil des B\u00fcndnisses f\u00fcr sexuelle Selbstbestimmung. Warum das f\u00fcr unsere Adressierten wichtig ist, erfahrt ihr hier&#8230;<\/p>\n<p _msthash=\"4879\" _msttexthash=\"54584868\" style=\"color: rgb(1, 10, 17) !important; --tcb-applied-color: rgb(1, 10, 17) !important;\">\n<p _msthash=\"4879\" _msttexthash=\"54584868\">\n<p><a href=\"http:\/\/www.muenster.org\/projektmarischa\/2023\/05\/31\/international-whoresday\/\" target=\"_blank\"><\/a><\/p>\n<p style=\"text-align: center;\"><span style=\"text-decoration: none; display: inline-block;\"><span style=\"color: rgb(233, 133, 37);\"><span style=\"font-weight: normal;\"><span><span _msthash=\"4877\" _msttexthash=\"1760408\" style=\"font-size: 20px;\">INTERNATIONAL WHORESDAY 2023<\/span><\/span><\/span><\/span><\/span><\/p>\n<p style=\"text-align: center;\"><em _msthash=\"4878\" _msttexthash=\"329563\">M\u00fcnster, den 02.06.2023<\/em><\/p>\n<p _msthash=\"4879\" _msttexthash=\"54584868\" style=\"color: rgb(1, 10, 17) !important; --tcb-applied-color: rgb(1, 10, 17) !important;\">Am 02. Juni 1975 besetzten mehr als 100 Sexarbeitende eine Kirche in Frankreich, um sich Geh\u00f6r zu verschaffen. 5 Jahre zuvor n\u00e4mlich setzten die Strafverfolgungsbeh\u00f6rden Menschen im sexuellen Dienstleistungsgewerbe so sehr unter Druck, dass die Betreffenden immer weiter im Verborgenen arbeiten mussten und dadurch&#8230;<\/p>\n<p _msthash=\"4879\" _msttexthash=\"54584868\" style=\"color: rgb(1, 10, 17) !important; --tcb-applied-color: rgb(1, 10, 17) !important;\">\n<p><a href=\"http:\/\/www.muenster.org\/projektmarischa\/2023\/03\/06\/each-for-equal\/\" target=\"_blank\"><span style=\"\" _mstvisible=\"0\"><img decoding=\"async\" alt=\"\" data-id=\"1649\" width=\"0\" data-init-width=\"150\" height=\"0\" data-init-height=\"150\" title=\"Fem. Protesttag 2023\" loading=\"lazy\" src=\"\/\/www.muenster.org\/projektmarischa\/wp-content\/uploads\/2023\/03\/Fem.-Protesttag-2023-150x150.webp\" data-width=\"0\" data-height=\"0\" style=\"aspect-ratio: auto 150 \/ 150;\" mt-d=\"0\" _mstvisible=\"1\" ml-d=\"0\"><\/span><\/a><\/p>\n<p _msthidden=\"1\" _mstvisible=\"0\" style=\"text-align: center;\">&nbsp;Die Krisen stecken im System &#8211; Feministischer Protesttag 2023<\/p>\n<p _mstvisible=\"0\" style=\"text-align: center;\"><a _msthash=\"4887\" _msttexthash=\"329940\" _mstvisible=\"1\" href=\"http:\/\/ http:\/\/www.muenster.org\/projektmarischa\/2020\/06\/17\/zwischenbericht-\u2026eiten-von-corona\/\" style=\"outline: none;\">M\u00fcnster, den 08.03.2023<\/a><\/p>\n<p _msthash=\"31446\" _msttexthash=\"46599579\" _mstvisible=\"0\" style=\"text-align: left;\"><a _istranslated=\"1\" _msthash=\"4888\" _msttexthash=\"46599579\" _mstvisible=\"1\" href=\"http:\/\/www.muenster.org\/projektmarischa\/2020\/06\/17\/zwischenbericht-ueber-die-lage-des-projektes-marischa-in-zeiten-von-corona\/\" style=\"outline: none;\">Der &#8220;Internationale Frauentag&#8221;, der auf eine weltweite Bewegung von Arbeiterinnen im 19 Jahrhundert zur\u00fcckgeht und sich dank der Politikerin und Frauenrechtlerin Clara Zetkin 1911 international implementierte, steht heute im Sinne eines modernen Feminismus nicht mehr nur f\u00fcr Frauen, sondern&#8230;<\/a><\/p>\n<p _msthash=\"31446\" _msttexthash=\"46599579\" _mstvisible=\"0\" style=\"text-align: left;\">\n<p _msthash=\"31446\" _msttexthash=\"46599579\" _mstvisible=\"0\" style=\"text-align: left;\">\n<p _msthash=\"31446\" _msttexthash=\"46599579\" _mstvisible=\"0\" style=\"text-align: left;\">\n<p _msthash=\"4879\" _msttexthash=\"54584868\">\n<p><a href=\"http:\/\/www.muenster.org\/projektmarischa\/2022\/12\/17\/kein-tag-wie-jeder-andere\/\" target=\"_blank\"><\/a><\/p>\n<p style=\"text-align: center;\"><span style=\"text-decoration: none; display: inline-block;\"><span style=\"color: rgb(233, 133, 37);\"><span style=\"font-weight: normal;\"><span><span _msthash=\"4877\" _msttexthash=\"1760408\" style=\"font-size: 20px;\">Internationaler Tag gegen Gewalt an Sexarbeitenden<\/span><\/span><\/span><\/span><\/span><\/p>\n<p style=\"text-align: center;\"><em _msthash=\"4878\" _msttexthash=\"329563\">M\u00fcnster, den 17.12.2022<\/em><\/p>\n<p _msthash=\"4879\" _msttexthash=\"54584868\" style=\"\">Bel\u00e4stigung, Dem\u00fctigung, Pr\u00fcgel, soziale Kontrolle, sexuelle N\u00f6tigung, Stalking oder Vergewaltigung: Gewalt hat viele Gesichter, doch alle Formen haben eines gemeinsam: sie kommen \u00fcberall, in jedem Lebensalter und in allen Gesellschaftsschichten vor: Es gibt sie nicht nur abends auf einer Party oder in dunklen Gassen&#8230;<\/p>\n<p><a href=\"http:\/\/www.muenster.org\/projektmarischa\/2021\/05\/17\/aktuelle-information-ab-mai-2021\/\" target=\"_blank\"><\/a><\/p>\n<p style=\"text-align: center;\"><span style=\"text-decoration: none; display: inline-block;\"><span style=\"color: rgb(233, 133, 37);\"><a data-tcb_hover_state_parent=\"\" href=\"http:\/\/www.muenster.org\/projektmarischa\/2020\/04\/09\/filmprojekt-zhana\/\" style=\"outline: none;\"><span style=\"font-weight: normal;\"><span><span style=\"font-size: 20px;\"><\/span><\/span><\/span><\/a><span style=\"font-weight: normal;\"><span><span _msthash=\"4870\" _msttexthash=\"673270\" style=\"font-size: 20px;\">Aktuelle Information ab Mai 2021<\/span><\/span><\/span><\/span><\/span><\/p>\n<p style=\"text-align: center;\"><em _msthash=\"4871\" _msttexthash=\"329797\">M\u00fcnster, den 17.05.2021 <\/em><\/p>\n<p style=\"text-align: left;\"><a _msthash=\"4872\" _msttexthash=\"4731025\" href=\"http:\/\/www.muenster.org\/projektmarischa\/2021\/05\/17\/aktuelle-information-ab-mai-2021\/\" style=\"outline: none;\"><span>Es liegt uns am Herzen, dass Ihr in diese<span>n schwierigen Zeiten gesund bleibt..<\/span><\/span><span>&#8230;<\/span><\/a><\/p>\n<p style=\"text-align: left;\"><span><\/span><\/p>\n<p style=\"\"><span _msthash=\"4873\" _msttexthash=\"2110641\">\u0423\u0432\u0430\u0436\u0430\u0435\u043c\u0438 \u0434\u0430\u043c\u0438,<\/span><\/p>\n<p style=\"\"><span _msthash=\"4874\" _msttexthash=\"21438443\">\u043e\u0442 \u0441\u044a\u0440\u0446\u0435 \u0412\u0438 \u0436\u0435\u043b\u0430\u0435\u043c \u0434\u0430 \u043e\u0441\u0442\u0430\u043d\u0435\u0442\u0435 \u0432 \u0442\u0435\u0437\u0438 \u0442\u0440\u0443\u0434\u043d\u0438 \u0432\u0440\u0435\u043c\u0435\u043d\u0430 \u0437\u0434\u0440\u0430\u0432\u0438&#8230;<\/span><\/p>\n<p style=\"\">\n<p style=\"\"><span><span _msthash=\"4875\" _msttexthash=\"161876\" style=\"font-family: &quot;Open Sans&quot;; font-weight: 400;\">Dragi femei,<\/span><\/span><\/p>\n<p><span _msthash=\"4876\" _msttexthash=\"5714358\" style=\"font-family: &quot;Open Sans&quot;; font-weight: 400; color: rgb(2, 12, 18);\">Pentru noi este important s\u0103 r\u0103m\u00e2ne\u021bi s\u0103n\u0103toase \u0219i \u00een aceste momente dificile de pandemie&#8230;<\/span><a href=\"http:\/\/www.muenster.org\/projektmarischa\/2020\/06\/17\/zwischenbericht-ueber-die-lage-des-projektes-marischa-in-zeiten-von-corona\/\"><\/a><\/p>\n<p style=\"text-align: center;\"><span style=\"font-weight: normal;\"><a href=\"http:\/\/www.muenster.org\/projektmarischa\/2020\/06\/17\/zwischenbericht-ueber-die-lage-des-projektes-marischa-in-zeiten-von-corona\/\" style=\"outline: none;\"><span _msthash=\"4886\" _msttexthash=\"3279263\" style=\"font-size: 20px;\">Zwischenbericht \u00fcber die Lage des Projektes Marischa in Zeiten von Corona<\/span><\/a><\/span><\/p>\n<p _msthidden=\"1\" style=\"text-align: center;\"><a _msthash=\"4887\" _msttexthash=\"329732\" href=\"http:\/\/ http:\/\/www.muenster.org\/projektmarischa\/2020\/06\/17\/zwischenbericht-\u2026eiten-von-corona\/\" style=\"outline: none;\">M\u00fcnster, den 17.06.2020&nbsp;<\/a><\/p>\n<p _msthidden=\"2\" style=\"text-align: left;\"><a _msthash=\"4888\" _msttexthash=\"27815736\" href=\"http:\/\/www.muenster.org\/projektmarischa\/2020\/06\/17\/zwischenbericht-ueber-die-lage-des-projektes-marischa-in-zeiten-von-corona\/\" style=\"outline: none;\">Seit dem Beginn der Pandemie\/Corona Virus SARS-CoV-2\/ im M\u00e4rz 2020 ist die Inanspruchnahme des Beratungs- und Begleitungsangebots des Projektes &#8220;Marischa&#8221;, angesiedelt am Gesundheitsamt der Stadt M\u00fcnster, deutlich gestiegen&#8230;<\/a><\/p>\n<p _msthidden=\"2\" style=\"text-align: left;\"><a _msthash=\"4888\" _msttexthash=\"27815736\" href=\"http:\/\/www.muenster.org\/projektmarischa\/2020\/06\/17\/zwischenbericht-ueber-die-lage-des-projektes-marischa-in-zeiten-von-corona\/\" style=\"outline: none;\">&nbsp;<\/a><\/p>\n<p><a href=\"http:\/\/www.muenster.org\/projektmarischa\/2020\/04\/18\/corona\/\"><\/a><\/p>\n<p style=\"text-align: center;\"><span style=\"text-decoration: none; display: inline-block;\"><a href=\"http:\/\/www.muenster.org\/projektmarischa\/2020\/04\/18\/corona\/\" style=\"outline: none;\"><span style=\"font-weight: normal;\"><span><span _msthash=\"4883\" _msttexthash=\"843206\" style=\"font-size: 20px;\">Sexarbeit in Zeiten von Corona<\/span><\/span><\/span><\/a><a href=\"http:\/\/www.muenster.org\/projektmarischa\/2020\/04\/18\/corona\/\" style=\"outline: currentcolor none medium;\"><span style=\"font-weight: normal;\"><span><span style=\"font-size: 20px;\"><u><\/u><\/span><\/span><\/span><\/a><\/span><\/p>\n<p style=\"text-align: center;\"><em _msthash=\"4884\" _msttexthash=\"328666\">M\u00fcnster, den 15.04.2020 <\/em><\/p>\n<p style=\"text-align: left;\"><a _mstmutation=\"1\" href=\"http:\/\/www.muenster.org\/projektmarischa\/2020\/04\/18\/corona\/\" style=\"outline: none;\"><span style=\"\"><span style=\"\">Die Corona-Krise macht auch vor den Menschen, die an der Siemensstra\u00dfe arbeiten, keinen Halt.<\/span><\/span><\/a> Ihre Dienstleistungen d\u00fcrfen gem\u00e4\u00df der&#8230;<\/p>\n<p style=\"\">\n<p style=\"\">PROJEKT MARISCHA IN DER PRESSE<\/p>\n<p style=\"\">\n<p><a href=\"https:\/\/www.wn.de\/Muenster\/3856954-Projekt-wendet-sich-an-Freier-Wuerde-fuer-Strassenprostituierte\" target=\"_blank\"><\/a><\/p>\n<p><strong><a href=\"https:\/\/www.wn.de\/Muenster\/3856954-Projekt-wendet-sich-an-Freier-Wuerde-fuer-Strassenprostituierte\" style=\"outline: none;\" target=\"_blank\" _msttexthash=\"877734\" _msthash=\"4890\">W\u00fcrde f\u00fcr Sexworker auf der Stra\u00dfe<\/a><\/strong><\/p>\n<p style=\"text-align: left; font-size: 14px !important;\"><a href=\"https:\/\/www.wn.de\/Muenster\/3856954-Projekt-wendet-sich-an-Freier-Wuerde-fuer-Strassenprostituierte\" style=\"outline: none;\" target=\"_blank\" _msttexthash=\"328666\" _msthash=\"4891\">M\u00fcnster, den 15.04.2020 <span><\/span><\/a><\/p>\n<p style=\"text-align: left;\"><a href=\"https:\/\/www.wn.de\/Muenster\/3856954-Projekt-wendet-sich-an-Freier-Wuerde-fuer-Strassenprostituierte\" style=\"outline: none;\" target=\"_blank\" _msttexthash=\"2132871\" _msthash=\"4892\">Projekt Marischa in den &#8220;Westf\u00e4lischen Nachrichten&#8221;<\/a><\/p>\n<p><a href=\"https:\/\/www.domradio.de\/audio\/marischa-projekt-fuer-prostituierte-muenster-ein-interview-mit-joseph-mueller\" target=\"_blank\"><\/a><\/p>\n<p><strong><\/strong><a href=\"https:\/\/www.domradio.de\/audio\/marischa-projekt-fuer-prostituierte-muenster-ein-interview-mit-joseph-mueller\" style=\"outline: none;\" target=\"_blank\"><strong _msttexthash=\"789126\" _msthash=\"4893\">Ein Interview mit Joseph M\u00fcller<\/strong><\/a><\/p>\n<p style=\"text-align: left;\"><span style=\"color: rgb(135, 145, 152); font-size: 16px;\"><a href=\"https:\/\/www.domradio.de\/audio\/marischa-projekt-fuer-prostituierte-muenster-ein-interview-mit-joseph-mueller\" style=\"outline: currentcolor none medium;\" target=\"_blank\"><span style=\"font-family: &quot;Open Sans&quot;; font-weight: 400;\"><\/span><\/a><\/span><span style=\"color: rgb(135, 145, 152); font-size: 14px;\" _msttexthash=\"328666\" _msthash=\"4894\"><a href=\"https:\/\/www.wn.de\/Muenster\/3856954-Projekt-wendet-sich-an-Freier-Wuerde-fuer-Strassenprostituierte\" style=\"outline: none;\" target=\"_blank\"><span style=\"font-family: 'Open Sans';\">M\u00fcnster, den 15.04.202<\/span><\/a><span style=\"font-family: 'Open Sans';\">0<\/span><\/span><\/p>\n<p style=\"text-align: left;\"><span style=\"color: rgb(135, 145, 152); font-size: 16px;\"><a href=\"https:\/\/www.domradio.de\/audio\/marischa-projekt-fuer-prostituierte-muenster-ein-interview-mit-joseph-mueller\" style=\"outline: none;\" target=\"_blank\"><span style=\"font-family: &quot;Open Sans&quot;; font-weight: 400;\" _msttexthash=\"606203\" _msthash=\"4895\">Das Projekt beim &#8220;Domradio&#8221;<\/span><\/a><\/span><\/p>\n<p><a href=\"https:\/\/www.kirche-und-leben.de\/artikel\/video-die-wuerde-von-prostituierten-ist-unantastbar\/\" target=\"_blank\"><\/a><\/p>\n<p><strong><\/strong><a href=\"https:\/\/www.kirche-und-leben.de\/artikel\/video-die-wuerde-von-prostituierten-ist-unantastbar\/\" style=\"outline: none;\" target=\"_blank\"><strong _msttexthash=\"435318\" _msthash=\"4896\">Das Filmprojekt &#8220;Zhana&#8221;<\/strong><\/a><\/p>\n<p style=\"text-align: left;\"><a href=\"https:\/\/www.kirche-und-leben.de\/artikel\/video-die-wuerde-von-prostituierten-ist-unantastbar\/\" style=\"outline: currentcolor none medium;\" target=\"_blank\"><\/a><a href=\"https:\/\/www.wn.de\/Muenster\/3856954-Projekt-wendet-sich-an-Freier-Wuerde-fuer-Strassenprostituierte\" style=\"outline: none;\" target=\"_blank\"><span style=\"font-size: 14px;\" _msttexthash=\"328666\" _msthash=\"4897\">M\u00fcnster, den 15.04.2020<\/span><\/a><\/p>\n<p style=\"text-align: left;\"><a href=\"https:\/\/www.kirche-und-leben.de\/artikel\/video-die-wuerde-von-prostituierten-ist-unantastbar\/\" style=\"outline: none;\" target=\"_blank\" _msttexthash=\"2241538\" _msthash=\"4898\">Marischa im Online-Magazin &#8220;Kirche und Leben&#8221;<\/a>&nbsp;\u00fcber das Filmprojekt Zhana<\/p>\n<p><a href=\"https:\/\/www.kirche-und-leben.de\/artikel\/wie-marischa-die-stigmatisierung-von-sexarbeiterinnen-abbauen-will\" target=\"_blank\" rel=\"\"><\/a><\/p>\n<p><strong><a href=\"https:\/\/www.wn.de\/Muenster\/3856954-Projekt-wendet-sich-an-Freier-Wuerde-fuer-Strassenprostituierte\" style=\"outline: none;\" target=\"_blank\" _msttexthash=\"877734\" _msthash=\"4890\"><\/a><\/strong>Interview: Aufsuchende Arbeit in Bordellen &amp; Clubs&nbsp;<\/p>\n<p style=\"text-align: left; font-size: 14px !important;\"><a href=\"https:\/\/www.wn.de\/Muenster\/3856954-Projekt-wendet-sich-an-Freier-Wuerde-fuer-Strassenprostituierte\" style=\"outline: none;\" target=\"_blank\" _msttexthash=\"328666\" _msthash=\"4891\">M\u00fcnster, den &nbsp;<\/a>09.09.2023<\/p>\n<p style=\"text-align: left;\"><a href=\"https:\/\/www.wn.de\/Muenster\/3856954-Projekt-wendet-sich-an-Freier-Wuerde-fuer-Strassenprostituierte\" style=\"outline: none;\" target=\"_blank\" _msttexthash=\"2132871\" _msthash=\"4892\">Seit Oktober 2022 unterst\u00fctzt eine weitere Sozialarbeiterin das Projekt und konzentriert sich dabei auf die Bordelle und Clubs in M\u00fcnster sowie auf die \u00d6ffentlichkeitsarbeit.&nbsp;<\/a><\/p>\n<p><a href=\"https:\/\/www.radioq.de\/2023\/12\/gewalt-in-der-sexarbeit-das-projekt-marischa\/\" target=\"_blank\" rel=\"\"><\/a><\/p>\n<p><strong><\/strong><a href=\"https:\/\/www.domradio.de\/audio\/marischa-projekt-fuer-prostituierte-muenster-ein-interview-mit-joseph-mueller\" style=\"outline: none;\" target=\"_blank\"><strong _msttexthash=\"789126\" _msthash=\"4893\">Interview zum Int. Tag gegen Gewalt an Sexarbeitenden&nbsp;<\/strong><\/a><\/p>\n<p style=\"text-align: left;\"><span style=\"color: rgb(135, 145, 152); font-size: 16px;\"><a href=\"https:\/\/www.domradio.de\/audio\/marischa-projekt-fuer-prostituierte-muenster-ein-interview-mit-joseph-mueller\" style=\"outline: currentcolor none medium;\" target=\"_blank\"><span style=\"font-family: &quot;Open Sans&quot;; font-weight: 400;\"><\/span><\/a><\/span><span style=\"color: rgb(135, 145, 152); font-size: 14px;\" _msttexthash=\"328666\" _msthash=\"4894\"><a href=\"https:\/\/www.wn.de\/Muenster\/3856954-Projekt-wendet-sich-an-Freier-Wuerde-fuer-Strassenprostituierte\" style=\"outline: none;\" target=\"_blank\"><span style=\"font-family: 'Open Sans';\">M\u00fcnster, den 1<\/span><\/a>9.12.2023<span style=\"font-family: 'Open Sans';\"><\/span><\/span><\/p>\n<p style=\"text-align: left;\"><span style=\"color: rgb(135, 145, 152); font-size: 16px;\"><a href=\"https:\/\/www.domradio.de\/audio\/marischa-projekt-fuer-prostituierte-muenster-ein-interview-mit-joseph-mueller\" style=\"outline: none;\" target=\"_blank\"><span style=\"font-family: &quot;Open Sans&quot;; font-weight: 400;\" _msttexthash=\"606203\" _msthash=\"4895\">Radio Q aus M\u00fcnster hat mit uns \u00fcber Gewalt an Sexarbeitenden gesprochen.<\/span><\/a><\/span><\/p>\n<p><a href=\"https:\/\/strassenmagazin-draussen.de\/ver-storage\/2023\/06\/draussen_Ausgabe_Juni_2023.pdf\" target=\"_blank\" rel=\"\"><\/a><\/p>\n<p><strong><\/strong><a href=\"https:\/\/www.kirche-und-leben.de\/artikel\/video-die-wuerde-von-prostituierten-ist-unantastbar\/\" style=\"outline: none;\" target=\"_blank\"><strong _msttexthash=\"435318\" _msthash=\"4896\">Interview mit Drau\u00dfen e.V.&nbsp;<\/strong><\/a><\/p>\n<p style=\"text-align: left;\"><a href=\"https:\/\/www.wn.de\/Muenster\/3856954-Projekt-wendet-sich-an-Freier-Wuerde-fuer-Strassenprostituierte\" style=\"outline: none;\" target=\"_blank\"><span style=\"font-size: 14px;\" _msttexthash=\"328666\" _msthash=\"4897\">M\u00fcnster, den <\/span><\/a>01.06.2023<\/p>\n<p style=\"text-align: left;\">Wir haben im Stra\u00dfenmagazin &#8220;drau\u00dfen&#8221; auf satten 3 Seiten \u00fcber unsere Angebote sprechen d\u00fcrfen.<\/p>\n","protected":false},"excerpt":{"rendered":"<p>VER\u00d6FFENTLICHUNGEN &amp; STELLUNGNAHMEN M\u00fcnster, den September 2025 Soziale Arbeit ist am Limit- vor allem durch die Sparma\u00dfnahmen, die gerade auf den Sozialhaushalt zukommen. Die Konsequenzen tragen nicht nur unsere Adressierten, sondern auch Sozialarbeitende sowie die gesamte Gesellschaft. Das haben wir nicht unbeantwortet gelassen. &nbsp; Zu Nadja Habibi M\u00fcnster, den September 2025 In M\u00fcnster haben sich [&hellip;]<\/p>\n","protected":false},"author":1,"featured_media":0,"parent":0,"menu_order":0,"comment_status":"closed","ping_status":"closed","template":"","meta":{"footnotes":""},"class_list":["post-18","page","type-page","status-publish","hentry"],"_links":{"self":[{"href":"http:\/\/www.muenster.org\/projektmarischa\/wp-json\/wp\/v2\/pages\/18","targetHints":{"allow":["GET"]}}],"collection":[{"href":"http:\/\/www.muenster.org\/projektmarischa\/wp-json\/wp\/v2\/pages"}],"about":[{"href":"http:\/\/www.muenster.org\/projektmarischa\/wp-json\/wp\/v2\/types\/page"}],"author":[{"embeddable":true,"href":"http:\/\/www.muenster.org\/projektmarischa\/wp-json\/wp\/v2\/users\/1"}],"replies":[{"embeddable":true,"href":"http:\/\/www.muenster.org\/projektmarischa\/wp-json\/wp\/v2\/comments?post=18"}],"version-history":[{"count":265,"href":"http:\/\/www.muenster.org\/projektmarischa\/wp-json\/wp\/v2\/pages\/18\/revisions"}],"predecessor-version":[{"id":2180,"href":"http:\/\/www.muenster.org\/projektmarischa\/wp-json\/wp\/v2\/pages\/18\/revisions\/2180"}],"wp:attachment":[{"href":"http:\/\/www.muenster.org\/projektmarischa\/wp-json\/wp\/v2\/media?parent=18"}],"curies":[{"name":"wp","href":"https:\/\/api.w.org\/{rel}","templated":true}]}}