{"id":785,"date":"2018-07-27T11:18:04","date_gmt":"2018-07-27T09:18:04","guid":{"rendered":"http:\/\/kleineriesen.klassenkiste.de\/?page_id=785"},"modified":"2022-06-04T14:53:21","modified_gmt":"2022-06-04T12:53:21","slug":"impressum","status":"publish","type":"page","link":"http:\/\/www.muenster.org\/kita-kleine-riesen\/impressum\/","title":{"rendered":"Impressum"},"content":{"rendered":"<div id=\"pl-785\"  class=\"panel-layout\" ><div id=\"pg-785-0\"  class=\"panel-grid panel-has-style\" ><div class=\"container panel-row-style panel-row-style-for-785-0\" ><div id=\"pgc-785-0-0\"  class=\"panel-grid-cell\" ><div id=\"panel-785-0-0-0\" class=\"so-panel widget widget_text panel-first-child panel-last-child\" data-index=\"0\" >\t\t\t<div class=\"textwidget\"><h3>Angaben gem\u00e4\u00df \u00a7 5 TMG:<\/h3>\n<p>Kita Kleine Baumf\u00fcchse e. V.<br \/>\nVorl\u00e4nderweg 50<br \/>\n48151 M\u00fcnster<\/p>\n<h3>Vertreten durch den Vorstand:<\/h3>\n<p>1. Vorsitzender: Erich Strieter<br \/>\n2. Vorsitzender: Barbara Ruwe<br \/>\nPersonal: Hanne Wildt<br \/>\nFinanzen: Matthias Watermann<\/p>\n<h3>Kontakt:<\/h3>\n<p>Tel.: +49 251 77448<br \/>\nE-Mail: kleine_riesen@web.de<\/p>\n<h3>Haftung f\u00fcr Inhalte<\/h3>\n<p>Als Diensteanbieter sind wir gem\u00e4\u00df\u00a0\u00a7 7 Abs.1 TMG f\u00fcr eigene Inhalte auf diesen Seiten nach den allgemeinen Gesetzen\u00a0verantwortlich. Nach \u00a7\u00a7 8 bis 10 TMG sind wir als Diensteanbieter jedoch nicht verpflichtet,\u00a0\u00fcbermittelte oder gespeicherte fremde Informationen zu \u00fcberwachen oder nach\u00a0Umst\u00e4nden zu forschen, die auf eine rechtswidrige T\u00e4tigkeit hinweisen.<\/p>\n<p>Verpflichtungen zur Entfernung oder Sperrung der Nutzung von Informationen nach den allgemeinen\u00a0Gesetzen bleiben hiervon unber\u00fchrt. Eine diesbez\u00fcgliche Haftung ist jedoch erst ab dem\u00a0Zeitpunkt der Kenntnis einer konkreten Rechtsverletzung m\u00f6glich. Bei Bekanntwerden von\u00a0entsprechenden Rechtsverletzungen werden wir diese Inhalte umgehend entfernen.<\/p>\n<h3>Haftung\u00a0f\u00fcr Links<\/h3>\n<p>Unser Angebot enth\u00e4lt Links zu externen Webseiten Dritter, auf deren\u00a0Inhalte wir keinen Einfluss haben. Deshalb k\u00f6nnen wir f\u00fcr diese fremden Inhalte auch keine\u00a0Gew\u00e4hr \u00fcbernehmen. F\u00fcr die Inhalte der verlinkten Seiten ist stets der jeweilige Anbieter\u00a0oder Betreiber der Seiten verantwortlich. Die verlinkten Seiten wurden zum Zeitpunkt der Verlinkung auf\u00a0m\u00f6gliche Rechtsverst\u00f6\u00dfe \u00fcberpr\u00fcft. Rechtswidrige Inhalte waren zum\u00a0Zeitpunkt der Verlinkung nicht erkennbar.<\/p>\n<p>Eine permanente inhaltliche Kontrolle der verlinkten\u00a0Seiten ist jedoch ohne konkrete Anhaltspunkte einer Rechtsverletzung nicht zumutbar. Bei\u00a0Bekanntwerden von Rechtsverletzungen werden wir derartige Links umgehend entfernen.<\/p>\n<h3>Urheberrecht<\/h3>\n<p>Die durch die Seitenbetreiber erstellten Inhalte und Werke auf diesen Seiten\u00a0unterliegen dem deutschen Urheberrecht. Die Vervielf\u00e4ltigung, Bearbeitung, Verbreitung und jede\u00a0Art der Verwertung au\u00dferhalb der Grenzen des Urheberrechtes bed\u00fcrfen der schriftlichen\u00a0Zustimmung des jeweiligen Autors bzw. Erstellers. Downloads und Kopien dieser Seite sind nur f\u00fcr\u00a0den privaten, nicht kommerziellen Gebrauch gestattet.<\/p>\n<p>Soweit die Inhalte auf dieser Seite nicht\u00a0vom Betreiber erstellt wurden, werden die Urheberrechte Dritter beachtet. Insbesondere werden Inhalte\u00a0Dritter als solche gekennzeichnet. Sollten Sie trotzdem auf eine Urheberrechtsverletzung aufmerksam\u00a0werden, bitten wir um einen entsprechenden Hinweis. Bei Bekanntwerden von Rechtsverletzungen\u00a0werden wir derartige Inhalte umgehend entfernen.<\/p>\n<p>Quelle: <a href=\"https:\/\/www.e-recht24.de\">e-recht24.de<\/a><\/p>\n<\/div>\n\t\t<\/div><\/div><\/div><\/div><\/div>","protected":false},"excerpt":{"rendered":"<p>Angaben gem\u00e4\u00df \u00a7 5 TMG: Kita Kleine Baumf\u00fcchse e. V. Vorl\u00e4nderweg 50 48151 M\u00fcnster Vertreten durch den Vorstand: 1. Vorsitzender: Erich Strieter 2. Vorsitzender: Barbara Ruwe Personal: Hanne Wildt Finanzen: Matthias Watermann Kontakt: Tel.: +49 251 77448 E-Mail: kleine_riesen@web.de Haftung f\u00fcr Inhalte Als Diensteanbieter sind wir gem\u00e4\u00df\u00a0\u00a7 7 Abs.1 TMG f\u00fcr eigene Inhalte auf diesen [&hellip;]<\/p>\n","protected":false},"author":1,"featured_media":0,"parent":0,"menu_order":0,"comment_status":"closed","ping_status":"closed","template":"page-templates\/default-fullwidth.php","meta":{"footnotes":""},"class_list":["post-785","page","type-page","status-publish","hentry"],"_links":{"self":[{"href":"http:\/\/www.muenster.org\/kita-kleine-riesen\/wp-json\/wp\/v2\/pages\/785"}],"collection":[{"href":"http:\/\/www.muenster.org\/kita-kleine-riesen\/wp-json\/wp\/v2\/pages"}],"about":[{"href":"http:\/\/www.muenster.org\/kita-kleine-riesen\/wp-json\/wp\/v2\/types\/page"}],"author":[{"embeddable":true,"href":"http:\/\/www.muenster.org\/kita-kleine-riesen\/wp-json\/wp\/v2\/users\/1"}],"replies":[{"embeddable":true,"href":"http:\/\/www.muenster.org\/kita-kleine-riesen\/wp-json\/wp\/v2\/comments?post=785"}],"version-history":[{"count":9,"href":"http:\/\/www.muenster.org\/kita-kleine-riesen\/wp-json\/wp\/v2\/pages\/785\/revisions"}],"predecessor-version":[{"id":879,"href":"http:\/\/www.muenster.org\/kita-kleine-riesen\/wp-json\/wp\/v2\/pages\/785\/revisions\/879"}],"wp:attachment":[{"href":"http:\/\/www.muenster.org\/kita-kleine-riesen\/wp-json\/wp\/v2\/media?parent=785"}],"curies":[{"name":"wp","href":"https:\/\/api.w.org\/{rel}","templated":true}]}}