{"id":616,"date":"2018-01-14T21:20:28","date_gmt":"2018-01-14T20:20:28","guid":{"rendered":"http:\/\/kleineriesen.klassenkiste.de\/?page_id=616"},"modified":"2018-07-27T12:18:50","modified_gmt":"2018-07-27T10:18:50","slug":"leitbild","status":"publish","type":"page","link":"http:\/\/www.muenster.org\/kita-kleine-riesen\/leitbild\/","title":{"rendered":"Leitbild"},"content":{"rendered":"<div id=\"pl-616\"  class=\"panel-layout\" ><div id=\"pg-616-0\"  class=\"panel-grid panel-has-style\" ><div class=\"panel-row-style panel-row-style-for-616-0\" ><div id=\"pgc-616-0-0\"  class=\"panel-grid-cell\" ><div class=\"container panel-cell-style panel-cell-style-for-616-0-0\" ><div class=\"clear\"><\/div>\r\n\t\t\t\t\t\t\t\t\t\t\t<div class=\"theme-heading marB30 positionR\">\r\n\t\t\t\t\t\t\t\t\t\t\t\t<div class=\"row\">\r\n\t\t\t\t\t\t\t\t\t\t\t\t\t<div class=\"col-md-4 col-sm-6 col-xs-10  col-md-offset-4 col-sm-offset-3 col-xs-offset-1 heading-box text-center\">\r\n\t\t\t\t\t\t\t\t\t\t\t\t\t\t<h3 class=\"theme-color marB10\">Unser Bild vom Kind<\/h3>\r\n\t\t\t\t\t\t\t\t\t\t\t\t\t\t<span class=\" marB10\"> <i class=\"fa fa-child\" aria-hidden=\"true\"><\/i> <\/span>\r\n\t\t\t\t\t\t\t\t\t\t\t\t\t\t<p class=\" marB10\"><\/p>\r\n\t\t\t\t\t\t\t\t\t\t\t\t\t<\/div>\r\n\t\t\t\t\t\t\t\t\t\t\t\t<\/div>\r\n\t\t\t\t\t\t\t\t\t\t\t<\/div>\r\n\t\t\t\t\t\t\t\t\t\t\t<div class=\"clear\"><\/div><div id=\"panel-616-0-0-1\" class=\"so-panel widget widget_siteorigin-panels-builder panel-last-child\" data-index=\"1\" ><div id=\"pl-w5af8751877da7\"  class=\"panel-layout\" ><div id=\"pg-w5af8751877da7-0\"  class=\"panel-grid panel-no-style\" ><div id=\"pgc-w5af8751877da7-0-0\"  class=\"panel-grid-cell\" ><div id=\"panel-w5af8751877da7-0-0-0\" class=\"so-panel widget widget_media_image panel-first-child panel-last-child\" data-index=\"0\" ><img loading=\"lazy\" decoding=\"async\" width=\"300\" height=\"200\" src=\"http:\/\/www.muenster.org\/kita-kleine-riesen\/wp-content\/uploads\/2018\/05\/Snapseed-33-300x200.jpeg\" class=\"image wp-image-704  attachment-medium size-medium\" alt=\"Kinder 1\" style=\"max-width: 100%; height: auto;\" srcset=\"http:\/\/www.muenster.org\/kita-kleine-riesen\/wp-content\/uploads\/2018\/05\/Snapseed-33-300x200.jpeg 300w, http:\/\/www.muenster.org\/kita-kleine-riesen\/wp-content\/uploads\/2018\/05\/Snapseed-33-768x513.jpeg 768w, http:\/\/www.muenster.org\/kita-kleine-riesen\/wp-content\/uploads\/2018\/05\/Snapseed-33-1024x684.jpeg 1024w, http:\/\/www.muenster.org\/kita-kleine-riesen\/wp-content\/uploads\/2018\/05\/Snapseed-33-272x182.jpeg 272w, http:\/\/www.muenster.org\/kita-kleine-riesen\/wp-content\/uploads\/2018\/05\/Snapseed-33.jpeg 1500w\" sizes=\"(max-width: 300px) 100vw, 300px\" \/><\/div><\/div><div id=\"pgc-w5af8751877da7-0-1\"  class=\"panel-grid-cell\" ><div id=\"panel-w5af8751877da7-0-1-0\" class=\"so-panel widget widget_text panel-first-child panel-last-child\" data-index=\"1\" ><div class=\"panel-widget-style panel-widget-style-for-w5af8751877da7-0-1-0\" >\t\t\t<div class=\"textwidget\"><p>Wir freuen uns auf jedes neue Kind, denn jedes Kind bringt seine einzigartige Pers\u00f6nlichkeit mit und bereichert unsere Kindergruppe. Kinder sind von Geburt an neugierig und wollen ihre Umwelt erforschen und verstehen. Wenn das nicht so w\u00e4re, w\u00fcrden Kinder die riesigen Entwicklungsaufgaben, die sie in ihre Kitazeit vollbringen, nie bew\u00e4ltigen k\u00f6nnen. Die wichtigste Kompetenz, die Kinder f\u00fcr Entwicklung brauchen, bringen sie schon von Geburt an mit: ihren Entdeckergeist. Das ist der wahre Motor ihrer Entwicklung; es macht Kinder zu kleinen Riesen!<\/p>\n<\/div>\n\t\t<\/div><\/div><\/div><\/div><\/div><\/div><\/div><\/div><\/div><\/div><div id=\"pg-616-1\"  class=\"panel-grid panel-has-style\" ><div class=\"bg-curve-img panel-row-style panel-row-style-for-616-1\" ><div id=\"pgc-616-1-0\"  class=\"panel-grid-cell\" ><div class=\"container panel-cell-style panel-cell-style-for-616-1-0\" ><div class=\"clear\"><\/div>\r\n\t\t\t\t\t\t\t\t\t\t\t<div class=\"theme-heading marB30 positionR\">\r\n\t\t\t\t\t\t\t\t\t\t\t\t<div class=\"row\">\r\n\t\t\t\t\t\t\t\t\t\t\t\t\t<div class=\"col-md-4 col-sm-6 col-xs-10  col-md-offset-4 col-sm-offset-3 col-xs-offset-1 heading-box text-center\">\r\n\t\t\t\t\t\t\t\t\t\t\t\t\t\t<h3 class=\"colorW marB10\">Was machen die Erwachsenen?<\/h3>\r\n\t\t\t\t\t\t\t\t\t\t\t\t\t\t<span class=\"colorW marB10\"> <i class=\"fa fa-child\" aria-hidden=\"true\"><\/i> <\/span>\r\n\t\t\t\t\t\t\t\t\t\t\t\t\t\t<p class=\"colorW marB10\">\r\n\t\t\t\t\t\t\t\t\t\t\t\t\t\t<\/p>\r\n\t\t\t\t\t\t\t\t\t\t\t\t\t<\/div>\r\n\t\t\t\t\t\t\t\t\t\t\t\t<\/div>\r\n\t\t\t\t\t\t\t\t\t\t\t<\/div>\r\n\t\t\t\t\t\t\t\t\t\t\t<div class=\"clear\"><\/div><div id=\"panel-616-1-0-1\" class=\"so-panel widget widget_siteorigin-panels-builder panel-last-child\" data-index=\"3\" ><div id=\"pl-w5af875983b4a1\"  class=\"panel-layout\" ><div id=\"pg-w5af875983b4a1-0\"  class=\"panel-grid panel-no-style\" ><div id=\"pgc-w5af875983b4a1-0-0\"  class=\"panel-grid-cell\" ><div id=\"panel-w5af875983b4a1-0-0-0\" class=\"so-panel widget widget_text panel-first-child panel-last-child\" data-index=\"0\" ><div class=\"panel-widget-style panel-widget-style-for-w5af875983b4a1-0-0-0\" >\t\t\t<div class=\"textwidget\"><p>Unsere Aufgabe ist es, euren Kindern Sicherheit und Orientierung zu geben. Sie brauchen verl\u00e4ssliche Beziehungen und einen klaren Rahmen, erst dann k\u00f6nnen sie richtig loslegen. Sie brauchen Impulse und Anreize, um auf ihre eigene Entdeckungsreise zu gehen. Dazu brauchen sie Freir\u00e4ume, in denen sie sich in Spiel und kreativem Forschen ausprobieren und entfalten k\u00f6nnen. Als Erwachsene begleiten wir eure Kinder; wir gehen Beziehungen ein und ermutigen. Wir teilen unsere eigene Neugier, Begeisterung und Kreativit\u00e4t mit euren Kinder.<\/p>\n<\/div>\n\t\t<\/div><\/div><\/div><div id=\"pgc-w5af875983b4a1-0-1\"  class=\"panel-grid-cell\" ><div id=\"panel-w5af875983b4a1-0-1-0\" class=\"so-panel widget widget_media_image panel-first-child panel-last-child\" data-index=\"1\" ><img loading=\"lazy\" decoding=\"async\" width=\"300\" height=\"200\" src=\"http:\/\/www.muenster.org\/kita-kleine-riesen\/wp-content\/uploads\/2018\/05\/Snapseed-9-300x200.jpeg\" class=\"image wp-image-680  attachment-medium size-medium\" alt=\"Kinder 2\" style=\"max-width: 100%; height: auto;\" srcset=\"http:\/\/www.muenster.org\/kita-kleine-riesen\/wp-content\/uploads\/2018\/05\/Snapseed-9-300x200.jpeg 300w, http:\/\/www.muenster.org\/kita-kleine-riesen\/wp-content\/uploads\/2018\/05\/Snapseed-9-768x513.jpeg 768w, http:\/\/www.muenster.org\/kita-kleine-riesen\/wp-content\/uploads\/2018\/05\/Snapseed-9-1024x684.jpeg 1024w, http:\/\/www.muenster.org\/kita-kleine-riesen\/wp-content\/uploads\/2018\/05\/Snapseed-9-272x182.jpeg 272w, http:\/\/www.muenster.org\/kita-kleine-riesen\/wp-content\/uploads\/2018\/05\/Snapseed-9.jpeg 1500w\" sizes=\"(max-width: 300px) 100vw, 300px\" \/><\/div><\/div><\/div><\/div><\/div><\/div><\/div><\/div><\/div><div id=\"pg-616-2\"  class=\"panel-grid panel-has-style\" ><div class=\"panel-row-style panel-row-style-for-616-2\" ><div id=\"pgc-616-2-0\"  class=\"panel-grid-cell\" ><div class=\"container panel-cell-style panel-cell-style-for-616-2-0\" ><div class=\"clear\"><\/div>\r\n\t\t\t\t\t\t\t\t\t\t\t<div class=\"theme-heading marB30 positionR\">\r\n\t\t\t\t\t\t\t\t\t\t\t\t<div class=\"row\">\r\n\t\t\t\t\t\t\t\t\t\t\t\t\t<div class=\"col-md-4 col-sm-6 col-xs-10  col-md-offset-4 col-sm-offset-3 col-xs-offset-1 heading-box text-center\">\r\n\t\t\t\t\t\t\t\t\t\t\t\t\t\t<h3 class=\"theme-color marB10\">Eine Kita in einem Reihenhaus?<\/h3>\r\n\t\t\t\t\t\t\t\t\t\t\t\t\t\t<span class=\" marB10\"> <i class=\"fa fa-child\" aria-hidden=\"true\"><\/i> <\/span>\r\n\t\t\t\t\t\t\t\t\t\t\t\t\t\t<p class=\" marB10\"><\/p>\r\n\t\t\t\t\t\t\t\t\t\t\t\t\t<\/div>\r\n\t\t\t\t\t\t\t\t\t\t\t\t<\/div>\r\n\t\t\t\t\t\t\t\t\t\t\t<\/div>\r\n\t\t\t\t\t\t\t\t\t\t\t<div class=\"clear\"><\/div><div id=\"panel-616-2-0-1\" class=\"so-panel widget widget_siteorigin-panels-builder panel-last-child\" data-index=\"5\" ><div id=\"pl-w5af876880f0da\"  class=\"panel-layout\" ><div id=\"pg-w5af876880f0da-0\"  class=\"panel-grid panel-no-style\" ><div id=\"pgc-w5af876880f0da-0-0\"  class=\"panel-grid-cell\" ><div id=\"panel-w5af876880f0da-0-0-0\" class=\"so-panel widget widget_media_image panel-first-child panel-last-child\" data-index=\"0\" ><img loading=\"lazy\" decoding=\"async\" width=\"300\" height=\"200\" src=\"http:\/\/www.muenster.org\/kita-kleine-riesen\/wp-content\/uploads\/2018\/05\/Snapseed-10-300x200.jpeg\" class=\"image wp-image-681  attachment-medium size-medium\" alt=\"Haus 2\" style=\"max-width: 100%; height: auto;\" srcset=\"http:\/\/www.muenster.org\/kita-kleine-riesen\/wp-content\/uploads\/2018\/05\/Snapseed-10-300x200.jpeg 300w, http:\/\/www.muenster.org\/kita-kleine-riesen\/wp-content\/uploads\/2018\/05\/Snapseed-10-768x512.jpeg 768w, http:\/\/www.muenster.org\/kita-kleine-riesen\/wp-content\/uploads\/2018\/05\/Snapseed-10-1024x683.jpeg 1024w, http:\/\/www.muenster.org\/kita-kleine-riesen\/wp-content\/uploads\/2018\/05\/Snapseed-10-272x182.jpeg 272w, http:\/\/www.muenster.org\/kita-kleine-riesen\/wp-content\/uploads\/2018\/05\/Snapseed-10.jpeg 1500w\" sizes=\"(max-width: 300px) 100vw, 300px\" \/><\/div><\/div><div id=\"pgc-w5af876880f0da-0-1\"  class=\"panel-grid-cell\" ><div id=\"panel-w5af876880f0da-0-1-0\" class=\"so-panel widget widget_text panel-first-child panel-last-child\" data-index=\"1\" ><div class=\"panel-widget-style panel-widget-style-for-w5af876880f0da-0-1-0\" >\t\t\t<div class=\"textwidget\"><p>Mitten in der Reihenhaussiedlung am Vorl\u00e4nderweg in der Aaseestadt findest du die Kita Kleine Riesen. Seit mehr als zwanzig Jahren verstehen wir uns als Nachbarschaftskita f\u00fcr die Familien in diesem sch\u00f6nen Stadtteil. In der sehr famili\u00e4ren Atmosph\u00e4re f\u00fchlen sich die Kinder fast wie zu Hause. Das gibt Sicherheit. Eine Mutter berichtet, sie wei\u00df ihr Kind ist gut bei uns angekommen: Ihre Tochter hat das Wohnzimmer zu Hause umbenannt. F\u00fcr sie hei\u00dft es Gruppenraum.<\/p>\n<\/div>\n\t\t<\/div><\/div><\/div><\/div><\/div><\/div><\/div><\/div><\/div><\/div><div id=\"pg-616-3\"  class=\"panel-grid panel-has-style\" ><div class=\"bg-curve-img panel-row-style panel-row-style-for-616-3\" ><div id=\"pgc-616-3-0\"  class=\"panel-grid-cell\" ><div class=\"container panel-cell-style panel-cell-style-for-616-3-0\" ><div class=\"clear\"><\/div>\r\n\t\t\t\t\t\t\t\t\t\t\t<div class=\"theme-heading marB30 positionR\">\r\n\t\t\t\t\t\t\t\t\t\t\t\t<div class=\"row\">\r\n\t\t\t\t\t\t\t\t\t\t\t\t\t<div class=\"col-md-4 col-sm-6 col-xs-10  col-md-offset-4 col-sm-offset-3 col-xs-offset-1 heading-box text-center\">\r\n\t\t\t\t\t\t\t\t\t\t\t\t\t\t<h3 class=\"colorW marB10\">Wir sind eine Elterninitiative<\/h3>\r\n\t\t\t\t\t\t\t\t\t\t\t\t\t\t<span class=\"colorW marB10\"> <i class=\"fa fa-child\" aria-hidden=\"true\"><\/i> <\/span>\r\n\t\t\t\t\t\t\t\t\t\t\t\t\t\t<p class=\"colorW marB10\">\r\n\t\t\t\t\t\t\t\t\t\t\t\t\t\t<\/p>\r\n\t\t\t\t\t\t\t\t\t\t\t\t\t<\/div>\r\n\t\t\t\t\t\t\t\t\t\t\t\t<\/div>\r\n\t\t\t\t\t\t\t\t\t\t\t<\/div>\r\n\t\t\t\t\t\t\t\t\t\t\t<div class=\"clear\"><\/div><div id=\"panel-616-3-0-1\" class=\"so-panel widget widget_siteorigin-panels-builder panel-last-child\" data-index=\"7\" ><div id=\"pl-w5af876880f3f8\"  class=\"panel-layout\" ><div id=\"pg-w5af876880f3f8-0\"  class=\"panel-grid panel-no-style\" ><div id=\"pgc-w5af876880f3f8-0-0\"  class=\"panel-grid-cell\" ><div id=\"panel-w5af876880f3f8-0-0-0\" class=\"so-panel widget widget_text panel-first-child panel-last-child\" data-index=\"0\" ><div class=\"panel-widget-style panel-widget-style-for-w5af876880f3f8-0-0-0\" >\t\t\t<div class=\"textwidget\"><p>Bei den Kleine Riesen findest du mehr als nur ein Betreuungsangebot f\u00fcr euer Kind. Alle Eltern sind Vereinsmitglieder unseres Tr\u00e4gervereins \u201eKindergruppe Kleine Riesen e.V.\u201c Als Mitglied hast du viel mehr M\u00f6glichkeiten\u00a0 dich einzubringen und mitzugestalten als in einer Regeleinrichtung. Bei uns ist Engagement und Verantwortungs\u00fcbernahme gefragt. Und das ist ein tolles Beispiel f\u00fcr eure Kinder.<\/p>\n<p>Wir legen auch besonders viel Wert auf eine aktive Elternarbeit: Zum Anfang des Kitajahres machen wir zusammen eine Kitafahrt. Wir verbringen ein Wochenende zusammen auf einem Bauernhof. Die Kinder, das Team, die Eltern und selbstverst\u00e4ndlich Geschwisterkinder sind alle mit dabei. So schaffen wir Vertrautheit miteinander. Bei uns ist der Austausch zwischen Team und Eltern eng, und die Familien finden sich zu einem Netzwerk zusammen. Die Kita ist auch f\u00fcr die Eltern ein wichtiger Lebensraum.<\/p>\n<\/div>\n\t\t<\/div><\/div><\/div><div id=\"pgc-w5af876880f3f8-0-1\"  class=\"panel-grid-cell\" ><div id=\"panel-w5af876880f3f8-0-1-0\" class=\"so-panel widget widget_media_image panel-first-child panel-last-child\" data-index=\"1\" ><img loading=\"lazy\" decoding=\"async\" width=\"300\" height=\"199\" src=\"http:\/\/www.muenster.org\/kita-kleine-riesen\/wp-content\/uploads\/2018\/05\/Snapseed-16-300x199.jpeg\" class=\"image wp-image-687  attachment-medium size-medium\" alt=\"Kinder 5\" style=\"max-width: 100%; height: auto;\" srcset=\"http:\/\/www.muenster.org\/kita-kleine-riesen\/wp-content\/uploads\/2018\/05\/Snapseed-16-300x199.jpeg 300w, http:\/\/www.muenster.org\/kita-kleine-riesen\/wp-content\/uploads\/2018\/05\/Snapseed-16-768x509.jpeg 768w, http:\/\/www.muenster.org\/kita-kleine-riesen\/wp-content\/uploads\/2018\/05\/Snapseed-16-1024x679.jpeg 1024w, http:\/\/www.muenster.org\/kita-kleine-riesen\/wp-content\/uploads\/2018\/05\/Snapseed-16.jpeg 1500w\" sizes=\"(max-width: 300px) 100vw, 300px\" \/><\/div><\/div><\/div><\/div><\/div><\/div><\/div><\/div><\/div><\/div>","protected":false},"excerpt":{"rendered":"<p>Unser Bild vom Kind Wir freuen uns auf jedes neue Kind, denn jedes Kind bringt seine einzigartige Pers\u00f6nlichkeit mit und bereichert unsere Kindergruppe. Kinder sind von Geburt an neugierig und wollen ihre Umwelt erforschen und verstehen. Wenn das nicht so w\u00e4re, w\u00fcrden Kinder die riesigen Entwicklungsaufgaben, die sie in ihre Kitazeit vollbringen, nie bew\u00e4ltigen k\u00f6nnen. [&hellip;]<\/p>\n","protected":false},"author":1,"featured_media":0,"parent":0,"menu_order":0,"comment_status":"closed","ping_status":"closed","template":"page-templates\/default-fullwidth.php","meta":{"footnotes":""},"class_list":["post-616","page","type-page","status-publish","hentry"],"_links":{"self":[{"href":"http:\/\/www.muenster.org\/kita-kleine-riesen\/wp-json\/wp\/v2\/pages\/616"}],"collection":[{"href":"http:\/\/www.muenster.org\/kita-kleine-riesen\/wp-json\/wp\/v2\/pages"}],"about":[{"href":"http:\/\/www.muenster.org\/kita-kleine-riesen\/wp-json\/wp\/v2\/types\/page"}],"author":[{"embeddable":true,"href":"http:\/\/www.muenster.org\/kita-kleine-riesen\/wp-json\/wp\/v2\/users\/1"}],"replies":[{"embeddable":true,"href":"http:\/\/www.muenster.org\/kita-kleine-riesen\/wp-json\/wp\/v2\/comments?post=616"}],"version-history":[{"count":46,"href":"http:\/\/www.muenster.org\/kita-kleine-riesen\/wp-json\/wp\/v2\/pages\/616\/revisions"}],"predecessor-version":[{"id":837,"href":"http:\/\/www.muenster.org\/kita-kleine-riesen\/wp-json\/wp\/v2\/pages\/616\/revisions\/837"}],"wp:attachment":[{"href":"http:\/\/www.muenster.org\/kita-kleine-riesen\/wp-json\/wp\/v2\/media?parent=616"}],"curies":[{"name":"wp","href":"https:\/\/api.w.org\/{rel}","templated":true}]}}