{"id":513,"date":"2017-12-17T20:32:17","date_gmt":"2017-12-17T19:32:17","guid":{"rendered":"http:\/\/kleineriesen.klassenkiste.de\/?page_id=513"},"modified":"2022-06-04T14:54:26","modified_gmt":"2022-06-04T12:54:26","slug":"eltern","status":"publish","type":"page","link":"http:\/\/www.muenster.org\/kita-kleine-riesen\/eltern\/","title":{"rendered":"Eltern"},"content":{"rendered":"<div id=\"pl-513\"  class=\"panel-layout\" ><div id=\"pg-513-0\"  class=\"panel-grid panel-has-style\" ><div class=\"container panel-row-style panel-row-style-for-513-0\" ><div id=\"pgc-513-0-0\"  class=\"panel-grid-cell\" ><div class=\"clear\"><\/div>\r\n\t\t\t\t\t\t\t\t\t\t\t<div class=\"theme-heading marB30 positionR\">\r\n\t\t\t\t\t\t\t\t\t\t\t\t<div class=\"row\">\r\n\t\t\t\t\t\t\t\t\t\t\t\t\t<div class=\"col-md-4 col-sm-6 col-xs-10  col-md-offset-4 col-sm-offset-3 col-xs-offset-1 heading-box text-center\">\r\n\t\t\t\t\t\t\t\t\t\t\t\t\t\t<h3 class=\"theme-color marB10\">Mitgestaltung<\/h3>\r\n\t\t\t\t\t\t\t\t\t\t\t\t\t\t<span class=\" marB10\"> <i class=\"fa fa-child\" aria-hidden=\"true\"><\/i> <\/span>\r\n\t\t\t\t\t\t\t\t\t\t\t\t\t\t<p class=\" marB10\"><\/p>\r\n\t\t\t\t\t\t\t\t\t\t\t\t\t<\/div>\r\n\t\t\t\t\t\t\t\t\t\t\t\t<\/div>\r\n\t\t\t\t\t\t\t\t\t\t\t<\/div>\r\n\t\t\t\t\t\t\t\t\t\t\t<div class=\"clear\"><\/div><div id=\"panel-513-0-0-1\" class=\"so-panel widget widget_siteorigin-panels-builder panel-last-child\" data-index=\"1\" ><div id=\"pl-w5af8781fe4ec6\"  class=\"panel-layout\" ><div id=\"pg-w5af8781fe4ec6-0\"  class=\"panel-grid panel-no-style\" ><div id=\"pgc-w5af8781fe4ec6-0-0\"  class=\"panel-grid-cell\" ><div id=\"panel-w5af8781fe4ec6-0-0-0\" class=\"so-panel widget widget_media_image panel-first-child panel-last-child\" data-index=\"0\" ><img loading=\"lazy\" decoding=\"async\" width=\"640\" height=\"965\" src=\"http:\/\/www.muenster.org\/kita-kleine-riesen\/wp-content\/uploads\/2018\/05\/Snapseed-17-679x1024.jpeg\" class=\"image wp-image-688  attachment-large size-large\" alt=\"Spielhaus 2\" style=\"max-width: 100%; height: auto;\" srcset=\"http:\/\/www.muenster.org\/kita-kleine-riesen\/wp-content\/uploads\/2018\/05\/Snapseed-17-679x1024.jpeg 679w, http:\/\/www.muenster.org\/kita-kleine-riesen\/wp-content\/uploads\/2018\/05\/Snapseed-17-199x300.jpeg 199w, http:\/\/www.muenster.org\/kita-kleine-riesen\/wp-content\/uploads\/2018\/05\/Snapseed-17-768x1159.jpeg 768w, http:\/\/www.muenster.org\/kita-kleine-riesen\/wp-content\/uploads\/2018\/05\/Snapseed-17.jpeg 994w\" sizes=\"(max-width: 640px) 100vw, 640px\" \/><\/div><\/div><div id=\"pgc-w5af8781fe4ec6-0-1\"  class=\"panel-grid-cell\" ><div id=\"panel-w5af8781fe4ec6-0-1-0\" class=\"so-panel widget widget_text panel-first-child\" data-index=\"1\" ><div class=\"panel-widget-style panel-widget-style-for-w5af8781fe4ec6-0-1-0\" ><h3 class=\"widget-title\">Wir sind eine Elterninitiative<\/h3>\t\t\t<div class=\"textwidget\"><p>Elterninitiative hei\u00dft, anders als bei in einem st\u00e4dtischen oder kirchlichen Kindergarten, dass die Eltern \u00fcber die p\u00e4dagogische Ausrichtung, die Gestaltung der R\u00e4ume und des Au\u00dfengel\u00e4ndes sowie \u00fcber das Personal der Kita mitentscheiden.<\/p>\n<p>Durch die enge Zusammenarbeit zwischen Kita Leitung, Team, Vorstand, Eltern und Kindern ergibt sich eine gro\u00dfe, lebendige Gemeinschaft. Mitgestaltung und Mitwirkung ist ein wichtiger und gro\u00dfer Baustein in unserer Kita. Als Eltern werdet ihr Mitglieder unseres Vereins \u201eKita Kleine Riesen. e.V.\u201c Zum pers\u00f6nlichen Austausch l\u00e4dt das monatliche Elternkaffee ein<\/p>\n<p>Die aktive Mitarbeit der Eltern ist ein wichtiger Baustein f\u00fcr das lebendige Bestehen der Kita. Inhaltliche und zeitliche M\u00f6glichkeiten er\u00f6ffnen verschiedene Schwerpunkte des Engagements.<\/p>\n<\/div>\n\t\t<\/div><\/div><div id=\"panel-w5af8781fe4ec6-0-1-1\" class=\"so-panel widget widget_text\" data-index=\"2\" ><div class=\"panel-widget-style panel-widget-style-for-w5af8781fe4ec6-0-1-1\" ><h3 class=\"widget-title\">Elterndienste<\/h3>\t\t\t<div class=\"textwidget\"><p>Ein Teil eurer Mitarbeit ist die Mithilfe bei unseren Aktionstagen, die zweimal im Jahr stattfinden. Au\u00dferdem \u00fcbernehmen die Familien einen Elterndienst, f\u00fcr den sie sich am Anfang jedes Kitajahres eintragen (z.B. Hausmeisterdienst, Einkaufsdienst, Aquariumspflege, Homepage etc.)<\/p>\n<\/div>\n\t\t<\/div><\/div><div id=\"panel-w5af8781fe4ec6-0-1-2\" class=\"so-panel widget widget_text panel-last-child\" data-index=\"3\" ><div class=\"panel-widget-style panel-widget-style-for-w5af8781fe4ec6-0-1-2\" ><h3 class=\"widget-title\">Mitgliederversammlung<\/h3>\t\t\t<div class=\"textwidget\"><p>Jeden Monat findet ein Elternabend statt. Hier wird sowohl \u00fcber p\u00e4dagogische Inhalte aus dem Kita-Alltag als auch \u00fcber gemeinsame Projekte in der Kita gesprochen und informiert. Auch verwaltungstechnische und organisatorische Aspekte geh\u00f6ren dazu.<br \/>\nDie Abende werden schriftlich protokolliert und allen zur Verf\u00fcgung gestellt. Die Teilnahme an den Elternabenden sollte f\u00fcr alle Eltern ein wichtiges Anliegen sein.<\/p>\n<\/div>\n\t\t<\/div><\/div><\/div><\/div><\/div><\/div><\/div><\/div><\/div><div id=\"pg-513-1\"  class=\"panel-grid panel-has-style\" ><div class=\"bg-curve-img panel-row-style panel-row-style-for-513-1\" ><div id=\"pgc-513-1-0\"  class=\"panel-grid-cell\" ><div class=\"container panel-cell-style panel-cell-style-for-513-1-0\" ><div class=\"clear\"><\/div>\r\n\t\t\t\t\t\t\t\t\t\t\t<div class=\"theme-heading marB30 positionR\">\r\n\t\t\t\t\t\t\t\t\t\t\t\t<div class=\"row\">\r\n\t\t\t\t\t\t\t\t\t\t\t\t\t<div class=\"col-md-4 col-sm-6 col-xs-10  col-md-offset-4 col-sm-offset-3 col-xs-offset-1 heading-box text-center\">\r\n\t\t\t\t\t\t\t\t\t\t\t\t\t\t<h3 class=\"colorW marB10\">Vorstand<\/h3>\r\n\t\t\t\t\t\t\t\t\t\t\t\t\t\t<span class=\"colorW marB10\"> <i class=\"fa fa-child\" aria-hidden=\"true\"><\/i> <\/span>\r\n\t\t\t\t\t\t\t\t\t\t\t\t\t\t<p class=\"colorW marB10\">\r\n\t\t\t\t\t\t\t\t\t\t\t\t\t\t<\/p>\r\n\t\t\t\t\t\t\t\t\t\t\t\t\t<\/div>\r\n\t\t\t\t\t\t\t\t\t\t\t\t<\/div>\r\n\t\t\t\t\t\t\t\t\t\t\t<\/div>\r\n\t\t\t\t\t\t\t\t\t\t\t<div class=\"clear\"><\/div><div id=\"panel-513-1-0-1\" class=\"so-panel widget widget_text panel-last-child\" data-index=\"3\" ><div class=\"panel-widget-style panel-widget-style-for-513-1-0-1\" >\t\t\t<div class=\"textwidget\"><p>Der Vorstand des Vereins besteht in der Regel nur aus erziehungsberechtigten Eltern von Kindern in der Kindertagesst\u00e4tte. Er besteht aus mindestens drei, h\u00f6chstens f\u00fcnf Mitgliedern. Aktuell setzt sich der Vorstand wie folgt zusammen<\/p>\n<p>1. Vorsitzender: Erich Strieter<br \/>\n2. Vorsitzende: Barbara Ruwe<br \/>\nPersonal: Hanne Wildt<br \/>\nFinanzen: Matthias Watermann<\/p>\n<\/div>\n\t\t<\/div><\/div><\/div><\/div><\/div><\/div><div id=\"pg-513-2\"  class=\"panel-grid panel-has-style\" ><div class=\"container panel-row-style panel-row-style-for-513-2\" ><div id=\"pgc-513-2-0\"  class=\"panel-grid-cell\" ><div class=\"clear\"><\/div>\r\n\t\t\t\t\t\t\t\t\t\t\t<div class=\"theme-heading marB30 positionR\">\r\n\t\t\t\t\t\t\t\t\t\t\t\t<div class=\"row\">\r\n\t\t\t\t\t\t\t\t\t\t\t\t\t<div class=\"col-md-4 col-sm-6 col-xs-10  col-md-offset-4 col-sm-offset-3 col-xs-offset-1 heading-box text-center\">\r\n\t\t\t\t\t\t\t\t\t\t\t\t\t\t<h3 class=\"theme-color marB10\">Der Verein<\/h3>\r\n\t\t\t\t\t\t\t\t\t\t\t\t\t\t<span class=\" marB10\"> <i class=\"fa fa-child\" aria-hidden=\"true\"><\/i> <\/span>\r\n\t\t\t\t\t\t\t\t\t\t\t\t\t\t<p class=\" marB10\"><\/p>\r\n\t\t\t\t\t\t\t\t\t\t\t\t\t<\/div>\r\n\t\t\t\t\t\t\t\t\t\t\t\t<\/div>\r\n\t\t\t\t\t\t\t\t\t\t\t<\/div>\r\n\t\t\t\t\t\t\t\t\t\t\t<div class=\"clear\"><\/div><div id=\"panel-513-2-0-1\" class=\"so-panel widget widget_siteorigin-panels-builder panel-last-child\" data-index=\"5\" ><div id=\"pl-w5af878c3ebd25\"  class=\"panel-layout\" ><div id=\"pg-w5af878c3ebd25-0\"  class=\"panel-grid panel-no-style\" ><div id=\"pgc-w5af878c3ebd25-0-0\"  class=\"panel-grid-cell\" ><div id=\"panel-w5af878c3ebd25-0-0-0\" class=\"so-panel widget widget_text panel-first-child\" data-index=\"0\" ><div class=\"panel-widget-style panel-widget-style-for-w5af878c3ebd25-0-0-0\" >\t\t\t<div class=\"textwidget\"><p>&nbsp;<\/p>\n<p>Die Kita Klein Riesen ist eine 16 Kinder starke Kita bestehend aus einer U3 Gruppe und einer \u00dc3 Gruppe. Der Tr\u00e4ger dieser Elterninitiative ist der Verein Kita Kleine Riesen e.V.<\/p>\n<p>Dieser wurde 1988 zun\u00e4chst als Krabbelgruppe &#8220;8 Kleine Riesen&#8221; von Eltern gegr\u00fcndet. 1994 wurde die Kindergruppe zu einer 15 k\u00f6pfigen kleinen altersgemischten Gruppe erweitert. Seit Anfang 1994 befindet sich die Kita &#8220;Kleine Riesen e.V.&#8221; im jetzigen Haus in der Aaseestadt.<\/p>\n<\/div>\n\t\t<\/div><\/div><div id=\"panel-w5af878c3ebd25-0-0-1\" class=\"so-panel widget widget_text\" data-index=\"1\" ><div class=\"panel-widget-style panel-widget-style-for-w5af878c3ebd25-0-0-1\" ><h3 class=\"widget-title\">Wie wird mein Kind ein &#8220;Kleiner Riese&#8221;?<\/h3>\t\t\t<div class=\"textwidget\"><p>Ihr m\u00f6chtet euch um einen Betreuungsplatz f\u00fcr das kommende Kitajahr bewerben?<\/p>\n<p>In M\u00fcnster werden alle Pl\u00e4tze \u00fcber ein zentrales Anmeldesystem vergeben. Informationen dazu erhalten Sie \u00fcber den Kita- Navigator oder\u00a0vom <a href=\"http:\/\/www.muenster.de\/stadt\/jugendamt\/\">Amt f\u00fcr Kinder, Jugendliche und Familien<\/a><a href=\"http:\/\/www.muenster.de\/stadt\/jugendamt\/\">.<\/a><\/p>\n<p>Den direkten Link zum Kita-Navigator finden sie <a href=\"http:\/\/www.kita-navigator.stadt-muenster.de\">hier<\/a>.<\/p>\n<\/div>\n\t\t<\/div><\/div><div id=\"panel-w5af878c3ebd25-0-0-2\" class=\"so-panel widget widget_text panel-last-child\" data-index=\"2\" ><div class=\"panel-widget-style panel-widget-style-for-w5af878c3ebd25-0-0-2\" ><h3 class=\"widget-title\">Was kostet die Kita?<\/h3>\t\t\t<div class=\"textwidget\"><p>Die Gesamtkosten, die f\u00fcr die Betreuung Eures Kindes in der Kita Kleine Riesen zahlt, sich aus zwei Einzelbetr\u00e4ge zusammen:<\/p>\n<p><strong>A) Der st\u00e4dtische Beitrag<\/strong>: Wenn Euer Kind eine Kita in der Stadt M\u00fcnster besucht, werden daf\u00fcr \u00f6ffentlich- rechtliche Elternbeitr\u00e4ge an das Amt f\u00fcr Kinder, Jugendliche und Familien f\u00e4llig. Die H\u00f6he dieses Beitrages ist abh\u00e4ngig von dem <em>Alter des Kindes<\/em>, dem <em>Betreuungsumfang<\/em> und dem <em>pers\u00f6nlichen Einkommen<\/em>. <strong>Diese Beitr\u00e4ge gehen auch direkt an die Stadt<\/strong>.<\/p>\n<p><strong>In der Kita Kleine Riesen <\/strong>ist nur eine Betreuung von 45 Stunden m\u00f6glich.<\/p>\n<p><strong>B) Der Vereinsbeitrag <\/strong>Dieser setzt sich aus dem <em>Vereinsbeitrag<\/em>, einem <em>Tr\u00e4geranteil<\/em> und den <em>Kosten f\u00fcr das Mittagessen<\/em> zusammen und liegt aktuell bei 120 \u20ac im Monat..<\/p>\n<\/div>\n\t\t<\/div><\/div><\/div><div id=\"pgc-w5af878c3ebd25-0-1\"  class=\"panel-grid-cell\" ><div id=\"panel-w5af878c3ebd25-0-1-0\" class=\"so-panel widget widget_media_image panel-first-child panel-last-child\" data-index=\"3\" ><img loading=\"lazy\" decoding=\"async\" width=\"640\" height=\"965\" src=\"http:\/\/www.muenster.org\/kita-kleine-riesen\/wp-content\/uploads\/2018\/05\/Snapseed-15-679x1024.jpeg\" class=\"image wp-image-686  attachment-large size-large\" alt=\"Garten 2\" style=\"max-width: 100%; height: auto;\" srcset=\"http:\/\/www.muenster.org\/kita-kleine-riesen\/wp-content\/uploads\/2018\/05\/Snapseed-15-679x1024.jpeg 679w, http:\/\/www.muenster.org\/kita-kleine-riesen\/wp-content\/uploads\/2018\/05\/Snapseed-15-199x300.jpeg 199w, http:\/\/www.muenster.org\/kita-kleine-riesen\/wp-content\/uploads\/2018\/05\/Snapseed-15-768x1159.jpeg 768w, http:\/\/www.muenster.org\/kita-kleine-riesen\/wp-content\/uploads\/2018\/05\/Snapseed-15.jpeg 994w\" sizes=\"(max-width: 640px) 100vw, 640px\" \/><\/div><\/div><\/div><\/div><\/div><\/div><\/div><\/div><\/div>","protected":false},"excerpt":{"rendered":"<p>Der Vorstand des Vereins besteht in der Regel nur aus erziehungsberechtigten Eltern von Kindern in der Kindertagesst\u00e4tte. Er besteht aus mindestens drei, h\u00f6chstens f\u00fcnf Mitgliedern. Aktuell setzt sich der Vorstand wie folgt zusammen 1. Vorsitzender: Erich Strieter 2. Vorsitzende: Barbara Ruwe Personal: Hanne Wildt Finanzen: Matthias Watermann<\/p>\n","protected":false},"author":1,"featured_media":0,"parent":0,"menu_order":0,"comment_status":"closed","ping_status":"closed","template":"page-templates\/default-fullwidth.php","meta":{"footnotes":""},"class_list":["post-513","page","type-page","status-publish","hentry"],"_links":{"self":[{"href":"http:\/\/www.muenster.org\/kita-kleine-riesen\/wp-json\/wp\/v2\/pages\/513"}],"collection":[{"href":"http:\/\/www.muenster.org\/kita-kleine-riesen\/wp-json\/wp\/v2\/pages"}],"about":[{"href":"http:\/\/www.muenster.org\/kita-kleine-riesen\/wp-json\/wp\/v2\/types\/page"}],"author":[{"embeddable":true,"href":"http:\/\/www.muenster.org\/kita-kleine-riesen\/wp-json\/wp\/v2\/users\/1"}],"replies":[{"embeddable":true,"href":"http:\/\/www.muenster.org\/kita-kleine-riesen\/wp-json\/wp\/v2\/comments?post=513"}],"version-history":[{"count":34,"href":"http:\/\/www.muenster.org\/kita-kleine-riesen\/wp-json\/wp\/v2\/pages\/513\/revisions"}],"predecessor-version":[{"id":881,"href":"http:\/\/www.muenster.org\/kita-kleine-riesen\/wp-json\/wp\/v2\/pages\/513\/revisions\/881"}],"wp:attachment":[{"href":"http:\/\/www.muenster.org\/kita-kleine-riesen\/wp-json\/wp\/v2\/media?parent=513"}],"curies":[{"name":"wp","href":"https:\/\/api.w.org\/{rel}","templated":true}]}}