{"id":974,"date":"2015-04-17T09:00:02","date_gmt":"2015-04-17T09:00:02","guid":{"rendered":"http:\/\/www.muenster.org\/jgh-verein\/?page_id=974"},"modified":"2017-03-21T22:09:24","modified_gmt":"2017-03-21T22:09:24","slug":"haftvermeidung-verkuerzung","status":"publish","type":"page","link":"http:\/\/www.muenster.org\/jgh-verein\/haftvermeidung-verkuerzung\/","title":{"rendered":"Tagungsdokumentation: U-Haftvermeidung NRW"},"content":{"rendered":"<h4><strong>Am 13. M\u00e4rz 2015<\/strong> fand eine gemeinsame Tagung von Stop an Go, Evangelische Jugendhilfe, der Regionalgruppe der DVJJ Westfalen-Lippe, dem LWL Westfalen-Lippe und der Stadt M\u00fcnster in Dortmund zum\u00a0Thema:<\/h4>\n<h4><a href=\"http:\/\/www.muenster.org\/jgh-verein\/wp-content\/uploads\/2014\/05\/Flyer_UHV-NRW_Flyer_2015__03_03aLWL1.pdf\"><strong>&#8222;Untersuchungshaftvermeidung in NRW: Zwischen Anspr\u00fcchen und Realit\u00e4t Geschichte, Gegenwart und Ausblick&#8220;<\/strong><\/a> statt.<\/h4>\n<p><strong><br \/>\nTagungsleitung:<\/strong><br \/>\n<em><strong>Peter Eichenauer<\/strong><\/em>, Supervisor, Transaktionsanalytiker<\/p>\n<p><strong>Moderation: <em>Bernhard G.<\/em><\/strong>, Jugendhilfe im Strafverfahren Stadt M\u00fcnster;<br \/>\nDVJJ Regionalgruppe Westfalen-Lippe<\/p>\n<p><strong>Referenten \/ Beitr\u00e4ge:<br \/>\n<em>Elisabeth Auchter-Mainz<\/em><\/strong>, Generalstaatsanw\u00e4ltin K\u00f6ln<br \/>\n<strong>&#8222;UHV aus Sicht der Justiz Notwendigkeiten der spezialisierten UHV im Jugendstrafverfahren&#8220;<\/strong><\/p>\n<p><em><strong>Peter Eichenauer<\/strong><\/em>, Kooperative \u201eStop and Go!\u201c<br \/>\n<strong>&#8222;Praxiserfahrungen:<a href=\"http:\/\/www.muenster.org\/jgh-verein\/wp-content\/uploads\/2015\/03\/2015-03-12-stop-and-go.pdf\"> &#8222;Einblicke in die Praxis der U-Haftvermeidung: Zwischen Anspr\u00fcchen der Verfahrensbeteiligten und p\u00e4dagogischer Notwendigkeiten und individueller \u00a0Bed\u00fcrfnisse von jungen Menschen&#8220;<\/a><\/strong><\/p>\n<p><strong><em>Dr. Stefan Eberitzsch<\/em><\/strong>,<br \/>\nZHAW Z\u00fcrcher Hochschule f\u00fcr Angewandte Wissenschaften Departement Soziale <a id=\"_GPLITA_1\" style=\"background-color: transparent !important; border: none !important; display: inline-block !important; text-indent: 0px !important; float: none !important; font-weight: bold !important; height: auto !important; margin: 0px !important; min-height: 0px !important; min-width: 0px !important; padding: 0px !important; text-transform: uppercase !important; text-decoration: underline !important; vertical-align: baseline !important; width: auto !important; background-position: initial initial !important; background-repeat: initial initial !important;\" title=\"Click to Continue &gt; by Cinema + HD\" href=\"#\">Arbeit<img style=\"background-color: transparent !important; border: none !important; display: inline-block !important; text-indent: 0px !important; float: none !important; font-weight: bold !important; height: 10px !important; margin: 0px 0px 0px 3px !important; min-height: 0px !important; min-width: 0px !important; padding: 0px !important; text-transform: uppercase !important; text-decoration: underline !important; vertical-align: super !important; width: 10px !important; background-position: initial initial !important; background-repeat: initial initial !important;\" src=\"http:\/\/cdncache1-a.akamaihd.net\/items\/it\/img\/arrow-10x10.png\" alt=\"\" \/><\/a> <a href=\"http:\/\/www.muenster.org\/jgh-verein\/wp-content\/uploads\/2015\/03\/Eberitzsch_U-Haftvermeidung_DO_DVJJ-Tagung.pdf\"><strong>\u201eZum Stand der U-Haftvermeidung f\u00fcr Jugendliche in NRW<br \/>\n\u2013 Wo liegen m\u00f6gliche Ans\u00e4tze zur Weiterentwicklung?\u201c<\/strong><\/a><\/p>\n<p><strong>Die U-Haft Vermeidung in NRW:<\/strong><br \/>\n17 Jahre vom \u201eExoten\u201c zum etablierten Angebot der Jugendhilfe im Rahmen des Jugendstrafverfahrens Geschichte, Gegenwart, Ausblick Die Reform des JGG Anfang der 90er Jahre Jahre erm\u00f6glichte die Etablierung spezifischer Wohngruppen der freien Tr\u00e4ger der Erziehungshilfe f\u00fcr jugendliche Straft\u00e4ter als Alternative zur Untersuchungshaft. Diese Tagung wird einen Blick auf die Entwicklung in den letzten Jahren richten und die weitere Entwicklung diskutieren. Beleuchtet werden die Erwartungen des Gesetzgebers und der Justiz ebenso wie die Gedanken und Vorstellungen der freien Tr\u00e4ger und die der Jugendhilfe im Strafverfahren. Schaut man auf die letzten 2 Jahrzehnte zur\u00fcck, sind die Angebote der Jugendhilfe f\u00fcr die Alternative zur U-Haft ein Spiegel der Entwicklung der Jugendkriminalit\u00e4t und des Umgangs der Verfahrensbeteiligten miteinander. Die demographische Entwicklung und andere Faktoren bewirken einen R\u00fcckgang der Fallzahlen im Bereich der Jugendkriminalit\u00e4t, im Strafvollzug und eben auch bei der <a id=\"_GPLITA_2\" style=\"background-color: transparent !important; border: none !important; display: inline-block !important; text-indent: 0px !important; float: none !important; font-weight: bold !important; height: auto !important; margin: 0px !important; min-height: 0px !important; min-width: 0px !important; padding: 0px !important; text-transform: uppercase !important; text-decoration: underline !important; vertical-align: baseline !important; width: auto !important; background-position: initial initial !important; background-repeat: initial initial !important;\" title=\"Click to Continue &gt; by Cinema + HD\" href=\"#\">Nachfrage<img style=\"background-color: transparent !important; border: none !important; display: inline-block !important; text-indent: 0px !important; float: none !important; font-weight: bold !important; height: 10px !important; margin: 0px 0px 0px 3px !important; min-height: 0px !important; min-width: 0px !important; padding: 0px !important; text-transform: uppercase !important; text-decoration: underline !important; vertical-align: super !important; width: 10px !important; background-position: initial initial !important; background-repeat: initial initial !important;\" src=\"http:\/\/cdncache1-a.akamaihd.net\/items\/it\/img\/arrow-10x10.png\" alt=\"\" \/><\/a> nach den Pl\u00e4tzen zur U-Haft Vermeidung.<\/p>\n<p>Rechtliche Grundlagen der U-Haftvermeidung, U-Haftverk\u00fcrzung;<br \/>\nVerkehr mit dem Beschuldigten in der U-Haft:<br \/>\n<strong>\u00a7\u00a7 <a href=\"http:\/\/dejure.org\/gesetze\/JGG\/71.html\">71<\/a>; <a href=\"http:\/\/dejure.org\/gesetze\/JGG\/72.html\">72<\/a>; <a href=\"http:\/\/dejure.org\/gesetze\/JGG\/72.html\">72 a<\/a>, <a href=\"http:\/\/dejure.org\/gesetze\/JGG\/72b.html\">72 b<\/a> JGG<\/strong>, (Quelle:\u00a0http:\/\/dejure.org)<\/p>\n<h4><a href=\"http:\/\/www.jvv.nrw.de\/anzeigeText.jsp?daten=297&amp;daten2=Vor\"><strong>Haftentscheidungshilfe im Jugendstrafverfahren<\/strong><\/a><br \/>\n<strong>Gem.RdErl. d. Justizministeriums (4210 &#8211; III A. 87),\u00a0<\/strong><\/h4>\n<h4><strong>d. Ministeriums f\u00fcr Arbeit, Gesundheit und Soziales<\/strong><br \/>\n<strong>(IV B 2 6150)\u00a0u. d. Innenministeriums\u00a0(IV D 2 &#8211; 6591\/2.7) vom 3. Mai 1995\u00a0&#8211; JMBl. NW S. 133 &#8211;<\/strong><\/h4>\n<p><strong><a href=\"https:\/\/www.justiz.nrw.de\/Bibliothek\/jvv_db\/jvv_pdf\/JVV_Alt\/4210_19950503_3.pdf\">Anlage 1:<\/a><a href=\"https:\/\/www.justiz.nrw.de\/Bibliothek\/jvv_db\/jvv_pdf\/JVV_Alt\/4210_19950503_3.pdf\">\u00a0<span style=\"font-size: 12pt; font-family: Arial;\">Gemeinsame Konzeption\u00a0<\/span><span style=\"font-size: 12pt; font-family: Arial;\">des Justizministeriums und\u00a0<\/span><span style=\"font-size: 12pt; font-family: Arial;\">des Ministeriums f\u00fcr Generationen, Familie, Frauen und Integration des Landes Nordrhein-Westfalen <\/span><span style=\"font-size: 12pt; font-family: Arial;\">zur einstweiligen Unterbringung von Jugendlichen\u00a0<\/span><\/a><span style=\"font-size: 12pt; font-family: Arial;\"><a href=\"https:\/\/www.justiz.nrw.de\/Bibliothek\/jvv_db\/jvv_pdf\/JVV_Alt\/4210_19950503_3.pdf\">in geeigneten Einrichtungen der Jugendhilfe<\/a>\u00a0<\/span><\/strong><b><span style=\"font-size: 12.0pt; font-family: Arial;\">(\u00a7 72 Abs. 4 i.V.m. \u00a7 71 Abs. 2 JGG i.V.m. \u00a7 34 SGB VIII)\u00a0<\/span><\/b><b><span style=\"font-size: 12.0pt; font-family: Arial;\">vom 28. M\u00e4rz 2009<\/span><\/b><\/p>\n<p><a title=\"e\" href=\"https:\/\/www.justiz.nrw.de\/Bibliothek\/jvv_db\/jvv_htm\/4210_19950305_2.htm\"><strong>Anlage 2: \u00a0Empfehlung zur Durchf\u00fchrung des Gemeinsamen Runderlasses des <\/strong><\/a><a title=\"Anlage 2\" href=\"https:\/\/www.justiz.nrw.de\/Bibliothek\/jvv_db\/jvv_htm\/4210_19950305_2.htm\"><strong>Justizministeriums, des Ministeriums f\u00fcr Arbeit, Gesundheit und Soziales und des Innenministeriums zu &#8222;Haftentscheidungshilfen im Jugendstrafverfahren&#8220;<\/strong><\/a><\/p>\n<h1><strong>Ver\u00f6ffentlichungen zum Thema:<\/strong><\/h1>\n<p><em><strong>Eberitzsch,<\/strong><\/em> <strong>Stefan<\/strong><strong>,<\/strong> (2014).<em><strong> <a href=\"http:\/\/www.muenster.org\/jgh-verein\/wp-content\/uploads\/2015\/03\/nc18_2014_Eberitzsch.pdfhttp:\/\/\">&#8222;<\/a><\/strong><\/em><strong><a href=\"http:\/\/www.muenster.org\/jgh-verein\/wp-content\/uploads\/2015\/03\/nc18_2014_Eberitzsch.pdf\">Trotz Ermessenspielraum viel zu h\u00e4ufig: U-Haftvermeidung f\u00fcr Jugendliche&#8220;<\/a><\/strong>, neue Caritas 18\/ 2014<\/p>\n<p><em><strong>Eberitzsch, Stefan<\/strong><\/em><strong>,<\/strong> (2013).<br \/>\n<strong><a href=\"https:\/\/eldorado.tu-dortmund.de\/bitstream\/2003\/30571\/1\/Dissertation.pdf\">\u201eDie Abwendung von Untersuchungshaft f\u00fcr Jugendliche im Fokus der Jugendhilfeforschung \u2013 Eine empirische Analyse in Nordrhein-Westfalen<\/a><\/strong>, Dissertation<\/p>\n<p><em><strong>Eberitzsch Stefan<\/strong><\/em><strong>,<\/strong> (2013). <strong><a href=\"http:\/\/www.dvjj.de\/sites\/default\/files\/medien\/imce\/documente\/veroeffentlichungen\/zjj\/fortlaufendes%20Inhaltsverzeichnis_ZJJ%20-%20Kopie.pdf\">Haftentscheidungen im Jugendstrafverfahren \u2013 Wie bewerten Richter die Haft- entscheidungshilfe sowie die Angebote zur U-Haftvermeidung? Eine qualitative Untersuchung richterlicher Entscheidungsfindung, ZJJ 2\/ 2013, S. 296<\/a>\u00a0<\/strong><\/p>\n<div class=\"page\" title=\"Page 5\">\n<div class=\"section\">\n<div class=\"layoutArea\">\n<div class=\"column\">\n<p><em><strong>Eberitzsch, Stefan,<\/strong><\/em> (2015). Die Abwendung von Untersuchungshaft f\u00fcr Jugendliche als sozialp\u00e4dagogisches Handlungsfeld. Anforderungen, Konflikte und aktuelle Befunde. In: Dollinger, Bernd; Oelkers, Nina (Hg.). Sozialp\u00e4dagogische Perspektiven auf Devianz. Reihe: Verbrechen &amp; Gesellschaft. Weinheim und Basel: Beltz.<\/p>\n<p><strong><em>Vietig, Jenna<\/em><em>,<\/em><\/strong> (2015). Nach der Haftentlassung, Zur Bedeutung der Jugendhilfe f\u00fcr inhaftierte junge Erwachsene, Forum Erziehungshilfe 21. Jg1\/ 2015, Hrg. Internationale \u00a0Gesellschaft f\u00fcr erzieherische Hilfen; Beltz Juventa, Weinheim, S. 18 &#8211; 22.<\/p>\n<\/div>\n<\/div>\n<\/div>\n<\/div>\n<p>13. M\u00e4rz 2015<\/p>\n<p>&nbsp;<\/p>\n","protected":false},"excerpt":{"rendered":"<p>Am 13. M\u00e4rz 2015 fand eine gemeinsame Tagung von Stop an Go, Evangelische Jugendhilfe, der Regionalgruppe der DVJJ Westfalen-Lippe, dem LWL Westfalen-Lippe und der Stadt M\u00fcnster in Dortmund zum\u00a0Thema: &#8222;Untersuchungshaftvermeidung in NRW: Zwischen Anspr\u00fcchen und Realit\u00e4t Geschichte, Gegenwart und Ausblick&#8220; &hellip; <a href=\"http:\/\/www.muenster.org\/jgh-verein\/haftvermeidung-verkuerzung\/\">Weiterlesen <span class=\"meta-nav\">&rarr;<\/span><\/a><\/p>\n","protected":false},"author":3,"featured_media":0,"parent":0,"menu_order":0,"comment_status":"closed","ping_status":"open","template":"","meta":[],"_links":{"self":[{"href":"http:\/\/www.muenster.org\/jgh-verein\/wp-json\/wp\/v2\/pages\/974"}],"collection":[{"href":"http:\/\/www.muenster.org\/jgh-verein\/wp-json\/wp\/v2\/pages"}],"about":[{"href":"http:\/\/www.muenster.org\/jgh-verein\/wp-json\/wp\/v2\/types\/page"}],"author":[{"embeddable":true,"href":"http:\/\/www.muenster.org\/jgh-verein\/wp-json\/wp\/v2\/users\/3"}],"replies":[{"embeddable":true,"href":"http:\/\/www.muenster.org\/jgh-verein\/wp-json\/wp\/v2\/comments?post=974"}],"version-history":[{"count":49,"href":"http:\/\/www.muenster.org\/jgh-verein\/wp-json\/wp\/v2\/pages\/974\/revisions"}],"predecessor-version":[{"id":1085,"href":"http:\/\/www.muenster.org\/jgh-verein\/wp-json\/wp\/v2\/pages\/974\/revisions\/1085"}],"wp:attachment":[{"href":"http:\/\/www.muenster.org\/jgh-verein\/wp-json\/wp\/v2\/media?parent=974"}],"curies":[{"name":"wp","href":"https:\/\/api.w.org\/{rel}","templated":true}]}}