{"id":819,"date":"2013-11-21T22:25:45","date_gmt":"2013-11-21T22:25:45","guid":{"rendered":"http:\/\/www.muenster.org\/jgh-verein\/?page_id=819"},"modified":"2015-05-28T22:21:25","modified_gmt":"2015-05-28T22:21:25","slug":"spaetestarter-ohne-stuetze","status":"publish","type":"page","link":"http:\/\/www.muenster.org\/jgh-verein\/spaetestarter-ohne-stuetze\/","title":{"rendered":"&#8222;Sp\u00e4testarter ohne St\u00fctze&#8220;"},"content":{"rendered":"<p><strong>Am 18 November 2013 fand in der Akademie Franz Hitze Haus,<strong>\u00a0M\u00fcnster<\/strong><br \/>\neine Tagung der DVJJ &#8211; Regionalgruppe Westfalen-Lippe in Zusammenarbeit mit dem\u00a0Landesjugendamt des LWL Westfalen, dem LVR und dem Jugendamt M\u00fcnster zum Thema:<\/strong><\/p>\n<p style=\"text-align: center;\"><strong><a title=\"Sp\u00e4tstarter ohne St\u00fctze\" href=\"http:\/\/www.lwl.org\/lja-download\/fobionline\/detail.php?urlID=1004174\">&#8222;Sp\u00e4tstarter ohne St\u00fctze&#8220;<\/a><\/strong><br \/>\n<strong>&#8211; Gef\u00e4hrdete Jugendliche und Heranwachsende zwischen den Hilfesystemen &#8211;<br \/>\nstatt.<\/strong><\/p>\n<p style=\"text-align: center;\">Tagungsbeitr\u00e4ge finden Sie hier:<\/p>\n<p style=\"text-align: center;\"><a href=\"http:\/\/www.muenster.org\/jgh-verein\/wp-content\/uploads\/2013\/11\/Prof.-Dr.-Frank-N\u00fcsken-Hilfen-f\u00fcr-junge-Vollj\u00e4hrige-.pdf\">Prof. Dr. Dirk N\u00fcsken: &#8222;Hilfen f\u00fcr junge Vollj\u00e4hrige<\/a>&#8222;<\/p>\n<p style=\"text-align: center;\"><a href=\"http:\/\/www.muenster.org\/jgh-verein\/wp-content\/uploads\/2013\/11\/Dr.-Frank-M\u00fccher-Sicht-der-Adressaten.pdf\">Dr. Frank M\u00fccher: &#8222;Sicht der Adressaten<\/a>&#8222;<\/p>\n<p style=\"text-align: center;\"><a href=\"http:\/\/www.muenster.org\/jgh-verein\/wp-content\/uploads\/2013\/11\/Andr\u00e9-Zietek-Grundsicherungsarbeit-im-Jobcenter-M\u00fcnster.-ppt.pdf\">Andr\u00e9 Zietek: &#8222;Grundsicherungsarbeit im Jobcenter M\u00fcnster<\/a>&#8222;<\/p>\n<p>&nbsp;<\/p>\n<p>&nbsp;<\/p>\n","protected":false},"excerpt":{"rendered":"<p>Am 18 November 2013 fand in der Akademie Franz Hitze Haus,\u00a0M\u00fcnster eine Tagung der DVJJ &#8211; Regionalgruppe Westfalen-Lippe in Zusammenarbeit mit dem\u00a0Landesjugendamt des LWL Westfalen, dem LVR und dem Jugendamt M\u00fcnster zum Thema: &#8222;Sp\u00e4tstarter ohne St\u00fctze&#8220; &#8211; Gef\u00e4hrdete Jugendliche und &hellip; <a href=\"http:\/\/www.muenster.org\/jgh-verein\/spaetestarter-ohne-stuetze\/\">Weiterlesen <span class=\"meta-nav\">&rarr;<\/span><\/a><\/p>\n","protected":false},"author":3,"featured_media":0,"parent":0,"menu_order":2,"comment_status":"closed","ping_status":"open","template":"","meta":[],"_links":{"self":[{"href":"http:\/\/www.muenster.org\/jgh-verein\/wp-json\/wp\/v2\/pages\/819"}],"collection":[{"href":"http:\/\/www.muenster.org\/jgh-verein\/wp-json\/wp\/v2\/pages"}],"about":[{"href":"http:\/\/www.muenster.org\/jgh-verein\/wp-json\/wp\/v2\/types\/page"}],"author":[{"embeddable":true,"href":"http:\/\/www.muenster.org\/jgh-verein\/wp-json\/wp\/v2\/users\/3"}],"replies":[{"embeddable":true,"href":"http:\/\/www.muenster.org\/jgh-verein\/wp-json\/wp\/v2\/comments?post=819"}],"version-history":[{"count":18,"href":"http:\/\/www.muenster.org\/jgh-verein\/wp-json\/wp\/v2\/pages\/819\/revisions"}],"predecessor-version":[{"id":1040,"href":"http:\/\/www.muenster.org\/jgh-verein\/wp-json\/wp\/v2\/pages\/819\/revisions\/1040"}],"wp:attachment":[{"href":"http:\/\/www.muenster.org\/jgh-verein\/wp-json\/wp\/v2\/media?parent=819"}],"curies":[{"name":"wp","href":"https:\/\/api.w.org\/{rel}","templated":true}]}}