{"id":590,"date":"2012-11-24T01:44:02","date_gmt":"2012-11-24T01:44:02","guid":{"rendered":"http:\/\/www.muenster.org\/jgh-verein\/?page_id=590"},"modified":"2021-08-10T07:41:27","modified_gmt":"2021-08-10T07:41:27","slug":"kooperationspartner","status":"publish","type":"page","link":"http:\/\/www.muenster.org\/jgh-verein\/kooperationspartner\/","title":{"rendered":"Kooperationspartner"},"content":{"rendered":"<p>Wichtige Kooperationspartner f\u00fcr uns sind:<\/p>\n<p><a title=\"Mot-Treff-Kotten\" href=\"http:\/\/www.vip-muenster.de\">Verein sozial-integrativer Projekte e.V.<\/a><\/p>\n<p><a title=\"Drogenhilfe M\u00fcnster\" href=\"http:\/\/www.stadt-muenster.de\/drogenhilfe\/index.html\">Drogenhilfe M\u00fcnster<\/a><\/p>\n<p><a title=\"Mot-Treff-Kotten\" href=\"http:\/\/www.mot-treff-kotten.de\/\">MOT-TREFF-KOTTEN e. V.<\/a><\/p>\n<p><a id=\"breadcrump_menu_2351\" title=\"Stadtteilb\u00fcro Coerde\" href=\"http:\/\/www.awo-msl-re.de\/awo-vor-ort\/muenster-1-1546\/stadtteilbuero-coerde\/\">Stadtteilb\u00fcro Coerde<\/a><\/p>\n<p>&nbsp;<\/p>\n<p>&nbsp;<\/p>\n<p>&nbsp;<\/p>\n<p>&nbsp;<\/p>\n","protected":false},"excerpt":{"rendered":"<p>Wichtige Kooperationspartner f\u00fcr uns sind: Verein sozial-integrativer Projekte e.V. Drogenhilfe M\u00fcnster MOT-TREFF-KOTTEN e. V. Stadtteilb\u00fcro Coerde &nbsp; &nbsp; &nbsp; &nbsp;<\/p>\n","protected":false},"author":3,"featured_media":0,"parent":0,"menu_order":7,"comment_status":"closed","ping_status":"open","template":"","meta":[],"_links":{"self":[{"href":"http:\/\/www.muenster.org\/jgh-verein\/wp-json\/wp\/v2\/pages\/590"}],"collection":[{"href":"http:\/\/www.muenster.org\/jgh-verein\/wp-json\/wp\/v2\/pages"}],"about":[{"href":"http:\/\/www.muenster.org\/jgh-verein\/wp-json\/wp\/v2\/types\/page"}],"author":[{"embeddable":true,"href":"http:\/\/www.muenster.org\/jgh-verein\/wp-json\/wp\/v2\/users\/3"}],"replies":[{"embeddable":true,"href":"http:\/\/www.muenster.org\/jgh-verein\/wp-json\/wp\/v2\/comments?post=590"}],"version-history":[{"count":20,"href":"http:\/\/www.muenster.org\/jgh-verein\/wp-json\/wp\/v2\/pages\/590\/revisions"}],"predecessor-version":[{"id":1166,"href":"http:\/\/www.muenster.org\/jgh-verein\/wp-json\/wp\/v2\/pages\/590\/revisions\/1166"}],"wp:attachment":[{"href":"http:\/\/www.muenster.org\/jgh-verein\/wp-json\/wp\/v2\/media?parent=590"}],"curies":[{"name":"wp","href":"https:\/\/api.w.org\/{rel}","templated":true}]}}