{"id":481,"date":"2015-03-12T11:12:53","date_gmt":"2015-03-12T11:12:53","guid":{"rendered":"http:\/\/www.muenster.org\/jgh-verein\/?page_id=481"},"modified":"2021-08-10T07:39:01","modified_gmt":"2021-08-10T07:39:01","slug":"projekte","status":"publish","type":"page","link":"http:\/\/www.muenster.org\/jgh-verein\/projekte\/","title":{"rendered":"Projekte"},"content":{"rendered":"<p><strong>Juli 2021 &#8211; Medienkompetenztraining &#8211; VIP<\/strong><\/p>\n<p>Zielgruppe:<\/p>\n<p>Zielgruppe des Medienkompetenztrainings sind Jugendliche und junge Erwachsene im Alter von 14 &#8211; 21 Jahren, die sich aktuell in einem Strafrechtsverfahren nach dem JGG befinden. Hier insbesondere mit Tatvorw\u00fcrfen im Rahmen der Paragraphen \u00a7184 ff. StGB (Verbreitung pornographischer Inhalte) und \u00a786a StGB (Verwenden von Kennzeichen verfassungswidriger Organisationen). Der Zugang zum Medienkompetenztraining kann im Rahmen der Paragraphen \u00a745 Abs. 2,3 JGG oder \u00a747 JGG oder im Rahmen einer richterlichen Weisung nach \u00a7 10 JGG durch Urteil erfolgen.<\/p>\n<p>&nbsp;<\/p>\n<p>Der Verein zur F\u00f6rderung der Jugendgerichtshilfe unterst\u00fctzt ebenfalls das <strong>Nachhilfeangebot \u201eAufwind\u201c im Jugendzentrum Albatros<\/strong><\/p>\n<p><strong>Projektbeschreibung:<\/strong><\/p>\n<p>Es soll ein Nachhilfeangebot im Jugendzentrum Albatros in Albachten probeweise\u00a0 ausgetestet werden um es perspektivisch fest zu installieren, sodass Jugendliche ohne Voranmeldung eine M\u00f6glichkeit haben ihre Lernr\u00fcckst\u00e4nde aufzuholen. Das Angebot soll im Zeitraum vom 17.06.21 bis zum 05.08.21 immer donnerstags von 16:30Uhr bis 19:00 Uhr stattfinden. Die R\u00e4umlichkeiten, die im Albatros daf\u00fcr genutzt werden k\u00f6nnen, bieten ausreichend Platz f\u00fcr bis zu 5 Jugendliche.<\/p>\n<h2><strong>Mai 2021 &#8211; Projekt: &#8222;Drau\u00dfenzeit&#8220;<\/strong><\/h2>\n<p>Der ViP bietet seit vielen Jahren im Rahmen der ambulanten Ma\u00dfnahmen das \u201eSozialp\u00e4dagogische Wochenende (SPW)\u201c (<a href=\"https:\/\/www.vip-muenster.de\/sozialpaedagogisches-wochenende.html\">https:\/\/www.vip-muenster.de\/sozialpaedagogisches-wochenende.html<\/a>) an.<\/p>\n<p>Im Rahmen verschiedener Ma\u00dfnahmen und so auch im Rahmen des SPW haben wir in der Vergangenheit immer wieder erfolgreich mit dem Verein Drau\u00dfenzeit e.V. (<a href=\"http:\/\/www.draussenzeit.de\">www.draussenzeit.de<\/a>) kooperiert. Seit 2019 fanden bereits zwei SPW im Tipi-Camp von Drau\u00dfenzeit statt.<\/p>\n<p>Das Tipicamp liegt auf einer Wiese des weitl\u00e4ufigen Permakulturgel\u00e4ndes Hembergen. Es ist ein Lernort in der Natur, bei dem bewusst so viel wie m\u00f6glich weggelassen wird. Durch seine Einfachheit erm\u00f6glicht das Camp einen intensiven Kontakt zur Natur und zu sich selbst.<\/p>\n<p>Das Gel\u00e4nde liegt auf einer gro\u00dfen Wiese am Waldrand und ist ums\u00e4umt von W\u00e4ldchen und Wiesen. Im Wald flie\u00dft ein Bachlauf. Das Camp besteht aus gro\u00dfen Versammlungszelten (Tipis) mit Feuerstellen, einer einfachen Drau\u00dfenk\u00fcche, einer Komposttoilette, einer einfachen Waschstelle und einer Drau\u00dfendusche. Es gibt keinen Strom.<\/p>\n<p>Die Tage im Tipicamp strukturieren sich durch die Erfordernisse des Camplebens: Gemeinsamer Tagesbeginn und Abschluss im Kreis, Wasser holen, Brennholz bereiten, Kochen am Feuer, Sp\u00fclen, Platzpflege.<\/p>\n<p>Beim SPW machen wir uns diese reduzierten Bedingungen zunutze und arbeiten mit den Teilnehmenden nicht nur (wie sonst auch) zu den Fragen, warum sie \u00fcberhaupt an der Ma\u00dfnahme teilnehmen m\u00fcssen, woher sie kommen und was sie in ihrem Leben anstreben, sondern insbesondere auch zum Thema Selbstwirksamkeit und Selbstverantwortung.<\/p>\n<p>\u201eKonsum ist out. Output ist in.\u201c und \u201eVon nix kommt nix.\u201c! Machen sich die Teilnehmenden kein Feuer, bleibt die K\u00fcche kalt und (viel schlimmer?!) kann sich keiner eine Zigarette anz\u00fcnden. Baut keiner ein Zelt auf, wird unter freiem Himmel \u00fcbernachtet. Holt keiner Wasser, gibt es nichts zu trinken\u2026 und wie backt man eigentlich Brot ohne Ofen?<\/p>\n<p>Die Teilnehmenden bekommen bei der Anreise im Camp u.a. eine Kiste mit weitestgehend unverarbeiteten Lebensmitteln. Die Zubereitung von Essen wird also ein zentrales Thema an so einem Wochenende. Bei allem, was ansteht, bekommen die Jugendlichen die notwendige Unterst\u00fctzung. Diese ist jedoch immer nur das Backup und nicht der \u201eService\u201c.<\/p>\n<p>Dieses Backup k\u00f6nnen die ViP-Mitarbeitenden den Teilnehmenden nicht ausreichend bieten, weil sie nicht \u00fcber das Know-How und das Fachwissen aus den Bereichen Natur- und Wildnisp\u00e4dagogik sowie Survival-Techniken verf\u00fcgen. Ohne den Drau\u00dfenzeit-Mitarbeiter w\u00e4re also auch das ViP-Team f\u00fcr ein Wochenende unter den o.g. Bedingungen weitestgehend verloren.<\/p>\n<p>Da in s\u00e4mtlichen Projekten von Drau\u00dfenzeit auch pers\u00f6nliche Themen und die pers\u00f6nliche Entwicklung jeder\/jedes Einzelnen eine gro\u00dfe Rolle spielen, kommt neben den reinen \u00dcberlebens-Techniken auch ein gro\u00dfer Erfahrungsschatz in der p\u00e4dagogischen (Prozess-)Begleitung im Kontext von Natur-Erleben und Grenzerfahrungen im Tipicamp hinzu.<\/p>\n<p>An dieser Stelle greifen die Drau\u00dfenzeit-Expertise sowie die Kompetenzen und Erfahrungen der ViP-Mitarbeitenden in der Arbeit mit straff\u00e4llig gewordenen, herausfordernden jungen Menschen wunderbar ineinander. Wenn Krisen in der Teilnehmer-Gruppe auftauchen, begreifen sich die ViP-Mitarbeitenden und der Drau\u00dfenzeit-Mitarbeiter als Team und erarbeiten gemeinsam die passenden Interventionen.<\/p>\n<p>W\u00e4hrend also die ganz handfesten Kompetenzen, die f\u00fcr das \u00dcberleben in der Natur notwendig sind, ausschlie\u00dflich von Drau\u00dfenzeit abgedeckt werden, bringen auf der Seite der p\u00e4dagogischen Kompetenzen alle Mitarbeitenden ihre Schwerpunkte ein, so dass hier sicherlich von einer Bereicherung und einem Synergie-Effekt gesprochen werden kann!<\/p>\n<p style=\"text-align: left;\"><strong><span style=\"color: #0000ff;\"><a style=\"color: #0000ff;\" href=\"http:\/\/www.muenster.org\/jgh-verein\/wp-content\/uploads\/2012\/05\/Abendsport-Angelmodde-2014-1.jpg\"><span style=\"color: #000000;\">\u201eSp\u00e4te Starter\u201c \u00a0&#8211; Pr\u00e4ventionsprojekt<\/span><br \/>\n<\/a><\/span><a href=\"http:\/\/www.muenster.org\/jgh-verein\/wp-content\/uploads\/2012\/05\/Fussball_Angelamodde.jpg\"><img loading=\"lazy\" class=\"size-full wp-image-944 aligncenter\" src=\"http:\/\/www.muenster.org\/jgh-verein\/wp-content\/uploads\/2012\/05\/Fussball_Angelamodde.jpg\" alt=\"Fussball_Angelamodde\" width=\"960\" height=\"720\" \/><\/a>M\u00fcnster, 13. M\u00e4rz 2015<\/strong><\/p>\n<p>\u201ePr\u00e4ventives Cliquen bzw. Gruppenangebot in Angelmodde\u201c <strong> Verein zur F\u00f6rderung der Jugendgerichtshilfe unterst\u00fctzt Projekt <\/strong>\u201eSp\u00e4te Starter\u201c f\u00fcr Heranwachsende \u00fcber 18 Jahren.<\/p>\n<p><strong>Ausgangsituation:<br \/>\n<\/strong>In Angelmodde wird seit einigen Jahren die sogenannte Soziale Gruppenarbeit vorgehalten. Aufnahmekriterium ist zum einen eine richterliche Weisung bzw. die Aufnahme im Rahmen eines Diversionsverfahrens. Zum anderen sollen Jugendliche bis 18 Jahre auch eine freiwillige Aufnahme erm\u00f6glicht werden.<br \/>\nDie Gruppenentwicklung war in den letzten Monaten dadurch gekennzeichnet, dass vermehrt Heranwachsende das Angebot wahrgenommen haben und durch diese besondere Gruppen- und Altersdynamik die inhaltlich-fachlichen Vorgaben (Modularbeit) zum Teil konterkarierten. Denn ausgerichtet ist Soziale Grupepnarbeit f\u00fcr eine Klientel zwischen 14-18 Jahren.<\/p>\n<p>Durch die Jugendhilfe im Strafverfahren wurde an den Verein zur F\u00f6rderung der Jugendgerichtshilfe der Antrag gestellt diese \u201eSp\u00e4tstartergruppe\u201c durch entsprechende Gelder zu finanzieren. In dieser Gruppe der Sp\u00e4ten Starter findet sich ein hoher Anteil an jungen Erwachsenen mit Migrationsvorgeschichte. Religion, Kultur und Milieu haben eine gro\u00dfen Einfluss auf deren Lebensgestaltung, aber eben auch auf ihre verlangsamte Pers\u00f6nlichkeitsentwicklung und die F\u00e4higkeit altersgerechte Sozialisationsschritte zu erreichen, wie festes Einkommen, Abl\u00f6sen vom Elternhaus etc.<\/p>\n<p>Diese \u201eSp\u00e4ten Starter\u201c sprengen mittlerweile mit ihrem Bedarf das Alltagsgesch\u00e4ft innerhalb des Regelangebotes der Sozialen Gruppenarbeit und erforderten ein unmittelbares Einschreiten. Durch das finanzille Engagement des Vereins konnte nun zeitnah eine Alternative f\u00fcr diese Gruppe der \u00c4lteren gefunden werden.<\/p>\n<p><strong>Ansatzpunkte:<\/strong><\/p>\n<ul>\n<li>Herausl\u00f6sung aus der bisherigen Gruppe<\/li>\n<li>Eigenst\u00e4ndiges Angebot auf dem Niveau einer sinnvollen Freizeitgestaltung<\/li>\n<li>M\u00f6glichkeiten der sportlichen Bewegung<\/li>\n<li>Interaktionm\u00f6glichkeiten mit entsprechenden Fachkr\u00e4ften<\/li>\n<li>Stadtteilnahes da dadurch akzeptiertes Angebot<\/li>\n<\/ul>\n<p><strong>Ziel:<\/strong><\/p>\n<ul>\n<li>Vorhaltung einer sinnvollen Freizeitgestaltung<\/li>\n<li>Raum f\u00fcr leicht abrufbare und annehmbare sportliche Aktivit\u00e4ten bieten (da Vereinsstrukturen bei diesem Klientel eher hinderlich sind)<\/li>\n<li>Nach kurzer Begleitung die Verselbst\u00e4ndigung der Gruppe einleiten<strong>\u00a0<\/strong><\/li>\n<\/ul>\n<p><strong>Ausblick:<\/strong><\/p>\n<p>Durch das Angebot einer entsprechenden Gruppe f\u00fcr die Heranwachsenden, ist nun wieder eine gezielte fachliche Arbeit m\u00f6glich. Zudem wurde eine Fachkraft gefunden, die vor Jahren selbst eine solche Ma\u00dfnahme durchlaufen hat, eine von allen Teilnehmern akzeptierte Person.<br \/>\nAlexander Milic<\/p>\n<p><img loading=\"lazy\" class=\"aligncenter wp-image-946\" src=\"http:\/\/www.muenster.org\/jgh-verein\/wp-content\/uploads\/2012\/05\/Abendsport-Angelmodde-2014-1.jpg\" alt=\"Abendsport Angelmodde 2014 1\" width=\"567\" height=\"326\" \/><\/p>\n<p><strong>M\u00fcnster, 20. November 2012<\/strong><\/p>\n<p><strong>Sozialp\u00e4dagogische Wochenenden statt Freizeitarrest<br \/>\nVerein zur F\u00f6rderung der Jugendgerichtshilfe unterst\u00fctzt Zusatzprojekte mit straff\u00e4lligen Jugendlichen<\/strong><\/p>\n<p>Das Sozialp\u00e4dagogische Wochenende (SPW) ist eine ambulante Ma\u00dfnahme aus dem Jugendgerichtsgesetz und kann als Alternative zu einem oder mehreren Freizeitarresten (48 Stunden in einer Einzelzelle) eingesetzt werden. Ein SPW findet von Freitag- bis Sonntagnachmittag in einem Selbstversorgerhaus au\u00dferhalb M\u00fcnsters statt. Am Sozialp\u00e4dagogischen Wochenende nehmen Jugendliche und Heranwachsende beiderlei Geschlechts im Alter zwischen 14 und 21 Jahren teil, die mehrmals im strafrechtlichen Bereich auff\u00e4llig geworden sind. Die Themen eines Wochenendes k\u00f6nnen, entsprechend der Zusammensetzung der Gruppe und den damit verbundenen individuellen Bed\u00fcrfnissen, variieren. \u00dcbergeordnetes Ziel des Sozialp\u00e4dagogischen Wochenendes ist die zuk\u00fcnftige Straffreiheit der Teilnehmenden.\u00a0 Dar\u00fcber hinaus sind folgende Ziele zu benennen:<\/p>\n<p>&#8211; \u00a0\u00a0\u00a0\u00a0\u00a0\u00a0\u00a0\u00a0\u00a0\u00a0\u00a0\u00a0 F\u00f6rderung des Sozialverhaltens<br \/>\n&#8211;\u00a0\u00a0\u00a0\u00a0\u00a0\u00a0\u00a0\u00a0\u00a0\u00a0\u00a0\u00a0\u00a0 F\u00f6rderung der Pers\u00f6nlichkeitsentwicklung<br \/>\n&#8211;\u00a0\u00a0\u00a0\u00a0\u00a0\u00a0\u00a0\u00a0\u00a0\u00a0\u00a0\u00a0\u00a0 F\u00f6rderung der kommunikativen F\u00e4higkeiten<br \/>\n&#8211;\u00a0\u00a0\u00a0\u00a0\u00a0\u00a0\u00a0\u00a0\u00a0\u00a0\u00a0\u00a0\u00a0 Information \u00fcber die Konsequenzen straff\u00e4lligen Verhaltens<br \/>\n&#8211;\u00a0\u00a0\u00a0\u00a0\u00a0\u00a0\u00a0\u00a0\u00a0\u00a0\u00a0\u00a0\u00a0 F\u00f6rderung der Kooperations- und Verantwortungsbereitschaft<br \/>\n&#8211;\u00a0\u00a0\u00a0\u00a0\u00a0\u00a0\u00a0\u00a0\u00a0\u00a0\u00a0\u00a0\u00a0 Analyse und Reflexion der bisherigen Entwicklung sowie der aktuellen<br \/>\nLebenssituation<br \/>\n&#8211;\u00a0\u00a0\u00a0\u00a0\u00a0\u00a0\u00a0\u00a0\u00a0\u00a0\u00a0\u00a0\u00a0 Formulierung von pers\u00f6nlichen Zielen (aktive Zukunftsgestaltung)<br \/>\n&#8211;\u00a0\u00a0\u00a0\u00a0\u00a0\u00a0\u00a0\u00a0\u00a0\u00a0\u00a0\u00a0\u00a0 Entwicklung von Zukunftsperspektiven<\/p>\n<p>Um am Sozialp\u00e4dagogischen Wochenende erfolgreich teilzunehmen, m\u00fcssen die Jugendlichen und Heranwachsenden nicht nur anwesend sein, sondern auch aktiv mitarbeiten.<\/p>\n<p>2011 wurde das Sozialp\u00e4dagogische Wochenende von den Jugendrichtern in M\u00fcnster so h\u00e4ufig als Ma\u00dfnahme verh\u00e4ngt, dass es f\u00fcr Jugendliche mit dieser Auflage zu langen Wartezeiten kam.<\/p>\n<p>Vier Sozialp\u00e4dagogische Wochenenden pro Jahr mit maximal 12 TeilnehmerInnen reichten schon seit Anfang 2010 nicht mehr aus, um allen Jugendlichen zeitnah die Teilnahme zu erm\u00f6glichen. Auf der Warteliste standen durchschnittlich 20-30 Jugendliche, deren Straftaten teilweise Monate bis Jahre zur\u00fccklagen.<br \/>\nVon p\u00e4dagogischer Ma\u00dfnahme als unmittelbare Konsequenz auf die Tat und als M\u00f6glichkeit, sich mit der Straftat, deren Umst\u00e4nden und deren Folgen auseinanderzusetzen, konnte da kaum noch die Rede sein.<\/p>\n<p>Um diesem Zustand entgegenzuwirken, um \u201eDampf aus dem Kessel zu nehmen\u201c und die langen Wartelisten zu minimieren, unterst\u00fctzte der Verein zur F\u00f6rderung der Jugendgerichtshilfe den Verein sozial-integrativer Projekte mit 2000 Euro bei der Umsetzung zweier zus\u00e4tzlicher Sozialp\u00e4dagogischer Wochenenden. Damit konnte die Warteliste abgearbeitet werden und f\u00fcr weitere Jugendliche mit dieser Auflage wurden die Wartezeiten deutlich reduziert.<\/p>\n<p>Marion Henkensiefken<\/p>\n<p>&nbsp;<\/p>\n","protected":false},"excerpt":{"rendered":"<p>Juli 2021 &#8211; Medienkompetenztraining &#8211; VIP Zielgruppe: Zielgruppe des Medienkompetenztrainings sind Jugendliche und junge Erwachsene im Alter von 14 &#8211; 21 Jahren, die sich aktuell in einem Strafrechtsverfahren nach dem JGG befinden. Hier insbesondere mit Tatvorw\u00fcrfen im Rahmen der Paragraphen &hellip; <a href=\"http:\/\/www.muenster.org\/jgh-verein\/projekte\/\">Weiterlesen <span class=\"meta-nav\">&rarr;<\/span><\/a><\/p>\n","protected":false},"author":3,"featured_media":0,"parent":0,"menu_order":5,"comment_status":"closed","ping_status":"open","template":"","meta":[],"_links":{"self":[{"href":"http:\/\/www.muenster.org\/jgh-verein\/wp-json\/wp\/v2\/pages\/481"}],"collection":[{"href":"http:\/\/www.muenster.org\/jgh-verein\/wp-json\/wp\/v2\/pages"}],"about":[{"href":"http:\/\/www.muenster.org\/jgh-verein\/wp-json\/wp\/v2\/types\/page"}],"author":[{"embeddable":true,"href":"http:\/\/www.muenster.org\/jgh-verein\/wp-json\/wp\/v2\/users\/3"}],"replies":[{"embeddable":true,"href":"http:\/\/www.muenster.org\/jgh-verein\/wp-json\/wp\/v2\/comments?post=481"}],"version-history":[{"count":17,"href":"http:\/\/www.muenster.org\/jgh-verein\/wp-json\/wp\/v2\/pages\/481\/revisions"}],"predecessor-version":[{"id":1165,"href":"http:\/\/www.muenster.org\/jgh-verein\/wp-json\/wp\/v2\/pages\/481\/revisions\/1165"}],"wp:attachment":[{"href":"http:\/\/www.muenster.org\/jgh-verein\/wp-json\/wp\/v2\/media?parent=481"}],"curies":[{"name":"wp","href":"https:\/\/api.w.org\/{rel}","templated":true}]}}