{"id":19,"date":"2020-08-27T17:50:33","date_gmt":"2020-08-27T17:50:33","guid":{"rendered":"http:\/\/localhost:8080\/wordpress\/?page_id=19"},"modified":"2021-04-29T08:10:38","modified_gmt":"2021-04-29T08:10:38","slug":"impressum","status":"publish","type":"page","link":"http:\/\/www.muenster.org\/jgh-verein\/impressum\/","title":{"rendered":"Impressum"},"content":{"rendered":"<h1>Impressum<\/h1>\n<p>Angaben gem\u00e4\u00df \u00a7 5 TMG:<br \/>\nBernd Simon<\/p>\n<p>Verein zur F\u00f6rderung der Jugendgerichtshilfe e.V.<\/p>\n<p>Hedwigstra\u00dfe 7<\/p>\n<p>48149 M\u00fcnster (Westfalen)<\/p>\n<h2>Vertreten durch:<\/h2>\n<p>Bernd Simon (Vorsitzender)<\/p>\n<p>&nbsp;<\/p>\n<h2>Kontakt:<\/h2>\n<table>\n<tbody>\n<tr>\n<td>Telefon:<\/td>\n<td>+49 (0) 163 1610219<\/td>\n<\/tr>\n<tr>\n<td><\/td>\n<td><\/td>\n<\/tr>\n<tr>\n<td>E-Mail:<\/td>\n<td>VereinJGHMuenster@web.de<\/td>\n<\/tr>\n<\/tbody>\n<\/table>\n<h2>Registereintrag:<\/h2>\n<p>Eintragung im Vereinsregister.<br \/>\nRegistergericht:Amtsgericht M\u00fcnster<br \/>\nRegisternummer: VR 3362<\/p>\n<h2>Verantwortlich f\u00fcr den Inhalt nach \u00a7 55 Abs. 2 RStV:<\/h2>\n<p>Bernd Simon<\/p>\n<p>Hedwigstra\u00dfe 7<br \/>\n48149 M\u00fcnster<\/p>\n<p>&nbsp;<\/p>\n<h2>Haftungsausschluss:<\/h2>\n<p><strong>Haftung f\u00fcr Inhalte<\/strong><\/p>\n<p>Die Inhalte unserer Seiten wurden mit gr\u00f6\u00dfter Sorgfalt erstellt.<br \/>\nF\u00fcr die Richtigkeit, Vollst\u00e4ndigkeit und Aktualit\u00e4t der Inhalte<br \/>\nk\u00f6nnen wir jedoch keine Gew\u00e4hr \u00fcbernehmen. Als Diensteanbieter sind wir gem\u00e4\u00df \u00a7 7 Abs.1 TMG f\u00fcr<br \/>\neigene Inhalte auf diesen Seiten nach den allgemeinen Gesetzen verantwortlich.<br \/>\nNach \u00a7\u00a7 8 bis 10 TMG sind wir als Diensteanbieter jedoch nicht<br \/>\nverpflichtet, \u00fcbermittelte oder gespeicherte fremde Informationen zu<br \/>\n\u00fcberwachen oder nach Umst\u00e4nden zu forschen, die auf eine rechtswidrige<br \/>\nT\u00e4tigkeit hinweisen. Verpflichtungen zur Entfernung oder Sperrung der<br \/>\nNutzung von Informationen nach den allgemeinen Gesetzen bleiben hiervon<br \/>\nunber\u00fchrt. Eine diesbez\u00fcgliche Haftung ist jedoch erst ab dem<br \/>\nZeitpunkt der Kenntnis einer konkreten Rechtsverletzung m\u00f6glich. Bei<br \/>\nBekanntwerden von entsprechenden Rechtsverletzungen werden wir diese Inhalte<br \/>\numgehend entfernen.<\/p>\n<p><strong>Haftung f\u00fcr Links<\/strong><\/p>\n<p>Unser Angebot enth\u00e4lt Links zu externen Webseiten Dritter, auf deren<br \/>\nInhalte wir keinen Einfluss haben. Deshalb k\u00f6nnen wir f\u00fcr diese<br \/>\nfremden Inhalte auch keine Gew\u00e4hr \u00fcbernehmen. F\u00fcr die Inhalte<br \/>\nder verlinkten Seiten ist stets der jeweilige Anbieter oder Betreiber der<br \/>\nSeiten verantwortlich. Die verlinkten Seiten wurden zum Zeitpunkt der Verlinkung<br \/>\nauf m\u00f6gliche Rechtsverst\u00f6\u00dfe \u00fcberpr\u00fcft. Rechtswidrige<br \/>\nInhalte waren zum Zeitpunkt der Verlinkung nicht erkennbar. Eine permanente<br \/>\ninhaltliche Kontrolle der verlinkten Seiten ist jedoch ohne konkrete Anhaltspunkte<br \/>\neiner Rechtsverletzung nicht zumutbar. Bei Bekanntwerden von Rechtsverletzungen<br \/>\nwerden wir derartige Links umgehend entfernen.<\/p>\n<p><strong>Urheberrecht<\/strong><\/p>\n<p>Die durch die Seitenbetreiber erstellten Inhalte und Werke auf diesen Seiten<br \/>\nunterliegen dem deutschen Urheberrecht. Die Vervielf\u00e4ltigung, Bearbeitung, Verbreitung und<br \/>\njede Art der Verwertung au\u00dferhalb der Grenzen des Urheberrechtes bed\u00fcrfen<br \/>\nder schriftlichen Zustimmung des jeweiligen Autors bzw. Erstellers. Downloads<br \/>\nund Kopien dieser Seite sind nur f\u00fcr den privaten, nicht kommerziellen<br \/>\nGebrauch gestattet. Soweit die Inhalte auf dieser Seite nicht vom Betreiber erstellt wurden,<br \/>\nwerden die Urheberrechte Dritter beachtet. Insbesondere werden Inhalte Dritter als solche<br \/>\ngekennzeichnet. Sollten Sie trotzdem auf eine Urheberrechtsverletzung aufmerksam werden, bitten wir um einen entsprechenden Hinweis.<br \/>\nBei Bekanntwerden von Rechtsverletzungen werden wir derartige Inhalte umgehend entfernen.<\/p>\n<p><strong>Datenschutz<\/strong><\/p>\n<p>Die Nutzung unserer Webseite ist in der Regel ohne Angabe personenbezogener Daten m\u00f6glich. Soweit auf unseren Seiten personenbezogene Daten (beispielsweise Name,<br \/>\nAnschrift oder eMail-Adressen) erhoben werden, erfolgt dies, soweit m\u00f6glich, stets auf freiwilliger Basis. Diese Daten werden ohne Ihre ausdr\u00fcckliche Zustimmung nicht an Dritte weitergegeben.<\/p>\n<p>Wir weisen darauf hin, dass die Daten\u00fcbertragung im Internet (z.B.<br \/>\nbei der Kommunikation per E-Mail) Sicherheitsl\u00fccken aufweisen kann.<br \/>\nEin l\u00fcckenloser Schutz der Daten vor dem Zugriff durch Dritte ist nicht<br \/>\nm\u00f6glich.<\/p>\n<p>Der Nutzung von im Rahmen der Impressumspflicht ver\u00f6ffentlichten Kontaktdaten<br \/>\ndurch Dritte zur \u00dcbersendung von nicht ausdr\u00fccklich angeforderter<br \/>\nWerbung und Informationsmaterialien wird hiermit ausdr\u00fccklich widersprochen.<br \/>\nDie Betreiber der Seiten behalten sich ausdr\u00fccklich rechtliche Schritte<br \/>\nim Falle der unverlangten Zusendung von Werbeinformationen, etwa durch Spam-Mails,<br \/>\nvor.<\/p>\n<p>&nbsp;<\/p>\n","protected":false},"excerpt":{"rendered":"<p>Impressum Angaben gem\u00e4\u00df \u00a7 5 TMG: Bernd Simon Verein zur F\u00f6rderung der Jugendgerichtshilfe e.V. Hedwigstra\u00dfe 7 48149 M\u00fcnster (Westfalen) Vertreten durch: Bernd Simon (Vorsitzender) &nbsp; Kontakt: Telefon: +49 (0) 163 1610219 E-Mail: VereinJGHMuenster@web.de Registereintrag: Eintragung im Vereinsregister. Registergericht:Amtsgericht M\u00fcnster Registernummer: &hellip; <a href=\"http:\/\/www.muenster.org\/jgh-verein\/impressum\/\">Weiterlesen <span class=\"meta-nav\">&rarr;<\/span><\/a><\/p>\n","protected":false},"author":1,"featured_media":0,"parent":0,"menu_order":8,"comment_status":"closed","ping_status":"closed","template":"","meta":[],"_links":{"self":[{"href":"http:\/\/www.muenster.org\/jgh-verein\/wp-json\/wp\/v2\/pages\/19"}],"collection":[{"href":"http:\/\/www.muenster.org\/jgh-verein\/wp-json\/wp\/v2\/pages"}],"about":[{"href":"http:\/\/www.muenster.org\/jgh-verein\/wp-json\/wp\/v2\/types\/page"}],"author":[{"embeddable":true,"href":"http:\/\/www.muenster.org\/jgh-verein\/wp-json\/wp\/v2\/users\/1"}],"replies":[{"embeddable":true,"href":"http:\/\/www.muenster.org\/jgh-verein\/wp-json\/wp\/v2\/comments?post=19"}],"version-history":[{"count":15,"href":"http:\/\/www.muenster.org\/jgh-verein\/wp-json\/wp\/v2\/pages\/19\/revisions"}],"predecessor-version":[{"id":1150,"href":"http:\/\/www.muenster.org\/jgh-verein\/wp-json\/wp\/v2\/pages\/19\/revisions\/1150"}],"wp:attachment":[{"href":"http:\/\/www.muenster.org\/jgh-verein\/wp-json\/wp\/v2\/media?parent=19"}],"curies":[{"name":"wp","href":"https:\/\/api.w.org\/{rel}","templated":true}]}}