{"id":9723,"date":"2024-11-22T14:29:35","date_gmt":"2024-11-22T13:29:35","guid":{"rendered":"https:\/\/www.muenster.org\/fw-pensionaere\/?page_id=9723"},"modified":"2026-02-16T17:48:56","modified_gmt":"2026-02-16T16:48:56","slug":"jahrestermine","status":"publish","type":"page","link":"http:\/\/www.muenster.org\/fw-pensionaere\/?page_id=9723","title":{"rendered":"Jahrestermine"},"content":{"rendered":"\n<p>f\u00fcr das Jahr 2026 !!!<\/p>\n\n\n\n<p>Wann und wo treffen wir uns ? Feststehend ist immer der erste Monat im Monat, 15:00 Uhr, im Mauritius, Warendorfer Str. 71. Tel. 36841. F\u00e4llt der erste Montag auf einen Feiertag, findet unser Treffen am n\u00e4chsten Montag statt. <\/p>\n\n\n\n<p>&#8212;&#8212;&#8212;<\/p>\n\n\n\n<p>M\u00e4rz: 19.03. Wurstebrotessen \u201eS\u00fcltemeyer\u201c 17:00<\/p>\n\n\n\n<p>&#8212;&#8212;&#8212;<\/p>\n\n\n\n<p>April: Fahrradtour mit Dieter (Termin per Email)<\/p>\n\n\n\n<p>Mai: 20.05. Spargelessen \u201eL\u00fctke Laxen\u201c 17:00<\/p>\n\n\n\n<p>&#8212;&#8212;&#8212;<\/p>\n\n\n\n<p>Juli: 16.07. Sommerfest im \u201e Jovel\u201c 11:00<\/p>\n\n\n\n<p>&#8212;&#8212;&#8212;<\/p>\n\n\n\n<p>Oktober: 14.10. Schie\u00dfanlage \u201e Wacker Mecklenbeck\u201c 15:00<\/p>\n\n\n\n<p>&#8212;&#8212;&#8212;<\/p>\n\n\n\n<p>November: 19.11. Gr\u00fcnkohlessen \u201e S\u00fcltemeyer \u201e 17:00 <\/p>\n\n\n\n<p><\/p>\n\n\n\n<p>&#8212;&#8212;&#8212;<\/p>\n\n\n\n<p>Dezember: 17.12. Adventsfr\u00fchst\u00fcck \u201e S\u00fcltemeyer\u201c 10:00<\/p>\n\n\n\n<hr class=\"wp-block-separator has-alpha-channel-opacity\"\/>\n\n\n\n<p><\/p>\n\n\n\n<p>Treff S\u00fcltemeyer: Buslinie 22 oder 32 halten direkt vor der Gastst\u00e4tte.<\/p>\n","protected":false},"excerpt":{"rendered":"<p>f\u00fcr das Jahr 2026 !!! Wann und wo treffen wir uns ? Feststehend ist immer der erste Monat im Monat, 15:00 Uhr, im Mauritius, Warendorfer Str. 71. Tel. 36841. F\u00e4llt der erste Montag auf einen Feiertag, findet unser Treffen am n\u00e4chsten Montag statt. &#8212;&#8212;&#8212; M\u00e4rz: 19.03. Wurstebrotessen \u201eS\u00fcltemeyer\u201c 17:00 &#8212;&#8212;&#8212; April: Fahrradtour mit Dieter (Termin [&hellip;]<\/p>\n","protected":false},"author":8,"featured_media":0,"parent":0,"menu_order":0,"comment_status":"closed","ping_status":"closed","template":"","meta":{"ngg_post_thumbnail":0,"footnotes":""},"class_list":["post-9723","page","type-page","status-publish","hentry"],"_links":{"self":[{"href":"http:\/\/www.muenster.org\/fw-pensionaere\/index.php?rest_route=\/wp\/v2\/pages\/9723","targetHints":{"allow":["GET"]}}],"collection":[{"href":"http:\/\/www.muenster.org\/fw-pensionaere\/index.php?rest_route=\/wp\/v2\/pages"}],"about":[{"href":"http:\/\/www.muenster.org\/fw-pensionaere\/index.php?rest_route=\/wp\/v2\/types\/page"}],"author":[{"embeddable":true,"href":"http:\/\/www.muenster.org\/fw-pensionaere\/index.php?rest_route=\/wp\/v2\/users\/8"}],"replies":[{"embeddable":true,"href":"http:\/\/www.muenster.org\/fw-pensionaere\/index.php?rest_route=%2Fwp%2Fv2%2Fcomments&post=9723"}],"version-history":[{"count":24,"href":"http:\/\/www.muenster.org\/fw-pensionaere\/index.php?rest_route=\/wp\/v2\/pages\/9723\/revisions"}],"predecessor-version":[{"id":9866,"href":"http:\/\/www.muenster.org\/fw-pensionaere\/index.php?rest_route=\/wp\/v2\/pages\/9723\/revisions\/9866"}],"wp:attachment":[{"href":"http:\/\/www.muenster.org\/fw-pensionaere\/index.php?rest_route=%2Fwp%2Fv2%2Fmedia&parent=9723"}],"curies":[{"name":"wp","href":"https:\/\/api.w.org\/{rel}","templated":true}]}}