{"id":5378,"date":"2016-07-16T13:35:22","date_gmt":"2016-07-16T11:35:22","guid":{"rendered":"http:\/\/www.muenster.org\/fw-pensionaere\/?page_id=5378"},"modified":"2016-07-26T14:51:38","modified_gmt":"2016-07-26T12:51:38","slug":"2016-05-25-haus-ruhe","status":"publish","type":"page","link":"http:\/\/www.muenster.org\/fw-pensionaere\/?page_id=5378","title":{"rendered":"2016. 05. 25 Haus Ruhr"},"content":{"rendered":"<p><a href=\"http:\/\/www.muenster.org\/fw-pensionaere\/wp-content\/uploads\/2016\/07\/DSC_7628_1.jpg\"><img loading=\"lazy\" decoding=\"async\" class=\"alignleft wp-image-5402\" src=\"http:\/\/www.muenster.org\/fw-pensionaere\/wp-content\/uploads\/2016\/07\/DSC_7628_1-800x534.jpg\" alt=\"DSC_7628_1\" width=\"300\" height=\"200\" srcset=\"http:\/\/www.muenster.org\/fw-pensionaere\/wp-content\/uploads\/2016\/07\/DSC_7628_1-800x534.jpg 800w, http:\/\/www.muenster.org\/fw-pensionaere\/wp-content\/uploads\/2016\/07\/DSC_7628_1-300x200.jpg 300w, http:\/\/www.muenster.org\/fw-pensionaere\/wp-content\/uploads\/2016\/07\/DSC_7628_1-768x513.jpg 768w\" sizes=\"auto, (max-width: 300px) 100vw, 300px\" \/><\/a><a href=\"http:\/\/www.muenster.org\/fw-pensionaere\/wp-content\/uploads\/2016\/07\/DSC_7651_1.jpg\"><img loading=\"lazy\" decoding=\"async\" class=\"alignleft wp-image-5404\" src=\"http:\/\/www.muenster.org\/fw-pensionaere\/wp-content\/uploads\/2016\/07\/DSC_7651_1-800x534.jpg\" alt=\"DSC_7651_1\" width=\"300\" height=\"200\" srcset=\"http:\/\/www.muenster.org\/fw-pensionaere\/wp-content\/uploads\/2016\/07\/DSC_7651_1-800x534.jpg 800w, http:\/\/www.muenster.org\/fw-pensionaere\/wp-content\/uploads\/2016\/07\/DSC_7651_1-300x200.jpg 300w, http:\/\/www.muenster.org\/fw-pensionaere\/wp-content\/uploads\/2016\/07\/DSC_7651_1-768x513.jpg 768w\" sizes=\"auto, (max-width: 300px) 100vw, 300px\" \/><\/a><a href=\"http:\/\/www.muenster.org\/fw-pensionaere\/wp-content\/uploads\/2016\/07\/DSC_7633_1.jpg\"><img loading=\"lazy\" decoding=\"async\" class=\"alignleft wp-image-5403\" src=\"http:\/\/www.muenster.org\/fw-pensionaere\/wp-content\/uploads\/2016\/07\/DSC_7633_1-800x534.jpg\" alt=\"DSC_7633_1\" width=\"300\" height=\"200\" srcset=\"http:\/\/www.muenster.org\/fw-pensionaere\/wp-content\/uploads\/2016\/07\/DSC_7633_1-800x534.jpg 800w, http:\/\/www.muenster.org\/fw-pensionaere\/wp-content\/uploads\/2016\/07\/DSC_7633_1-300x200.jpg 300w, http:\/\/www.muenster.org\/fw-pensionaere\/wp-content\/uploads\/2016\/07\/DSC_7633_1-768x513.jpg 768w\" sizes=\"auto, (max-width: 300px) 100vw, 300px\" \/><\/a><a href=\"http:\/\/www.muenster.org\/fw-pensionaere\/wp-content\/uploads\/2016\/07\/DSC_7655-1.jpg\"><img loading=\"lazy\" decoding=\"async\" class=\"alignleft wp-image-5379\" src=\"http:\/\/www.muenster.org\/fw-pensionaere\/wp-content\/uploads\/2016\/07\/DSC_7655-1-800x534.jpg\" alt=\"DSC_7655 1\" width=\"301\" height=\"201\" srcset=\"http:\/\/www.muenster.org\/fw-pensionaere\/wp-content\/uploads\/2016\/07\/DSC_7655-1-800x534.jpg 800w, http:\/\/www.muenster.org\/fw-pensionaere\/wp-content\/uploads\/2016\/07\/DSC_7655-1-300x200.jpg 300w, http:\/\/www.muenster.org\/fw-pensionaere\/wp-content\/uploads\/2016\/07\/DSC_7655-1-768x513.jpg 768w\" sizes=\"auto, (max-width: 301px) 100vw, 301px\" \/><\/a><a href=\"http:\/\/www.muenster.org\/fw-pensionaere\/wp-content\/uploads\/2016\/07\/DSC_7667_1.jpg\"><img loading=\"lazy\" decoding=\"async\" class=\"alignleft wp-image-5401\" src=\"http:\/\/www.muenster.org\/fw-pensionaere\/wp-content\/uploads\/2016\/07\/DSC_7667_1-800x534.jpg\" alt=\"DSC_7667_1\" width=\"300\" height=\"200\" srcset=\"http:\/\/www.muenster.org\/fw-pensionaere\/wp-content\/uploads\/2016\/07\/DSC_7667_1-800x534.jpg 800w, http:\/\/www.muenster.org\/fw-pensionaere\/wp-content\/uploads\/2016\/07\/DSC_7667_1-300x200.jpg 300w, http:\/\/www.muenster.org\/fw-pensionaere\/wp-content\/uploads\/2016\/07\/DSC_7667_1-768x513.jpg 768w\" sizes=\"auto, (max-width: 300px) 100vw, 300px\" \/><\/a><a href=\"http:\/\/www.muenster.org\/fw-pensionaere\/wp-content\/uploads\/2016\/07\/DSC_7660_1.jpg\"><img loading=\"lazy\" decoding=\"async\" class=\"alignleft wp-image-5405\" src=\"http:\/\/www.muenster.org\/fw-pensionaere\/wp-content\/uploads\/2016\/07\/DSC_7660_1-800x534.jpg\" alt=\"DSC_7660_1\" width=\"300\" height=\"200\" srcset=\"http:\/\/www.muenster.org\/fw-pensionaere\/wp-content\/uploads\/2016\/07\/DSC_7660_1-800x534.jpg 800w, http:\/\/www.muenster.org\/fw-pensionaere\/wp-content\/uploads\/2016\/07\/DSC_7660_1-300x200.jpg 300w, http:\/\/www.muenster.org\/fw-pensionaere\/wp-content\/uploads\/2016\/07\/DSC_7660_1-768x513.jpg 768w\" sizes=\"auto, (max-width: 300px) 100vw, 300px\" \/><\/a><a href=\"http:\/\/www.muenster.org\/fw-pensionaere\/wp-content\/uploads\/2016\/07\/DSC_7680_1.jpg\"><img loading=\"lazy\" decoding=\"async\" class=\"alignleft wp-image-5407\" src=\"http:\/\/www.muenster.org\/fw-pensionaere\/wp-content\/uploads\/2016\/07\/DSC_7680_1-800x534.jpg\" alt=\"DSC_7680_1\" width=\"300\" height=\"200\" srcset=\"http:\/\/www.muenster.org\/fw-pensionaere\/wp-content\/uploads\/2016\/07\/DSC_7680_1-800x534.jpg 800w, http:\/\/www.muenster.org\/fw-pensionaere\/wp-content\/uploads\/2016\/07\/DSC_7680_1-300x200.jpg 300w, http:\/\/www.muenster.org\/fw-pensionaere\/wp-content\/uploads\/2016\/07\/DSC_7680_1-768x513.jpg 768w\" sizes=\"auto, (max-width: 300px) 100vw, 300px\" \/><\/a><\/p>\n<p>&nbsp;<\/p>\n<p>&nbsp;<\/p>\n<p>&nbsp;<\/p>\n<p>&nbsp;<\/p>\n<p>&nbsp;<\/p>\n<p>&nbsp;<\/p>\n<p>&nbsp;<\/p>\n<p>&nbsp;<\/p>\n<p>&nbsp;<\/p>\n<p>&nbsp;<\/p>\n<p>&nbsp;<\/p>\n<p>&nbsp;<\/p>\n<p>&nbsp;<\/p>\n<p>&nbsp;<\/p>\n<p>&nbsp;<\/p>\n<p><a href=\"http:\/\/www.muenster.org\/fw-pensionaere\/wp-content\/uploads\/2016\/07\/DSC_7684_1.jpg\"><img loading=\"lazy\" decoding=\"async\" class=\"alignleft wp-image-5406\" src=\"http:\/\/www.muenster.org\/fw-pensionaere\/wp-content\/uploads\/2016\/07\/DSC_7684_1-800x534.jpg\" alt=\"DSC_7684_1\" width=\"300\" height=\"200\" srcset=\"http:\/\/www.muenster.org\/fw-pensionaere\/wp-content\/uploads\/2016\/07\/DSC_7684_1-800x534.jpg 800w, http:\/\/www.muenster.org\/fw-pensionaere\/wp-content\/uploads\/2016\/07\/DSC_7684_1-300x200.jpg 300w, http:\/\/www.muenster.org\/fw-pensionaere\/wp-content\/uploads\/2016\/07\/DSC_7684_1-768x513.jpg 768w\" sizes=\"auto, (max-width: 300px) 100vw, 300px\" \/><\/a><\/p>\n<p>&nbsp;<\/p>\n<p>&nbsp;<\/p>\n<p>&nbsp;<\/p>\n<p>&nbsp;<\/p>\n<p>&nbsp;<\/p>\n<p><span style=\"font-size: large;\">Auf Initiative von Uwe Sch\u00e4fer hatten sich 25 Kollegen einschlie\u00dflich der Frauen am Bahnhof Mecklenbeck eingefunden. Von da aus ging es mit dem Fahrrad Richtung Haus Ruhr.Vom Schlossherrn Gebhard von und zu M\u00fchlen haben wir vieles von der \u00fcber 300- j\u00e4hrigen Geschichte (es kann in diesem Bericht nicht alles erw\u00e4hnt werden) des Wasserschlosses erfahren. \u00dcber 30 Jahre war es nicht bewohnt, entsprechend war und ist der Renovierungsbedarf. Der Schlosspark und Orangerie sowie die Familienkapelle sind restauriert worden. Es bleibt aber noch viel zu tun. Zum Abschluss der Besichtigung gab es anerkennende Dankesworte vom Vorsitzenden H. Fertman. Uwe Sch\u00e4fer \u00fcberreichte als Dank dem Baron kostbares in fl\u00fcssiger Form und Bilder vom Schloss. Von Haus Ruhr ging die Tour dann weiter zum Restaurant -Venner Moor-. Dort wurde \u201eala carte\u201c gespeist. Mit zufriedenen Gesichtern und gest\u00e4rkt ging es Richtung Mecklenbeck. Uwe Sch\u00e4fer hatte seinen prachtvollen Garten entsprechend hergerichtet und bei Kaffee und Kuchen wurden in gem\u00fctlicher Runde noch unterhaltsame Gespr\u00e4che gef\u00fchrt. <\/span><\/p>\n<p><span style=\"font-size: large;\">Nicht unerw\u00e4hnt sollte es bleiben, dass Erich M\u00f6llers nebst Gattin w\u00e4hrend der ganzen Tour ( Besichtigung,Pausen und in Uwes Garten) f\u00fcr k\u00fchle Getr\u00e4nke unter Kostenbeteiligung (seinen Geburtstag) gesorgt hatte.<\/span><\/p>\n<p><span style=\"font-size: large;\">Wer Uwe kennt, wei\u00df, dass er keine halben Sachen macht. Es hat an nichts gemangelt<\/span><\/p>\n<p><span style=\"font-size: large;\">Recht herzlichen Dank auch an seine Frau Ulla.<\/span><\/p>\n","protected":false},"excerpt":{"rendered":"<p>&nbsp; &nbsp; &nbsp; &nbsp; &nbsp; &nbsp; &nbsp; &nbsp; &nbsp; &nbsp; &nbsp; &nbsp; &nbsp; &nbsp; &nbsp; &nbsp; &nbsp; &nbsp; &nbsp; &nbsp; Auf Initiative von Uwe Sch\u00e4fer hatten sich 25 Kollegen einschlie\u00dflich der Frauen am Bahnhof Mecklenbeck eingefunden. Von da aus ging es mit dem Fahrrad Richtung Haus Ruhr.Vom Schlossherrn Gebhard von und zu M\u00fchlen haben wir [&hellip;]<\/p>\n","protected":false},"author":2,"featured_media":0,"parent":0,"menu_order":0,"comment_status":"closed","ping_status":"closed","template":"","meta":{"ngg_post_thumbnail":0,"footnotes":""},"class_list":["post-5378","page","type-page","status-publish","hentry"],"_links":{"self":[{"href":"http:\/\/www.muenster.org\/fw-pensionaere\/index.php?rest_route=\/wp\/v2\/pages\/5378","targetHints":{"allow":["GET"]}}],"collection":[{"href":"http:\/\/www.muenster.org\/fw-pensionaere\/index.php?rest_route=\/wp\/v2\/pages"}],"about":[{"href":"http:\/\/www.muenster.org\/fw-pensionaere\/index.php?rest_route=\/wp\/v2\/types\/page"}],"author":[{"embeddable":true,"href":"http:\/\/www.muenster.org\/fw-pensionaere\/index.php?rest_route=\/wp\/v2\/users\/2"}],"replies":[{"embeddable":true,"href":"http:\/\/www.muenster.org\/fw-pensionaere\/index.php?rest_route=%2Fwp%2Fv2%2Fcomments&post=5378"}],"version-history":[{"count":21,"href":"http:\/\/www.muenster.org\/fw-pensionaere\/index.php?rest_route=\/wp\/v2\/pages\/5378\/revisions"}],"predecessor-version":[{"id":5440,"href":"http:\/\/www.muenster.org\/fw-pensionaere\/index.php?rest_route=\/wp\/v2\/pages\/5378\/revisions\/5440"}],"wp:attachment":[{"href":"http:\/\/www.muenster.org\/fw-pensionaere\/index.php?rest_route=%2Fwp%2Fv2%2Fmedia&parent=5378"}],"curies":[{"name":"wp","href":"https:\/\/api.w.org\/{rel}","templated":true}]}}