{"id":4930,"date":"2015-05-11T23:44:54","date_gmt":"2015-05-11T21:44:54","guid":{"rendered":"http:\/\/www.muenster.org\/fw-pensionaere\/?page_id=4930"},"modified":"2020-01-16T23:04:31","modified_gmt":"2020-01-16T22:04:31","slug":"lf-24","status":"publish","type":"page","link":"http:\/\/www.muenster.org\/fw-pensionaere\/?page_id=4930","title":{"rendered":"LF 24"},"content":{"rendered":"<p><strong>28.12.2014<\/strong><\/p>\n<p id=\"thumbnail-head-4658\"><img loading=\"lazy\" decoding=\"async\" class=\"thumbnail alignleft\" src=\"http:\/\/www.muenster.org\/fw-pensionaere\/wp-content\/uploads\/2014\/12\/Bild-LF-24.jpg\" alt=\"\" width=\"440\" height=\"304\" \/><\/p>\n<p>&nbsp;<\/p>\n<p>&nbsp;<\/p>\n<p>&nbsp;<\/p>\n<p>&nbsp;<\/p>\n<p>&nbsp;<\/p>\n<p>&nbsp;<\/p>\n<p>&nbsp;<\/p>\n<p>&nbsp;<\/p>\n<p>&nbsp;<\/p>\n<p>Die Oldtimerfreunde vom LZ 21 haben seit\u00a0 dem 14.08.2014<\/p>\n<p>das LF 24 mit dem Kennzeichen MS-2110 zur Pflege<\/p>\n<p>und auch als Reservefahrzeug \u00fcbernommen.<\/p>\n<p>Tag der ersten Zulassung f\u00fcr dieses Fahrzeug war der 18.12.1984.<\/p>\n<p>Zu dem Fahrzeug h\u00e4tten die Oldtimerfreunde des LZ 21 gerne noch einige Informationen.<\/p>\n<p>An welcher Wache wurde das LF 24 bis zum 27.04.2001 stationiert?<\/p>\n<p>Vom 27.04.2001 bis zum 14.08.2014 wurde das Fahrzeug beim LZ Kemper eingesetzt.<\/p>\n<p>Folgende Fragen sind f\u00fcr die Oldtimerfreunde auch noch von Interesse: Wer hat das Fahrzeug von der Fa. Ziegler nach M\u00fcnster \u00fcberf\u00fchrt? Warum wurde das Fahrzeug erst 1985 als Einsatzfahrzeug eingesetzt? Wie war das Handling mit der besonderen Schaltung, dem Bypass an der Pumpe bei gleichzeitiger Stromerzeugung und Wasserf\u00f6rderung? Von Interesse sind auch besondere Eins\u00e4tze und erw\u00e4hnenswerte Geschichten zu dem Fahrzeug.<\/p>\n<p>Wahrscheinlich war es das erste Fahrzeug bei uns mit Tagesleuchtfarbe.<\/p>\n<p>Das Fahrzeug befindet sich in einem guten Allgemeinzustand.<\/p>\n<p>Alle, die zu dem LF 24 etwas berichten m\u00f6chten, k\u00f6nnen sich an Helmut &gt;\u00a0 <a href=\"mailto:roesmann@ukmuenster.de\">roesmann@ukmuenster.de<\/a> oder aber auch an Lutz oder Rolf wenden. Wir geben die Infos weiter.<\/p>\n","protected":false},"excerpt":{"rendered":"<p>28.12.2014 &nbsp; &nbsp; &nbsp; &nbsp; &nbsp; &nbsp; &nbsp; &nbsp; &nbsp; Die Oldtimerfreunde vom LZ 21 haben seit\u00a0 dem 14.08.2014 das LF 24 mit dem Kennzeichen MS-2110 zur Pflege und auch als Reservefahrzeug \u00fcbernommen. Tag der ersten Zulassung f\u00fcr dieses Fahrzeug war der 18.12.1984. Zu dem Fahrzeug h\u00e4tten die Oldtimerfreunde des LZ 21 gerne noch einige [&hellip;]<\/p>\n","protected":false},"author":5,"featured_media":0,"parent":0,"menu_order":0,"comment_status":"closed","ping_status":"closed","template":"","meta":{"ngg_post_thumbnail":0,"footnotes":""},"class_list":["post-4930","page","type-page","status-publish","hentry"],"_links":{"self":[{"href":"http:\/\/www.muenster.org\/fw-pensionaere\/index.php?rest_route=\/wp\/v2\/pages\/4930","targetHints":{"allow":["GET"]}}],"collection":[{"href":"http:\/\/www.muenster.org\/fw-pensionaere\/index.php?rest_route=\/wp\/v2\/pages"}],"about":[{"href":"http:\/\/www.muenster.org\/fw-pensionaere\/index.php?rest_route=\/wp\/v2\/types\/page"}],"author":[{"embeddable":true,"href":"http:\/\/www.muenster.org\/fw-pensionaere\/index.php?rest_route=\/wp\/v2\/users\/5"}],"replies":[{"embeddable":true,"href":"http:\/\/www.muenster.org\/fw-pensionaere\/index.php?rest_route=%2Fwp%2Fv2%2Fcomments&post=4930"}],"version-history":[{"count":1,"href":"http:\/\/www.muenster.org\/fw-pensionaere\/index.php?rest_route=\/wp\/v2\/pages\/4930\/revisions"}],"predecessor-version":[{"id":4931,"href":"http:\/\/www.muenster.org\/fw-pensionaere\/index.php?rest_route=\/wp\/v2\/pages\/4930\/revisions\/4931"}],"wp:attachment":[{"href":"http:\/\/www.muenster.org\/fw-pensionaere\/index.php?rest_route=%2Fwp%2Fv2%2Fmedia&parent=4930"}],"curies":[{"name":"wp","href":"https:\/\/api.w.org\/{rel}","templated":true}]}}