{"id":4895,"date":"2015-05-07T14:51:45","date_gmt":"2015-05-07T12:51:45","guid":{"rendered":"http:\/\/www.muenster.org\/fw-pensionaere\/?page_id=4895"},"modified":"2020-01-16T23:05:05","modified_gmt":"2020-01-16T22:05:05","slug":"29-04-2015-besuch-beim-idf","status":"publish","type":"page","link":"http:\/\/www.muenster.org\/fw-pensionaere\/?page_id=4895","title":{"rendered":"29.04.2015 Besuch beim IdF"},"content":{"rendered":"<p>&nbsp;<\/p>\n<h2><span style=\"background-color: #ffffff; color: #000000;\"><strong>02.05.2015<\/strong><\/span><\/h2>\n<h2><span style=\"color: #ffff00;\"><strong>Besuch beim\u00a0 <\/strong><\/span><\/h2>\n<p>&nbsp;<\/p>\n<h2><a href=\"http:\/\/www.muenster.org\/fw-pensionaere\/wp-content\/uploads\/2015\/05\/1.jpg\"><img loading=\"lazy\" decoding=\"async\" class=\"alignleft  wp-image-4834\" src=\"http:\/\/www.muenster.org\/fw-pensionaere\/wp-content\/uploads\/2015\/05\/1-800x600.jpg\" alt=\"1\" width=\"385\" height=\"291\" \/><\/a><\/h2>\n<p>&nbsp;<\/p>\n<p>&nbsp;<\/p>\n<p>&nbsp;<\/p>\n<p>&nbsp;<\/p>\n<p>&nbsp;<\/p>\n<p>&nbsp;<\/p>\n<h2><\/h2>\n<h2><strong><span style=\"color: #ffff99;\">\u00a0\u00a0\u00a0<span style=\"color: #ffff00;\">\u00a0\u00a0\u00a0\u00a0\u00a0 MS-Handorf am 29.04.2015<\/span><\/span><\/strong><\/h2>\n<p>&nbsp;<\/p>\n<h1><strong><span style=\"color: #ff0000;\">\u00a0<\/span><\/strong><strong><span style=\"color: #ff0000;\"> \u201eJeden T\u00e4ter zieht es an den Ort der Tat zur\u00fcck!\u201c<\/span><\/strong><\/h1>\n<h2>Getreu dieser alten Kriminalistenweisheit trafen sich am 29.04.2015 16 Feuerwehrpension\u00e4re an der Erphokirche zu einer Erlebnisradtour zum \u00dcbungsgel\u00e4nde und zur \u00dcbungshalle des Instituts der Feuerwehr auf der Grenze zu M\u00fcnster und Telgte. Hubert und Ralf hatten ihre Kontakte genutzt und eine F\u00fchrung durch das neue Ausbildungszentrum des Instituts vereinbart.<br \/>\nRasch ging es an der Schleuse vorbei durch den Boniburger Wald Richtung K\u00f6tterstra\u00dfe. Unser \u201eB\u00e4renf\u00fchrer\u201c seitens des IdF f\u00fcr die neue \u00dcbungshalle war der mit Presse und \u00d6ffentlichkeitsarbeit beauftragte Kollege Thomas Heckmann. Eine Erl\u00e4uterung des benachbarten Freigel\u00e4ndes \u00fcbernahm sp\u00e4ter spontan Lothar, der diesen Teil der Liegenschaft aus vielen Jahren als Pr\u00fcfungsausschussmitglied f\u00fcr die F III Pr\u00fcfungen bestens kannte.<br \/>\nVielen waren die alten Einrichtungen der ehemaligen Landesfeuerwehrschule an der Wolbecker Stra\u00dfe noch gut in Erinnerung.<br \/>\nAuch die damals beschr\u00e4nkten \u00dcbungsm\u00f6glichkeiten auf dem \u00dcbungshof, bei denen die bestehenden Garagen f\u00fcr alles herhalten mussten. \u201eStellen Sie sich vor, die Garage w\u00e4re eine Schreinerei ! Stellen Sie sich vor, die Garage w\u00e4re eine Apotheke ! Stellen Sie sich vor, Sie st\u00e4nden vor einem Chemikalienlager!\u201c Mit diesen und \u00e4hnlichen Einleitungen begannen damals fast alle \u00dcbungen im Freien. Sie erforderten viel Phantasie \u2013 f\u00fcr beide Seiten.<br \/>\nWas f\u00fcr ein Wandel mit den neuen Einrichtungen! Bereits mit der Inbetriebnahme des neuen Au\u00dfen &#8211; \u00dcbungsgel\u00e4ndes in Handorf im Jahre 1985 wurde es m\u00f6glich, viele \u201e Stellen Sie sich vor &#8211; Situationen\u201c realistischer darzustellen. Nun gab es wirklich anleiterbare Geb\u00e4udefassaden, Unfallstellen mit Bahn und Bus, auch Gefahrgutunfallsituationen. Tiefbauunf\u00e4lle und Wassernotf\u00e4lle konnten erstmals realit\u00e4tsnah dargestellt und praxisnah vermittelt werden. Diesen Bereich kannten einige von uns schon aus eigenem Erleben.<br \/>\nUnd nun nochmals eine weitere Optimierung mit der neuen, in Europa einzigartigen \u00dcbungshalle, dem Freigel\u00e4nde gegen\u00fcber.<br \/>\nThomas Heckmann nahm sich die Zeit und f\u00fchrte uns durch die 2007 in Betrieb genommene neue Anlage, in der (fast) alle Einsatzsituationen witterungsgesch\u00fctzt und detailgetreu dargestellt werden k\u00f6nnen.<br \/>\nVom \u00fcberfluteten Keller bis zum Feuer im Wohn- oder Hochhaus, vom Brand im Krankenhaus bis zum Laborbrand, von Einsatzsituationen f\u00fcr H\u00f6hensicherung und &#8211; rettung ; dutzende von Einsatzsituationen k\u00f6nnen mittels einer \u00fcberaus realistischen Darstellung \u2013 Flammenerscheinung, Rauch und W\u00e4rme und das Ausl\u00f6sung von Sprinkler- und Bel\u00fcftungsanlagen selbstverst\u00e4ndlich &#8211; aber auch mit sich bewegenden Dummies vor einer entsprechenden Ger\u00e4uschkulisse, in der 34 Meter hohen \u00dcbungshalle vermittelt werden.<br \/>\nVom Ausr\u00fccken aus einer der vier \u201eFeuerwachen\u201c bis zur letzten R\u00fcckmeldung wird alles Geschehen dokumentiert und sp\u00e4ter analysiert.<br \/>\nEs war ein Erlebnis diese neue Art der situationsgetreuen Ausbildung kennen zu lernen. Das h\u00e4tten wir uns fr\u00fcher auch gew\u00fcnscht.<\/h2>\n<h2>Zum Abschluss der Tour hatte das Planungsteam ein nicht minder interessantes Ziel ausgew\u00e4hlt:<br \/>\nAuf dem ehemaligen Winkhaus &#8211; Gel\u00e4nde am Bohlweg befindet sich zur Zeit M\u00fcnsters gr\u00f6\u00dftes Wohnbau \u2013 Projekt in der Ausf\u00fchrung. Auf mehr als 14.000 Quadratmetern Fl\u00e4che entsteht ein neues Wohnquartier. Der \u201eErphobogen\u201c beinhaltet von der Studentenwohnung bis zur Stadthaus- Villa verschiedenste Wohnformen und -gr\u00f6\u00dfen. Neben \u00fcber 200 Wohneinheiten entstehen eine Kita und eine Tiefgarage.<\/h2>\n<h2><a href=\"http:\/\/www.muenster.org\/fw-pensionaere\/wp-content\/uploads\/2015\/05\/2015-29.04.-Pensio.jpg\"><img loading=\"lazy\" decoding=\"async\" class=\"alignleft  wp-image-4870\" src=\"http:\/\/www.muenster.org\/fw-pensionaere\/wp-content\/uploads\/2015\/05\/2015-29.04.-Pensio-800x600.jpg\" alt=\"2015-29.04. Pensio\" width=\"403\" height=\"303\" srcset=\"http:\/\/www.muenster.org\/fw-pensionaere\/wp-content\/uploads\/2015\/05\/2015-29.04.-Pensio-800x600.jpg 800w, http:\/\/www.muenster.org\/fw-pensionaere\/wp-content\/uploads\/2015\/05\/2015-29.04.-Pensio-300x225.jpg 300w\" sizes=\"auto, (max-width: 403px) 100vw, 403px\" \/><\/a><\/h2>\n<h2><\/h2>\n<h2><\/h2>\n<h2><\/h2>\n<h2><\/h2>\n<p>&nbsp;<\/p>\n<p>&nbsp;<\/p>\n<p>&nbsp;<\/p>\n<h2><\/h2>\n<h2>\u00a0\u00a0\u00a0\u00a0\u00a0\u00a0\u00a0 \u00a0 \u00a0 \u00a0 \u00a0 \u00a0 \u00a0 \u00a0 \u00a0 \u00a0 \u00a0 \u00a0 \u00a0 \u00a0 \u00a0\u00a0 Der Projektleiter \u2013 Herr Wissing \u2013 nahm sich die Zeit und erl\u00e4uterte uns das Konzept und anschlie\u00dfend auf der Baustelle die praktische Umsetzung. Es war schon beeindruckend, vor 65 cm starken, mit Unmengen von Bewehrung durchzogenen Betonsohlen , Unmengen von vorgefertigten Betonelementen und 200 Kubikmeter messenden Kranfundamenten so wie der eigenen LKW -Waschanlage zu stehen \u2013 und das alles bei laufendem Betrieb.<br \/>\nDa kamen wir uns manchmal recht klein vor. Es war f\u00fcr uns \u201e H\u00e4uslebauer\u201c eine andere Welt.<br \/>\nDer Duft der Kaffeebrennerei auf der anderen Seite des Bohlwegs stieg uns schon auf der Baustelle in die Nase und verfehlte seine Wirkung nicht.<br \/>\nDer Ausflug fand dort seinen, nicht geplanten, aber gelungenen Abschlu\u00df . Gest\u00e4rkt mit einem leckeren St\u00fcck Kuchen und einem hei\u00dfen Kaffee machten wir uns auf den Heimweg.<\/h2>\n<p>&nbsp;<\/p>\n<p><strong><span style=\"color: #ffff00;\">Ein Bericht von: Fritz<\/span><\/strong><\/p>\n<p>&nbsp;<\/p>\n<p><a href=\"http:\/\/www.muenster.org\/fw-pensionaere\/wp-content\/uploads\/2015\/05\/2.jpg\"><img loading=\"lazy\" decoding=\"async\" class=\"alignleft  wp-image-4835\" src=\"http:\/\/www.muenster.org\/fw-pensionaere\/wp-content\/uploads\/2015\/05\/2-800x534.jpg\" alt=\"2\" width=\"225\" height=\"150\" srcset=\"http:\/\/www.muenster.org\/fw-pensionaere\/wp-content\/uploads\/2015\/05\/2-800x534.jpg 800w, http:\/\/www.muenster.org\/fw-pensionaere\/wp-content\/uploads\/2015\/05\/2-300x200.jpg 300w\" sizes=\"auto, (max-width: 225px) 100vw, 225px\" \/><\/a><\/p>\n<p>&nbsp;<\/p>\n<p>&nbsp;<\/p>\n<p>&nbsp;<\/p>\n<p>&nbsp;<\/p>\n<p>&nbsp;<\/p>\n<h5><a href=\"http:\/\/www.muenster.org\/fw-pensionaere\/wp-content\/uploads\/2015\/05\/3.jpg\"><img loading=\"lazy\" decoding=\"async\" class=\"alignleft  wp-image-4836\" src=\"http:\/\/www.muenster.org\/fw-pensionaere\/wp-content\/uploads\/2015\/05\/3-800x600.jpg\" alt=\"3\" width=\"217\" height=\"162\" srcset=\"http:\/\/www.muenster.org\/fw-pensionaere\/wp-content\/uploads\/2015\/05\/3-800x600.jpg 800w, http:\/\/www.muenster.org\/fw-pensionaere\/wp-content\/uploads\/2015\/05\/3-300x225.jpg 300w\" sizes=\"auto, (max-width: 217px) 100vw, 217px\" \/><\/a><\/h5>\n<h5><\/h5>\n<h5><\/h5>\n<p>&nbsp;<\/p>\n<p>&nbsp;<\/p>\n<p>&nbsp;<\/p>\n<p>&nbsp;<\/p>\n<p><a href=\"http:\/\/www.muenster.org\/fw-pensionaere\/wp-content\/uploads\/2015\/05\/5.jpg\"><img loading=\"lazy\" decoding=\"async\" class=\"alignleft  wp-image-4839\" src=\"http:\/\/www.muenster.org\/fw-pensionaere\/wp-content\/uploads\/2015\/05\/5-450x600.jpg\" alt=\"5\" width=\"130\" height=\"174\" srcset=\"http:\/\/www.muenster.org\/fw-pensionaere\/wp-content\/uploads\/2015\/05\/5-450x600.jpg 450w, http:\/\/www.muenster.org\/fw-pensionaere\/wp-content\/uploads\/2015\/05\/5-225x300.jpg 225w\" sizes=\"auto, (max-width: 130px) 100vw, 130px\" \/><\/a><\/p>\n<p>&nbsp;<\/p>\n<p>&nbsp;<\/p>\n<p>&nbsp;<\/p>\n<p>&nbsp;<\/p>\n<p>&nbsp;<\/p>\n<p>&nbsp;<\/p>\n<p>&nbsp;<\/p>\n<p><a href=\"http:\/\/www.muenster.org\/fw-pensionaere\/wp-content\/uploads\/2015\/05\/8.jpg\"><img loading=\"lazy\" decoding=\"async\" class=\"alignleft  wp-image-4842\" src=\"http:\/\/www.muenster.org\/fw-pensionaere\/wp-content\/uploads\/2015\/05\/8-800x600.jpg\" alt=\"8\" width=\"221\" height=\"166\" srcset=\"http:\/\/www.muenster.org\/fw-pensionaere\/wp-content\/uploads\/2015\/05\/8-800x600.jpg 800w, http:\/\/www.muenster.org\/fw-pensionaere\/wp-content\/uploads\/2015\/05\/8-300x225.jpg 300w\" sizes=\"auto, (max-width: 221px) 100vw, 221px\" \/><\/a><\/p>\n<h5><\/h5>\n<p>&nbsp;<\/p>\n<p>&nbsp;<\/p>\n<p>&nbsp;<\/p>\n<p>&nbsp;<\/p>\n<p>&nbsp;<\/p>\n<p><a href=\"http:\/\/www.muenster.org\/fw-pensionaere\/wp-content\/uploads\/2015\/05\/DSC_4980.jpg\"><img loading=\"lazy\" decoding=\"async\" class=\"alignleft  wp-image-4890\" src=\"http:\/\/www.muenster.org\/fw-pensionaere\/wp-content\/uploads\/2015\/05\/DSC_4980-800x534.jpg\" alt=\"DSC_4980\" width=\"221\" height=\"148\" srcset=\"http:\/\/www.muenster.org\/fw-pensionaere\/wp-content\/uploads\/2015\/05\/DSC_4980-800x534.jpg 800w, http:\/\/www.muenster.org\/fw-pensionaere\/wp-content\/uploads\/2015\/05\/DSC_4980-300x200.jpg 300w\" sizes=\"auto, (max-width: 221px) 100vw, 221px\" \/><\/a><\/p>\n<p>&nbsp;<\/p>\n<p>&nbsp;<\/p>\n<p>&nbsp;<\/p>\n<p>&nbsp;<\/p>\n<p>&nbsp;<\/p>\n<p>&nbsp;<\/p>\n<p><a href=\"http:\/\/www.muenster.org\/fw-pensionaere\/wp-content\/uploads\/2015\/05\/10.jpg\"><img loading=\"lazy\" decoding=\"async\" class=\"alignleft  wp-image-4844\" src=\"http:\/\/www.muenster.org\/fw-pensionaere\/wp-content\/uploads\/2015\/05\/10-800x600.jpg\" alt=\"10\" width=\"219\" height=\"164\" srcset=\"http:\/\/www.muenster.org\/fw-pensionaere\/wp-content\/uploads\/2015\/05\/10-800x600.jpg 800w, http:\/\/www.muenster.org\/fw-pensionaere\/wp-content\/uploads\/2015\/05\/10-300x225.jpg 300w\" sizes=\"auto, (max-width: 219px) 100vw, 219px\" \/><\/a><\/p>\n<p>&nbsp;<\/p>\n<p>&nbsp;<\/p>\n<p>&nbsp;<\/p>\n<p>&nbsp;<\/p>\n<p>&nbsp;<\/p>\n<p>&nbsp;<\/p>\n<p><a href=\"http:\/\/www.muenster.org\/fw-pensionaere\/wp-content\/uploads\/2015\/05\/11.jpg\"><img loading=\"lazy\" decoding=\"async\" class=\"alignleft  wp-image-4845\" src=\"http:\/\/www.muenster.org\/fw-pensionaere\/wp-content\/uploads\/2015\/05\/11-450x600.jpg\" alt=\"11\" width=\"136\" height=\"181\" srcset=\"http:\/\/www.muenster.org\/fw-pensionaere\/wp-content\/uploads\/2015\/05\/11-450x600.jpg 450w, http:\/\/www.muenster.org\/fw-pensionaere\/wp-content\/uploads\/2015\/05\/11-225x300.jpg 225w\" sizes=\"auto, (max-width: 136px) 100vw, 136px\" \/><\/a><\/p>\n<p>&nbsp;<\/p>\n<p>&nbsp;<\/p>\n<p>&nbsp;<\/p>\n<p>&nbsp;<\/p>\n<p>&nbsp;<\/p>\n<p>&nbsp;<\/p>\n<p><a href=\"http:\/\/www.muenster.org\/fw-pensionaere\/wp-content\/uploads\/2015\/05\/12.jpg\"><img loading=\"lazy\" decoding=\"async\" class=\"alignleft  wp-image-4846\" src=\"http:\/\/www.muenster.org\/fw-pensionaere\/wp-content\/uploads\/2015\/05\/12-800x600.jpg\" alt=\"12\" width=\"219\" height=\"164\" srcset=\"http:\/\/www.muenster.org\/fw-pensionaere\/wp-content\/uploads\/2015\/05\/12-800x600.jpg 800w, http:\/\/www.muenster.org\/fw-pensionaere\/wp-content\/uploads\/2015\/05\/12-300x225.jpg 300w\" sizes=\"auto, (max-width: 219px) 100vw, 219px\" \/><\/a><\/p>\n<p>&nbsp;<\/p>\n<p>&nbsp;<\/p>\n<p>&nbsp;<\/p>\n<p>&nbsp;<\/p>\n<p>&nbsp;<\/p>\n<p><a href=\"http:\/\/www.muenster.org\/fw-pensionaere\/wp-content\/uploads\/2013\/09\/13.jpg\"><img loading=\"lazy\" decoding=\"async\" class=\"alignleft  wp-image-4893\" src=\"http:\/\/www.muenster.org\/fw-pensionaere\/wp-content\/uploads\/2013\/09\/13-800x600.jpg\" alt=\"13\" width=\"216\" height=\"162\" srcset=\"http:\/\/www.muenster.org\/fw-pensionaere\/wp-content\/uploads\/2013\/09\/13-800x600.jpg 800w, http:\/\/www.muenster.org\/fw-pensionaere\/wp-content\/uploads\/2013\/09\/13-300x225.jpg 300w\" sizes=\"auto, (max-width: 216px) 100vw, 216px\" \/><\/a><\/p>\n<p>&nbsp;<\/p>\n<p>&nbsp;<\/p>\n<p>&nbsp;<\/p>\n<p>&nbsp;<\/p>\n<p>&nbsp;<\/p>\n<h5><\/h5>\n<p><a href=\"http:\/\/www.muenster.org\/fw-pensionaere\/wp-content\/uploads\/2015\/05\/15.jpg\"><img loading=\"lazy\" decoding=\"async\" class=\"alignleft  wp-image-4849\" src=\"http:\/\/www.muenster.org\/fw-pensionaere\/wp-content\/uploads\/2015\/05\/15-800x600.jpg\" alt=\"15\" width=\"215\" height=\"161\" srcset=\"http:\/\/www.muenster.org\/fw-pensionaere\/wp-content\/uploads\/2015\/05\/15-800x600.jpg 800w, http:\/\/www.muenster.org\/fw-pensionaere\/wp-content\/uploads\/2015\/05\/15-300x225.jpg 300w\" sizes=\"auto, (max-width: 215px) 100vw, 215px\" \/><\/a><\/p>\n<p>&nbsp;<\/p>\n<p>&nbsp;<\/p>\n<p>&nbsp;<\/p>\n<p>&nbsp;<\/p>\n<p>&nbsp;<\/p>\n<p>&nbsp;<\/p>\n<p><a href=\"http:\/\/www.muenster.org\/fw-pensionaere\/wp-content\/uploads\/2015\/05\/18.jpg\"><img loading=\"lazy\" decoding=\"async\" class=\"alignleft  wp-image-4852\" src=\"http:\/\/www.muenster.org\/fw-pensionaere\/wp-content\/uploads\/2015\/05\/18-800x600.jpg\" alt=\"18\" width=\"203\" height=\"152\" srcset=\"http:\/\/www.muenster.org\/fw-pensionaere\/wp-content\/uploads\/2015\/05\/18-800x600.jpg 800w, http:\/\/www.muenster.org\/fw-pensionaere\/wp-content\/uploads\/2015\/05\/18-300x225.jpg 300w\" sizes=\"auto, (max-width: 203px) 100vw, 203px\" \/><\/a><\/p>\n<p>&nbsp;<\/p>\n<p>&nbsp;<\/p>\n<p>&nbsp;<\/p>\n<p>&nbsp;<\/p>\n<p>&nbsp;<\/p>\n<p>&nbsp;<\/p>\n<p><a href=\"http:\/\/www.muenster.org\/fw-pensionaere\/wp-content\/uploads\/2015\/05\/17.jpg\"><img loading=\"lazy\" decoding=\"async\" class=\"alignleft  wp-image-4851\" src=\"http:\/\/www.muenster.org\/fw-pensionaere\/wp-content\/uploads\/2015\/05\/17-800x600.jpg\" alt=\"17\" width=\"188\" height=\"141\" srcset=\"http:\/\/www.muenster.org\/fw-pensionaere\/wp-content\/uploads\/2015\/05\/17-800x600.jpg 800w, http:\/\/www.muenster.org\/fw-pensionaere\/wp-content\/uploads\/2015\/05\/17-300x225.jpg 300w\" sizes=\"auto, (max-width: 188px) 100vw, 188px\" \/><\/a><\/p>\n<p>&nbsp;<\/p>\n<p>&nbsp;<\/p>\n<p>&nbsp;<\/p>\n<p>&nbsp;<\/p>\n<p>&nbsp;<\/p>\n<p>&nbsp;<\/p>\n<p><a href=\"http:\/\/www.muenster.org\/fw-pensionaere\/wp-content\/uploads\/2015\/05\/16.jpg\"><img loading=\"lazy\" decoding=\"async\" class=\"alignleft  wp-image-4850\" src=\"http:\/\/www.muenster.org\/fw-pensionaere\/wp-content\/uploads\/2015\/05\/16-800x600.jpg\" alt=\"16\" width=\"183\" height=\"137\" srcset=\"http:\/\/www.muenster.org\/fw-pensionaere\/wp-content\/uploads\/2015\/05\/16-800x600.jpg 800w, http:\/\/www.muenster.org\/fw-pensionaere\/wp-content\/uploads\/2015\/05\/16-300x225.jpg 300w\" sizes=\"auto, (max-width: 183px) 100vw, 183px\" \/><\/a><\/p>\n<p>&nbsp;<\/p>\n<p>&nbsp;<\/p>\n<p>&nbsp;<\/p>\n<p>&nbsp;<\/p>\n<p>&nbsp;<\/p>\n<p><a href=\"http:\/\/www.muenster.org\/fw-pensionaere\/wp-content\/uploads\/2015\/05\/14.jpg\"><img loading=\"lazy\" decoding=\"async\" class=\"alignleft  wp-image-4848\" src=\"http:\/\/www.muenster.org\/fw-pensionaere\/wp-content\/uploads\/2015\/05\/14-800x600.jpg\" alt=\"14\" width=\"147\" height=\"110\" srcset=\"http:\/\/www.muenster.org\/fw-pensionaere\/wp-content\/uploads\/2015\/05\/14-800x600.jpg 800w, http:\/\/www.muenster.org\/fw-pensionaere\/wp-content\/uploads\/2015\/05\/14-300x225.jpg 300w\" sizes=\"auto, (max-width: 147px) 100vw, 147px\" \/><\/a><\/p>\n<p>&nbsp;<\/p>\n<p>&nbsp;<\/p>\n<p>&nbsp;<\/p>\n<p>&nbsp;<\/p>\n<p>&nbsp;<\/p>\n<p><a href=\"http:\/\/www.muenster.org\/fw-pensionaere\/wp-content\/uploads\/2015\/05\/24.jpg\"><img loading=\"lazy\" decoding=\"async\" class=\"alignleft  wp-image-4858\" src=\"http:\/\/www.muenster.org\/fw-pensionaere\/wp-content\/uploads\/2015\/05\/24-800x600.jpg\" alt=\"24\" width=\"174\" height=\"130\" srcset=\"http:\/\/www.muenster.org\/fw-pensionaere\/wp-content\/uploads\/2015\/05\/24-800x600.jpg 800w, http:\/\/www.muenster.org\/fw-pensionaere\/wp-content\/uploads\/2015\/05\/24-300x225.jpg 300w\" sizes=\"auto, (max-width: 174px) 100vw, 174px\" \/><\/a><\/p>\n<p>&nbsp;<\/p>\n<p>&nbsp;<\/p>\n<p>&nbsp;<\/p>\n<p>&nbsp;<\/p>\n<p>&nbsp;<\/p>\n<p>&nbsp;<\/p>\n<p><a href=\"http:\/\/www.muenster.org\/fw-pensionaere\/wp-content\/uploads\/2015\/05\/DSC_4998.jpg\"><img loading=\"lazy\" decoding=\"async\" class=\"alignleft  wp-image-4892\" src=\"http:\/\/www.muenster.org\/fw-pensionaere\/wp-content\/uploads\/2015\/05\/DSC_4998-800x534.jpg\" alt=\"DSC_4998\" width=\"184\" height=\"122\" srcset=\"http:\/\/www.muenster.org\/fw-pensionaere\/wp-content\/uploads\/2015\/05\/DSC_4998-800x534.jpg 800w, http:\/\/www.muenster.org\/fw-pensionaere\/wp-content\/uploads\/2015\/05\/DSC_4998-300x200.jpg 300w\" sizes=\"auto, (max-width: 184px) 100vw, 184px\" \/><\/a><\/p>\n<p>&nbsp;<\/p>\n<p>&nbsp;<\/p>\n<p>&nbsp;<\/p>\n<p>&nbsp;<\/p>\n<p><a href=\"http:\/\/www.muenster.org\/fw-pensionaere\/wp-content\/uploads\/2015\/05\/26.jpg\"><img loading=\"lazy\" decoding=\"async\" class=\"alignleft  wp-image-4860\" src=\"http:\/\/www.muenster.org\/fw-pensionaere\/wp-content\/uploads\/2015\/05\/26-800x600.jpg\" alt=\"26\" width=\"188\" height=\"141\" srcset=\"http:\/\/www.muenster.org\/fw-pensionaere\/wp-content\/uploads\/2015\/05\/26-800x600.jpg 800w, http:\/\/www.muenster.org\/fw-pensionaere\/wp-content\/uploads\/2015\/05\/26-300x225.jpg 300w\" sizes=\"auto, (max-width: 188px) 100vw, 188px\" \/><\/a><\/p>\n<p>&nbsp;<\/p>\n<p>&nbsp;<\/p>\n<p>&nbsp;<\/p>\n<p>&nbsp;<\/p>\n<p>&nbsp;<\/p>\n<p>&nbsp;<\/p>\n<p><a href=\"http:\/\/www.muenster.org\/fw-pensionaere\/wp-content\/uploads\/2015\/05\/20.jpg\"><img loading=\"lazy\" decoding=\"async\" class=\"alignleft  wp-image-4854\" src=\"http:\/\/www.muenster.org\/fw-pensionaere\/wp-content\/uploads\/2015\/05\/20-800x600.jpg\" alt=\"20\" width=\"196\" height=\"147\" srcset=\"http:\/\/www.muenster.org\/fw-pensionaere\/wp-content\/uploads\/2015\/05\/20-800x600.jpg 800w, http:\/\/www.muenster.org\/fw-pensionaere\/wp-content\/uploads\/2015\/05\/20-300x225.jpg 300w\" sizes=\"auto, (max-width: 196px) 100vw, 196px\" \/><\/a><\/p>\n<p>&nbsp;<\/p>\n<p>&nbsp;<\/p>\n<p>&nbsp;<\/p>\n<p>&nbsp;<\/p>\n<p>&nbsp;<\/p>\n<p><a href=\"http:\/\/www.muenster.org\/fw-pensionaere\/wp-content\/uploads\/2015\/05\/DSC_4997.jpg\"><img loading=\"lazy\" decoding=\"async\" class=\"alignleft  wp-image-4891\" src=\"http:\/\/www.muenster.org\/fw-pensionaere\/wp-content\/uploads\/2015\/05\/DSC_4997-800x534.jpg\" alt=\"DSC_4997\" width=\"194\" height=\"129\" srcset=\"http:\/\/www.muenster.org\/fw-pensionaere\/wp-content\/uploads\/2015\/05\/DSC_4997-800x534.jpg 800w, http:\/\/www.muenster.org\/fw-pensionaere\/wp-content\/uploads\/2015\/05\/DSC_4997-300x200.jpg 300w\" sizes=\"auto, (max-width: 194px) 100vw, 194px\" \/><\/a><\/p>\n<p>&nbsp;<\/p>\n<p>&nbsp;<\/p>\n<p>&nbsp;<\/p>\n<p>&nbsp;<\/p>\n<p>&nbsp;<\/p>\n<p><a href=\"http:\/\/www.muenster.org\/fw-pensionaere\/wp-content\/uploads\/2015\/05\/23.jpg\"><img loading=\"lazy\" decoding=\"async\" class=\"alignleft  wp-image-4857\" src=\"http:\/\/www.muenster.org\/fw-pensionaere\/wp-content\/uploads\/2015\/05\/23-800x600.jpg\" alt=\"23\" width=\"174\" height=\"130\" srcset=\"http:\/\/www.muenster.org\/fw-pensionaere\/wp-content\/uploads\/2015\/05\/23-800x600.jpg 800w, http:\/\/www.muenster.org\/fw-pensionaere\/wp-content\/uploads\/2015\/05\/23-300x225.jpg 300w\" sizes=\"auto, (max-width: 174px) 100vw, 174px\" \/><\/a><\/p>\n<p>&nbsp;<\/p>\n<p>&nbsp;<\/p>\n<p>&nbsp;<\/p>\n<p>&nbsp;<\/p>\n<p>&nbsp;<\/p>\n<p><a href=\"http:\/\/www.muenster.org\/fw-pensionaere\/wp-content\/uploads\/2015\/05\/28.jpg\"><img loading=\"lazy\" decoding=\"async\" class=\"alignleft  wp-image-4862\" src=\"http:\/\/www.muenster.org\/fw-pensionaere\/wp-content\/uploads\/2015\/05\/28-800x600.jpg\" alt=\"28\" width=\"160\" height=\"120\" srcset=\"http:\/\/www.muenster.org\/fw-pensionaere\/wp-content\/uploads\/2015\/05\/28-800x600.jpg 800w, http:\/\/www.muenster.org\/fw-pensionaere\/wp-content\/uploads\/2015\/05\/28-300x225.jpg 300w\" sizes=\"auto, (max-width: 160px) 100vw, 160px\" \/><\/a><\/p>\n<p>&nbsp;<\/p>\n<p>&nbsp;<\/p>\n<p>&nbsp;<\/p>\n<p>&nbsp;<\/p>\n<p>&nbsp;<\/p>\n<p><a href=\"http:\/\/www.muenster.org\/fw-pensionaere\/wp-content\/uploads\/2015\/05\/27.jpg\"><img loading=\"lazy\" decoding=\"async\" class=\"alignleft  wp-image-4861\" src=\"http:\/\/www.muenster.org\/fw-pensionaere\/wp-content\/uploads\/2015\/05\/27-800x600.jpg\" alt=\"27\" width=\"165\" height=\"124\" srcset=\"http:\/\/www.muenster.org\/fw-pensionaere\/wp-content\/uploads\/2015\/05\/27-800x600.jpg 800w, http:\/\/www.muenster.org\/fw-pensionaere\/wp-content\/uploads\/2015\/05\/27-300x225.jpg 300w\" sizes=\"auto, (max-width: 165px) 100vw, 165px\" \/><\/a><\/p>\n<p>&nbsp;<\/p>\n<p>&nbsp;<\/p>\n<p>&nbsp;<\/p>\n<p>&nbsp;<\/p>\n<h5><span style=\"color: #ffff99;\"><strong>Bilder:Uwe &amp; Rolf<\/strong><\/span><\/h5>\n","protected":false},"excerpt":{"rendered":"<p>&nbsp; 02.05.2015 Besuch beim\u00a0 &nbsp; &nbsp; &nbsp; &nbsp; &nbsp; &nbsp; &nbsp; \u00a0\u00a0\u00a0\u00a0\u00a0\u00a0\u00a0\u00a0 MS-Handorf am 29.04.2015 &nbsp; \u00a0 \u201eJeden T\u00e4ter zieht es an den Ort der Tat zur\u00fcck!\u201c Getreu dieser alten Kriminalistenweisheit trafen sich am 29.04.2015 16 Feuerwehrpension\u00e4re an der Erphokirche zu einer Erlebnisradtour zum \u00dcbungsgel\u00e4nde und zur \u00dcbungshalle des Instituts der Feuerwehr auf der Grenze [&hellip;]<\/p>\n","protected":false},"author":5,"featured_media":0,"parent":0,"menu_order":0,"comment_status":"closed","ping_status":"closed","template":"","meta":{"ngg_post_thumbnail":0,"footnotes":""},"class_list":["post-4895","page","type-page","status-publish","hentry"],"_links":{"self":[{"href":"http:\/\/www.muenster.org\/fw-pensionaere\/index.php?rest_route=\/wp\/v2\/pages\/4895","targetHints":{"allow":["GET"]}}],"collection":[{"href":"http:\/\/www.muenster.org\/fw-pensionaere\/index.php?rest_route=\/wp\/v2\/pages"}],"about":[{"href":"http:\/\/www.muenster.org\/fw-pensionaere\/index.php?rest_route=\/wp\/v2\/types\/page"}],"author":[{"embeddable":true,"href":"http:\/\/www.muenster.org\/fw-pensionaere\/index.php?rest_route=\/wp\/v2\/users\/5"}],"replies":[{"embeddable":true,"href":"http:\/\/www.muenster.org\/fw-pensionaere\/index.php?rest_route=%2Fwp%2Fv2%2Fcomments&post=4895"}],"version-history":[{"count":4,"href":"http:\/\/www.muenster.org\/fw-pensionaere\/index.php?rest_route=\/wp\/v2\/pages\/4895\/revisions"}],"predecessor-version":[{"id":4904,"href":"http:\/\/www.muenster.org\/fw-pensionaere\/index.php?rest_route=\/wp\/v2\/pages\/4895\/revisions\/4904"}],"wp:attachment":[{"href":"http:\/\/www.muenster.org\/fw-pensionaere\/index.php?rest_route=%2Fwp%2Fv2%2Fmedia&parent=4895"}],"curies":[{"name":"wp","href":"https:\/\/api.w.org\/{rel}","templated":true}]}}