{"id":469,"date":"2010-09-14T23:08:44","date_gmt":"2010-09-14T21:08:44","guid":{"rendered":"http:\/\/www.muenster.org\/fw-pensionaere\/?page_id=469"},"modified":"2011-12-31T17:37:53","modified_gmt":"2011-12-31T16:37:53","slug":"ausflug-nach-lingen-09-06-2010-2","status":"publish","type":"page","link":"http:\/\/www.muenster.org\/fw-pensionaere\/?page_id=469","title":{"rendered":"2010.06.09. Ausfl. Lingen"},"content":{"rendered":"<p>Wie die vielen Jahre zuvor, hatte unsere Pension\u00e4rsvereinigung auch in diesem Jahr am 9.6.2010 den Jahresausflug, der uns nach Lingen an der Ems f\u00fchrte. Am Bahnhof in Lingen wurden wir von einem Stadtf\u00fchrer empfangen, der mit uns eine Stadtrundfahrt um Lingen gemacht hat, wobei wir u.a. das Atomkraftwerk erkl\u00e4rt bekamen. Nach der Rundfahrt waren wir zu einem Empfang im Rathaus durch Frau\u00a0 B\u00fcrgermeisterin Haart eingeladen, die uns das Wesentliche \u00fcber die Stadt Lingen berichtete. Beim Rundgang durch die Innenstadt konnte man gut erkennen, dass sowohl die alten historischen Geb\u00e4ude auf eine lange Geschichte hinwiesen, aber auch die gro\u00dfz\u00fcgigen Arkaden haben Lingen zu einer modernen Einkaufsstadt entstehen lassen.<\/p>\n<p>Nachdem wir uns mittags gest\u00e4rkt hatten, fuhren wir zum einem Bauerncafe nach Emsdetten wo wir erstklassigen Kaffee und Kuchen zu uns genommen haben. Gest\u00e4rkt und etwas M\u00fcde sind alle Teilnehmer wohlbehalten am Ausgangsort wieder angekommen. Ein ganz besonderer Dank geht an den Organisator, der mit Lust, Liebe und Akriebe wieder alles organisiert hatte.<\/p>\nngg_shortcode_0_placeholder\n","protected":false},"excerpt":{"rendered":"<p>Wie die vielen Jahre zuvor, hatte unsere Pension\u00e4rsvereinigung auch in diesem Jahr am 9.6.2010 den Jahresausflug, der uns nach Lingen an der Ems f\u00fchrte. Am Bahnhof in Lingen wurden wir von einem Stadtf\u00fchrer empfangen, der mit uns eine Stadtrundfahrt um Lingen gemacht hat, wobei wir u.a. das Atomkraftwerk erkl\u00e4rt bekamen. Nach der Rundfahrt waren wir [&hellip;]<\/p>\n","protected":false},"author":2,"featured_media":0,"parent":145,"menu_order":608,"comment_status":"closed","ping_status":"closed","template":"","meta":{"ngg_post_thumbnail":0,"footnotes":""},"class_list":["post-469","page","type-page","status-publish","hentry"],"_links":{"self":[{"href":"http:\/\/www.muenster.org\/fw-pensionaere\/index.php?rest_route=\/wp\/v2\/pages\/469","targetHints":{"allow":["GET"]}}],"collection":[{"href":"http:\/\/www.muenster.org\/fw-pensionaere\/index.php?rest_route=\/wp\/v2\/pages"}],"about":[{"href":"http:\/\/www.muenster.org\/fw-pensionaere\/index.php?rest_route=\/wp\/v2\/types\/page"}],"author":[{"embeddable":true,"href":"http:\/\/www.muenster.org\/fw-pensionaere\/index.php?rest_route=\/wp\/v2\/users\/2"}],"replies":[{"embeddable":true,"href":"http:\/\/www.muenster.org\/fw-pensionaere\/index.php?rest_route=%2Fwp%2Fv2%2Fcomments&post=469"}],"version-history":[{"count":17,"href":"http:\/\/www.muenster.org\/fw-pensionaere\/index.php?rest_route=\/wp\/v2\/pages\/469\/revisions"}],"predecessor-version":[{"id":2504,"href":"http:\/\/www.muenster.org\/fw-pensionaere\/index.php?rest_route=\/wp\/v2\/pages\/469\/revisions\/2504"}],"up":[{"embeddable":true,"href":"http:\/\/www.muenster.org\/fw-pensionaere\/index.php?rest_route=\/wp\/v2\/pages\/145"}],"wp:attachment":[{"href":"http:\/\/www.muenster.org\/fw-pensionaere\/index.php?rest_route=%2Fwp%2Fv2%2Fmedia&parent=469"}],"curies":[{"name":"wp","href":"https:\/\/api.w.org\/{rel}","templated":true}]}}