{"id":4167,"date":"2013-12-06T18:44:50","date_gmt":"2013-12-06T17:44:50","guid":{"rendered":"http:\/\/www.muenster.org\/fw-pensionaere\/?page_id=4167"},"modified":"2020-01-16T23:06:15","modified_gmt":"2020-01-16T22:06:15","slug":"ein-unbekannter-ort","status":"publish","type":"page","link":"http:\/\/www.muenster.org\/fw-pensionaere\/?page_id=4167","title":{"rendered":"2013-11. Unbekannter Ort"},"content":{"rendered":"<h2><strong><span style=\"color: #c0c0c0;\">Besuch an einem unbekannten Ort<\/span><\/strong><\/h2>\n<p><strong><span style=\"color: #c0c0c0;\">Unter der Adresse &#8222;Lazarettstra\u00dfe 10&#8220; befindet sich ein vielen M\u00fcnsteranern unbekanntes \u2013 von au\u00dfen aber auch eher unscheinbares \u2013 Objekt, der sogenannte Lazarettbunker.<\/span><\/strong><\/p>\n<p><strong><span style=\"color: #c0c0c0;\">Er wurde in den Jahren 1940\/41 errichtet, hat eine wechselvolle Vergangenheit und steht heute unter Denkmalschutz.<\/span><\/strong><\/p>\n<p><strong><span style=\"color: #c0c0c0;\">Seine Geschichte geht auf das sogenannte \u201cF\u00fchrersofortprogramm\u201c zur\u00fcck, in dem, noch unter dem Stichwort &#8222;Geheim&#8220;, sofortige Luftschutzma\u00dfnahmen f\u00fcr die Bev\u00f6lkerung des Deutschen Reiches angeordnet wurden.<\/span><\/strong><\/p>\n<p><strong><span style=\"color: #c0c0c0;\">Hatte noch im Mai des Jahres 1940 der Luftmarschall Hermann G\u00f6ring behauptet, er wolle Meier hei\u00dfen und einen Besen fressen, wenn es den damaligen Gegnern gelingen w\u00fcrde Berlin zu bombardieren, so wurde man doch schnell eines Besseren belehrt.<\/span><\/strong><\/p>\n<p><strong><span style=\"color: #c0c0c0;\">Das F\u00fchrersofortprogramm aus Oktober 1940 war die Antwort.<\/span><\/strong><\/p>\n<p><strong><span style=\"color: #c0c0c0;\">Bereits im November 1940 wurden auch der M\u00fcnsteraner Stadtbaurat Peter Poelzig und der mit sofortiger Wirkung zum \u201eEntwurfsarchitekten f\u00fcr besondere Aufgaben\u201c ernannte Architekt Edmund Scharf nach Berlin bestellt und mit den &#8222;Anweisungen zum Bau von Luftschutzr\u00e4umen&#8220; vertraut gemacht. F\u00fcr die Stadt M\u00fcnster, als Luftschutzort erster Ordnung, waren 15 Bauwerke vorgesehen.<\/span><\/strong><\/p>\n<p><strong><span style=\"color: #c0c0c0;\">In dieser Zeit wurde die Baugrube f\u00fcr den Lazarettbunker bereits ausgehoben, obwohl man noch nicht so genau wusste, was letztendlich darin stehen w\u00fcrde.<\/span><\/strong><\/p>\n<p><strong><span style=\"color: #c0c0c0;\">Praktischerweise \u00fcbernahm das nebenan ans\u00e4ssige Bauunternehmen Borchard den Bauauftrag und erstellt nach Scharfs Pl\u00e4nen einen, sich der Bev\u00f6lkerung als wehrhaft darstellenden Bau, der sich m\u00f6glichst harmonisch in die umgebende Bebauung ( Zwinger\/Buddenturm\/Wasserb\u00e4r in der Promenade) einf\u00fcgen sollte.<\/span><\/strong><\/p>\n<p><strong><span style=\"color: #c0c0c0;\">W\u00e4hrend der folgenden Kriegszeit bot der Lazarettbunker zahllosen Nutzern den erwarteten Schutz. Urspr\u00fcnglich f\u00fcr eine Nutzung durch 600 Personen ausgelegt, berichten Zeitzeugen von einer h\u00e4ufig mehr als doppelt so hohen Belegungszahl.<\/span><\/strong><\/p>\n<p><strong><span style=\"color: #c0c0c0;\">Obwohl mit der Erkenntnislage des fortgeschrittenen Luftkrieges und begleitenden Versuchen mit den &#8222;Bestimmungen zum Bau von Luftschutzbunkern&#8220; bereits im Juli 1941 gr\u00f6\u00dfere Wand- und Deckenst\u00e4rken festgelegt wurden, der Lazarettbunker hat nur eine Wandst\u00e4rke von 1,10 m und eine Deckenst\u00e4rke von 1,40 m, hielt das Bauwerk allen Angriffen Stand.<\/span><\/strong><\/p>\n<p><strong><span style=\"color: #c0c0c0;\">Nach dem Krieg diente der Lazarettbunker \u00fcbergangsweise als Gef\u00e4ngnis und als Unterkunft f\u00fcr Fl\u00fcchtlinge, Kleinunternehmer und obdachlos gewordene Menschen.<\/span><\/strong><\/p>\n<p><strong><span style=\"color: #c0c0c0;\">Sp\u00e4ter \u00fcbernahm ihn die Britische Armee und nutzte ihn als Kartenlager.<\/span><\/strong><\/p>\n<p><strong><span style=\"color: #c0c0c0;\">In der Folge blieb er im Bundesbesitz und wurde 1993 unter Denkmalschutz gestellt und im Jahre 2000 von der Stadt gekauft.<\/span><\/strong><\/p>\n<p><strong><span style=\"color: #c0c0c0;\">Obwohl im Laufe der Jahre durch Diebstahl und Vandalismus Teile der urspr\u00fcnglichen Einrichtung beeintr\u00e4chtigt wurden, sind auch heute noch interessante technische Details der Stromversorgung, der elektrischen und der manuellen L\u00fcftungsanlage und der allgemeinen Schutzraumstruktur erhalten.<\/span><\/strong><\/p>\n<p><strong><span style=\"color: #c0c0c0;\">Auch die sp\u00e4ter als Gef\u00e4ngniszellen benutzen Bereiche mit den teilweise bedr\u00fcckenden, noch gut lesbaren, verzweifelt oder auch hassgepr\u00e4gt formulierten Wandaufzeichnungen in verschiedensten Sprachen, sind noch gut erkennbar.<\/span><\/strong><\/p>\n<p><strong><span style=\"color: #c0c0c0;\">In den letzten Jahren wurde der alte Bunker anl\u00e4sslich der &#8222;Tage des offenen Denkmals&#8220; wiederholt f\u00fcr die \u00d6ffentlichkeit ge\u00f6ffnet &#8211; mit bemerkenswerter Resonanz.<\/span><\/strong><\/p>\n<p><strong><span style=\"color: #c0c0c0;\">Viele Hundert Mitb\u00fcrgerinnen und Mitb\u00fcrger, die bewusst als Schutzsuchende den Lazarettbunker aufgesucht haben, aber auch Personen, die durch Ihre Eltern in Verbindung zu der alten Trutzburg stehen, weil sie als Kleinkind z. B. regelm\u00e4\u00dfig im W\u00e4schekorb dorthin getragen wurden oder dort regelm\u00e4\u00dfig \u00fcbernachteten, bis hin zu n\u00e4chsten Angeh\u00f6rigen des damaligen Architekten haben sich das alte Gem\u00e4uer angesehen und erl\u00e4utern lassen.<\/span><\/strong><\/p>\n<p><a href=\"http:\/\/www.muenster.org\/fw-pensionaere\/wp-content\/uploads\/2014\/01\/P1010804.jpg\"><img loading=\"lazy\" decoding=\"async\" class=\"alignright size-medium wp-image-4240\" alt=\"P1010804\" src=\"http:\/\/www.muenster.org\/fw-pensionaere\/wp-content\/uploads\/2014\/01\/P1010804-300x225.jpg\" width=\"300\" height=\"225\" srcset=\"http:\/\/www.muenster.org\/fw-pensionaere\/wp-content\/uploads\/2014\/01\/P1010804-300x225.jpg 300w, http:\/\/www.muenster.org\/fw-pensionaere\/wp-content\/uploads\/2014\/01\/P1010804-800x600.jpg 800w\" sizes=\"auto, (max-width: 300px) 100vw, 300px\" \/><\/a><a href=\"http:\/\/www.muenster.org\/fw-pensionaere\/wp-content\/uploads\/2014\/01\/P1010810.jpg\"><img loading=\"lazy\" decoding=\"async\" class=\"aligncenter size-medium wp-image-4242\" alt=\"P1010810\" src=\"http:\/\/www.muenster.org\/fw-pensionaere\/wp-content\/uploads\/2014\/01\/P1010810-300x225.jpg\" width=\"300\" height=\"225\" srcset=\"http:\/\/www.muenster.org\/fw-pensionaere\/wp-content\/uploads\/2014\/01\/P1010810-300x225.jpg 300w, http:\/\/www.muenster.org\/fw-pensionaere\/wp-content\/uploads\/2014\/01\/P1010810-800x600.jpg 800w\" sizes=\"auto, (max-width: 300px) 100vw, 300px\" \/><\/a><\/p>\n<p><a href=\"http:\/\/www.muenster.org\/fw-pensionaere\/wp-content\/uploads\/2014\/01\/P1010809.jpg\"><img loading=\"lazy\" decoding=\"async\" class=\"alignleft size-medium wp-image-4241\" alt=\"P1010809\" src=\"http:\/\/www.muenster.org\/fw-pensionaere\/wp-content\/uploads\/2014\/01\/P1010809-300x225.jpg\" width=\"300\" height=\"225\" srcset=\"http:\/\/www.muenster.org\/fw-pensionaere\/wp-content\/uploads\/2014\/01\/P1010809-300x225.jpg 300w, http:\/\/www.muenster.org\/fw-pensionaere\/wp-content\/uploads\/2014\/01\/P1010809-800x600.jpg 800w\" sizes=\"auto, (max-width: 300px) 100vw, 300px\" \/><\/a><\/p>\n<p>&nbsp;<\/p>\n<p>&nbsp;<\/p>\n<p>&nbsp;<\/p>\n<p>&nbsp;<\/p>\n<p>&nbsp;<\/p>\n<p>&nbsp;<\/p>\n<p><a href=\"http:\/\/www.muenster.org\/fw-pensionaere\/wp-content\/uploads\/2014\/01\/P1010811.jpg\"><img loading=\"lazy\" decoding=\"async\" class=\"alignright size-medium wp-image-4243\" alt=\"P1010811\" src=\"http:\/\/www.muenster.org\/fw-pensionaere\/wp-content\/uploads\/2014\/01\/P1010811-300x225.jpg\" width=\"300\" height=\"225\" srcset=\"http:\/\/www.muenster.org\/fw-pensionaere\/wp-content\/uploads\/2014\/01\/P1010811-300x225.jpg 300w, http:\/\/www.muenster.org\/fw-pensionaere\/wp-content\/uploads\/2014\/01\/P1010811-800x600.jpg 800w\" sizes=\"auto, (max-width: 300px) 100vw, 300px\" \/><\/a><\/p>\n<p>&nbsp;<\/p>\n<p>&nbsp;<\/p>\n<p>&nbsp;<\/p>\n<p>&nbsp;<\/p>\n<p>&nbsp;<\/p>\n<p>&nbsp;<\/p>\n<p>&nbsp;<\/p>\n<p><a href=\"http:\/\/www.muenster.org\/fw-pensionaere\/wp-content\/uploads\/2014\/01\/P1010816.jpg\"><img loading=\"lazy\" decoding=\"async\" class=\"alignleft size-medium wp-image-4244\" alt=\"P1010816\" src=\"http:\/\/www.muenster.org\/fw-pensionaere\/wp-content\/uploads\/2014\/01\/P1010816-300x225.jpg\" width=\"300\" height=\"225\" srcset=\"http:\/\/www.muenster.org\/fw-pensionaere\/wp-content\/uploads\/2014\/01\/P1010816-300x225.jpg 300w, http:\/\/www.muenster.org\/fw-pensionaere\/wp-content\/uploads\/2014\/01\/P1010816-800x600.jpg 800w\" sizes=\"auto, (max-width: 300px) 100vw, 300px\" \/><\/a><\/p>\n<p>&nbsp;<\/p>\n<p>&nbsp;<\/p>\n<p>&nbsp;<\/p>\n<p>&nbsp;<\/p>\n<p>&nbsp;<\/p>\n<p>&nbsp;<\/p>\n<p><a href=\"http:\/\/www.muenster.org\/fw-pensionaere\/wp-content\/uploads\/2014\/01\/P1010817.jpg\"><img loading=\"lazy\" decoding=\"async\" class=\"alignright size-medium wp-image-4245\" alt=\"P1010817\" src=\"http:\/\/www.muenster.org\/fw-pensionaere\/wp-content\/uploads\/2014\/01\/P1010817-300x225.jpg\" width=\"300\" height=\"225\" srcset=\"http:\/\/www.muenster.org\/fw-pensionaere\/wp-content\/uploads\/2014\/01\/P1010817-300x225.jpg 300w, http:\/\/www.muenster.org\/fw-pensionaere\/wp-content\/uploads\/2014\/01\/P1010817-800x600.jpg 800w\" sizes=\"auto, (max-width: 300px) 100vw, 300px\" \/><\/a><\/p>\n<p>&nbsp;<\/p>\n<p>&nbsp;<\/p>\n<p>&nbsp;<\/p>\n<p>&nbsp;<\/p>\n<p>&nbsp;<\/p>\n<p>&nbsp;<\/p>\n<p>&nbsp;<\/p>\n<p><a href=\"http:\/\/www.muenster.org\/fw-pensionaere\/wp-content\/uploads\/2014\/01\/P1010818.jpg\"><img loading=\"lazy\" decoding=\"async\" class=\"aligncenter size-medium wp-image-4247\" alt=\"P1010818\" src=\"http:\/\/www.muenster.org\/fw-pensionaere\/wp-content\/uploads\/2014\/01\/P1010818-300x225.jpg\" width=\"300\" height=\"225\" srcset=\"http:\/\/www.muenster.org\/fw-pensionaere\/wp-content\/uploads\/2014\/01\/P1010818-300x225.jpg 300w, http:\/\/www.muenster.org\/fw-pensionaere\/wp-content\/uploads\/2014\/01\/P1010818-800x600.jpg 800w\" sizes=\"auto, (max-width: 300px) 100vw, 300px\" \/><\/a><\/p>\n<p><a href=\"http:\/\/www.muenster.org\/fw-pensionaere\/wp-content\/uploads\/2014\/01\/P1010820.jpg\"><img loading=\"lazy\" decoding=\"async\" class=\"alignleft size-medium wp-image-4248\" alt=\"P1010820\" src=\"http:\/\/www.muenster.org\/fw-pensionaere\/wp-content\/uploads\/2014\/01\/P1010820-300x225.jpg\" width=\"300\" height=\"225\" srcset=\"http:\/\/www.muenster.org\/fw-pensionaere\/wp-content\/uploads\/2014\/01\/P1010820-300x225.jpg 300w, http:\/\/www.muenster.org\/fw-pensionaere\/wp-content\/uploads\/2014\/01\/P1010820-800x600.jpg 800w\" sizes=\"auto, (max-width: 300px) 100vw, 300px\" \/><\/a><\/p>\n<p>&nbsp;<\/p>\n<p>&nbsp;<\/p>\n<p>&nbsp;<\/p>\n<p>&nbsp;<\/p>\n<p>&nbsp;<\/p>\n<p>&nbsp;<\/p>\n<p><a href=\"http:\/\/www.muenster.org\/fw-pensionaere\/wp-content\/uploads\/2014\/01\/P1010821.jpg\"><img loading=\"lazy\" decoding=\"async\" class=\"aligncenter size-medium wp-image-4249\" alt=\"P1010821\" src=\"http:\/\/www.muenster.org\/fw-pensionaere\/wp-content\/uploads\/2014\/01\/P1010821-300x225.jpg\" width=\"300\" height=\"225\" srcset=\"http:\/\/www.muenster.org\/fw-pensionaere\/wp-content\/uploads\/2014\/01\/P1010821-300x225.jpg 300w, http:\/\/www.muenster.org\/fw-pensionaere\/wp-content\/uploads\/2014\/01\/P1010821-800x600.jpg 800w\" sizes=\"auto, (max-width: 300px) 100vw, 300px\" \/><\/a><a href=\"http:\/\/www.muenster.org\/fw-pensionaere\/wp-content\/uploads\/2014\/01\/P1010823.jpg\"><img loading=\"lazy\" decoding=\"async\" class=\"alignright size-medium wp-image-4250\" alt=\"P1010823\" src=\"http:\/\/www.muenster.org\/fw-pensionaere\/wp-content\/uploads\/2014\/01\/P1010823-300x225.jpg\" width=\"300\" height=\"225\" srcset=\"http:\/\/www.muenster.org\/fw-pensionaere\/wp-content\/uploads\/2014\/01\/P1010823-300x225.jpg 300w, http:\/\/www.muenster.org\/fw-pensionaere\/wp-content\/uploads\/2014\/01\/P1010823-800x600.jpg 800w\" sizes=\"auto, (max-width: 300px) 100vw, 300px\" \/><\/a><a href=\"http:\/\/www.muenster.org\/fw-pensionaere\/wp-content\/uploads\/2014\/01\/P1010826.jpg\"><img loading=\"lazy\" decoding=\"async\" class=\"alignleft size-medium wp-image-4251\" alt=\"P1010826\" src=\"http:\/\/www.muenster.org\/fw-pensionaere\/wp-content\/uploads\/2014\/01\/P1010826-300x225.jpg\" width=\"300\" height=\"225\" srcset=\"http:\/\/www.muenster.org\/fw-pensionaere\/wp-content\/uploads\/2014\/01\/P1010826-300x225.jpg 300w, http:\/\/www.muenster.org\/fw-pensionaere\/wp-content\/uploads\/2014\/01\/P1010826-800x600.jpg 800w\" sizes=\"auto, (max-width: 300px) 100vw, 300px\" \/><\/a><\/p>\n<p>&nbsp;<\/p>\n<p>&nbsp;<\/p>\n<p>&nbsp;<\/p>\n<p>&nbsp;<\/p>\n<p>&nbsp;<\/p>\n<p>&nbsp;<\/p>\n<p><a href=\"http:\/\/www.muenster.org\/fw-pensionaere\/wp-content\/uploads\/2014\/01\/P1010827.jpg\"><img loading=\"lazy\" decoding=\"async\" class=\"alignright size-medium wp-image-4252\" alt=\"P1010827\" src=\"http:\/\/www.muenster.org\/fw-pensionaere\/wp-content\/uploads\/2014\/01\/P1010827-300x225.jpg\" width=\"300\" height=\"225\" srcset=\"http:\/\/www.muenster.org\/fw-pensionaere\/wp-content\/uploads\/2014\/01\/P1010827-300x225.jpg 300w, http:\/\/www.muenster.org\/fw-pensionaere\/wp-content\/uploads\/2014\/01\/P1010827-800x600.jpg 800w\" sizes=\"auto, (max-width: 300px) 100vw, 300px\" \/><\/a><\/p>\n<p>&nbsp;<\/p>\n<p>&nbsp;<\/p>\n<p>&nbsp;<\/p>\n<p>&nbsp;<\/p>\n<p>&nbsp;<\/p>\n<p>&nbsp;<\/p>\n<p><a href=\"http:\/\/www.muenster.org\/fw-pensionaere\/wp-content\/uploads\/2014\/01\/P1010828.jpg\"><img loading=\"lazy\" decoding=\"async\" class=\"alignleft size-medium wp-image-4253\" alt=\"P1010828\" src=\"http:\/\/www.muenster.org\/fw-pensionaere\/wp-content\/uploads\/2014\/01\/P1010828-300x225.jpg\" width=\"300\" height=\"225\" srcset=\"http:\/\/www.muenster.org\/fw-pensionaere\/wp-content\/uploads\/2014\/01\/P1010828-300x225.jpg 300w, http:\/\/www.muenster.org\/fw-pensionaere\/wp-content\/uploads\/2014\/01\/P1010828-800x600.jpg 800w\" sizes=\"auto, (max-width: 300px) 100vw, 300px\" \/><\/a><\/p>\n<p>&nbsp;<\/p>\n<p>&nbsp;<\/p>\n<p>&nbsp;<\/p>\n<p>&nbsp;<\/p>\n<p>&nbsp;<\/p>\n<p>&nbsp;<\/p>\n<p><a href=\"http:\/\/www.muenster.org\/fw-pensionaere\/wp-content\/uploads\/2014\/01\/P1010830.jpg\"><img loading=\"lazy\" decoding=\"async\" class=\"aligncenter size-medium wp-image-4254\" alt=\"P1010830\" src=\"http:\/\/www.muenster.org\/fw-pensionaere\/wp-content\/uploads\/2014\/01\/P1010830-300x225.jpg\" width=\"300\" height=\"225\" srcset=\"http:\/\/www.muenster.org\/fw-pensionaere\/wp-content\/uploads\/2014\/01\/P1010830-300x225.jpg 300w, http:\/\/www.muenster.org\/fw-pensionaere\/wp-content\/uploads\/2014\/01\/P1010830-800x600.jpg 800w\" sizes=\"auto, (max-width: 300px) 100vw, 300px\" \/><\/a><a href=\"http:\/\/www.muenster.org\/fw-pensionaere\/wp-content\/uploads\/2014\/01\/P1010832.jpg\"><img loading=\"lazy\" decoding=\"async\" class=\"alignleft size-medium wp-image-4255\" alt=\"P1010832\" src=\"http:\/\/www.muenster.org\/fw-pensionaere\/wp-content\/uploads\/2014\/01\/P1010832-300x225.jpg\" width=\"300\" height=\"225\" srcset=\"http:\/\/www.muenster.org\/fw-pensionaere\/wp-content\/uploads\/2014\/01\/P1010832-300x225.jpg 300w, http:\/\/www.muenster.org\/fw-pensionaere\/wp-content\/uploads\/2014\/01\/P1010832-800x600.jpg 800w\" sizes=\"auto, (max-width: 300px) 100vw, 300px\" \/><\/a><a href=\"http:\/\/www.muenster.org\/fw-pensionaere\/wp-content\/uploads\/2014\/01\/P1010842.jpg\"><img loading=\"lazy\" decoding=\"async\" class=\"alignright size-medium wp-image-4256\" alt=\"P1010842\" src=\"http:\/\/www.muenster.org\/fw-pensionaere\/wp-content\/uploads\/2014\/01\/P1010842-300x225.jpg\" width=\"300\" height=\"225\" srcset=\"http:\/\/www.muenster.org\/fw-pensionaere\/wp-content\/uploads\/2014\/01\/P1010842-300x225.jpg 300w, http:\/\/www.muenster.org\/fw-pensionaere\/wp-content\/uploads\/2014\/01\/P1010842-800x600.jpg 800w\" sizes=\"auto, (max-width: 300px) 100vw, 300px\" \/><\/a><\/p>\n<p>&nbsp;<\/p>\n<p>&nbsp;<\/p>\n<p>&nbsp;<\/p>\n<p>&nbsp;<\/p>\n<p>&nbsp;<\/p>\n<p>&nbsp;<\/p>\n<p>&nbsp;<\/p>\n<p><a href=\"http:\/\/www.muenster.org\/fw-pensionaere\/wp-content\/uploads\/2014\/01\/P1010843.jpg\"><img loading=\"lazy\" decoding=\"async\" class=\"aligncenter size-medium wp-image-4257\" alt=\"P1010843\" src=\"http:\/\/www.muenster.org\/fw-pensionaere\/wp-content\/uploads\/2014\/01\/P1010843-300x225.jpg\" width=\"300\" height=\"225\" srcset=\"http:\/\/www.muenster.org\/fw-pensionaere\/wp-content\/uploads\/2014\/01\/P1010843-300x225.jpg 300w, http:\/\/www.muenster.org\/fw-pensionaere\/wp-content\/uploads\/2014\/01\/P1010843-800x600.jpg 800w\" sizes=\"auto, (max-width: 300px) 100vw, 300px\" \/><\/a><a href=\"http:\/\/www.muenster.org\/fw-pensionaere\/wp-content\/uploads\/2014\/01\/P1010848.jpg\"><img loading=\"lazy\" decoding=\"async\" class=\"alignleft size-medium wp-image-4258\" alt=\"P1010848\" src=\"http:\/\/www.muenster.org\/fw-pensionaere\/wp-content\/uploads\/2014\/01\/P1010848-300x225.jpg\" width=\"300\" height=\"225\" srcset=\"http:\/\/www.muenster.org\/fw-pensionaere\/wp-content\/uploads\/2014\/01\/P1010848-300x225.jpg 300w, http:\/\/www.muenster.org\/fw-pensionaere\/wp-content\/uploads\/2014\/01\/P1010848-800x600.jpg 800w\" sizes=\"auto, (max-width: 300px) 100vw, 300px\" \/><\/a><a href=\"http:\/\/www.muenster.org\/fw-pensionaere\/wp-content\/uploads\/2014\/01\/P1010850.jpg\"><img loading=\"lazy\" decoding=\"async\" class=\"alignright size-medium wp-image-4259\" alt=\"P1010850\" src=\"http:\/\/www.muenster.org\/fw-pensionaere\/wp-content\/uploads\/2014\/01\/P1010850-300x225.jpg\" width=\"300\" height=\"225\" srcset=\"http:\/\/www.muenster.org\/fw-pensionaere\/wp-content\/uploads\/2014\/01\/P1010850-300x225.jpg 300w, http:\/\/www.muenster.org\/fw-pensionaere\/wp-content\/uploads\/2014\/01\/P1010850-800x600.jpg 800w\" sizes=\"auto, (max-width: 300px) 100vw, 300px\" \/><\/a><\/p>\n<p>&nbsp;<\/p>\n<p>&nbsp;<\/p>\n<p>&nbsp;<\/p>\n<p>&nbsp;<\/p>\n<p>&nbsp;<\/p>\n<p>&nbsp;<\/p>\n<p>&nbsp;<\/p>\n<p><a href=\"http:\/\/www.muenster.org\/fw-pensionaere\/wp-content\/uploads\/2014\/01\/u.sch_.-b.jpg\"><img loading=\"lazy\" decoding=\"async\" class=\"aligncenter size-medium wp-image-4260\" alt=\"u.sch. b\" src=\"http:\/\/www.muenster.org\/fw-pensionaere\/wp-content\/uploads\/2014\/01\/u.sch_.-b-300x200.jpg\" width=\"300\" height=\"200\" srcset=\"http:\/\/www.muenster.org\/fw-pensionaere\/wp-content\/uploads\/2014\/01\/u.sch_.-b-300x200.jpg 300w, http:\/\/www.muenster.org\/fw-pensionaere\/wp-content\/uploads\/2014\/01\/u.sch_.-b-800x534.jpg 800w\" sizes=\"auto, (max-width: 300px) 100vw, 300px\" \/><\/a><\/p>\n","protected":false},"excerpt":{"rendered":"<p>Besuch an einem unbekannten Ort Unter der Adresse &#8222;Lazarettstra\u00dfe 10&#8220; befindet sich ein vielen M\u00fcnsteranern unbekanntes \u2013 von au\u00dfen aber auch eher unscheinbares \u2013 Objekt, der sogenannte Lazarettbunker. Er wurde in den Jahren 1940\/41 errichtet, hat eine wechselvolle Vergangenheit und steht heute unter Denkmalschutz. Seine Geschichte geht auf das sogenannte \u201cF\u00fchrersofortprogramm\u201c zur\u00fcck, in dem, noch [&hellip;]<\/p>\n","protected":false},"author":5,"featured_media":0,"parent":0,"menu_order":0,"comment_status":"closed","ping_status":"closed","template":"","meta":{"ngg_post_thumbnail":0,"footnotes":""},"class_list":["post-4167","page","type-page","status-publish","hentry"],"_links":{"self":[{"href":"http:\/\/www.muenster.org\/fw-pensionaere\/index.php?rest_route=\/wp\/v2\/pages\/4167","targetHints":{"allow":["GET"]}}],"collection":[{"href":"http:\/\/www.muenster.org\/fw-pensionaere\/index.php?rest_route=\/wp\/v2\/pages"}],"about":[{"href":"http:\/\/www.muenster.org\/fw-pensionaere\/index.php?rest_route=\/wp\/v2\/types\/page"}],"author":[{"embeddable":true,"href":"http:\/\/www.muenster.org\/fw-pensionaere\/index.php?rest_route=\/wp\/v2\/users\/5"}],"replies":[{"embeddable":true,"href":"http:\/\/www.muenster.org\/fw-pensionaere\/index.php?rest_route=%2Fwp%2Fv2%2Fcomments&post=4167"}],"version-history":[{"count":22,"href":"http:\/\/www.muenster.org\/fw-pensionaere\/index.php?rest_route=\/wp\/v2\/pages\/4167\/revisions"}],"predecessor-version":[{"id":4273,"href":"http:\/\/www.muenster.org\/fw-pensionaere\/index.php?rest_route=\/wp\/v2\/pages\/4167\/revisions\/4273"}],"wp:attachment":[{"href":"http:\/\/www.muenster.org\/fw-pensionaere\/index.php?rest_route=%2Fwp%2Fv2%2Fmedia&parent=4167"}],"curies":[{"name":"wp","href":"https:\/\/api.w.org\/{rel}","templated":true}]}}