{"id":3885,"date":"2013-09-09T23:01:43","date_gmt":"2013-09-09T21:01:43","guid":{"rendered":"http:\/\/www.muenster.org\/fw-pensionaere\/?page_id=3885"},"modified":"2020-01-18T17:23:05","modified_gmt":"2020-01-18T16:23:05","slug":"oldies-treffen-oldtimer","status":"publish","type":"page","link":"http:\/\/www.muenster.org\/fw-pensionaere\/?page_id=3885","title":{"rendered":"2013-09. Oldies und Oldtimer"},"content":{"rendered":"<p><span style=\"color: #999999;\">\u00a0<\/span><\/p>\n<p><span style=\"color: #999999;\">Die Pension\u00e4rs Vereinigung besuchte am 27. 8. 2013 die Ausstellung der Oldtimer Fahrzeuge des LZ 21 der FF M\u00fcnster. Die Oldtimer-Gruppe des LZ 21 hatte uns dazu im Rahmen unseres 60 j\u00e4hrigen Jubil\u00e4ums eingeladen. Highlight war f\u00fcr einige von uns, eine Runde mit der DL 26 Baujahr 1939 zu fahren.<\/span><\/p>\n<p><span style=\"color: #999999;\">\u00a0<\/span><\/p>\n<p><span style=\"color: #999999;\">Einmal wieder richtig Autofahren mit zweimal Kuppeln und anst\u00e4ndig Zwischengas.<\/span><\/p>\n<p><span style=\"color: #999999;\">Das war doch was! Ein richtiges G\u00e4nsehautfeeling stellte sich ein!<\/span><\/p>\n<p><span style=\"color: #999999;\">\u00a0<\/span><\/p>\n<p><span style=\"color: #999999;\">Helmut und seiner Oldtimer Gruppe recht herzlichen Dank f\u00fcr die Einladung, Bewirtung und die M\u00f6glichkeit nach fast 50 Jahren wieder so ein Fahrzeug zu fahren.<\/span><\/p>\n<p><span style=\"color: #999999;\">\u00a0<\/span><\/p>\n<h3><span style=\"color: #ff0000;\">Zur Internetpr\u00e4senz<em> <\/em>der Oldtimer Gruppe des LZ 21, mit Bildern und Fahrzeugbeschreibungen:<\/span>\u00a0<span style=\"text-decoration: underline;\"><em><strong><span style=\"color: #3366ff;\"> <a title=\"Oldtimer\" href=\"http:\/\/www.muenster.de\/stadt\/feuerwehr\/oldtimer.html\" target=\"_blank\"><span style=\"color: #3366ff; text-decoration: underline;\">Klick<\/span><\/a><\/span><\/strong><\/em><\/span><\/h3>\nngg_shortcode_0_placeholder\n<p>&nbsp;<\/p>\n<p>&nbsp;<\/p>\n","protected":false},"excerpt":{"rendered":"<p>\u00a0 Die Pension\u00e4rs Vereinigung besuchte am 27. 8. 2013 die Ausstellung der Oldtimer Fahrzeuge des LZ 21 der FF M\u00fcnster. Die Oldtimer-Gruppe des LZ 21 hatte uns dazu im Rahmen unseres 60 j\u00e4hrigen Jubil\u00e4ums eingeladen. Highlight war f\u00fcr einige von uns, eine Runde mit der DL 26 Baujahr 1939 zu fahren. \u00a0 Einmal wieder richtig [&hellip;]<\/p>\n","protected":false},"author":5,"featured_media":0,"parent":0,"menu_order":0,"comment_status":"closed","ping_status":"closed","template":"","meta":{"ngg_post_thumbnail":0,"footnotes":""},"class_list":["post-3885","page","type-page","status-publish","hentry"],"_links":{"self":[{"href":"http:\/\/www.muenster.org\/fw-pensionaere\/index.php?rest_route=\/wp\/v2\/pages\/3885","targetHints":{"allow":["GET"]}}],"collection":[{"href":"http:\/\/www.muenster.org\/fw-pensionaere\/index.php?rest_route=\/wp\/v2\/pages"}],"about":[{"href":"http:\/\/www.muenster.org\/fw-pensionaere\/index.php?rest_route=\/wp\/v2\/types\/page"}],"author":[{"embeddable":true,"href":"http:\/\/www.muenster.org\/fw-pensionaere\/index.php?rest_route=\/wp\/v2\/users\/5"}],"replies":[{"embeddable":true,"href":"http:\/\/www.muenster.org\/fw-pensionaere\/index.php?rest_route=%2Fwp%2Fv2%2Fcomments&post=3885"}],"version-history":[{"count":23,"href":"http:\/\/www.muenster.org\/fw-pensionaere\/index.php?rest_route=\/wp\/v2\/pages\/3885\/revisions"}],"predecessor-version":[{"id":4192,"href":"http:\/\/www.muenster.org\/fw-pensionaere\/index.php?rest_route=\/wp\/v2\/pages\/3885\/revisions\/4192"}],"wp:attachment":[{"href":"http:\/\/www.muenster.org\/fw-pensionaere\/index.php?rest_route=%2Fwp%2Fv2%2Fmedia&parent=3885"}],"curies":[{"name":"wp","href":"https:\/\/api.w.org\/{rel}","templated":true}]}}