{"id":2778,"date":"2012-10-25T19:46:13","date_gmt":"2012-10-25T17:46:13","guid":{"rendered":"http:\/\/www.muenster.org\/fw-pensionaere\/?page_id=2778"},"modified":"2020-03-14T11:28:42","modified_gmt":"2020-03-14T10:28:42","slug":"jahresausflug-2012","status":"publish","type":"page","link":"http:\/\/www.muenster.org\/fw-pensionaere\/?page_id=2778","title":{"rendered":"2012 Jahresausflug"},"content":{"rendered":"<p>&nbsp;<\/p>\n<div id=\"attachment_2873\" style=\"width: 160px\" class=\"wp-caption aligncenter\"><a href=\"http:\/\/www.muenster.org\/fw-pensionaere\/wp-content\/uploads\/2012\/10\/CIMG0043.jpg\"><img loading=\"lazy\" decoding=\"async\" aria-describedby=\"caption-attachment-2873\" class=\"size-thumbnail wp-image-2873\" title=\"CIMG0043\" src=\"http:\/\/www.muenster.org\/fw-pensionaere\/wp-content\/uploads\/2012\/10\/CIMG0043-150x150.jpg\" alt=\"\" width=\"150\" height=\"150\" \/><\/a><p id=\"caption-attachment-2873\" class=\"wp-caption-text\">Gespr\u00e4chsrunde<\/p><\/div>\n<p><a href=\"http:\/\/www.muenster.org\/fw-pensionaere\/wp-content\/uploads\/2012\/10\/CIMG0041.jpg\"><img loading=\"lazy\" decoding=\"async\" class=\"alignleft size-thumbnail wp-image-2871\" title=\"CIMG0041\" src=\"http:\/\/www.muenster.org\/fw-pensionaere\/wp-content\/uploads\/2012\/10\/CIMG0041-150x150.jpg\" alt=\"\" width=\"150\" height=\"150\" \/><\/a><a href=\"http:\/\/www.muenster.org\/fw-pensionaere\/wp-content\/uploads\/2012\/10\/CIMG00401.jpg\"><img loading=\"lazy\" decoding=\"async\" class=\"aligncenter size-thumbnail wp-image-2869\" title=\"CIMG0040\" src=\"http:\/\/www.muenster.org\/fw-pensionaere\/wp-content\/uploads\/2012\/10\/CIMG00401-150x150.jpg\" alt=\"\" width=\"150\" height=\"150\" \/><\/a><a href=\"http:\/\/www.muenster.org\/fw-pensionaere\/wp-content\/uploads\/2012\/10\/CIMG0037.jpg\"><img loading=\"lazy\" decoding=\"async\" class=\"alignleft size-thumbnail wp-image-2865\" title=\"CIMG0037\" src=\"http:\/\/www.muenster.org\/fw-pensionaere\/wp-content\/uploads\/2012\/10\/CIMG0037-150x150.jpg\" alt=\"\" width=\"150\" height=\"150\" \/><\/a><a href=\"http:\/\/www.muenster.org\/fw-pensionaere\/wp-content\/uploads\/2012\/10\/CIMG0036.jpg\"><img loading=\"lazy\" decoding=\"async\" class=\"aligncenter size-thumbnail wp-image-2863\" title=\"CIMG0036\" src=\"http:\/\/www.muenster.org\/fw-pensionaere\/wp-content\/uploads\/2012\/10\/CIMG0036-150x150.jpg\" alt=\"\" width=\"150\" height=\"150\" \/><\/a><a href=\"http:\/\/www.muenster.org\/fw-pensionaere\/wp-content\/uploads\/2012\/10\/CIMG0035.jpg\"><img loading=\"lazy\" decoding=\"async\" class=\"aligncenter size-thumbnail wp-image-2862\" title=\"CIMG0035\" src=\"http:\/\/www.muenster.org\/fw-pensionaere\/wp-content\/uploads\/2012\/10\/CIMG0035-150x150.jpg\" alt=\"\" width=\"150\" height=\"150\" \/><\/a><a href=\"http:\/\/www.muenster.org\/fw-pensionaere\/wp-content\/uploads\/2012\/10\/CIMG0034.jpg\"><img loading=\"lazy\" decoding=\"async\" class=\"aligncenter size-thumbnail wp-image-2860\" title=\"CIMG0034\" src=\"http:\/\/www.muenster.org\/fw-pensionaere\/wp-content\/uploads\/2012\/10\/CIMG0034-150x150.jpg\" alt=\"\" width=\"150\" height=\"150\" \/><\/a><a href=\"http:\/\/www.muenster.org\/fw-pensionaere\/wp-content\/uploads\/2012\/10\/CIMG0033.jpg\"><img loading=\"lazy\" decoding=\"async\" class=\"aligncenter size-thumbnail wp-image-2858\" title=\"CIMG0033\" src=\"http:\/\/www.muenster.org\/fw-pensionaere\/wp-content\/uploads\/2012\/10\/CIMG0033-150x150.jpg\" alt=\"\" width=\"150\" height=\"150\" \/><\/a><a href=\"http:\/\/www.muenster.org\/fw-pensionaere\/wp-content\/uploads\/2012\/10\/CIMG0032.jpg\"><img loading=\"lazy\" decoding=\"async\" class=\"aligncenter size-thumbnail wp-image-2856\" title=\"CIMG0032\" src=\"http:\/\/www.muenster.org\/fw-pensionaere\/wp-content\/uploads\/2012\/10\/CIMG0032-150x150.jpg\" alt=\"\" width=\"150\" height=\"150\" \/><\/a><a href=\"http:\/\/www.muenster.org\/fw-pensionaere\/wp-content\/uploads\/2012\/10\/CIMG0028.jpg\"><img loading=\"lazy\" decoding=\"async\" class=\"aligncenter size-thumbnail wp-image-2854\" title=\"CIMG0028\" src=\"http:\/\/www.muenster.org\/fw-pensionaere\/wp-content\/uploads\/2012\/10\/CIMG0028-150x150.jpg\" alt=\"\" width=\"150\" height=\"150\" \/><\/a><a href=\"http:\/\/www.muenster.org\/fw-pensionaere\/wp-content\/uploads\/2012\/10\/CIMG0011.jpg\"><img loading=\"lazy\" decoding=\"async\" class=\"aligncenter size-thumbnail wp-image-2852\" title=\"CIMG0011\" src=\"http:\/\/www.muenster.org\/fw-pensionaere\/wp-content\/uploads\/2012\/10\/CIMG0011-150x150.jpg\" alt=\"\" width=\"150\" height=\"150\" \/><\/a><a href=\"http:\/\/www.muenster.org\/fw-pensionaere\/wp-content\/uploads\/2012\/10\/CIMG0026.jpg\"><img loading=\"lazy\" decoding=\"async\" class=\"aligncenter size-thumbnail wp-image-2850\" title=\"CIMG0026\" src=\"http:\/\/www.muenster.org\/fw-pensionaere\/wp-content\/uploads\/2012\/10\/CIMG0026-150x150.jpg\" alt=\"\" width=\"150\" height=\"150\" \/><\/a><a href=\"http:\/\/www.muenster.org\/fw-pensionaere\/wp-content\/uploads\/2012\/10\/CIMG0025.jpg\"><img loading=\"lazy\" decoding=\"async\" class=\"aligncenter size-thumbnail wp-image-2848\" title=\"CIMG0025\" src=\"http:\/\/www.muenster.org\/fw-pensionaere\/wp-content\/uploads\/2012\/10\/CIMG0025-150x150.jpg\" alt=\"\" width=\"150\" height=\"150\" \/><\/a><a href=\"http:\/\/www.muenster.org\/fw-pensionaere\/wp-content\/uploads\/2012\/10\/CIMG0023.jpg\"><img loading=\"lazy\" decoding=\"async\" class=\"aligncenter size-thumbnail wp-image-2844\" title=\"CIMG0023\" src=\"http:\/\/www.muenster.org\/fw-pensionaere\/wp-content\/uploads\/2012\/10\/CIMG0023-150x150.jpg\" alt=\"\" width=\"150\" height=\"150\" \/><\/a><a href=\"http:\/\/www.muenster.org\/fw-pensionaere\/wp-content\/uploads\/2012\/10\/CIMG0024.jpg\"><img loading=\"lazy\" decoding=\"async\" class=\"aligncenter size-thumbnail wp-image-2842\" title=\"CIMG0024\" src=\"http:\/\/www.muenster.org\/fw-pensionaere\/wp-content\/uploads\/2012\/10\/CIMG0024-150x150.jpg\" alt=\"\" width=\"150\" height=\"150\" \/><\/a><a href=\"http:\/\/www.muenster.org\/fw-pensionaere\/wp-content\/uploads\/2012\/10\/CIMG0021.jpg\"><img loading=\"lazy\" decoding=\"async\" class=\"alignleft size-thumbnail wp-image-2838\" title=\"CIMG0021\" src=\"http:\/\/www.muenster.org\/fw-pensionaere\/wp-content\/uploads\/2012\/10\/CIMG0021-150x150.jpg\" alt=\"\" width=\"150\" height=\"150\" \/><\/a><a href=\"http:\/\/www.muenster.org\/fw-pensionaere\/wp-content\/uploads\/2012\/10\/CIMG0019.jpg\"><img loading=\"lazy\" decoding=\"async\" class=\"alignleft size-thumbnail wp-image-2836\" title=\"CIMG0019\" src=\"http:\/\/www.muenster.org\/fw-pensionaere\/wp-content\/uploads\/2012\/10\/CIMG0019-150x150.jpg\" alt=\"\" width=\"150\" height=\"150\" \/><\/a><a href=\"http:\/\/www.muenster.org\/fw-pensionaere\/wp-content\/uploads\/2012\/10\/CIMG0020.jpg\"><img loading=\"lazy\" decoding=\"async\" class=\"aligncenter  wp-image-2834\" title=\"CIMG0020\" src=\"http:\/\/www.muenster.org\/fw-pensionaere\/wp-content\/uploads\/2012\/10\/CIMG0020-150x150.jpg\" alt=\"\" width=\"157\" height=\"150\" \/><\/a><a href=\"http:\/\/www.muenster.org\/fw-pensionaere\/wp-content\/uploads\/2012\/10\/CIMG00151.jpg\"><img loading=\"lazy\" decoding=\"async\" class=\"alignright size-thumbnail wp-image-2827\" title=\"CIMG0015\" src=\"http:\/\/www.muenster.org\/fw-pensionaere\/wp-content\/uploads\/2012\/10\/CIMG00151-150x150.jpg\" alt=\"\" width=\"150\" height=\"150\" \/><\/a><a href=\"http:\/\/www.muenster.org\/fw-pensionaere\/wp-content\/uploads\/2012\/10\/CIMG00091.jpg\"><img loading=\"lazy\" decoding=\"async\" class=\"alignleft size-thumbnail wp-image-2832\" title=\"CIMG0009\" src=\"http:\/\/www.muenster.org\/fw-pensionaere\/wp-content\/uploads\/2012\/10\/CIMG00091-150x150.jpg\" alt=\"\" width=\"150\" height=\"150\" \/><\/a><\/p>\n<p>&nbsp;<\/p>\n<p>&nbsp;<\/p>\n<p>&nbsp;<\/p>\n<p>&nbsp;<\/p>\n<p>Zum Sommerfest unserer Vereinigung waren insgesamt 57 Teilnehmer der Einladung gefolgt und freuten sich auf diesen Tag, da sich einige von uns l\u00e4nger nicht gesehen hatten.<\/p>\n<p>Zur Begr\u00fc\u00dfung wurden auch der Amtsleiter, Herr Fritzen, sowie ein Mitglied des Personalrates ganz herzlich willkommen gehei\u00dfen und wir bedankten uns daf\u00fcr, dass sie sich die Zeit genommen haben.<\/p>\n<p>Der 2. Vorsitzende, Hubert Rau\u00dfe, hatte f\u00fcr die Radfahrer eine kurze Radtour ausgearbeitet und nach ihrer R\u00fcckkehr freuten sie sich darauf, dass sie direkt verpflegt werden konnten.<\/p>\n<p>Die beiden Kollegen Paul Schreiber sowie Ludger Sch\u00f6ppner waren mehr als gut besch\u00e4ftigt, da zum einen Paul das Zapfen \u00fcbernahm und zum anderen Ludger hinterm Grill stand.<\/p>\n<p>Alle Teilnehmer waren sich dar\u00fcber einig, dass beide ganze Arbeit geleistet haben und da es zu keinem Zeitpunkt Leerlauf gab, war die Stimmung ganz hervorragend mit steigender Tendenz.<\/p>\n<p>Wie vielseitig die Aktivit\u00e4ten der Pension\u00e4rsvereinigung sind, konnte man in einem Film gut erkennen, der von unserem Schriftf\u00fchrer bzw. Filmemacher Wolfgang Schrader vorgef\u00fchrt wurde. Wir wissen es wohl zu sch\u00e4tzen und k\u00f6nnen gut ermessen, wie viel Arbeit es ist, so einen Film in dieser L\u00e4nge zu produzieren.<\/p>\n<p>Zu einem Sommerfest geh\u00f6rt selbstverst\u00e4ndlich Kaffee und Kuchen, den einige Frauen mit Liebe gebacken haben und der allen sehr gut geschmeckt hat.<\/p>\n<p>Der Vorstand als Ausrichter bedankt sich bei allen, die dazu beigetragen haben, dass wir mal wieder so einen sch\u00f6nen Tag hatten und hofft, dass es allen Teilnehmern gut gefallen hat.<\/p>\n<p>Ein Fest in dieser Gr\u00f6\u00dfenordnung zu organisieren, bedarf einer guten Planung bzw. Organisation und deshalb geht ein ganz besonderer Dank an unseren Kollegen Dieter Wild, der mal wieder f\u00fcr die Feuerwehr im allgemeinen das Vereinshaus in der Kleingartenanlage Hansa f\u00fcr uns reserviert hatte.<\/p>\n<p>Heinrich Fertmann<\/p>\n<p>Vorsitzender der Pension\u00e4rsvereinigung der Berufsfeuerwehr M\u00fcnster<\/p>\n","protected":false},"excerpt":{"rendered":"<p>&nbsp; &nbsp; &nbsp; &nbsp; &nbsp; Zum Sommerfest unserer Vereinigung waren insgesamt 57 Teilnehmer der Einladung gefolgt und freuten sich auf diesen Tag, da sich einige von uns l\u00e4nger nicht gesehen hatten. Zur Begr\u00fc\u00dfung wurden auch der Amtsleiter, Herr Fritzen, sowie ein Mitglied des Personalrates ganz herzlich willkommen gehei\u00dfen und wir bedankten uns daf\u00fcr, dass sie [&hellip;]<\/p>\n","protected":false},"author":2,"featured_media":0,"parent":0,"menu_order":0,"comment_status":"closed","ping_status":"open","template":"","meta":{"ngg_post_thumbnail":0,"footnotes":""},"class_list":["post-2778","page","type-page","status-publish","hentry"],"_links":{"self":[{"href":"http:\/\/www.muenster.org\/fw-pensionaere\/index.php?rest_route=\/wp\/v2\/pages\/2778","targetHints":{"allow":["GET"]}}],"collection":[{"href":"http:\/\/www.muenster.org\/fw-pensionaere\/index.php?rest_route=\/wp\/v2\/pages"}],"about":[{"href":"http:\/\/www.muenster.org\/fw-pensionaere\/index.php?rest_route=\/wp\/v2\/types\/page"}],"author":[{"embeddable":true,"href":"http:\/\/www.muenster.org\/fw-pensionaere\/index.php?rest_route=\/wp\/v2\/users\/2"}],"replies":[{"embeddable":true,"href":"http:\/\/www.muenster.org\/fw-pensionaere\/index.php?rest_route=%2Fwp%2Fv2%2Fcomments&post=2778"}],"version-history":[{"count":35,"href":"http:\/\/www.muenster.org\/fw-pensionaere\/index.php?rest_route=\/wp\/v2\/pages\/2778\/revisions"}],"predecessor-version":[{"id":4329,"href":"http:\/\/www.muenster.org\/fw-pensionaere\/index.php?rest_route=\/wp\/v2\/pages\/2778\/revisions\/4329"}],"wp:attachment":[{"href":"http:\/\/www.muenster.org\/fw-pensionaere\/index.php?rest_route=%2Fwp%2Fv2%2Fmedia&parent=2778"}],"curies":[{"name":"wp","href":"https:\/\/api.w.org\/{rel}","templated":true}]}}