{"id":2410,"date":"2011-11-25T19:02:00","date_gmt":"2011-11-25T18:02:00","guid":{"rendered":"http:\/\/www.muenster.org\/fw-pensionaere\/?page_id=2410"},"modified":"2020-01-16T23:05:49","modified_gmt":"2020-01-16T22:05:49","slug":"22-11-2011-felix-lillifee","status":"publish","type":"page","link":"http:\/\/www.muenster.org\/fw-pensionaere\/?page_id=2410","title":{"rendered":"2011.11.22. Felix &#038; Lillifee"},"content":{"rendered":"<p>&nbsp;<\/p>\n<h5><span style=\"color: #ff99cc;\">Hase Felix\u00a0 und Prinzessin Lillifee hatten uns eingeladen unsere ehemalige Wirkungsst\u00e4tte, die Alte Feuerwache\u00a0 zu besuchen.<\/span><\/h5>\n<h5><span style=\"color: #ff99cc;\">\u00a0 Der Hausherr, Wolfgang H\u00f6lker, lies es sich nicht nehmen, uns selber durch die alte Wache zu f\u00fchren. Mit viel Herzblut und finanziellen Engagement hat er das alte Gem\u00e4uer wieder herrichten lassen. Respekt und Anerkennung kam man nur davor haben wenn\u00a0 ein altes Geb\u00e4ude \u00a0nicht abgerissen wird, sondern ihm eine neue Funktion und Zukunft \u00a0gegeben wird.<\/span><\/h5>\n<h5><span style=\"color: #ff99cc;\">Viele Dinge im Innenbereich wurden ge\u00e4ndert aber einige \u00dcberbleibsel aus Feuerwehrzeiten haben wir \u00a0wiedergefunden, \u00a0eine Rutschstange mit viel Patina in der ehemaligen Fahrzeughalle, einen Holzverschlag im Nebenraum \u00a0der ehemaligen Telefonzentrale noch im Originalzustand.<\/span><\/h5>\n<h5><span style=\"color: #ff99cc;\">Im ehemaligen Heizungskeller kam gro\u00dfe Heiterkeit auf, weil der unterirdische Wasserlauf dort immer noch vorhanden ist und alle an die naturgek\u00fchlten Getr\u00e4nke dachten. Es waren immer ganz spezielle Sonntage!!!!!<\/span><\/h5>\n<h5><span style=\"color: #ff99cc;\">Ein gro\u00dfes Dankesch\u00f6n an Wolfgang H\u00f6lker <em>und seinem Wunsch entsprechend werden wir Ihn auch <span style=\"text-decoration: underline;\">nicht<\/span> weiterempfehlen.<\/em><\/span><\/h5>\n<h5><\/h5>\n<h5><\/h5>\n<h5><span style=\"color: #ff99cc;\">Nach der Besichtigung der alten Wache war das Gr\u00fcnkohlessen am Yorkring 25. Conny und seine Mannschaft hatten sich wieder kr\u00e4ftig ins Zeug gelegt um uns Pension\u00e4ren und einer Pension\u00e4rin ein z\u00fcnftiges Gr\u00fcnkohlessen zu servieren. Man kann nur sagen, auch 2011 ist das wieder hervorragend gelungen. Herzlichen Dank!<\/span><\/h5>\n<p>&nbsp;<\/p>\nngg_shortcode_0_placeholder\n<p>&nbsp;<\/p>\n<p>&nbsp;<\/p>\n<p>&nbsp;<\/p>\n<p>&nbsp;<\/p>\n","protected":false},"excerpt":{"rendered":"<p>&nbsp; Hase Felix\u00a0 und Prinzessin Lillifee hatten uns eingeladen unsere ehemalige Wirkungsst\u00e4tte, die Alte Feuerwache\u00a0 zu besuchen. \u00a0 Der Hausherr, Wolfgang H\u00f6lker, lies es sich nicht nehmen, uns selber durch die alte Wache zu f\u00fchren. Mit viel Herzblut und finanziellen Engagement hat er das alte Gem\u00e4uer wieder herrichten lassen. Respekt und Anerkennung kam man nur [&hellip;]<\/p>\n","protected":false},"author":5,"featured_media":0,"parent":0,"menu_order":0,"comment_status":"closed","ping_status":"closed","template":"","meta":{"ngg_post_thumbnail":0,"footnotes":""},"class_list":["post-2410","page","type-page","status-publish","hentry"],"_links":{"self":[{"href":"http:\/\/www.muenster.org\/fw-pensionaere\/index.php?rest_route=\/wp\/v2\/pages\/2410","targetHints":{"allow":["GET"]}}],"collection":[{"href":"http:\/\/www.muenster.org\/fw-pensionaere\/index.php?rest_route=\/wp\/v2\/pages"}],"about":[{"href":"http:\/\/www.muenster.org\/fw-pensionaere\/index.php?rest_route=\/wp\/v2\/types\/page"}],"author":[{"embeddable":true,"href":"http:\/\/www.muenster.org\/fw-pensionaere\/index.php?rest_route=\/wp\/v2\/users\/5"}],"replies":[{"embeddable":true,"href":"http:\/\/www.muenster.org\/fw-pensionaere\/index.php?rest_route=%2Fwp%2Fv2%2Fcomments&post=2410"}],"version-history":[{"count":28,"href":"http:\/\/www.muenster.org\/fw-pensionaere\/index.php?rest_route=\/wp\/v2\/pages\/2410\/revisions"}],"predecessor-version":[{"id":4200,"href":"http:\/\/www.muenster.org\/fw-pensionaere\/index.php?rest_route=\/wp\/v2\/pages\/2410\/revisions\/4200"}],"wp:attachment":[{"href":"http:\/\/www.muenster.org\/fw-pensionaere\/index.php?rest_route=%2Fwp%2Fv2%2Fmedia&parent=2410"}],"curies":[{"name":"wp","href":"https:\/\/api.w.org\/{rel}","templated":true}]}}