{"id":2133,"date":"2011-07-22T19:10:31","date_gmt":"2011-07-22T17:10:31","guid":{"rendered":"http:\/\/www.muenster.org\/fw-pensionaere\/?page_id=2133"},"modified":"2020-01-16T23:15:59","modified_gmt":"2020-01-16T22:15:59","slug":"hafenstr-86-90","status":"publish","type":"page","link":"http:\/\/www.muenster.org\/fw-pensionaere\/?page_id=2133","title":{"rendered":"Alte Feuerwache Hafenstrasse"},"content":{"rendered":"<p>&nbsp;<\/p>\n<p>Das Geb\u00e4ude Hafenstr. 86-90 war bis 1970 <em>die einzige <\/em>Wache der Berufsfeuerwehr in M\u00fcnster. 1970 wurde das neue Domizil der Feuerwache\u00a0 am Yorkring 25 fertiggestellt\u00a0 und die Wache an der Hafenstr. wurde dann die\u00a0 Wache II der BF MS. Das letzte Teilst\u00fcck der\u00a0 Hafenstr. mit der Feuerwache wurde in Bernhard-Ernst-Str. <em>(Sportjournalist\u00a0 beim WDR *18.7.1899 in MS +19.10.1957 in K\u00f6ln) <\/em>umbenannt.<\/p>\n<p>Vor einigen Jahren\u00a0kaufte der\u00a0Verleger Wolfgang H\u00f6lker <em>(Coppenrath Verlag)<\/em> die alte renovierungsbed\u00fcrftige Feuerwache\u00a0 und baute die Wache mit gro\u00dfen Aufwand in 3 \u00bd Jahren f\u00fcr seine Zwecke um.\u00a0Aufgrund dieses Deals mit der Stadt MS konnte der Neubau der Wache II am Albersloher Weg\u00a0 \/ DEK verwirklicht werden.<\/p>\n<p>Auf dem hinteren Teil der alten Wache, zum Albersloher Weg, war fr\u00fcher der St\u00e4dt. Fuhrpark <em>(Heute = AWM)<\/em> untergebracht. Der Fuhrpark wurde an der R\u00f6snerstr. neu gebaut um den Knotenpunkt\u00a0 Albersloher Weg \/ Hafenstr. \/ Bremer Str. \u00a0neu zu ordnen. Die alten Geb\u00e4ude am Albersloher Weg wurden abgerissen. Die Freiwerdenden Fl\u00e4chen wurden f\u00fcr den Ausbau der Stra\u00dfe verwendet. Von dem Rest der Liegenschaft konnte noch ein kleiner Parkplatz gebaut werden.<\/p>\n<p>&nbsp;<\/p>\n<p>*******************************************************************<\/p>\n<p>&nbsp;<\/p>\n<p>&nbsp;<\/p>\n<p>&nbsp;<\/p>\n<p>&nbsp;<\/p>\n<p>&nbsp;<\/p>\n<p>&nbsp;<\/p>\n<p>&nbsp;<\/p>\n<p>&nbsp;<\/p>\n<p><a href=\"http:\/\/www.muenster.org\/fw-pensionaere\/wp-content\/uploads\/2010\/09\/Steige\u00fcbung2.bmp\"><img decoding=\"async\" class=\"aligncenter size-full wp-image-535\" title=\"Steige\u00fcbung\" src=\"http:\/\/www.muenster.org\/fw-pensionaere\/wp-content\/uploads\/2010\/09\/Steige\u00fcbung2.bmp\" alt=\"\" \/><\/a><\/p>\n<p>&nbsp;<\/p>\n<p>&nbsp;<\/p>\n<p>&nbsp;<\/p>\n<p><a href=\"http:\/\/www.muenster.org\/fw-pensionaere\/wp-content\/uploads\/2010\/12\/IMG_0011.jpg\"><img loading=\"lazy\" decoding=\"async\" class=\"alignleft size-thumbnail wp-image-1051\" title=\"IMG_0011\" src=\"http:\/\/www.muenster.org\/fw-pensionaere\/wp-content\/uploads\/2010\/12\/IMG_0011-150x150.jpg\" alt=\"\" width=\"226\" height=\"222\" \/><\/a><\/p>\n<p>&nbsp;<\/p>\n<p>&nbsp;<\/p>\n<div>\n<dl id=\"attachment_1051\">\n<dt><\/dt>\n<dd>Ca. 1964, FW, MS-Hafenstr. 86-90, KTW Halle &#8211; Tauchereinsatzwagen<\/dd>\n<\/dl>\n<\/div>\n<p>&nbsp;<\/p>\n<p>&nbsp;<\/p>\n<div>\n<dl id=\"attachment_1053\">\n<dt> <\/dt>\n<dt> <\/dt>\n<dt> <\/dt>\n<dt> <\/dt>\n<dt> <\/dt>\n<dt> <\/dt>\n<dt>Ca. 1964 auf dem Hof der FW, <a href=\"http:\/\/www.muenster.org\/fw-pensionaere\/wp-content\/uploads\/2010\/09\/IMG.jpg\"><img loading=\"lazy\" decoding=\"async\" class=\"alignright size-thumbnail wp-image-1053\" title=\"IMG\" src=\"http:\/\/www.muenster.org\/fw-pensionaere\/wp-content\/uploads\/2010\/09\/IMG-150x150.jpg\" alt=\"\" width=\"237\" height=\"230\" \/><\/a>Hafenstr. 86-90 bei einer \u00dcbung. Das Geb\u00e4ude im Hintergrund liegt Richtung Albersloher Weg und geh\u00f6rt zum Fuhrpark. <\/dt>\n<dt> <\/dt>\n<dt> <\/dt>\n<dt> <\/dt>\n<dt> <\/dt>\n<dt> <\/dt>\n<dt> <\/dt>\n<dt> <\/dt>\n<dt> <\/dt>\n<\/dl>\n<\/div>\n<div>\n<div>\n<p>&nbsp;<\/p>\n<\/div>\n<\/div>\n<p>&nbsp;<\/p>\n<p>&nbsp;<\/p>\n<p>&nbsp;<\/p>\n<p>&nbsp;<\/p>\n<p><a href=\"http:\/\/www.muenster.org\/fw-pensionaere\/wp-content\/uploads\/2010\/09\/fw-11.jpg\"><img loading=\"lazy\" decoding=\"async\" class=\"alignright size-thumbnail wp-image-358\" title=\"fw 1\" src=\"http:\/\/www.muenster.org\/fw-pensionaere\/wp-content\/uploads\/2010\/09\/fw-11-150x150.jpg\" alt=\"\" width=\"176\" height=\"176\" \/><\/a><\/p>\n<p>&nbsp;<\/p>\n<p>Vor der KTW Halle<\/p>\n<p>&nbsp;<\/p>\n<p>&nbsp;<\/p>\n<p>&nbsp;<\/p>\n<div>\n<dl id=\"attachment_358\">\n<dt><\/dt>\n<dt> <\/dt>\n<dt> <\/dt>\n<dt> <\/dt>\n<\/dl>\n<dl id=\"attachment_357\">\n<dt> <a href=\"http:\/\/www.muenster.org\/fw-pensionaere\/wp-content\/uploads\/2010\/09\/fw-4-jpg1.jpg\"><img loading=\"lazy\" decoding=\"async\" class=\"alignleft size-thumbnail wp-image-357\" title=\"fw 4   jpg\" src=\"http:\/\/www.muenster.org\/fw-pensionaere\/wp-content\/uploads\/2010\/09\/fw-4-jpg1-150x150.jpg\" alt=\"\" width=\"195\" height=\"181\" \/><\/a><\/dt>\n<dt> <\/dt>\n<dt> <\/dt>\n<dt> <\/dt>\n<dt> Vor der Alarmhalle <\/dt>\n<dt> <\/dt>\n<dt> <\/dt>\n<dt> <\/dt>\n<dt> <\/dt>\n<dt> <\/dt>\n<dt> <\/dt>\n<dt> <\/dt>\n<dt> <\/dt>\n<dt> <\/dt>\n<dt>\n<div id=\"attachment_540\" style=\"width: 310px\" class=\"wp-caption aligncenter\"><a href=\"http:\/\/www.muenster.org\/fw-pensionaere\/wp-content\/uploads\/2010\/09\/6.11.2000-26A1.jpg\"><img loading=\"lazy\" decoding=\"async\" aria-describedby=\"caption-attachment-540\" class=\"size-medium wp-image-540\" title=\"6.11.2000-26A\" src=\"http:\/\/www.muenster.org\/fw-pensionaere\/wp-content\/uploads\/2010\/09\/6.11.2000-26A1-300x200.jpg\" alt=\"\" width=\"300\" height=\"200\" srcset=\"http:\/\/www.muenster.org\/fw-pensionaere\/wp-content\/uploads\/2010\/09\/6.11.2000-26A1-300x200.jpg 300w, http:\/\/www.muenster.org\/fw-pensionaere\/wp-content\/uploads\/2010\/09\/6.11.2000-26A1-800x533.jpg 800w, http:\/\/www.muenster.org\/fw-pensionaere\/wp-content\/uploads\/2010\/09\/6.11.2000-26A1.jpg 1536w\" sizes=\"auto, (max-width: 300px) 100vw, 300px\" \/><\/a><p id=\"caption-attachment-540\" class=\"wp-caption-text\">Wache I  MS  Yorkring 25<\/p><\/div>\n<\/dt>\n<dt> <\/dt>\n<dt> <\/dt>\n<dt> <\/dt>\n<dt> <\/dt>\n<dt> <\/dt>\n<dt> <\/dt>\n<\/dl>\n<\/div>\n","protected":false},"excerpt":{"rendered":"<p>&nbsp; Das Geb\u00e4ude Hafenstr. 86-90 war bis 1970 die einzige Wache der Berufsfeuerwehr in M\u00fcnster. 1970 wurde das neue Domizil der Feuerwache\u00a0 am Yorkring 25 fertiggestellt\u00a0 und die Wache an der Hafenstr. wurde dann die\u00a0 Wache II der BF MS. Das letzte Teilst\u00fcck der\u00a0 Hafenstr. mit der Feuerwache wurde in Bernhard-Ernst-Str. (Sportjournalist\u00a0 beim WDR *18.7.1899 [&hellip;]<\/p>\n","protected":false},"author":5,"featured_media":0,"parent":0,"menu_order":501,"comment_status":"closed","ping_status":"closed","template":"","meta":{"ngg_post_thumbnail":0,"footnotes":""},"class_list":["post-2133","page","type-page","status-publish","hentry"],"_links":{"self":[{"href":"http:\/\/www.muenster.org\/fw-pensionaere\/index.php?rest_route=\/wp\/v2\/pages\/2133","targetHints":{"allow":["GET"]}}],"collection":[{"href":"http:\/\/www.muenster.org\/fw-pensionaere\/index.php?rest_route=\/wp\/v2\/pages"}],"about":[{"href":"http:\/\/www.muenster.org\/fw-pensionaere\/index.php?rest_route=\/wp\/v2\/types\/page"}],"author":[{"embeddable":true,"href":"http:\/\/www.muenster.org\/fw-pensionaere\/index.php?rest_route=\/wp\/v2\/users\/5"}],"replies":[{"embeddable":true,"href":"http:\/\/www.muenster.org\/fw-pensionaere\/index.php?rest_route=%2Fwp%2Fv2%2Fcomments&post=2133"}],"version-history":[{"count":31,"href":"http:\/\/www.muenster.org\/fw-pensionaere\/index.php?rest_route=\/wp\/v2\/pages\/2133\/revisions"}],"predecessor-version":[{"id":7015,"href":"http:\/\/www.muenster.org\/fw-pensionaere\/index.php?rest_route=\/wp\/v2\/pages\/2133\/revisions\/7015"}],"wp:attachment":[{"href":"http:\/\/www.muenster.org\/fw-pensionaere\/index.php?rest_route=%2Fwp%2Fv2%2Fmedia&parent=2133"}],"curies":[{"name":"wp","href":"https:\/\/api.w.org\/{rel}","templated":true}]}}