{"id":2067,"date":"2011-07-22T10:23:51","date_gmt":"2011-07-22T08:23:51","guid":{"rendered":"http:\/\/www.muenster.org\/fw-pensionaere\/?page_id=2067"},"modified":"2024-11-22T14:31:55","modified_gmt":"2024-11-22T13:31:55","slug":"2011-20-7-ausflug-elte","status":"publish","type":"page","link":"http:\/\/www.muenster.org\/fw-pensionaere\/?page_id=2067","title":{"rendered":"2011 07.20. Ausflug Elte"},"content":{"rendered":"<p><a href=\"http:\/\/www.muenster.org\/fw-pensionaere\/wp-content\/uploads\/2011\/07\/Ausflug-nach-Mesum-und-Elte.doc\">Ausflug nach Mesum und Elte<\/a><\/p>\n<p>wie schon die Jahre zuvor und <span style=\"color: #ff0000;\"><strong>zum vierten Mal<\/strong><\/span> bei sch\u00f6nem Wetter hatten Erich, Egon und Dieter zur Radtour eingeladen. Mit 13 Kollegen ging es mit dem Zug nach Emsdetten Am Bahnhof erwartete Erich uns. Nun ging es \u00fcber das Emdettener-Venn nach Mesum. Als letzter Teilnehmer&nbsp; wurde Egbert Kamps mit seiner Frau herzlich begr\u00fc\u00dft . Nun wurden wir von Erich nebst Frau mit Getr\u00e4nken und Mettendchen verw\u00f6hnt, nach zwei Stunden fuhren wir weiter nach Elte, wo uns Egon mit Frau in seiner Jagdh\u00fctte begr\u00fc\u00dfte. Auch&nbsp; hier gab es k\u00fchle Getr\u00e4nke und leckere Speisen vom Grill. Nach vielen guten Gespr\u00e4chen machten wir uns wieder auf den Heimweg.. Es war mal wieder ein rundum gelungener Tag. Den drei Einladenden ein herzliches Dankesch\u00f6n.<\/p>\n<p>Vielleicht k\u00f6nnen wir im kommenden Jahr- wenn wir munter und gesund bleiben- ein kleines&nbsp; Jubil\u00e4um feiern.<\/p>\n","protected":false},"excerpt":{"rendered":"<p>Ausflug nach Mesum und Elte wie schon die Jahre zuvor und zum vierten Mal bei sch\u00f6nem Wetter hatten Erich, Egon und Dieter zur Radtour eingeladen. Mit 13 Kollegen ging es mit dem Zug nach Emsdetten Am Bahnhof erwartete Erich uns. Nun ging es \u00fcber das Emdettener-Venn nach Mesum. Als letzter Teilnehmer&nbsp; wurde Egbert Kamps mit [&hellip;]<\/p>\n","protected":false},"author":2,"featured_media":0,"parent":0,"menu_order":621,"comment_status":"closed","ping_status":"open","template":"","meta":{"ngg_post_thumbnail":0,"footnotes":""},"class_list":["post-2067","page","type-page","status-publish","hentry"],"_links":{"self":[{"href":"http:\/\/www.muenster.org\/fw-pensionaere\/index.php?rest_route=\/wp\/v2\/pages\/2067","targetHints":{"allow":["GET"]}}],"collection":[{"href":"http:\/\/www.muenster.org\/fw-pensionaere\/index.php?rest_route=\/wp\/v2\/pages"}],"about":[{"href":"http:\/\/www.muenster.org\/fw-pensionaere\/index.php?rest_route=\/wp\/v2\/types\/page"}],"author":[{"embeddable":true,"href":"http:\/\/www.muenster.org\/fw-pensionaere\/index.php?rest_route=\/wp\/v2\/users\/2"}],"replies":[{"embeddable":true,"href":"http:\/\/www.muenster.org\/fw-pensionaere\/index.php?rest_route=%2Fwp%2Fv2%2Fcomments&post=2067"}],"version-history":[{"count":10,"href":"http:\/\/www.muenster.org\/fw-pensionaere\/index.php?rest_route=\/wp\/v2\/pages\/2067\/revisions"}],"predecessor-version":[{"id":9729,"href":"http:\/\/www.muenster.org\/fw-pensionaere\/index.php?rest_route=\/wp\/v2\/pages\/2067\/revisions\/9729"}],"wp:attachment":[{"href":"http:\/\/www.muenster.org\/fw-pensionaere\/index.php?rest_route=%2Fwp%2Fv2%2Fmedia&parent=2067"}],"curies":[{"name":"wp","href":"https:\/\/api.w.org\/{rel}","templated":true}]}}